{"id":1488,"date":"2019-12-23T09:08:00","date_gmt":"2019-12-23T08:08:00","guid":{"rendered":"https:\/\/samhallsentreprenor.glokala.net\/2019-2020\/?page_id=1488"},"modified":"2019-12-11T13:09:22","modified_gmt":"2019-12-11T12:09:22","slug":"v-52-1-god-helg-och-lite-inspiration","status":"publish","type":"page","link":"https:\/\/samhallsentreprenor.glokala.net\/2019-2020\/v-52-1-god-helg-och-lite-inspiration\/","title":{"rendered":"V 52 &#038; 1 God helg och lite inspiration"},"content":{"rendered":"\n<p>Vi n\u00e5r snart \u00e5rets slut, och helgerna inneb\u00e4r en lite lugnare period i kursen (v 52 \u2013 v 1). Samtidigt som vi presenterar n\u00e5got inspirerande finns det tid f\u00f6r att arbeta med <a href=\"https:\/\/samhallsentreprenor.glokala.net\/2018-2019\/modul-2\/uppgift-5-exempel-pa-organisering\/\">uppgift 5<\/a> eller att kompletta tidigare uppgifter fr\u00e5n h\u00f6sten. Vi \u00e5terkommer den 7\/1, vecka 2, med nytt material, tills dess \u00f6nskar vi er sk\u00f6na helger!<\/p>\n\n\n\n<h2 class=\"wp-block-heading\">Inspiration &#8211; video: <a href=\"https:\/\/www.youtube.com\/watch?v=EHXbGdRtdtI\" target=\"_blank\" rel=\"noreferrer noopener\" aria-label=\"Indy Johar, Social innovation \u2013 from grassroot to system change (opens in a new tab)\">Indy Johar, Social innovation \u2013 from grassroot to system change<\/a><\/h2>\n\n\n\n<p>Fr\u00e5n Social Innovation Summit som h\u00f6lls i november 2018 i Malm\u00f6 h\u00e4mtar vi en filmad presentation att ta del av:<\/p>\n\n\n\n<figure class=\"wp-block-embed-youtube wp-block-embed is-type-video is-provider-youtube wp-embed-aspect-16-9 wp-has-aspect-ratio\"><div class=\"wp-block-embed__wrapper\">\n<iframe loading=\"lazy\" title=\"sisummit18_intro-keynote3-Indy-Johar-\" width=\"500\" height=\"281\" src=\"https:\/\/www.youtube.com\/embed\/EHXbGdRtdtI?feature=oembed\" frameborder=\"0\" allow=\"accelerometer; autoplay; clipboard-write; encrypted-media; gyroscope; picture-in-picture; web-share\" referrerpolicy=\"strict-origin-when-cross-origin\" allowfullscreen><\/iframe>\n<\/div><\/figure>\n\n\n\n<p><em>Vad pratar han egentligen om?<\/em> Ett tips f\u00f6r att h\u00e4nga med i videon \u00e4r att l\u00e4sa den h\u00e4r sammanfattning p\u00e5 svenska, av Fredrik Olausson: <a href=\"http:\/\/www.fornyelselabbet.se\/2018\/11\/20\/den-trakiga-revolutionen-indy-johar-om-byrakratin\/\" target=\"_blank\" rel=\"noreferrer noopener\" aria-label=\"&quot;Den tr\u00e5kiga revolutionen. Indy Johar om byr\u00e5kratin&quot; (opens in a new tab)\">&#8221;Den tr\u00e5kiga revolutionen. Indy Johar om byr\u00e5kratin&#8221;<\/a><\/p>\n\n\n\n<p><em>Om Indy Johar: &#8221;Indy Johar is an architect, founder of 00 (project00.cc) and is Senior Innovation Associate at Young Foundation and guest professor at the University of Sheffield. Indy is co-founder of several social companies from Impact Hub Westminster to Impact Hub Birmingham and HubLaunchpad Accelerator, while working with major global multinational companies and institutions to support their transition to a positive system economy. Indy has taught and lectured at various institutions from the University of Bath, TU-Berlin; Architectural Association, University College London, Princeton. Indy Johan will during his key note lift the need for system innovation and future spanning around next-generation social innovations.&#8221;<\/em><br><\/p>\n","protected":false},"excerpt":{"rendered":"<p>Vi n\u00e5r snart \u00e5rets slut, och helgerna inneb\u00e4r en lite lugnare period i kursen (v 52 \u2013 v 1). Samtidigt som vi presenterar n\u00e5got inspirerande finns det tid f\u00f6r att arbeta med uppgift 5 eller att kompletta tidigare uppgifter fr\u00e5n h\u00f6sten. Vi \u00e5terkommer den 7\/1, vecka 2, med nytt material, tills dess \u00f6nskar vi er [&hellip;]<\/p>\n","protected":false},"author":4,"featured_media":0,"parent":0,"menu_order":0,"comment_status":"closed","ping_status":"closed","template":"","meta":{"_bbp_topic_count":0,"_bbp_reply_count":0,"_bbp_total_topic_count":0,"_bbp_total_reply_count":0,"_bbp_voice_count":0,"_bbp_anonymous_reply_count":0,"_bbp_topic_count_hidden":0,"_bbp_reply_count_hidden":0,"_bbp_forum_subforum_count":0,"jetpack_post_was_ever_published":false,"footnotes":""},"class_list":["post-1488","page","type-page","status-publish","hentry"],"jetpack_sharing_enabled":true,"_links":{"self":[{"href":"https:\/\/samhallsentreprenor.glokala.net\/2019-2020\/wp-json\/wp\/v2\/pages\/1488","targetHints":{"allow":["GET"]}}],"collection":[{"href":"https:\/\/samhallsentreprenor.glokala.net\/2019-2020\/wp-json\/wp\/v2\/pages"}],"about":[{"href":"https:\/\/samhallsentreprenor.glokala.net\/2019-2020\/wp-json\/wp\/v2\/types\/page"}],"author":[{"embeddable":true,"href":"https:\/\/samhallsentreprenor.glokala.net\/2019-2020\/wp-json\/wp\/v2\/users\/4"}],"replies":[{"embeddable":true,"href":"https:\/\/samhallsentreprenor.glokala.net\/2019-2020\/wp-json\/wp\/v2\/comments?post=1488"}],"version-history":[{"count":0,"href":"https:\/\/samhallsentreprenor.glokala.net\/2019-2020\/wp-json\/wp\/v2\/pages\/1488\/revisions"}],"wp:attachment":[{"href":"https:\/\/samhallsentreprenor.glokala.net\/2019-2020\/wp-json\/wp\/v2\/media?parent=1488"}],"curies":[{"name":"wp","href":"https:\/\/api.w.org\/{rel}","templated":true}]}}