{"id":1513,"date":"2020-01-07T06:00:02","date_gmt":"2020-01-07T05:00:02","guid":{"rendered":"https:\/\/samhallsentreprenor.glokala.net\/2019-2020\/?page_id=1513"},"modified":"2020-01-07T08:39:18","modified_gmt":"2020-01-07T07:39:18","slug":"v-2-csr-foretags-samhallsansvar","status":"publish","type":"page","link":"https:\/\/samhallsentreprenor.glokala.net\/2019-2020\/v-2-csr-foretags-samhallsansvar\/","title":{"rendered":"v 2 CSR &#8211; f\u00f6retags samh\u00e4llsansvar"},"content":{"rendered":"\n<p class=\"has-background has-luminous-vivid-amber-background-color\"><strong>F\u00f6rst en liten praktikalitet:<\/strong> Vi beh\u00f6ver att ni visar er studieaktiva&nbsp;f\u00f6r v\u00e5rterminen genom att klicka i <a rel=\"noreferrer noopener\" aria-label=\"det h\u00e4r miniformul\u00e4ret (opens in a new tab)\" href=\"https:\/\/docs.google.com\/forms\/d\/e\/1FAIpQLSd6Nk_s-QReUnM9c90SDdUbd8BXzqTzX0ma7MXWX77JdauJHA\/viewform?usp=sf_link\" target=\"_blank\">det h\u00e4r miniformul\u00e4ret<\/a>.<\/p>\n\n\n\n<p>Denna vecka har vi fokus p\u00e5 f\u00f6retags h\u00e5llbarhetsarbete. Vi f\u00f6rdjupar oss i f\u00f6retags samh\u00e4llsansvar och l\u00e4r oss mer om Corporate Social Responsibility (CSR) som begrepp. Intro till temat i ljudfilen nedan:<\/p>\n\n\n\n<figure class=\"wp-block-audio\"><audio controls src=\"https:\/\/samhallsentreprenor.glokala.net\/2019-2020\/wp-content\/uploads\/2019\/12\/Ljudintro-v-2-CSR-1.mp3\"><\/audio><\/figure>\n\n\n\n<p><\/p>\n\n\n\n<p><strong>Ett lokalt exempel<\/strong> i Malm\u00f6, som vi redan bekantat oss med i <a rel=\"noreferrer noopener\" aria-label=\"vecka 49 (opens in a new tab)\" href=\"https:\/\/samhallsentreprenor.glokala.net\/2019-2020\/v-49-organisering-exempel-inom-samhallsentreprenorskap\/\" target=\"_blank\">vecka 49<\/a>, \u00e4r <a href=\"http:\/\/www.yallatrappan.se\/verksamheter\/sy-atelje-18405666\">Yalla <\/a><a rel=\"noreferrer noopener\" aria-label=\"Trappan (opens in a new tab)\" href=\"https:\/\/www.yallatrappan.com\/verksamhet\/atelje\/\" target=\"_blank\">Trappan<\/a>. Yalla Trappan \u00e4r ett litet socialt f\u00f6retag som inlett samarbete med st\u00f6rre kommersiella f\u00f6retag &#8212; IKEA och H&amp;M. Yalla Trappan har installerat syatelj\u00e9 b\u00e5de inne p\u00e5 IKEA-varuhus och i H&amp;M-butik i Malm\u00f6, d\u00e4r du kan f\u00e5 textilier lagade eller \u00e4ndrade efter smak.<\/p>\n\n\n\n<figure class=\"wp-block-image size-large is-resized\"><img loading=\"lazy\" decoding=\"async\" data-attachment-id=\"1529\" data-permalink=\"https:\/\/samhallsentreprenor.glokala.net\/2019-2020\/v-2-csr-foretags-samhallsansvar\/attachment\/ska%cc%88rmavbild-2019-12-19-kl-15-16-40\/\" data-orig-file=\"https:\/\/samhallsentreprenor.glokala.net\/2019-2020\/wp-content\/uploads\/2019\/12\/Ska\u0308rmavbild-2019-12-19-kl.-15.16.40.png\" data-orig-size=\"794,352\" data-comments-opened=\"1\" data-image-meta=\"{&quot;aperture&quot;:&quot;0&quot;,&quot;credit&quot;:&quot;&quot;,&quot;camera&quot;:&quot;&quot;,&quot;caption&quot;:&quot;&quot;,&quot;created_timestamp&quot;:&quot;0&quot;,&quot;copyright&quot;:&quot;&quot;,&quot;focal_length&quot;:&quot;0&quot;,&quot;iso&quot;:&quot;0&quot;,&quot;shutter_speed&quot;:&quot;0&quot;,&quot;title&quot;:&quot;&quot;,&quot;orientation&quot;:&quot;0&quot;}\" data-image-title=\"Ska\u0308rmavbild-2019-12-19-kl.-15.16.40\" data-image-description=\"\" data-image-caption=\"\" data-large-file=\"https:\/\/samhallsentreprenor.glokala.net\/2019-2020\/wp-content\/uploads\/2019\/12\/Ska\u0308rmavbild-2019-12-19-kl.-15.16.40.png\" src=\"https:\/\/samhallsentreprenor.glokala.net\/2019-2020\/wp-content\/uploads\/2019\/12\/Ska\u0308rmavbild-2019-12-19-kl.-15.16.40.png\" alt=\"\" class=\"wp-image-1529\" width=\"609\" height=\"270\" srcset=\"https:\/\/samhallsentreprenor.glokala.net\/2019-2020\/wp-content\/uploads\/2019\/12\/Ska\u0308rmavbild-2019-12-19-kl.-15.16.40.png 794w, https:\/\/samhallsentreprenor.glokala.net\/2019-2020\/wp-content\/uploads\/2019\/12\/Ska\u0308rmavbild-2019-12-19-kl.-15.16.40-500x222.png 500w, https:\/\/samhallsentreprenor.glokala.net\/2019-2020\/wp-content\/uploads\/2019\/12\/Ska\u0308rmavbild-2019-12-19-kl.-15.16.40-768x340.png 768w, https:\/\/samhallsentreprenor.glokala.net\/2019-2020\/wp-content\/uploads\/2019\/12\/Ska\u0308rmavbild-2019-12-19-kl.-15.16.40-624x277.png 624w\" sizes=\"auto, (max-width: 609px) 100vw, 609px\" \/><\/figure>\n\n\n\n<div class=\"wp-block-image\"><figure class=\"alignright size-large is-resized\"><img loading=\"lazy\" decoding=\"async\" data-attachment-id=\"1525\" data-permalink=\"https:\/\/samhallsentreprenor.glokala.net\/2019-2020\/v-2-csr-foretags-samhallsansvar\/attachment\/ska%cc%88rmavbild-2019-12-19-kl-14-13-55\/\" data-orig-file=\"https:\/\/samhallsentreprenor.glokala.net\/2019-2020\/wp-content\/uploads\/2019\/12\/Ska\u0308rmavbild-2019-12-19-kl.-14.13.55.png\" data-orig-size=\"380,550\" data-comments-opened=\"1\" data-image-meta=\"{&quot;aperture&quot;:&quot;0&quot;,&quot;credit&quot;:&quot;&quot;,&quot;camera&quot;:&quot;&quot;,&quot;caption&quot;:&quot;&quot;,&quot;created_timestamp&quot;:&quot;0&quot;,&quot;copyright&quot;:&quot;&quot;,&quot;focal_length&quot;:&quot;0&quot;,&quot;iso&quot;:&quot;0&quot;,&quot;shutter_speed&quot;:&quot;0&quot;,&quot;title&quot;:&quot;&quot;,&quot;orientation&quot;:&quot;0&quot;}\" data-image-title=\"Ska\u0308rmavbild-2019-12-19-kl.-14.13.55\" data-image-description=\"\" data-image-caption=\"\" data-large-file=\"https:\/\/samhallsentreprenor.glokala.net\/2019-2020\/wp-content\/uploads\/2019\/12\/Ska\u0308rmavbild-2019-12-19-kl.-14.13.55.png\" src=\"https:\/\/samhallsentreprenor.glokala.net\/2019-2020\/wp-content\/uploads\/2019\/12\/Ska\u0308rmavbild-2019-12-19-kl.-14.13.55.png\" alt=\"\" class=\"wp-image-1525\" width=\"250\" height=\"361\" srcset=\"https:\/\/samhallsentreprenor.glokala.net\/2019-2020\/wp-content\/uploads\/2019\/12\/Ska\u0308rmavbild-2019-12-19-kl.-14.13.55.png 380w, https:\/\/samhallsentreprenor.glokala.net\/2019-2020\/wp-content\/uploads\/2019\/12\/Ska\u0308rmavbild-2019-12-19-kl.-14.13.55-345x500.png 345w\" sizes=\"auto, (max-width: 250px) 100vw, 250px\" \/><\/figure><\/div>\n\n\n\n<p><strong>Vi lyssnar<\/strong> p\u00e5 ett avsnitt av <a rel=\"noreferrer noopener\" href=\"http:\/\/www.csrpod.se\/\" target=\"_blank\">CSR-poden<\/a>, en podcast om f\u00f6retags samh\u00e4llsansvar. Programledarna \u00c5sa Stenborg och Torbj\u00f6rn Olofsson leder samtalen, och i det h\u00e4r avsnittet intervjuas Marianne Bogle som \u00e4r verksamhetsansvarig f\u00f6r n\u00e4tverksorganisationen <a rel=\"noreferrer noopener\" aria-label=\"CSR Sweden (opens in a new tab)\" href=\"https:\/\/www.csrsweden.se\/om-oss\" target=\"_blank\">CSR Sweden<\/a>. I n\u00e4tverket samlas f\u00f6retag som vill utveckla sina kunskaper om CSR. Avsnittet ger b\u00e5de ett historiskt  perspektiv p\u00e5 samlande initiativ f\u00f6r CSR-fr\u00e5gor i Sverige, och diskuterar det komplexa i vad samh\u00e4llsansvar kan handla om. Hur kommer vi vidare fr\u00e5n tendensen att anv\u00e4nda CSR som ett forum f\u00f6r att ber\u00e4tta vad man redan \u00e4r duktig p\u00e5,  ist\u00e4llet f\u00f6r att se det som en m\u00f6jlighet att utvecklas och ta itag med gamla problem? Klicka p\u00e5 <a rel=\"noreferrer noopener\" aria-label=\"l\u00e4nken (opens in a new tab)\" href=\"https:\/\/www.csrpod.se\/\" target=\"_blank\">l\u00e4nken<\/a> f\u00f6r att komma till podcastens hemsida, skrolla sedan ner till avsnitt #4, Marianne Bogle.<\/p>\n\n\n\n<h2 class=\"wp-block-heading\">F\u00f6rdjupning<\/h2>\n\n\n\n<p><strong>Att l\u00e4sa, regeringens faktablad f\u00f6r h\u00e5llbart f\u00f6retagande:<\/strong> Regeringen tog 2016 fram ett faktablad om h\u00e5llbart f\u00f6retagande\/CSR. <em><br>&#8221;I en skrivelse till riksdagen redovisas regeringens syn p\u00e5 en rad fr\u00e5gor kopplade till h\u00e5llbart f\u00f6retagande [&#8230;]. Exempelvis m\u00e4nskliga r\u00e4ttigheter, arbetsvillkor, milj\u00f6h\u00e4nsyn och antikorruption. Men ocks\u00e5 j\u00e4mst\u00e4lldhet, m\u00e5ngfald, aff\u00e4rsetik och beskattning.&#8221; <\/em><br>L\u00e4s hela sammanfattningen av skrivelsen genom att <a rel=\"noreferrer noopener\" aria-label=\"ladda ner faktabladet som PDF h\u00e4r (opens in a new tab)\" href=\"https:\/\/www.regeringen.se\/49e724\/contentassets\/6545f75680b14bf5a1ba77418ab45fe8\/faktablad_hallbart_foretagande_160510_webb.pdf\" target=\"_blank\">ladda ner faktabladet som PDF h\u00e4r<\/a>.<\/p>\n\n\n\n<p><strong>Att l\u00e4sa, artikel: <\/strong><a rel=\"noreferrer noopener\" href=\"http:\/\/www.samhallsentreprenor.glokala.se\/wp-content\/uploads\/314.pdf\" target=\"_blank\"><strong>\u201cBusiness Responsibilities in a Divided World\u201d: The Cold War Roots of the Corporate Social Responsibility Movement \u2013 klicka h\u00e4r (pdf)<\/strong><br><\/a>En f\u00f6rdjupande artikel av Bert Spector, d\u00e4r de historiska r\u00f6tterna till begreppet diskuteras.<\/p>\n\n\n\n<p><strong>Att lyssna:<\/strong> <a rel=\"noreferrer noopener\" href=\"http:\/\/www.csrpod.se\/\" target=\"_blank\">CSR-poden<\/a> har \u00e4ven fler intressanta avsnitt. I premi\u00e4rprogrammet #1 introducerar programledarna sig sj\u00e4lva och CSR. Vill du lyssna p\u00e5 intervjuer med ansvariga p\u00e5 f\u00f6retag och organisationer kan vi rekommendera avsnitt #35 med Anja Frey och Fatima \u00c5sard fr\u00e5n Fryshuset (social h\u00e5llbarhet) eller avsnitt #45 med Johan Ununger fr\u00e5n Salt\u00e5 kvarn (milj\u00f6relaterad h\u00e5llbarhet). I avsnitt  #26 kan den som vill l\u00e4ra sig mer om IKEAs CSR-arbete genom  h\u00e5llbarhetschef&nbsp;Jonas Carlehed.<\/p>\n","protected":false},"excerpt":{"rendered":"<p>F\u00f6rst en liten praktikalitet: Vi beh\u00f6ver att ni visar er studieaktiva&nbsp;f\u00f6r v\u00e5rterminen genom att klicka i det h\u00e4r miniformul\u00e4ret. Denna vecka har vi fokus p\u00e5 f\u00f6retags h\u00e5llbarhetsarbete. Vi f\u00f6rdjupar oss i f\u00f6retags samh\u00e4llsansvar och l\u00e4r oss mer om Corporate Social Responsibility (CSR) som begrepp. Intro till temat i ljudfilen nedan: Ett lokalt exempel i Malm\u00f6, [&hellip;]<\/p>\n","protected":false},"author":3,"featured_media":0,"parent":0,"menu_order":0,"comment_status":"closed","ping_status":"closed","template":"","meta":{"_bbp_topic_count":0,"_bbp_reply_count":0,"_bbp_total_topic_count":0,"_bbp_total_reply_count":0,"_bbp_voice_count":0,"_bbp_anonymous_reply_count":0,"_bbp_topic_count_hidden":0,"_bbp_reply_count_hidden":0,"_bbp_forum_subforum_count":0,"jetpack_post_was_ever_published":false,"footnotes":""},"class_list":["post-1513","page","type-page","status-publish","hentry"],"jetpack_sharing_enabled":true,"_links":{"self":[{"href":"https:\/\/samhallsentreprenor.glokala.net\/2019-2020\/wp-json\/wp\/v2\/pages\/1513","targetHints":{"allow":["GET"]}}],"collection":[{"href":"https:\/\/samhallsentreprenor.glokala.net\/2019-2020\/wp-json\/wp\/v2\/pages"}],"about":[{"href":"https:\/\/samhallsentreprenor.glokala.net\/2019-2020\/wp-json\/wp\/v2\/types\/page"}],"author":[{"embeddable":true,"href":"https:\/\/samhallsentreprenor.glokala.net\/2019-2020\/wp-json\/wp\/v2\/users\/3"}],"replies":[{"embeddable":true,"href":"https:\/\/samhallsentreprenor.glokala.net\/2019-2020\/wp-json\/wp\/v2\/comments?post=1513"}],"version-history":[{"count":0,"href":"https:\/\/samhallsentreprenor.glokala.net\/2019-2020\/wp-json\/wp\/v2\/pages\/1513\/revisions"}],"wp:attachment":[{"href":"https:\/\/samhallsentreprenor.glokala.net\/2019-2020\/wp-json\/wp\/v2\/media?parent=1513"}],"curies":[{"name":"wp","href":"https:\/\/api.w.org\/{rel}","templated":true}]}}