{"id":1602,"date":"2020-01-20T06:00:00","date_gmt":"2020-01-20T05:00:00","guid":{"rendered":"https:\/\/samhallsentreprenor.glokala.net\/2019-2020\/?page_id=1602"},"modified":"2020-01-20T12:10:37","modified_gmt":"2020-01-20T11:10:37","slug":"v-4-intro-till-modul-3","status":"publish","type":"page","link":"https:\/\/samhallsentreprenor.glokala.net\/2019-2020\/v-4-intro-till-modul-3\/","title":{"rendered":"v 4 Intro till modul 3"},"content":{"rendered":"\n<p class=\"has-background has-cyan-bluish-gray-background-color\"><strong>F\u00f6rst lite praktiska punkter<\/strong>:<br>&#8211; den h\u00e4r veckan l\u00e4mnar vi (Lisa och Lone) \u00f6ver till August som kommer tillbaka fr\u00e5n tj\u00e4nstledighet. Du n\u00e5r honom p\u00e5 <a href=\"mailto:august@glokala.org\">august@glokala.org<\/a>. Tusen tack f\u00f6r oss!<br>&#8211; inl\u00e4mning uppgift 5 idag, <a href=\"https:\/\/samhallsentreprenor.glokala.net\/2019-2020\/grupper\/uppgift-5-exempel-pa-organisering\/\" target=\"_blank\" rel=\"noreferrer noopener\" aria-label=\"H\u00c4R (opens in a new tab)\">H\u00c4R<\/a><br>&#8211; se email fr\u00e5n Lone (skickades 17 januari) f\u00f6r mer information och program till kurstr\u00e4ffen!<br>&#8211; <a rel=\"noreferrer noopener\" aria-label=\"- anm\u00e4lan till kurstr\u00e4ffen h\u00e4r\n (opens in a new tab)\" href=\"https:\/\/docs.google.com\/forms\/d\/1TdNQbPMMRXJ602AEXosKKpz-pxVHEy2fEyIuX_oSvxs\/edit\" target=\"_blank\">anm\u00e4lan till kurstr\u00e4ffen h\u00e4r<br><\/a>&#8211; uppsamlingsdatum f\u00f6r missade uppgifter fr\u00e5n h\u00f6stterminen: 16 februari. <\/p>\n\n\n\n<p>::::::::::::::::<\/p>\n\n\n\n<p>V\u00e4lkommen till modul 3! <a rel=\"noreferrer noopener\" aria-label=\"H\u00e4r hittar du en \u00f6versikt \u00f6ver modulen ---> (opens in a new tab)&#8221; href=&#8221;https:\/\/samhallsentreprenor.glokala.net\/2019-2020\/modul-3\/&#8221; target=&#8221;_blank&#8221;>H\u00e4r hittar du en \u00f6versikt \u00f6ver modulen &#8212;&gt;<\/a><\/p>\n\n\n\n<figure class=\"wp-block-embed-vimeo wp-block-embed is-type-video is-provider-vimeo wp-embed-aspect-4-3 wp-has-aspect-ratio\"><div class=\"wp-block-embed__wrapper\">\n<iframe loading=\"lazy\" title=\"Introvideo modul 3\" src=\"https:\/\/player.vimeo.com\/video\/385459788?dnt=1&amp;app_id=122963\" width=\"500\" height=\"333\" frameborder=\"0\" allow=\"autoplay; fullscreen; picture-in-picture; clipboard-write\"><\/iframe>\n<\/div><figcaption><em>* En fels\u00e4gning i videon: uppsamlingsdatum f\u00f6r sena uppgifter fr\u00e5n h\u00f6stterminen \u00e4r 16 februari!<\/em><\/figcaption><\/figure>\n\n\n\n<h2 class=\"wp-block-heading\">Video (15 min): <a href=\"https:\/\/www.ted.com\/talks\/kate_raworth_a_healthy_economy_should_be_designed_to_thrive_not_grow\" target=\"_blank\" rel=\"noreferrer noopener\">A healthy economy should be designed to thrive, not grow<\/a><\/h2>\n\n\n\n<p>Vi lyssnar till Kate Raworth n\u00e4r hon presenterar sin modell The Doughnut Economy \u2013 en modell f\u00f6r att beskriva en ekonomi inom planetens gr\u00e4nser.<\/p>\n\n\n\n<p>Syftet \u00e4r b\u00e5de att l\u00e4ra k\u00e4nna hennes arbete och de perspektiv hon presenterar, men det \u00e4r ocks\u00e5 ett tillf\u00e4lle att fundera \u00f6ver vilken systemf\u00f6r\u00e4ndring vi arbetar f\u00f6r p\u00e5 l\u00e4ngre sikt.<\/p>\n\n\n\n<p>Tips! Anv\u00e4nd engelska textningen f\u00f6r att l\u00e4ttare f\u00f6lja med.<\/p>\n\n\n\n<figure class=\"wp-block-embed-ted wp-block-embed is-type-video is-provider-ted wp-embed-aspect-16-9 wp-has-aspect-ratio\"><div class=\"wp-block-embed__wrapper\">\n<iframe loading=\"lazy\" title=\"Kate Raworth: A healthy economy should be designed to thrive, not grow\" src=\"https:\/\/embed.ted.com\/talks\/kate_raworth_a_healthy_economy_should_be_designed_to_thrive_not_grow\" width=\"500\" height=\"282\" frameborder=\"0\" scrolling=\"no\" webkitAllowFullScreen mozallowfullscreen allowFullScreen><\/iframe>\n<\/div><\/figure>\n\n\n\n<p><em>Kate Raworths bok p\u00e5 svenska: <\/em><a rel=\"noreferrer noopener\" href=\"https:\/\/www.daidalos.se\/donut-ekonomi-br-sju-principer-f%c3%b6r-en-framtida-ekonomi.htm\" target=\"_blank\"><em>Donutekonomi. Sju principer f\u00f6r en framtida ekonomi.<\/em><\/a><\/p>\n\n\n\n<h2 class=\"wp-block-heading\">Lyssna (30 min): <a rel=\"noreferrer noopener\" aria-label=\"Hur ska vi leva f\u00f6r att klara klimatkrisen? (opens in a new tab)\" href=\"https:\/\/sverigesradio.se\/avsnitt\/1189983\" target=\"_blank\">Hur ska vi leva f\u00f6r att klara klimatkrisen?<\/a><\/h2>\n\n\n\n<p>En till ing\u00e5ng i samtalet om hur ekonomin kan och beh\u00f6ver f\u00f6r\u00e4ndras \u00e4r ett radioreportage i Klotet (P1), om forskningsprojektet <strong><a rel=\"noreferrer noopener\" aria-label=\"Bortom BNP-tillv\u00e4xt (opens in a new tab)\" href=\"http:\/\/www.bortombnptillvaxt.se\/\" target=\"_blank\">Bortom BNP-tillv\u00e4xt<\/a><\/strong>. I programmet f\u00e5r vi ta del av fyra framtidsscenarier. Bland annat f\u00e5r vi f\u00f6lja med till caf\u00e9et Llama Lloyd i G\u00f6teborg som har en t\u00e4t koppling till kollaborativ ekonomi.<\/p>\n\n\n\n<p> De fyra scenarierna som har tagits fram i projektet har rubrikerna: <\/p>\n\n\n\n<ul class=\"wp-block-list\"><li> Lokal sj\u00e4lvf\u00f6rs\u00f6rjning<\/li><li> Kollaborativ ekonomi<\/li><li> Automatisering f\u00f6r livskvalit\u00e9<\/li><li> Cirkul\u00e4r ekonomi i v\u00e4lf\u00e4rdsstaten<\/li><\/ul>\n\n\n<p><iframe loading=\"lazy\" src=\"https:\/\/sverigesradio.se\/embed\/episode\/1189983\" width=\"100%\" height=\"150\" frameborder=\"0\"><\/iframe><\/p>\n\n\n<figure class=\"wp-block-image\"><a href=\"https:\/\/sverigesradio.se\/avsnitt\/1189983\" target=\"_blank\" rel=\"noreferrer noopener\"><img decoding=\"async\" src=\"https:\/\/samhallsentreprenor.glokala.net\/2018-2019\/wp-content\/uploads\/2019\/01\/klotet_BortomBNP-1024x572.jpg\" alt=\"\" class=\"wp-image-869\"\/><\/a><\/figure>\n","protected":false},"excerpt":{"rendered":"<p>F\u00f6rst lite praktiska punkter:&#8211; den h\u00e4r veckan l\u00e4mnar vi (Lisa och Lone) \u00f6ver till August som kommer tillbaka fr\u00e5n tj\u00e4nstledighet. Du n\u00e5r honom p\u00e5 august@glokala.org. Tusen tack f\u00f6r oss!&#8211; inl\u00e4mning uppgift 5 idag, H\u00c4R&#8211; se email fr\u00e5n Lone (skickades 17 januari) f\u00f6r mer information och program till kurstr\u00e4ffen!&#8211; anm\u00e4lan till kurstr\u00e4ffen h\u00e4r&#8211; uppsamlingsdatum f\u00f6r missade [&hellip;]<\/p>\n","protected":false},"author":3,"featured_media":0,"parent":0,"menu_order":0,"comment_status":"closed","ping_status":"closed","template":"","meta":{"_bbp_topic_count":0,"_bbp_reply_count":0,"_bbp_total_topic_count":0,"_bbp_total_reply_count":0,"_bbp_voice_count":0,"_bbp_anonymous_reply_count":0,"_bbp_topic_count_hidden":0,"_bbp_reply_count_hidden":0,"_bbp_forum_subforum_count":0,"jetpack_post_was_ever_published":false,"footnotes":""},"class_list":["post-1602","page","type-page","status-publish","hentry"],"jetpack_sharing_enabled":true,"_links":{"self":[{"href":"https:\/\/samhallsentreprenor.glokala.net\/2019-2020\/wp-json\/wp\/v2\/pages\/1602","targetHints":{"allow":["GET"]}}],"collection":[{"href":"https:\/\/samhallsentreprenor.glokala.net\/2019-2020\/wp-json\/wp\/v2\/pages"}],"about":[{"href":"https:\/\/samhallsentreprenor.glokala.net\/2019-2020\/wp-json\/wp\/v2\/types\/page"}],"author":[{"embeddable":true,"href":"https:\/\/samhallsentreprenor.glokala.net\/2019-2020\/wp-json\/wp\/v2\/users\/3"}],"replies":[{"embeddable":true,"href":"https:\/\/samhallsentreprenor.glokala.net\/2019-2020\/wp-json\/wp\/v2\/comments?post=1602"}],"version-history":[{"count":0,"href":"https:\/\/samhallsentreprenor.glokala.net\/2019-2020\/wp-json\/wp\/v2\/pages\/1602\/revisions"}],"wp:attachment":[{"href":"https:\/\/samhallsentreprenor.glokala.net\/2019-2020\/wp-json\/wp\/v2\/media?parent=1602"}],"curies":[{"name":"wp","href":"https:\/\/api.w.org\/{rel}","templated":true}]}}