{"id":1688,"date":"2020-01-23T15:07:37","date_gmt":"2020-01-23T14:07:37","guid":{"rendered":"https:\/\/samhallsentreprenor.glokala.net\/2019-2020\/?page_id=1688"},"modified":"2020-02-12T11:53:40","modified_gmt":"2020-02-12T10:53:40","slug":"kurstraff-10-11-februari","status":"publish","type":"page","link":"https:\/\/samhallsentreprenor.glokala.net\/2019-2020\/modul-3\/kurstraff-10-11-februari\/","title":{"rendered":"Kurstr\u00e4ff 10-11 februari"},"content":{"rendered":"<p><strong><a href=\"https:\/\/samhallsentreprenor.glokala.net\/2019-2020\/nyheter\/bilder-intryck-10-11-februari\/\">Se intryck och bilder fr\u00e5n dagarna \u2192<\/a><\/strong><\/p>\n<hr \/>\n<p>Snart \u00e4r det dags f\u00f6r kurstr\u00e4ff igen och vi ser fram emot att tr\u00e4ffas f\u00f6r att samtala, utveckla era projektid\u00e9er och inspireras av studiebes\u00f6k och varandra. Kurstr\u00e4ffen g\u00f6rs tillsammans med grundkursen Samh\u00e4llsentrepren\u00f6r.<\/p>\n<p><strong>Anm\u00e4l dig <\/strong><a href=\"https:\/\/docs.google.com\/forms\/d\/e\/1FAIpQLSd-lMgyhPJ7ujcgbhl6GxDJplIbppTAfBenfbxwzxWfVFqLoA\/viewform\" target=\"_blank\" rel=\"noopener noreferrer\">via denna l\u00e4nk senast s\u00f6ndag 26 januari<\/a>\u00a0<strong><br \/>\n<\/strong><strong><br \/>\nResa till Malm\u00f6<br \/>\n<\/strong>F\u00f6r l\u00e4ngre resor ger vi ett st\u00f6d f\u00f6r kostnader upp till 750 kr, mot inl\u00e4mning av kvitto\/biljetter.<\/p>\n<p><strong>Boende<br \/>\n<\/strong>Boende ordnar du med sj\u00e4lv. Ett alternativ till v\u00e4nner eller kontakter i Malm\u00f6 kan vara:<\/p>\n<ul>\n<li><a href=\"https:\/\/www.couchsurfing.com\/\" target=\"_blank\" rel=\"noreferrer noopener\" aria-label=\"Couchsurfing (opens in a new tab)\">Couchsurfing<\/a><\/li>\n<li><a href=\"https:\/\/www.airbnb.se\/a\/?af=43720035&amp;c=.pi0.pk5006346894_383266686428_c_12026464216&amp;sem_position=1t1&amp;sem_target=kwd-12026464216&amp;location_of_interest=&amp;location_physical=9062396&amp;ghost=true&amp;gclid=EAIaIQobChMIpMeNk9f65AIVw6iaCh0VhQi1EAAYASAAEgJ39vD_BwE\" target=\"_blank\" rel=\"noreferrer noopener\" aria-label=\"AirBnB (opens in a new tab)\">AirBnB<\/a><\/li>\n<li>Turistf\u00f6reningens vandrarhem i city:\u00a0<a href=\"https:\/\/www.svenskaturistforeningen.se\/anlaggningar\/stf-malmo-city-vandrarhem\/\">https:\/\/www.svenskaturistforeningen.se\/anlaggningar\/stf-malmo-city-vandrarhem\/<\/a><\/li>\n<li>Teaterhotellet\u00a0<a href=\"http:\/\/www.teaterhotellet.se\/\">http:\/\/www.teaterhotellet.se\/<\/a><\/li>\n<li>Rut och Ragnars vandrarhem\u00a0<a href=\"http:\/\/www.rutochragnars.se\/\">http:\/\/www.rutochragnars.se\/<\/a><\/li>\n<li>H\u00f6r av dig om du beh\u00f6ver andra tips eller hj\u00e4lp med \u00f6vernattning.<\/li>\n<\/ul>\n<h2>PROGRAM<\/h2>\n<blockquote>\n<h3>M\u00e5ndag 10 februari, 10.00-18.00<\/h3>\n<\/blockquote>\n<p dir=\"ltr\">OBS! Ny startplats p\u00e5 m\u00e5ndagen &#8211; V\u00e4lf\u00e4rden K\u00f6k &amp; Kaffe n\u00e4ra Malm\u00f6 central:<\/p>\n<p dir=\"ltr\"><strong><img loading=\"lazy\" decoding=\"async\" class=\"alignright size-medium\" src=\"https:\/\/valfarden.nu\/wp-content\/uploads\/2016\/04\/39760681_1990159014338227_4098322948497080320_o-300x225.jpg\" width=\"300\" height=\"225\" \/>10.00 &#8211; 11. 45<br \/>\n<\/strong>Vi tr\u00e4ffas p\u00e5 <a href=\"https:\/\/valfarden.nu\/\" target=\"_blank\" rel=\"noopener noreferrer\"><strong>V\u00e4lf\u00e4rden &#8211; K\u00f6k &amp; Kaffe <\/strong><\/a>(MINC-huset, <a href=\"https:\/\/g.page\/valfarden?share\" target=\"_blank\" rel=\"noopener noreferrer\">Anckargripsgatan 3, karta<\/a>)<\/p>\n<p dir=\"ltr\">Vi fikar, presenterar oss f\u00f6r varandra och har tid f\u00f6r samtal.<\/p>\n<p dir=\"ltr\"><strong>11.45 &#8211; 13. 00<br \/>\nPaus f\u00f6r lunch + promenad till Stapeln<\/strong> (V\u00e4stra Hamnen)<\/p>\n<p dir=\"ltr\">Handla lunch p\u00e5 <a href=\"https:\/\/valfarden.nu\/dagens-lunch\/\" target=\"_blank\" rel=\"noopener noreferrer\">V\u00e4lf\u00e4rden<\/a> eller promenera \u00f6ver till Orkanen-huset (Malm\u00f6 universitet) d\u00e4r medhavd lunch kan intas.<\/p>\n<p dir=\"ltr\"><strong>13.00 &#8211; 15.00<\/strong><br \/>\n<strong>Studiebes\u00f6k p\u00e5 <a href=\"https:\/\/stpln.org\/\" target=\"_blank\" rel=\"noopener noreferrer\" data-saferedirecturl=\"https:\/\/www.google.com\/url?q=https:\/\/stpln.org\/&amp;source=gmail&amp;ust=1579358910282000&amp;usg=AFQjCNH4UiXUSJFnR3P8rIMq5A1U1OXx-g\">STPLN <\/a><\/strong>(Stapeln). (Stapelb\u00e4ddsgatan 3, <a href=\"https:\/\/goo.gl\/maps\/z9mJVEKqAfHjYKTM7\" target=\"_blank\" rel=\"noopener noreferrer\">karta<\/a>)<\/p>\n<blockquote>\n<h4><strong>&#8221;STPLN \u00c4R EN UNIK M\u00d6TESPLATS, ETT MAKERSPACE OCH EN INKUBATOR F\u00d6R INITIATIV OCH KREATIVA PROJEKT I MALM\u00d6.<\/strong><\/h4>\n<p>STPLN (uttalas stapeln) finns f\u00f6r dig som har id\u00e9er och kreativa projekt. D\u00f6rren st\u00e5r \u00f6ppen f\u00f6r alla erfarenheter, niv\u00e5er och \u00e5ldrar. Det finns verkst\u00e4der, studior och kontorsplatser redo att anv\u00e4ndas. H\u00e4r jobbar vi inkluderande, experimenterande och h\u00e5llbart med teknik, hantverk, konst och kultur. Kom hit och s\u00e4g hej, vi visar dig g\u00e4rna runt.&#8221;<\/p>\n<p><img loading=\"lazy\" decoding=\"async\" class=\"size-medium wp-image-7612 aligncenter\" src=\"https:\/\/samhallsentreprenor.glokala.net\/she2\/wp-content\/uploads\/2020\/01\/Ska\u0308rmavbild-2020-01-20-kl.-13.59.24-400x212.png\" alt=\"\" width=\"400\" height=\"212\" \/><\/p><\/blockquote>\n<p dir=\"ltr\"><strong>15.30 &#8211; 17.30<\/strong><br \/>\n<strong>Workshop och verktyg f\u00f6r grupputveckling<\/strong> med Emma &amp; August<br \/>\nVi h\u00e5ller till p\u00e5 Storm, Malm\u00f6 Universitet. (Citadellsv\u00e4gen 7, <a href=\"https:\/\/goo.gl\/maps\/zHYuxwJCBdZJzbxm9\" target=\"_blank\" rel=\"noopener noreferrer\">karta<\/a>)<\/p>\n<p dir=\"ltr\">Hur utvecklar vi f\u00f6ruts\u00e4ttningarna f\u00f6r samarbete? I den h\u00e4r workshopen utg\u00e5r vi fr\u00e5n n\u00e5gra verktyg f\u00f6r att f\u00e5 syn p\u00e5 hur vi sj\u00e4lva agerar n\u00e4r vi ing\u00e5r i en grupp, och reflekterar \u00f6ver hur vi kan arbeta f\u00f6r att samarbeten ska fungera b\u00e4ttre.<\/p>\n<p><strong>17.30 &#8211; 18.00<br \/>\n<\/strong>Summering och avslutning av dagen<\/p>\n<blockquote>\n<h3>Tisdag 11 februari, 8.00-15.30<\/h3>\n<\/blockquote>\n<p><strong>8.15<\/strong>\u00a0Vi m\u00f6ts p\u00e5 trappan utanf\u00f6r <strong>Malm\u00f6 C<\/strong> (den mot lokal-bussgatan) f\u00f6r gemensam f\u00e4rd till R\u00f6st\u00e5nga. Glokala st\u00e5r f\u00f6r resekostnaderna.<\/p>\n<p dir=\"ltr\"><strong>9.15 &#8211; 13.45 Studiebes\u00f6k i <a href=\"http:\/\/rostangatillsammans.se\/om-rostanga-tillsammans-kontakt\" target=\"_blank\" rel=\"noopener noreferrer\" data-saferedirecturl=\"https:\/\/www.google.com\/url?q=http:\/\/rostangatillsammans.se\/om-rostanga-tillsammans-kontakt&amp;source=gmail&amp;ust=1579358910282000&amp;usg=AFQjCNHTmMKJuOMsGWNMFJJONwlcc4tbjg\">R\u00f6st\u00e5nga<\/a><\/strong><br \/>\nVi tr\u00e4ffar Nils Philips fr\u00e5n bl.a. R\u00f6st\u00e5nga Tillsammans. Vi \u00e4ter lunch i R\u00f6st\u00e5nga.<\/p>\n<blockquote>\n<p dir=\"ltr\"><strong>Om R\u00f6st\u00e5nga Tillsammans:<\/strong><br \/>\n<em>&#8221;Under vintern och v\u00e5ren 2009 samlades m\u00e5nga engagerade inv\u00e5nare och f\u00f6reningar i R\u00f6st\u00e5ngabygden f\u00f6r att tillsammans hitta teman och samarbetsformer f\u00f6r att utveckla bygden. Et<\/em><i>t par stora mobiliseringsm\u00f6ten h\u00f6lls och olika utvecklingsgrupper bildades, fr\u00e4mst inom boende, natur, kultur och n\u00e4ringsliv. F\u00f6r att formalisera och strukturera processen bildades den ideella f\u00f6reningen R\u00f6st\u00e5nga Tillsammans, med uppgift att driva olika utvecklingsprojekt i bygden.<\/i><\/p>\n<p dir=\"ltr\"><i>Grundsynen i v\u00e5rt utvecklingsarbete \u00e4r att allt h\u00e4nger ihop och p\u00e5verkar varandra och bidrar till utveckling! D\u00e4rf\u00f6r \u00e4r det lika viktigt att tr\u00e4na knattarna i fotboll som att arrangera konserter p\u00e5 Stationshuset. Eller att ha en snygg byk\u00e4rna, en ICA-butik eller hembygdsg\u00e5rd. Eller en bra skola, n\u00e4rhet till naturen och ett v\u00e4lkomnande klimat f\u00f6r v\u00e5ra bes\u00f6kare.<\/i><\/p>\n<p><em>Om allt h\u00e4nger ihop, s\u00e5 borde vi ocks\u00e5 samverka f\u00f6r att utveckla bygden \u2013 det g\u00f6r vi i R\u00f6st\u00e5nga Tillsammans.&#8221;<\/em><\/p>\n<div class=\"mceTemp\">\n<blockquote>\n<figure id=\"attachment_7615\" aria-describedby=\"caption-attachment-7615\" style=\"width: 295px\" class=\"wp-caption aligncenter\"><img loading=\"lazy\" decoding=\"async\" class=\" wp-image-7615\" src=\"https:\/\/samhallsentreprenor.glokala.net\/she2\/wp-content\/uploads\/2020\/01\/Rostanga-400x225.jpg\" alt=\"\" width=\"295\" height=\"166\" \/><figcaption id=\"caption-attachment-7615\" class=\"wp-caption-text\">Fr\u00e5n ett tidigare studiebes\u00f6k med Samh\u00e4llsentrepren\u00f6rer i R\u00f6st\u00e5nga<\/figcaption><\/figure><\/blockquote>\n<\/div>\n<\/blockquote>\n<p dir=\"ltr\"><strong>14.00<br \/>\nGemensam resa\u00a0till Malm\u00f6<\/strong>, tillbaka p\u00e5 Malm\u00f6 C klockan 15.05<\/p>\n<p><strong>15.00-15.30<br \/>\nAvslutnings-runda<\/strong> och tack f\u00f6r den h\u00e4r g\u00e5ngen!<\/p>\n","protected":false},"excerpt":{"rendered":"<p>Se intryck och bilder fr\u00e5n dagarna \u2192 Snart \u00e4r det dags f\u00f6r kurstr\u00e4ff igen och vi ser fram emot att tr\u00e4ffas f\u00f6r att samtala, utveckla era projektid\u00e9er och inspireras av studiebes\u00f6k och varandra. Kurstr\u00e4ffen g\u00f6rs tillsammans med grundkursen Samh\u00e4llsentrepren\u00f6r. Anm\u00e4l dig via denna l\u00e4nk senast s\u00f6ndag 26 januari\u00a0 Resa till Malm\u00f6 F\u00f6r l\u00e4ngre resor ger [&hellip;]<\/p>\n","protected":false},"author":1,"featured_media":0,"parent":1574,"menu_order":0,"comment_status":"open","ping_status":"closed","template":"","meta":{"_bbp_topic_count":0,"_bbp_reply_count":0,"_bbp_total_topic_count":0,"_bbp_total_reply_count":0,"_bbp_voice_count":0,"_bbp_anonymous_reply_count":0,"_bbp_topic_count_hidden":0,"_bbp_reply_count_hidden":0,"_bbp_forum_subforum_count":0,"jetpack_post_was_ever_published":false,"footnotes":""},"class_list":["post-1688","page","type-page","status-publish","hentry"],"jetpack_sharing_enabled":true,"_links":{"self":[{"href":"https:\/\/samhallsentreprenor.glokala.net\/2019-2020\/wp-json\/wp\/v2\/pages\/1688","targetHints":{"allow":["GET"]}}],"collection":[{"href":"https:\/\/samhallsentreprenor.glokala.net\/2019-2020\/wp-json\/wp\/v2\/pages"}],"about":[{"href":"https:\/\/samhallsentreprenor.glokala.net\/2019-2020\/wp-json\/wp\/v2\/types\/page"}],"author":[{"embeddable":true,"href":"https:\/\/samhallsentreprenor.glokala.net\/2019-2020\/wp-json\/wp\/v2\/users\/1"}],"replies":[{"embeddable":true,"href":"https:\/\/samhallsentreprenor.glokala.net\/2019-2020\/wp-json\/wp\/v2\/comments?post=1688"}],"version-history":[{"count":0,"href":"https:\/\/samhallsentreprenor.glokala.net\/2019-2020\/wp-json\/wp\/v2\/pages\/1688\/revisions"}],"up":[{"embeddable":true,"href":"https:\/\/samhallsentreprenor.glokala.net\/2019-2020\/wp-json\/wp\/v2\/pages\/1574"}],"wp:attachment":[{"href":"https:\/\/samhallsentreprenor.glokala.net\/2019-2020\/wp-json\/wp\/v2\/media?parent=1688"}],"curies":[{"name":"wp","href":"https:\/\/api.w.org\/{rel}","templated":true}]}}