{"id":1727,"date":"2020-02-03T13:56:38","date_gmt":"2020-02-03T12:56:38","guid":{"rendered":"https:\/\/samhallsentreprenor.glokala.net\/2019-2020\/?page_id=1727"},"modified":"2020-02-03T13:56:38","modified_gmt":"2020-02-03T12:56:38","slug":"v-6-resurser-for-samhallsentreprenorskap","status":"publish","type":"page","link":"https:\/\/samhallsentreprenor.glokala.net\/2019-2020\/modul-3\/v-6-resurser-for-samhallsentreprenorskap\/","title":{"rendered":"v 6 Resurser f\u00f6r samh\u00e4llsentrepren\u00f6rskap"},"content":{"rendered":"\n<p> Ladda ner Fredriks presentation som pdf h\u00e4r: <a href=\"https:\/\/samhallsentreprenor.glokala.net\/2018-2019\/wp-content\/uploads\/2019\/02\/resurser.pdf\"><strong>Resurser (pdf)<\/strong><\/a><br> Ha den framf\u00f6r dig n\u00e4r du lyssnar p\u00e5 Fredriks <a href=\"https:\/\/vimeo.com\/36269967\">videof\u00f6rel\u00e4sning<\/a>: <\/p>\n\n\n\n<figure class=\"wp-block-embed-vimeo wp-block-embed is-type-video is-provider-vimeo wp-embed-aspect-16-9 wp-has-aspect-ratio\"><div class=\"wp-block-embed__wrapper\">\nhttps:\/\/vimeo.com\/36269967\n<\/div><\/figure>\n\n\n\n<p>::::::::::::::::::::::::::<\/p>\n\n\n\n<h2 class=\"wp-block-heading\">Inspiration \u2013 crowdfunding<\/h2>\n\n\n\n<p><a href=\"https:\/\/vimeo.com\/119101526\">Video \u2013 reflektioner<\/a>:<\/p>\n\n\n\n<figure class=\"wp-block-embed-vimeo wp-block-embed is-type-video is-provider-vimeo wp-embed-aspect-16-9 wp-has-aspect-ratio\"><div class=\"wp-block-embed__wrapper\">\nhttps:\/\/vimeo.com\/119101526\n<\/div><\/figure>\n\n\n\n<p><strong>Crowdfunding<\/strong> har vuxit snabbt de senaste \u00e5ren och  f\u00e5tt en \u00f6kad uppm\u00e4rksamhet som metod f\u00f6r att samla ekonomiska resurser  fr\u00e5n m\u00e5nga. N\u00e5gra av de st\u00f6rre plattformarna \u00e4r <a rel=\"noreferrer noopener\" href=\"http:\/\/www.kickstarter.com\/\" target=\"_blank\">Kickstarter<\/a>, <a rel=\"noreferrer noopener\" href=\"https:\/\/www.indiegogo.com\/\" target=\"_blank\">Indiegogo<\/a>, svenskstartade <a rel=\"noreferrer noopener\" href=\"http:\/\/www.fundedbyme.com\/\" target=\"_blank\">Funded by me<\/a> och svenska <a rel=\"noreferrer noopener\" href=\"http:\/\/crowdculture.se\/se\" target=\"_blank\">Crowdculture<\/a>  \u2013 med en dedikerad vinkling mot kulturprojekt. Flera kommuner och  regioner har tidigare g\u00e5tt in i samarbeten med Crowdculture, d\u00e4r projekt som blir  popul\u00e4ra och n\u00e5r en grundfinansiering p\u00e5 Crowdculture till exempel f\u00e5r  en matchad budget med offentliga projektmedel\/st\u00f6d.<\/p>\n\n\n\n<p><strong>I artikeln <a rel=\"noreferrer noopener\" aria-label=\"Crowdfundring: Grassroots funding for grassroots organisations? (\u00f6ppnas i en ny flik)\" href=\"https:\/\/idealistas.se\/kurage\/2018\/08\/27\/crowdfundring-grassroots-funding-for-grassroots-organisations\/\" target=\"_blank\">Crowdfundring: Grassroots funding for grassroots organisations?<\/a><\/strong> (Tidskriften Kurage, 2018) diskuteras f\u00f6ruts\u00e4ttningar f\u00f6r att n\u00e5 framg\u00e5ng f\u00f6r gr\u00e4srotsinitiativ som vill pr\u00f6va crowdfunding. Kristian Roed Nielsen, forskare vid Copenhagen Business School, ger en snabb introduktion till hur crowdfunding har utvecklats och beskriver fem aspekter som kan vara viktiga f\u00f6r att n\u00e5 framg\u00e5ng. Bland annat betonas hur <em>lokal f\u00f6rankring<\/em> kan spela en avg\u00f6rande roll:<\/p>\n\n\n\n<blockquote class=\"wp-block-quote is-layout-flow wp-block-quote-is-layout-flow\"><p>&#8221;\/&#8230;\/ location still matters even in a crowdfunding context thus engagement with the local community is often vital for crowdfunding success.&#8221;<\/p><cite><strong><a rel=\"noreferrer noopener\" href=\"https:\/\/idealistas.se\/kurage\/2018\/08\/27\/crowdfundring-grassroots-funding-for-grassroots-organisations\/\" target=\"_blank\">Crowdfundring: Grassroots funding for grassroots organisations?<\/a><\/strong>  <\/cite><\/blockquote>\n\n\n\n<p><strong>Myndigheten  f\u00f6r Kulturanalys gjorde f\u00f6r n\u00e5gra \u00e5r sedan en unders\u00f6kning om crowdfunding f\u00f6r kultursektorn<\/strong> \u2013 vilken betydelse kan det ha och vilken  potential finns? Resonemangen i rapporten \u00e4r relevanta \u00e4ven n\u00e4r vi  t\u00e4nker bredare kring initiativ inom social innovation och  samh\u00e4llsentrepren\u00f6rskap.<br> <a rel=\"noreferrer noopener\" href=\"http:\/\/www.kulturanalys.se\/wp-content\/uploads\/2013\/02\/Omvarldsanalys_-Crowdfunding_2013.pdf\" target=\"_blank\">\u201dJakten p\u00e5 medborgarfinansiering: en omv\u00e4rldsanalys av crowdfunding\u201d \u2013 l\u00e4nk till pdf<\/a><\/p>\n\n\n\n<p>::::::::::::<\/p>\n\n\n\n<p>Nedan lyfter vi fram tv\u00e5 intervjuer med tv\u00e5  filmare som delvis anv\u00e4nt crowdfunding, och crowdsourcing (ungef\u00e4r att  gemensamt l\u00f6sa en uppgift), som finansiering i sina filmprojekt.<\/p>\n\n\n\n<h3 class=\"wp-block-heading\">Video: Intervju med regiss\u00f6ren Hanna Sk\u00f6ld<\/h3>\n\n\n\n<p>I  videon nedan intervjuas Hanna Sk\u00f6ld \u2013 regiss\u00f6r till filmen Granny \u2013 om  den kickstarterkampanj som blev en del av finansieringen f\u00f6r filmen. En  kampanj som f\u00f6rutom pengar bidrog till v\u00e4rdefullt engagemang bland  tittarna. L\u00e4s mer i denna&nbsp;<a rel=\"noreferrer noopener\" href=\"http:\/\/www.skd.se\/2015\/08\/06\/nu-ska-vi-ut-och-mota-publiken\/\" target=\"_blank\">artikel<\/a>.<br> H\u00e4r hittar du den avslutade <a rel=\"noreferrer noopener\" href=\"https:\/\/www.kickstarter.com\/projects\/370814120\/grannys-dancing-on-the-table-a-granny-invasion\/\" target=\"_blank\">kickstarterkampanjen<\/a>.<\/p>\n\n\n\n<figure class=\"wp-block-embed-youtube wp-block-embed is-type-video is-provider-youtube wp-embed-aspect-16-9 wp-has-aspect-ratio\"><div class=\"wp-block-embed__wrapper\">\n<iframe loading=\"lazy\" title=\"Hanna Sk\u00f6ld om crowdsourcing i Granny is Dancing on the Table\" width=\"500\" height=\"281\" src=\"https:\/\/www.youtube.com\/embed\/qi8eWbM-tEs?feature=oembed\" frameborder=\"0\" allow=\"accelerometer; autoplay; clipboard-write; encrypted-media; gyroscope; picture-in-picture; web-share\" referrerpolicy=\"strict-origin-when-cross-origin\" allowfullscreen><\/iframe>\n<\/div><\/figure>\n\n\n\n<h3 class=\"wp-block-heading\">Video: Intervju med dokument\u00e4rfilmaren Simon Klose<\/h3>\n\n\n\n<p>Simon  Klose ber\u00e4ttar om crowdfunding-kampanjen f\u00f6r dokument\u00e4rfilmen om The  Pirate Bay&nbsp;d\u00e4r han var tidigt ute med att pr\u00f6va plattformen Kickstarter:<\/p>\n\n\n\n<figure class=\"wp-block-embed-youtube wp-block-embed is-type-video is-provider-youtube wp-embed-aspect-16-9 wp-has-aspect-ratio\"><div class=\"wp-block-embed__wrapper\">\n<iframe loading=\"lazy\" title=\"&quot;Crowdfunding \u00e4r ett nytt verktyg som kan vara j\u00e4vligt fett&quot;\" width=\"500\" height=\"281\" src=\"https:\/\/www.youtube.com\/embed\/9MYlVzPNmqQ?feature=oembed\" frameborder=\"0\" allow=\"accelerometer; autoplay; clipboard-write; encrypted-media; gyroscope; picture-in-picture; web-share\" referrerpolicy=\"strict-origin-when-cross-origin\" allowfullscreen><\/iframe>\n<\/div><\/figure>\n","protected":false},"excerpt":{"rendered":"<p>Ladda ner Fredriks presentation som pdf h\u00e4r: Resurser (pdf) Ha den framf\u00f6r dig n\u00e4r du lyssnar p\u00e5 Fredriks videof\u00f6rel\u00e4sning: :::::::::::::::::::::::::: Inspiration \u2013 crowdfunding Video \u2013 reflektioner: Crowdfunding har vuxit snabbt de senaste \u00e5ren och f\u00e5tt en \u00f6kad uppm\u00e4rksamhet som metod f\u00f6r att samla ekonomiska resurser fr\u00e5n m\u00e5nga. N\u00e5gra av de st\u00f6rre plattformarna \u00e4r Kickstarter, Indiegogo, [&hellip;]<\/p>\n","protected":false},"author":1,"featured_media":0,"parent":1574,"menu_order":0,"comment_status":"open","ping_status":"closed","template":"","meta":{"_bbp_topic_count":0,"_bbp_reply_count":0,"_bbp_total_topic_count":0,"_bbp_total_reply_count":0,"_bbp_voice_count":0,"_bbp_anonymous_reply_count":0,"_bbp_topic_count_hidden":0,"_bbp_reply_count_hidden":0,"_bbp_forum_subforum_count":0,"jetpack_post_was_ever_published":false,"footnotes":""},"class_list":["post-1727","page","type-page","status-publish","hentry"],"jetpack_sharing_enabled":true,"_links":{"self":[{"href":"https:\/\/samhallsentreprenor.glokala.net\/2019-2020\/wp-json\/wp\/v2\/pages\/1727","targetHints":{"allow":["GET"]}}],"collection":[{"href":"https:\/\/samhallsentreprenor.glokala.net\/2019-2020\/wp-json\/wp\/v2\/pages"}],"about":[{"href":"https:\/\/samhallsentreprenor.glokala.net\/2019-2020\/wp-json\/wp\/v2\/types\/page"}],"author":[{"embeddable":true,"href":"https:\/\/samhallsentreprenor.glokala.net\/2019-2020\/wp-json\/wp\/v2\/users\/1"}],"replies":[{"embeddable":true,"href":"https:\/\/samhallsentreprenor.glokala.net\/2019-2020\/wp-json\/wp\/v2\/comments?post=1727"}],"version-history":[{"count":0,"href":"https:\/\/samhallsentreprenor.glokala.net\/2019-2020\/wp-json\/wp\/v2\/pages\/1727\/revisions"}],"up":[{"embeddable":true,"href":"https:\/\/samhallsentreprenor.glokala.net\/2019-2020\/wp-json\/wp\/v2\/pages\/1574"}],"wp:attachment":[{"href":"https:\/\/samhallsentreprenor.glokala.net\/2019-2020\/wp-json\/wp\/v2\/media?parent=1727"}],"curies":[{"name":"wp","href":"https:\/\/api.w.org\/{rel}","templated":true}]}}