{"id":1836,"date":"2020-02-10T08:17:00","date_gmt":"2020-02-10T07:17:00","guid":{"rendered":"https:\/\/samhallsentreprenor.glokala.net\/2019-2020\/?page_id=1836"},"modified":"2020-02-09T21:19:12","modified_gmt":"2020-02-09T20:19:12","slug":"v-7-soka-pengar-projektbudget-och-sociala-bokslut","status":"publish","type":"page","link":"https:\/\/samhallsentreprenor.glokala.net\/2019-2020\/modul-3\/v-7-soka-pengar-projektbudget-och-sociala-bokslut\/","title":{"rendered":"v 7 S\u00f6ka pengar, projektbudget och sociala bokslut"},"content":{"rendered":"\n<p><strong>P\u00e5minnelse om <a href=\"https:\/\/samhallsentreprenor.glokala.net\/2019-2020\/modul-3\/v-5-fanga-intresset-uppgift-6\/\">uppgift 6 \u201cPitch!\u201d<\/a><\/strong><br>Tid f\u00f6r inl\u00e4mning 13 februari i <a rel=\"noreferrer noopener\" aria-label=\"forumet f\u00f6r uppgiften \u2192 (\u00f6ppnas i en ny flik)\" href=\"https:\/\/samhallsentreprenor.glokala.net\/2019-2020\/grupper\/uppgift-6-pitch\/\" target=\"_blank\">forumet f\u00f6r uppgiften \u2192<\/a><\/p>\n\n\n\n<hr class=\"wp-block-separator\"\/>\n\n\n\n<p>Vi  tittar i veckans tema n\u00e4rmre p\u00e5 finansiering f\u00f6r projekt och hur en projektbudget kan se ut. Ta del av videof\u00f6rel\u00e4sningen till temat, och lyssna p\u00e5 samtal om att s\u00f6ka st\u00f6d med Nils Phillips (verksamhetsledare, Id\u00e9buren Utveckling) &#8211; l\u00e4ngre ned p\u00e5 sidan!<\/p>\n\n\n\n<div class=\"wp-block-file\"><a href=\"https:\/\/samhallsentreprenor.glokala.net\/2019-2020\/wp-content\/uploads\/2020\/02\/Soka_pengar_och_projektbudget.pdf\" target=\"_blank\" rel=\"noreferrer noopener\"><strong>Presentation:<\/strong> Att s\u00f6ka pengar och att skapa en projektbudget<\/a><a href=\"https:\/\/samhallsentreprenor.glokala.net\/2019-2020\/wp-content\/uploads\/2020\/02\/Soka_pengar_och_projektbudget.pdf\" class=\"wp-block-file__button\" download>Ladda ner<\/a><\/div>\n\n\n\n<p><a href=\"https:\/\/vimeo.com\/390178154\/779d53eac6\" target=\"_blank\" rel=\"noreferrer noopener\" aria-label=\"Video: (\u00f6ppnas i en ny flik)\"><strong>Video:<\/strong><\/a><\/p>\n\n\n\n<figure class=\"wp-block-embed-vimeo wp-block-embed is-type-video is-provider-vimeo wp-embed-aspect-16-9 wp-has-aspect-ratio\"><div class=\"wp-block-embed__wrapper\">\n<iframe loading=\"lazy\" title=\"Projektfinansiering och projektbudget\" src=\"https:\/\/player.vimeo.com\/video\/390178154?h=779d53eac6&amp;dnt=1&amp;app_id=122963\" width=\"500\" height=\"281\" frameborder=\"0\" allow=\"autoplay; fullscreen; picture-in-picture; clipboard-write\"><\/iframe>\n<\/div><\/figure>\n\n\n\n<p><strong>L\u00e4nkar och tips (bland annat fr\u00e5n presentationen sida 4-5):<\/strong><\/p>\n\n\n\n<ul class=\"wp-block-list\"><li><strong>\u00d6versikt hos f\u00f6rening.se<\/strong> \u2013 st\u00f6d\/bidrag<br> <strong><a rel=\"noreferrer noopener\" href=\"http:\/\/forening.se\/pengar\/fonder\/\" target=\"_blank\">Finansiering \u2013 l\u00e4nkar till olika st\u00f6d genom fonder\/stiftelser<\/a><\/strong><br> Relevanta tips \u00e4ven f\u00f6r initiativ som inte drivs av just ideella f\u00f6reningar!<\/li><li><a rel=\"noreferrer noopener\" href=\"http:\/\/malmo.se\/Kultur--fritid\/Kultur--noje\/Kulturstod--stipendier\/Stipendier--priser\/Kulturkraft---stipendiet-for-unga.html\" target=\"_blank\"><strong>Malm\u00f6: Kulturkraft<\/strong><\/a><\/li><li><strong><a rel=\"noreferrer noopener\" aria-label=\"V\u00e4stra G\u00f6taland: Samh\u00e4llsentrepren\u00f6rskap (\u00f6ppnas i en ny flik)\" href=\"https:\/\/www.vgregion.se\/socialtentreprenorskap\" target=\"_blank\">V\u00e4stra G\u00f6taland: Samh\u00e4llsentrepren\u00f6rskap<\/a><\/strong><\/li><li><strong><a rel=\"noreferrer noopener\" aria-label=\"Lokalt ledd utveckling (\u00f6ppnas i en ny flik)\" href=\"https:\/\/nya.jordbruksverket.se\/stod\/lokalt-ledd-utveckling-genom-leader\" target=\"_blank\">Lokalt ledd utveckling<\/a><\/strong>, st\u00f6d till landsbygdsutveckling<\/li><li><a rel=\"noreferrer noopener\" href=\"http:\/\/www.arvsfonden.se\/\" target=\"_blank\"><strong>Arvsfonden<\/strong><\/a><\/li><li><strong>Vinnova<\/strong>, t.ex. aktuell utlysning: <a href=\"https:\/\/www.vinnova.se\/e\/civic-tech\/digitala-tjanster-for-2019-04507\/\" target=\"_blank\" rel=\"noreferrer noopener\" aria-label=\"Civic tech: Digitala tj\u00e4nster f\u00f6r st\u00e4rkt f\u00f6rtroende mellan medborgare och offentlig sektor (\u00f6ppnas i en ny flik)\">Civic tech: Digitala tj\u00e4nster f\u00f6r st\u00e4rkt f\u00f6rtroende mellan medborgare och offentlig sektor<\/a><\/li><\/ul>\n\n\n\n<p><strong>Vi har lyft fram n\u00e5gra finansieringsm\u00f6jligheter, finns det fler som du t\u00e4nker p\u00e5, som kan vara bra tips?<\/strong> Kommentera g\u00e4rna h\u00e4r eller skriv i kursforumet!<\/p>\n\n\n\n<hr class=\"wp-block-separator\"\/>\n\n\n\n<h2 class=\"wp-block-heading\">Lyssna: Budgettips och gemensamt \u00e4gande i R\u00f6st\u00e5nga!<\/h2>\n\n\n\n<p>Lyssna till en intervju med Nils Phillips \u2013 verksamhetsledare p\u00e5 Id\u00e9buren Utveckling (tidigare &#8221;Centrum  f\u00f6r Publikt Entrepren\u00f6rskap&#8221;) som st\u00f6ttar samh\u00e4llsentrepren\u00f6rskap i Sk\u00e5ne. I b\u00f6rjan delar Nils med\u00a0sig  av n\u00e5gra tips n\u00e4r det g\u00e4ller  projektans\u00f6kningar och budgetering: <\/p>\n\n\n\n<figure class=\"wp-block-audio\"><audio controls src=\"http:\/\/samhallsentreprenor.glokala.se\/arkiv\/Intervju_Nils_Phillips_Budget_Lokal_utveckling.mp3\"><\/audio><\/figure>\n\n\n\n<p><a rel=\"noreferrer noopener\" href=\"http:\/\/samhallsentreprenor.glokala.se\/arkiv\/Intervju_Nils_Phillips_Budget_Lokal_utveckling.mp3\" target=\"_blank\">Direktl\u00e4nk till mp3 (31:55 minuter, 58,4 mb) \u2192<\/a> <\/p>\n\n\n\n<div class=\"wp-block-image\"><figure class=\"alignright size-medium is-resized\"><img loading=\"lazy\" decoding=\"async\" data-attachment-id=\"1841\" data-permalink=\"https:\/\/samhallsentreprenor.glokala.net\/2019-2020\/modul-3\/v-7-soka-pengar-projektbudget-och-sociala-bokslut\/attachment\/img_5330\/\" data-orig-file=\"https:\/\/samhallsentreprenor.glokala.net\/2019-2020\/wp-content\/uploads\/2020\/02\/IMG_5330.jpg\" data-orig-size=\"533,800\" data-comments-opened=\"1\" data-image-meta=\"{&quot;aperture&quot;:&quot;0&quot;,&quot;credit&quot;:&quot;&quot;,&quot;camera&quot;:&quot;&quot;,&quot;caption&quot;:&quot;&quot;,&quot;created_timestamp&quot;:&quot;0&quot;,&quot;copyright&quot;:&quot;&quot;,&quot;focal_length&quot;:&quot;0&quot;,&quot;iso&quot;:&quot;0&quot;,&quot;shutter_speed&quot;:&quot;0&quot;,&quot;title&quot;:&quot;&quot;,&quot;orientation&quot;:&quot;0&quot;}\" data-image-title=\"IMG_5330\" data-image-description=\"\" data-image-caption=\"\" data-large-file=\"https:\/\/samhallsentreprenor.glokala.net\/2019-2020\/wp-content\/uploads\/2020\/02\/IMG_5330.jpg\" src=\"https:\/\/samhallsentreprenor.glokala.net\/2019-2020\/wp-content\/uploads\/2020\/02\/IMG_5330-333x500.jpg\" alt=\"\" class=\"wp-image-1841\" width=\"163\" height=\"245\" srcset=\"https:\/\/samhallsentreprenor.glokala.net\/2019-2020\/wp-content\/uploads\/2020\/02\/IMG_5330-333x500.jpg 333w, https:\/\/samhallsentreprenor.glokala.net\/2019-2020\/wp-content\/uploads\/2020\/02\/IMG_5330.jpg 533w\" sizes=\"auto, (max-width: 163px) 100vw, 163px\" \/><\/figure><\/div>\n\n\n\n<p>Nils \u00e4r \u00e4ven en av de drivande i det lokala utvecklingsarbetet i R\u00f6st\u00e5nga, en by i mellersta Sk\u00e5ne. Han ber\u00e4ttar i samtalet om den viktigaste h\u00e5rdvalutan i det arbetet \u2013 <em>tilliten<\/em> m\u00e4nniskor emellan. De senaste \u00e5ren har de startat <a rel=\"noreferrer noopener\" href=\"http:\/\/ruab.org\/\" target=\"_blank\">ett lokalt utvecklings-aktiebolag<\/a>  \u2013 och bland annat bl\u00e5st nytt liv i ett f\u00f6re detta stationshus. Genom att samla in kapital fr\u00e5n 400 personer som blev del\u00e4gare m\u00f6jliggjordes k\u00f6pet av stationshuset, som hyrs ut och drivs som krog.<\/p>\n\n\n\n<figure class=\"wp-block-image size-large\"><img decoding=\"async\" src=\"https:\/\/samhallsentreprenor.glokala.net\/2015-2016\/wp-content\/uploads\/2016\/02\/tillsammans.bmp\" alt=\"\"\/><\/figure>\n\n\n\n<hr class=\"wp-block-separator\"\/>\n\n\n\n<h2 class=\"wp-block-heading\">F\u00f6rdjupande material kring finansiering:<\/h2>\n\n\n\n<p><strong>Ordlista med ekonomiska begrepp \u2013 <a rel=\"noreferrer noopener\" href=\"https:\/\/www.verksamt.se\/om-verksamt\/ordlista\" target=\"_blank\">l\u00e4nk till verksamt.se<\/a><\/strong><\/p>\n\n\n\n<p><a href=\"https:\/\/samhallsentreprenor.glokala.net\/2016-2017\/wp-content\/uploads\/2017\/02\/Handbok-Att-lyckas-med-finansieringen.pdf\" target=\"_blank\" rel=\"noreferrer noopener\" aria-label=\" (\u00f6ppnas i en ny flik)\"><strong>Handbok \u2013 Att lyckas med finansieringen \u2013 pdf<\/strong><\/a><br>Praktisk guide f\u00f6r sociala entrepren\u00f6rer (<a rel=\"noreferrer noopener\" href=\"https:\/\/www.facebook.com\/CSESverige\/\" target=\"_blank\">CSES<\/a>)<\/p>\n\n\n\n<p><strong>\u201dNya handboken i lokal finansiering\u201d (2015)<\/strong><br> Fr\u00e5n Hela Sverige ska leva:&nbsp;<a rel=\"noreferrer noopener\" href=\"http:\/\/www.helasverige.se\/fileadmin\/user_upload\/HSSL_Kansli\/PDF\/Projekten\/lokal_finansiering\/handbok_2015.laett.pdf\" target=\"_blank\">L\u00e4nk till pdf<\/a><\/p>\n\n\n\n<p><strong>\u201dFundraising for activists\u201d<\/strong><br> Fr\u00e5n Seeds for Change:&nbsp;<a href=\"http:\/\/www.seedsforchange.org.uk\/funding.pdf\" target=\"_blank\" rel=\"noreferrer noopener\">L\u00e4nk till pdf<\/a><\/p>\n\n\n\n<hr class=\"wp-block-separator\"\/>\n\n\n\n<h2 class=\"wp-block-heading\">F\u00f6rdjupning: Fredrik f\u00f6rel\u00e4ser om sociala bokslut och redovisningar<\/h2>\n\n\n\n<p><strong>Presentation: <\/strong><a rel=\"noreferrer noopener\" href=\"http:\/\/www.samhallsentreprenor.glokala.se\/wp-content\/uploads\/sociala_bokslut.pdf\" target=\"_blank\">Sociala bokslut och redovisningar \u2013 l\u00e4nk till pdf<br><\/a><strong>Video:<\/strong> <a rel=\"noreferrer noopener\" href=\"http:\/\/vimeo.com\/9463456\" target=\"_blank\">http:\/\/vimeo.com\/9463456<\/a><strong><br>Exempel: <\/strong><a rel=\"noreferrer noopener\" href=\"http:\/\/www.samhallsentreprenor.glokala.se\/wp-content\/uploads\/socialtbokslut2.pdf\" target=\"_blank\">\u201dSocialt bokslut \u2013 ett v\u00e4gledningsmaterial f\u00f6r att synligg\u00f6ra f\u00f6reningars sociala v\u00e4rden\u201d \u2013 l\u00e4nk till pdf<\/a><\/p>\n","protected":false},"excerpt":{"rendered":"<p>P\u00e5minnelse om uppgift 6 \u201cPitch!\u201dTid f\u00f6r inl\u00e4mning 13 februari i forumet f\u00f6r uppgiften \u2192 Vi tittar i veckans tema n\u00e4rmre p\u00e5 finansiering f\u00f6r projekt och hur en projektbudget kan se ut. Ta del av videof\u00f6rel\u00e4sningen till temat, och lyssna p\u00e5 samtal om att s\u00f6ka st\u00f6d med Nils Phillips (verksamhetsledare, Id\u00e9buren Utveckling) &#8211; l\u00e4ngre ned p\u00e5 [&hellip;]<\/p>\n","protected":false},"author":1,"featured_media":0,"parent":1574,"menu_order":0,"comment_status":"open","ping_status":"closed","template":"","meta":{"_bbp_topic_count":0,"_bbp_reply_count":0,"_bbp_total_topic_count":0,"_bbp_total_reply_count":0,"_bbp_voice_count":0,"_bbp_anonymous_reply_count":0,"_bbp_topic_count_hidden":0,"_bbp_reply_count_hidden":0,"_bbp_forum_subforum_count":0,"jetpack_post_was_ever_published":false,"footnotes":""},"class_list":["post-1836","page","type-page","status-publish","hentry"],"jetpack_sharing_enabled":true,"_links":{"self":[{"href":"https:\/\/samhallsentreprenor.glokala.net\/2019-2020\/wp-json\/wp\/v2\/pages\/1836","targetHints":{"allow":["GET"]}}],"collection":[{"href":"https:\/\/samhallsentreprenor.glokala.net\/2019-2020\/wp-json\/wp\/v2\/pages"}],"about":[{"href":"https:\/\/samhallsentreprenor.glokala.net\/2019-2020\/wp-json\/wp\/v2\/types\/page"}],"author":[{"embeddable":true,"href":"https:\/\/samhallsentreprenor.glokala.net\/2019-2020\/wp-json\/wp\/v2\/users\/1"}],"replies":[{"embeddable":true,"href":"https:\/\/samhallsentreprenor.glokala.net\/2019-2020\/wp-json\/wp\/v2\/comments?post=1836"}],"version-history":[{"count":0,"href":"https:\/\/samhallsentreprenor.glokala.net\/2019-2020\/wp-json\/wp\/v2\/pages\/1836\/revisions"}],"up":[{"embeddable":true,"href":"https:\/\/samhallsentreprenor.glokala.net\/2019-2020\/wp-json\/wp\/v2\/pages\/1574"}],"wp:attachment":[{"href":"https:\/\/samhallsentreprenor.glokala.net\/2019-2020\/wp-json\/wp\/v2\/media?parent=1836"}],"curies":[{"name":"wp","href":"https:\/\/api.w.org\/{rel}","templated":true}]}}