{"id":1925,"date":"2020-02-17T13:11:08","date_gmt":"2020-02-17T12:11:08","guid":{"rendered":"https:\/\/samhallsentreprenor.glokala.net\/2019-2020\/?page_id=1925"},"modified":"2020-02-17T13:21:20","modified_gmt":"2020-02-17T12:21:20","slug":"v-8-inspiration-hallbar-ekonomi-uppgift-7","status":"publish","type":"page","link":"https:\/\/samhallsentreprenor.glokala.net\/2019-2020\/modul-3\/v-8-inspiration-hallbar-ekonomi-uppgift-7\/","title":{"rendered":"v 8 Inspiration h\u00e5llbar ekonomi + uppgift 7"},"content":{"rendered":"\n<h2 class=\"wp-block-heading\"><a href=\"https:\/\/samhallsentreprenor.glokala.net\/2019-2020\/modul-3\/uppgift-7-strategier-for-finansiering-och-hallbar-ekonomi\/\" target=\"_blank\" rel=\"noreferrer noopener\" aria-label=\"Uppgift 7: Strategier f\u00f6r finansiering &amp; h\u00e5llbar ekonomi (opens in a new tab)\">Uppgift 7: Strategier f\u00f6r finansiering &amp; h\u00e5llbar ekonomi<\/a><\/h2>\n\n\n\n<p><strong>Inl\u00e4mning: <\/strong>9 mars.<\/p>\n\n\n\n<p>I den h\u00e4r uppgiften f\u00e5r du v\u00e4lja en av tv\u00e5 m\u00f6jligheter: <strong>Ett<\/strong> <strong>case om S\u00e4tra brunns utveckling<\/strong> eller <strong>research kring finansiering\/budget f\u00f6r ett projekt eller initiativ. <\/strong><a href=\"https:\/\/samhallsentreprenor.glokala.net\/2019-2020\/modul-3\/uppgift-7-strategier-for-finansiering-och-hallbar-ekonomi\/\" target=\"_blank\" rel=\"noreferrer noopener\" aria-label=\"L\u00e4s mer om uppgiften \u2192 (opens in a new tab)\">L\u00e4s mer om uppgiften \u2192<\/a><\/p>\n\n\n\n<hr class=\"wp-block-separator\"\/>\n\n\n\n<h2 class=\"wp-block-heading\">Inspiration: En mer h\u00e5llbar och lokal ekonomi<\/h2>\n\n\n\n<h3 class=\"wp-block-heading\">Hur ser ditt 2040 ut?<\/h3>\n\n\n\n<figure class=\"wp-block-image size-large\"><a href=\"https:\/\/www.svtplay.se\/video\/25034974\/2040-framtidsfilmen\" target=\"_blank\" rel=\"noreferrer noopener\"><img loading=\"lazy\" decoding=\"async\" width=\"1024\" height=\"502\" data-attachment-id=\"1941\" data-permalink=\"https:\/\/samhallsentreprenor.glokala.net\/2019-2020\/modul-3\/v-8-inspiration-hallbar-ekonomi-uppgift-7\/attachment\/2040_svtplay\/\" data-orig-file=\"https:\/\/samhallsentreprenor.glokala.net\/2019-2020\/wp-content\/uploads\/2020\/02\/2040_svtplay.jpg\" data-orig-size=\"1764,864\" data-comments-opened=\"1\" data-image-meta=\"{&quot;aperture&quot;:&quot;0&quot;,&quot;credit&quot;:&quot;&quot;,&quot;camera&quot;:&quot;&quot;,&quot;caption&quot;:&quot;&quot;,&quot;created_timestamp&quot;:&quot;0&quot;,&quot;copyright&quot;:&quot;&quot;,&quot;focal_length&quot;:&quot;0&quot;,&quot;iso&quot;:&quot;0&quot;,&quot;shutter_speed&quot;:&quot;0&quot;,&quot;title&quot;:&quot;&quot;,&quot;orientation&quot;:&quot;0&quot;}\" data-image-title=\"2040_svtplay\" data-image-description=\"\" data-image-caption=\"\" data-medium-file=\"https:\/\/samhallsentreprenor.glokala.net\/2019-2020\/wp-content\/uploads\/2020\/02\/2040_svtplay-500x245.jpg\" data-large-file=\"https:\/\/samhallsentreprenor.glokala.net\/2019-2020\/wp-content\/uploads\/2020\/02\/2040_svtplay-1024x502.jpg\" src=\"https:\/\/samhallsentreprenor.glokala.net\/2019-2020\/wp-content\/uploads\/2020\/02\/2040_svtplay-1024x502.jpg\" alt=\"\" class=\"wp-image-1941\" srcset=\"https:\/\/samhallsentreprenor.glokala.net\/2019-2020\/wp-content\/uploads\/2020\/02\/2040_svtplay-1024x502.jpg 1024w, https:\/\/samhallsentreprenor.glokala.net\/2019-2020\/wp-content\/uploads\/2020\/02\/2040_svtplay-500x245.jpg 500w, https:\/\/samhallsentreprenor.glokala.net\/2019-2020\/wp-content\/uploads\/2020\/02\/2040_svtplay-768x376.jpg 768w, https:\/\/samhallsentreprenor.glokala.net\/2019-2020\/wp-content\/uploads\/2020\/02\/2040_svtplay-1536x752.jpg 1536w, https:\/\/samhallsentreprenor.glokala.net\/2019-2020\/wp-content\/uploads\/2020\/02\/2040_svtplay-624x306.jpg 624w, https:\/\/samhallsentreprenor.glokala.net\/2019-2020\/wp-content\/uploads\/2020\/02\/2040_svtplay.jpg 1764w\" sizes=\"auto, (max-width: 1024px) 100vw, 1024px\" \/><\/a><\/figure>\n\n\n\n<p><strong>Dokument\u00e4r: <a rel=\"noreferrer noopener\" aria-label=\"2040 - framtidsfilmen (l\u00e4nk till SVT Play) (opens in a new tab)\" href=\"https:\/\/www.svtplay.se\/video\/25034974\/2040-framtidsfilmen\" target=\"_blank\">2040 &#8211; framtidsfilmen (l\u00e4nk till SVT Play)<\/a><\/strong><\/p>\n\n\n\n<p>I veckans tema bjuder vi in till att se den aktuella dokument\u00e4ren <strong>2040<\/strong> d\u00e4r en australiensisk filmare unders\u00f6ker alternativ f\u00f6r en h\u00e5llbar framtid. Lokala eln\u00e4t med f\u00f6rnybar energi, delade och sj\u00e4lvk\u00f6rande fordon, <a rel=\"noreferrer noopener\" aria-label=\"&quot;marin permakultur&quot; (opens in a new tab)\" href=\"https:\/\/www.svt.se\/nyheter\/vetenskap\/sa-kan-haven-ateruppbyggas-med-tangodlingar\" target=\"_blank\">&#8221;marin permakultur&#8221;<\/a> och vikten av kvinnors egenmakt \u00e4r n\u00e5gra aspekter som lyfts fram. I filmen anv\u00e4nds donutmodellen f\u00f6r en h\u00e5llbar ekonomi inom planetens gr\u00e4nser som vi <a href=\"https:\/\/samhallsentreprenor.glokala.net\/2019-2020\/v-4-intro-till-modul-3\/\">introducerade i vecka 4<\/a>, och Kate Raworth som ligger bakom modellen \u00e4r en av r\u00f6sterna i filmen.<\/p>\n\n\n\n<p><em>Fr\u00e5gor f\u00f6r reflektion:<\/em><\/p>\n\n\n\n<ul class=\"wp-block-list\"><li>Vad reagerar du p\u00e5 i filmen? Vad inspirerar, eller irriterar?<\/li><li>Hur ser ditt 2040 ut? Vilka f\u00f6r\u00e4ndringar tror du har skett till \u00e5r 2040?<\/li><li>Vilka av dina engagemang vill du forts\u00e4tta med eller f\u00f6rdjupa, f\u00f6r att st\u00f6dja en mer h\u00e5llbar framtid?<\/li><\/ul>\n\n\n\n<p><a href=\"https:\/\/samhallsentreprenor.glokala.net\/2019-2020\/grupper\/cafeet-kursforum\/forum\/topic\/v-8-hur-ser-ditt-2040-ut\/\"><strong>Frivilligt &#8211; dela tankar och diskutera h\u00e4r i kursforumet &#8211;><\/strong><\/a><\/p>\n\n\n\n<hr class=\"wp-block-separator\"\/>\n\n\n\n<h2 class=\"wp-block-heading\">F\u00f6rdjupning: Helena Norberg-Hodge om klimatet, lycka och ekonomi<\/h2>\n\n\n\n<div class=\"wp-block-image\"><figure class=\"alignright size-large is-resized\"><img loading=\"lazy\" decoding=\"async\" src=\"https:\/\/i0.wp.com\/www.localfutures.org\/wp-content\/uploads\/Local-is-Our-Future-copy.jpg\" alt=\"\" width=\"150\" height=\"225\"\/><\/figure><\/div>\n\n\n\n<p><em>F\u00f6r dig som vill f\u00f6rdjupa dig med fler aktuella perspektiv p\u00e5 en mer lokal ekonomi:<\/em><\/p>\n\n\n\n<p>En av r\u00f6sterna i <strong>filmen 2040<\/strong> \u00e4r Helena Norberg-Hodge, f\u00f6rfattare och en av de drivande i organisationen <a rel=\"noreferrer noopener\" aria-label=\"Local Futures (opens in a new tab)\" href=\"https:\/\/www.localfutures.org\/\" target=\"_blank\">Local Futures<\/a>. F\u00f6rra \u00e5ret kom hennes senaste bok, <a rel=\"noreferrer noopener\" aria-label=\"Local is Our Future (opens in a new tab)\" href=\"https:\/\/www.localfutures.org\/publications\/local-is-our-future-book-helena-norberg-hodge\/\" target=\"_blank\">Local is Our Future<\/a>.<\/p>\n\n\n\n<p>Tidigare i februari h\u00f6ll <a rel=\"noreferrer noopener\" aria-label=\"Lokalekonomidagarna ett webbinarium (opens in a new tab)\" href=\"https:\/\/lokalekonomi.helasverige.se\/webbinarier\/\" target=\"_blank\">Lokalekonomidagarna ett webbinarium<\/a> med henne, d\u00e4r hon delar med sig av perspektiv kring behovet av en mer lokal ekonomi &#8211; inte minst med tankar om hur h\u00e5llbar och lokal matproduktion beh\u00f6ver st\u00e4rkas. Du kan se webbinariet i efterhand:<\/p>\n\n\n\n<p><strong><a href=\"https:\/\/youtu.be\/JSmSIcL974g\" target=\"_blank\" rel=\"noreferrer noopener\" aria-label=\"Webbinarium: Helena Norberg-Hodge om klimatet, lycka och ekonomi (opens in a new tab)\">Webbinarium: Helena Norberg-Hodge om klimatet, lycka och ekonomi<\/a><\/strong><\/p>\n\n\n\n<figure class=\"wp-block-embed-youtube wp-block-embed is-type-video is-provider-youtube wp-embed-aspect-16-9 wp-has-aspect-ratio\"><div class=\"wp-block-embed__wrapper\">\n<iframe loading=\"lazy\" title=\"Webbinarium: Helena Norberg-Hodge om klimatet, lycka och ekonomi\" width=\"500\" height=\"281\" src=\"https:\/\/www.youtube.com\/embed\/JSmSIcL974g?feature=oembed\" frameborder=\"0\" allow=\"accelerometer; autoplay; clipboard-write; encrypted-media; gyroscope; picture-in-picture; web-share\" referrerpolicy=\"strict-origin-when-cross-origin\" allowfullscreen><\/iframe>\n<\/div><\/figure>\n\n\n\n<p><\/p>\n","protected":false},"excerpt":{"rendered":"<p>Uppgift 7: Strategier f\u00f6r finansiering &amp; h\u00e5llbar ekonomi Inl\u00e4mning: 9 mars. I den h\u00e4r uppgiften f\u00e5r du v\u00e4lja en av tv\u00e5 m\u00f6jligheter: Ett case om S\u00e4tra brunns utveckling eller research kring finansiering\/budget f\u00f6r ett projekt eller initiativ. L\u00e4s mer om uppgiften \u2192 Inspiration: En mer h\u00e5llbar och lokal ekonomi Hur ser ditt 2040 ut? Dokument\u00e4r: [&hellip;]<\/p>\n","protected":false},"author":1,"featured_media":0,"parent":1574,"menu_order":0,"comment_status":"open","ping_status":"closed","template":"","meta":{"_bbp_topic_count":0,"_bbp_reply_count":0,"_bbp_total_topic_count":0,"_bbp_total_reply_count":0,"_bbp_voice_count":0,"_bbp_anonymous_reply_count":0,"_bbp_topic_count_hidden":0,"_bbp_reply_count_hidden":0,"_bbp_forum_subforum_count":0,"jetpack_post_was_ever_published":false,"footnotes":""},"class_list":["post-1925","page","type-page","status-publish","hentry"],"jetpack_sharing_enabled":true,"_links":{"self":[{"href":"https:\/\/samhallsentreprenor.glokala.net\/2019-2020\/wp-json\/wp\/v2\/pages\/1925","targetHints":{"allow":["GET"]}}],"collection":[{"href":"https:\/\/samhallsentreprenor.glokala.net\/2019-2020\/wp-json\/wp\/v2\/pages"}],"about":[{"href":"https:\/\/samhallsentreprenor.glokala.net\/2019-2020\/wp-json\/wp\/v2\/types\/page"}],"author":[{"embeddable":true,"href":"https:\/\/samhallsentreprenor.glokala.net\/2019-2020\/wp-json\/wp\/v2\/users\/1"}],"replies":[{"embeddable":true,"href":"https:\/\/samhallsentreprenor.glokala.net\/2019-2020\/wp-json\/wp\/v2\/comments?post=1925"}],"version-history":[{"count":0,"href":"https:\/\/samhallsentreprenor.glokala.net\/2019-2020\/wp-json\/wp\/v2\/pages\/1925\/revisions"}],"up":[{"embeddable":true,"href":"https:\/\/samhallsentreprenor.glokala.net\/2019-2020\/wp-json\/wp\/v2\/pages\/1574"}],"wp:attachment":[{"href":"https:\/\/samhallsentreprenor.glokala.net\/2019-2020\/wp-json\/wp\/v2\/media?parent=1925"}],"curies":[{"name":"wp","href":"https:\/\/api.w.org\/{rel}","templated":true}]}}