{"id":1927,"date":"2020-02-17T11:10:29","date_gmt":"2020-02-17T10:10:29","guid":{"rendered":"https:\/\/samhallsentreprenor.glokala.net\/2019-2020\/?page_id=1927"},"modified":"2020-02-17T11:45:35","modified_gmt":"2020-02-17T10:45:35","slug":"case-satra-brunn","status":"publish","type":"page","link":"https:\/\/samhallsentreprenor.glokala.net\/2019-2020\/modul-3\/uppgift-7-strategier-for-finansiering-och-hallbar-ekonomi\/case-satra-brunn\/","title":{"rendered":"Case: S\u00e4tra brunn"},"content":{"rendered":"\n<h2 class=\"wp-block-heading\">S\u00e4tra brunn \u2013 en k\u00e4lla f\u00f6r lokal utveckling<\/h2>\n\n\n\n<p><em>Materialet \u00e4r en del av ett case om S\u00e4tra brunn \u2013 f\u00f6r unders\u00f6kande av samh\u00e4llsentrepren\u00f6rskap.<\/em><\/p>\n\n\n\n<ul class=\"wp-block-list\"><li>Se, l\u00e4s och lyssna till historien om S\u00e4tra brunn och utvecklingen i verksamheten.<\/li><li>Reflektera kring de h\u00e4r eller andra fr\u00e5gor som v\u00e4cks hos dig:<\/li><\/ul>\n\n\n\n<ol class=\"wp-block-list\"><li>Hur ser du p\u00e5 de olika t\u00e4nkbara strategierna f\u00f6r att hitta resurser? Diskutera m\u00f6jligheterna, samt f\u00f6r- och nackdelar.<\/li><li>Hur ser du p\u00e5 m\u00f6jligheterna med modeller f\u00f6r \u00f6kat gemensamt \u00e4gande? \nSkiljer sig f\u00f6ruts\u00e4ttningarna i staden mot f\u00f6ruts\u00e4ttningar p\u00e5 \nlandsbygden? Ser du andra verktyg f\u00f6r att st\u00e4rka en mer lokal ekonomi?<\/li><\/ol>\n\n\n\n<ul class=\"wp-block-list\"><li>Svara p\u00e5 fr\u00e5gorna med ca 1 A4 i text eller med dina reflektioner som en video-, ljudinspelning eller annan form.<\/li><li>Inl\u00e4mning 9 mars i forumet f\u00f6r uppgiften: <a href=\"https:\/\/samhallsentreprenor.glokala.net\/2019-2020\/grupper\/uppgift-7-strategier-for-finansiering-och-hallbar-ekonomi\/\" target=\"_blank\" rel=\"noreferrer noopener\" aria-label=\"https:\/\/samhallsentreprenor.glokala.net\/2019-2020\/grupper\/uppgift-7-strategier-for-finansiering-och-hallbar-ekonomi\/ (opens in a new tab)\">https:\/\/samhallsentreprenor.glokala.net\/2019-2020\/grupper\/uppgift-7-strategier-for-finansiering-och-hallbar-ekonomi\/<\/a><\/li><\/ul>\n\n\n\n<p>Kontakta August om du har n\u00e5gon fr\u00e5ga!<\/p>\n\n\n\n<figure class=\"wp-block-image\"><a href=\"http:\/\/casesatrabrunn.files.wordpress.com\/2011\/02\/ccf20090921_00028.jpg\"><img decoding=\"async\" src=\"https:\/\/casesatrabrunn.files.wordpress.com\/2011\/02\/ccf20090921_00028.jpg?w=960\" alt=\"\"\/><\/a><figcaption> <em>Vykort fr\u00e5n sekelskiftesvistelse vid brunnen.<\/em><\/figcaption><\/figure>\n\n\n\n<p>::::::::::::::::::::::::::::::::::::::::::::<\/p>\n\n\n\n<h3 class=\"wp-block-heading\">S\u00e4tra brunn \u2013 intro<\/h3>\n\n\n\n<p>S\u00e4tra Brunn \u00e4r en av Sveriges \u00e4ldsta kurorter som sedan grundandet  kring 1700 har varit i obruten drift. Anl\u00e4ggningen best\u00e5r idag av 110  hus, byggda fr\u00e5n \u00e5r 1702 och fram till 1994, p\u00e5 ett stort markomr\u00e5de med fem parker. Idag erbjuder man hotell, restaurang, spa, konferensm\u00f6jligheter, aktiviteter och \u00e5terkommande \u00f6ppna evenemang. <\/p>\n\n\n\n<p>Aff\u00e4rsid\u00e9n formuleras:<br> <em>\u201dF\u00f6r m\u00e4nniskor som beh\u00f6ver stoppa tiden f\u00f6r att s\u00e4tta fart p\u00e5 tanken  erbjuder S\u00e4tra Brunn en oas i nutiden. En plats f\u00f6r \u00e5terh\u00e4mtning, m\u00f6ten och nyt\u00e4nkande, d\u00e4r helhetssynen p\u00e5 m\u00e4nniskan \u00e4r genomg\u00e5ende. V\u00e5ra ledord \u00e4r: L\u00e4kande- L\u00e4rande- Skapande.\u201d<\/em><\/p>\n\n\n\n<p><a rel=\"noreferrer noopener\" href=\"http:\/\/vimeo.com\/25635682\" target=\"_blank\">En introduktion till platsen och utvecklingen \u00f6ver \u00e5ren:<\/a><\/p>\n\n\n\n<figure class=\"wp-block-embed-vimeo wp-block-embed is-type-video is-provider-vimeo wp-embed-aspect-16-9 wp-has-aspect-ratio\"><div class=\"wp-block-embed__wrapper\">\n<iframe loading=\"lazy\" title=\"En porlande historia \u00f6ver 300 \u00e5r - Intro till S\u00e4tra brunn\" src=\"https:\/\/player.vimeo.com\/video\/25635682?dnt=1&amp;app_id=122963\" width=\"500\" height=\"281\" frameborder=\"0\" allow=\"autoplay; fullscreen; picture-in-picture; clipboard-write\"><\/iframe>\n<\/div><\/figure>\n\n\n\n<h3 class=\"wp-block-heading\">Resurser f\u00f6r att utveckla verksamheten vidare<\/h3>\n\n\n\n<p>En grupp gick 2002 samman och r\u00e4ddade S\u00e4tra brunn fr\u00e5n att styckas upp och s\u00e4ljas. De bildade en ekonomisk f\u00f6rening, k\u00f6pte brunnen och tog \u00f6ver driften. Att bli medlem i den ekonomiska f\u00f6reningen innebar fr\u00e5n  b\u00f6rjan b\u00e5de att bidra med kapital och att bidra med arbetstimmar f\u00f6r  brunnens drift och utveckling.<\/p>\n\n\n\n<p>Mycket har h\u00e4nt sedan de tog \u00f6ver och verksamheten har utvecklats.  Under \u00e5ren fr\u00e5n 2002 har flera strategier anv\u00e4nts f\u00f6r att  hantera verksamhetens sm\u00e5 ekonomiska marginaler. \u00d6vertagandet 2002 skedde med litet ekonomiskt startkapital och det har \u00e5terkommande uppst\u00e5tt situationer d\u00e4r brunnens betalningsf\u00f6rm\u00e5ga varit pressad. Nya l\u00e5n har tagits, enskilda hus s\u00e5lts, och medlemmarna bidrog med ytterligare kapital \u00e5r 2007. Det har skapats mycket fantastisk verksamhet, men det har ocks\u00e5 beh\u00f6vts friskt investeringskapital f\u00f6r att kunna  utveckla brunnen vidare och n\u00e5 en mer stabil niv\u00e5.<\/p>\n\n\n\n<p><strong>F\u00f6r att hitta nya resurser till en verksamhet som S\u00e4tra brunn \u2013 vilka alternativ finns?<\/strong><\/p>\n\n\n\n<h3 class=\"wp-block-heading\"><strong>Olika m\u00f6jliga strategier<\/strong><\/h3>\n\n\n\n<p><strong>En ideell strategi<\/strong><\/p>\n\n\n\n<ul class=\"wp-block-list\"><li>Att involvera fler medlemmar i den ekonomiska f\u00f6reningen \u2013 som b\u00e5de bidrar med ekonomisk insats och ideella timmar.<\/li><li>Utveckling av en ideell f\u00f6rening som kan \u00f6ppna upp f\u00f6r fler  personers engagemang, nya typer av verksamheter, och m\u00f6jligheter att  s\u00f6ka projektst\u00f6d. Det finns idag en <a href=\"http:\/\/www.satrabrunnsvanner.se\/\" target=\"_blank\" rel=\"noreferrer noopener\" aria-label=\"\u201cV\u00e4nf\u00f6rening\u201d (opens in a new tab)\">\u201cV\u00e4nf\u00f6rening\u201d<\/a> \u2013 kanske kan den utvecklas eller beh\u00f6vs det ytterligare f\u00f6reningar med andra syften?<\/li><li>Samarbeten med andra organisationer och utbyte av tj\u00e4nster.<\/li><\/ul>\n\n\n\n<p><a href=\"http:\/\/casesatrabrunn.wordpress.com\/3-utveckling-mot-barkraft\/medlemmarnas-insatser\/\">L\u00e4s mer om medlemmarna i den ekonomiska f\u00f6reningen och deras insatser ekonomiskt och med ideella timmar \u2013 l\u00e4nk till f\u00f6rdjupning<\/a><\/p>\n\n\n\n<p><strong>En offentlig strategi<\/strong><\/p>\n\n\n\n<ul class=\"wp-block-list\"><li>Att s\u00f6ka st\u00f6d fr\u00e5n det offentliga f\u00f6r att forts\u00e4tta g\u00f6ra kulturarvet tillg\u00e4ngligt och levande.<\/li><li>St\u00f6d till byggnadsv\u00e5rd och f\u00f6rvaltningen av parkerna. St\u00f6d till publika arrangemang och guidningar.<\/li><\/ul>\n\n\n\n<p><a href=\"http:\/\/casesatrabrunn.wordpress.com\/4-kapital-till-en-kulturskatt\/fordjupning-offentligt-stod\/\">L\u00e4s mer om perspektiv p\u00e5 att s\u00f6ka offentligt st\u00f6d \u2013 l\u00e4nk till f\u00f6rdjupning<\/a><\/p>\n\n\n\n<p><strong>En strategi f\u00f6r att s\u00f6ka privat kapital<\/strong><\/p>\n\n\n\n<ul class=\"wp-block-list\"><li>Skapa m\u00f6jligheter f\u00f6r privata investeringar i S\u00e4tra brunn. B\u00e5de fr\u00e5n  privatpersoner och intresserade f\u00f6retag och organisationer, t ex genom  Lokalkapital-modellen som beskrivs nedan.<\/li><li>S\u00f6ka nya l\u00e5nem\u00f6jligheter hos banker.<\/li><\/ul>\n\n\n\n<h3 class=\"wp-block-heading\"><strong>Ombildning till en koncern under 2010<br>\n<\/strong><\/h3>\n\n\n\n<div class=\"wp-block-image\"><figure class=\"alignright\"><a href=\"http:\/\/casesatrabrunn.files.wordpress.com\/2011\/02\/arsredovisning2009_sid5.jpg\"><img decoding=\"async\" src=\"https:\/\/casesatrabrunn.files.wordpress.com\/2011\/02\/arsredovisning2009_sid5.jpg?w=400\" alt=\"\"\/><\/a><\/figure><\/div>\n\n\n\n<p>En  diskussionsgrupp hade under 2009 diskuterat modeller f\u00f6r verksamhetens  utveckling, och tagit fasta p\u00e5 m\u00f6jligheter som \u00f6ppnade sig om man valde  att ombilda till en koncernstruktur, med bibeh\u00e5llen ekonomisk f\u00f6rening  som \u00e4gare till tv\u00e5 nya aktiebolag. Medlemmarna tog st\u00e4llning i fr\u00e5gan,  och i \u00e5rsber\u00e4ttelsen f\u00f6r 2009 ges en analys av f\u00f6ruts\u00e4ttningarna och planerna f\u00f6r 2010 (se bilden).<\/p>\n\n\n\n<p>1 juli 2010 gick man vidare och ombildade till en koncern, fortsatt  med en ekonomisk f\u00f6rening och med tv\u00e5 nya aktiebolag: S\u00e4tra Brunn  H\u00e4lsobrunn AB (SBHAB) och S\u00e4tra Brunn Resort AB (SBRAB). SBHAB \u00e4r numera  \u00e4gare till fastigheten och inventarierna, medan hotell, konferens och  spa bedrivs av dotterbolaget SBRAB.<\/p>\n\n\n\n<h3 class=\"wp-block-heading\"><strong>Samarbete med en ny modell f\u00f6r lokal finansiering \u2013 Lokalkapital<\/strong><\/h3>\n\n\n\n<p>Samtidigt som tankarna p\u00e5 en omorganisation v\u00e4xte fram togs ocks\u00e5 \nkontakter med entrepren\u00f6ren Leo Padazakos. Han hade utvecklat och utrett\n en modell f\u00f6r hur privatpersoner skulle kunna vara med och investera \nmindre belopp i f\u00f6retag i den egna bygden. Nu initierades ett samarbete \nf\u00f6r att pr\u00f6va modellen, Lokalkapital, med S\u00e4tra brunn som f\u00f6rsta \nf\u00f6retag. M\u00e5let: Att resa till 3 miljoner kr till brunnens utveckling.<\/p>\n\n\n\n<p><strong>Lyssna p\u00e5 radioinslag:<\/strong> <a href=\"http:\/\/soundcloud.com\/case-s-tra-brunn\/nytt-aktiebolag-i-sala-heby-p4\" target=\"_blank\" rel=\"noreferrer noopener\">\u201dNytt aktiebolag i Sala-Heby\u201d<\/a>, P4 25 juni 2010<\/p>\n\n\n\n<figure class=\"wp-block-embed-soundcloud wp-block-embed is-type-rich is-provider-soundcloud wp-embed-aspect-4-3 wp-has-aspect-ratio\"><div class=\"wp-block-embed__wrapper\">\n<iframe loading=\"lazy\" title=\"Nytt aktiebolag i Sala-Heby P4 20100625 by Case S\u00e4tra Brunn\" width=\"500\" height=\"400\" scrolling=\"no\" frameborder=\"no\" src=\"https:\/\/w.soundcloud.com\/player\/?visual=true&#038;url=https%3A%2F%2Fapi.soundcloud.com%2Ftracks%2F10179671&#038;show_artwork=true&#038;maxheight=750&#038;maxwidth=500\"><\/iframe>\n<\/div><\/figure>\n\n\n\n<blockquote class=\"wp-block-quote is-layout-flow wp-block-quote-is-layout-flow\"><p>\u201dLokalkapital Sala-Heby AB inbjuder h\u00e4rmed till teckning av kapitalandelsl\u00e5n i projekt S\u00e4tra Brunn H\u00e4lsobrunn AB.<br>\nTotalt kapitalbehov: 3.000.000 kr<br>\nVarje kapitalandel uppg\u00e5r till beloppet femhundra kronor (SEK 500).<br>\nMinsta belopp f\u00f6r investering: 500 kr.\u201d<br>\n<em>Ur prospekt, 2010-06-24<\/em><\/p><\/blockquote>\n\n\n\n<p>Privatpersoner, f\u00f6retag och organisationer erbj\u00f6ds nu allts\u00e5 att  investera i S\u00e4tra brunn via Lokalkapital. F\u00f6r den ekonomiska f\u00f6reningen  innebar modellen att kunna ge m\u00e5nga m\u00f6jlighet att investera &#8211; utan att involvera m\u00e5nga nya del\u00e4gare i verksamhetens styrning, n\u00e5got som man menade skulle  kunna bli sv\u00e5rhanterligt.<\/p>\n\n\n\n<p><a rel=\"noreferrer noopener\" href=\"http:\/\/vimeo.com\/19639174\" target=\"_blank\"><strong>Intervju<\/strong> med Tord Berglind om Lokalkapital:<\/a><\/p>\n\n\n\n<figure class=\"wp-block-embed-vimeo wp-block-embed is-type-video is-provider-vimeo wp-embed-aspect-16-9 wp-has-aspect-ratio\"><div class=\"wp-block-embed__wrapper\">\n<iframe loading=\"lazy\" title=\"Intervju - Lokalkapital\" src=\"https:\/\/player.vimeo.com\/video\/19639174?dnt=1&amp;app_id=122963\" width=\"500\" height=\"281\" frameborder=\"0\" allow=\"autoplay; fullscreen; picture-in-picture; clipboard-write\"><\/iframe>\n<\/div><\/figure>\n\n\n\n<h3 class=\"wp-block-heading\">Mer om modellen:<\/h3>\n\n\n\n<figure class=\"wp-block-image\"><a href=\"http:\/\/casesatrabrunn.files.wordpress.com\/2011\/02\/safunkardetbild.png?w=600\"><img decoding=\"async\" src=\"https:\/\/casesatrabrunn.files.wordpress.com\/2011\/02\/safunkardetbild.png?w=600\" alt=\"\"\/><\/a><\/figure>\n\n\n\n<p>\u201dFormellt g\u00e5r det till p\u00e5 f\u00f6ljande s\u00e4tt: LokalKapital l\u00e5nar \ninvesterarnas pengar och anv\u00e4nder dem till att k\u00f6pa aktier i S\u00e4tra Brunn\n H\u00e4lsobrunn AB. Investeraren kan vara s\u00e5v\u00e4l privat som juridisk person. \nSom investerare erh\u00e5ller du ett skuldebrev fr\u00e5n LokalKapital p\u00e5 det \nbelopp du investerat. Skuldebrevet \u00e4r en v\u00e4rdehandling som kan \u00f6verl\u00e5tas\n eller s\u00e4ljas av innehavaren.<\/p>\n\n\n\n<p>Inom LokalKapital finns tillg\u00e5ng till bred kompetens och l\u00e5ng \nerfarenhet av aff\u00e4rsutveckling. Som betydande aktie\u00e4gare f\u00e5r \nLokalKapital insyn och p\u00e5verkansm\u00f6jligheter i bolaget S\u00e4tra Brunn, bland\n annat genom representeration i styrelsen. LokalKapital tillvaratar \ninvesterarnas\/l\u00e5ngivarnas intressen och \u00e4r samtidigt en engagerad, \nstabil och l\u00e5ngsiktig aktie\u00e4gare i S\u00e4tra Brunn.\u201d<\/p>\n\n\n\n<p>\u201dModellen bygger p\u00e5 n\u00e5gra grundteser:<\/p>\n\n\n\n<ul class=\"wp-block-list\"><li>P\u00e5 mindre orter finns ofta ett brett engagemang f\u00f6r den egna bygdens utveckling.<\/li><li>M\u00e4nniskor \u00e4r beredda att investera mindre belopp till h\u00f6gre risk, \ns\u00e4rskilt om det kan gynna s\u00e5v\u00e4l lokalsamh\u00e4llet som den egna pl\u00e5nboken.<\/li><li>Ju fler som investerar i ett f\u00f6retag, desto mindre summor beh\u00f6ver var och en investera.\u201d<\/li><\/ul>\n\n\n\n<h3 class=\"wp-block-heading\">L\u00e4s mer<\/h3>\n\n\n\n<ul class=\"wp-block-list\"><li><a href=\"http:\/\/casesatrabrunn.files.wordpress.com\/2011\/02\/sb-prospektprint.pdf\" target=\"_blank\" rel=\"noreferrer noopener\">Prospektet f\u00f6r investering i sin helhet \u2013 l\u00e4nk till pdf<\/a><\/li><li>Artikel i V\u00e4stmanlands l\u00e4ns tidning 2010-06-25: <a href=\"http:\/\/casesatrabrunn.files.wordpress.com\/2011\/02\/vlt-20100625.pdf\" target=\"_blank\" rel=\"noreferrer noopener\">\u201dFolkaktier f\u00f6r bygden \u2013 S\u00e4tra Brunn f\u00e5r injektion i form av lokalt kapital\u201d \u2013 l\u00e4nk till pdf<\/a><\/li><\/ul>\n\n\n\n<p>::::::::::::::::::::::::::::::::::::::::::::<\/p>\n\n\n\n<p><em>Om S\u00e4tra brunns roll i lokalsamh\u00e4llet, socialt kapital och samh\u00e4llsentrepren\u00f6rskap<\/em><\/p>\n\n\n\n<h1 class=\"wp-block-heading\">Vad betyder S\u00e4tra brunn f\u00f6r den lokala utvecklingen, vilka v\u00e4rden skapas?<\/h1>\n\n\n\n<p><strong><a rel=\"noreferrer noopener\" href=\"http:\/\/vimeo.com\/19640223\" target=\"_blank\">Intervju med Tord Berglind<\/a>. Hur ser du p\u00e5 S\u00e4tra brunns verksamhet i relation till samh\u00e4llsutvecklingen och lokalsamh\u00e4llet?<\/strong><\/p>\n\n\n\n<figure class=\"wp-block-embed-vimeo wp-block-embed is-type-video is-provider-vimeo wp-embed-aspect-16-9 wp-has-aspect-ratio\"><div class=\"wp-block-embed__wrapper\">\n<iframe loading=\"lazy\" title=\"Intervju - Roll i samh\u00e4llet\" src=\"https:\/\/player.vimeo.com\/video\/19640223?dnt=1&amp;app_id=122963\" width=\"500\" height=\"281\" frameborder=\"0\" allow=\"autoplay; fullscreen; picture-in-picture; clipboard-write\"><\/iframe>\n<\/div><\/figure>\n\n\n\n<p><strong>Ekonomiska, kulturella och sociala v\u00e4rden<\/strong><br>S\u00e4tra brunn har genom sin 300-\u00e5riga historia fungerat som ett nav i  bygden, en tradition som man idag \u00e4r noga med att lyfta fram och \u00e4ven  s\u00e4tter siffror p\u00e5. 2009 tog man emot 35 000 g\u00e4ster och ink\u00f6pen fr\u00e5n lokala akt\u00f6rer ber\u00e4knades det \u00e5ret till drygt 5 miljoner kr. De olika butikerna och entrepren\u00f6rerna p\u00e5 brunnsomr\u00e5det lever ocks\u00e5 till stor del genom de tillresta g\u00e4sterna, och brunnen generar skatteint\u00e4kter till kommunen.<\/p>\n\n\n\n<p>Det ekonomiska v\u00e4rdet som skapas genom verksamheten \u00e4r n\u00e5got som l\u00e4tt  kan synligg\u00f6ras. Samtidigt finns v\u00e4rdet av att bevara och g\u00f6ra  kulturarvet tillg\u00e4ngligt, ett kulturellt v\u00e4rde. En annan del av  verksamhetens betydelse handlar om de sociala v\u00e4rden som skapas \u2013 socialt kapital i formen av tillit, samarbeten och sociala n\u00e4tverk. De kulturella och sociala v\u00e4rdena \u00e4r sv\u00e5rare att ringa in med siffror, och det finns en p\u00e5g\u00e5ende diskussion om hur det \u00e4r m\u00f6jligt att v\u00e4rdera samh\u00e4llsentrepren\u00f6riella verksamheter p\u00e5 ett s\u00e4tt s\u00e5 att bland annat  banker, media och andra akt\u00f6rer kan ta till sig helhetsbilden. Sedan 2002 har den ekonomiska f\u00f6reningen vunnit respekt som \u00e4gare, men det \u00e4r en p\u00e5g\u00e5ende process att hitta s\u00e4tt att ber\u00e4tta om v\u00e4rdena i verksamheten bortom de ekonomiska.<\/p>\n\n\n\n<p><strong>Betydelsen av socialt kapital?<\/strong><br>\n\u00c4r det sociala kapitalet lika viktigt som det finansiella f\u00f6r den \nutveckling som S\u00e4tra brunn har haft sedan den ekonomiska f\u00f6reningen tog \n\u00f6ver? I rapporten <a href=\"http:\/\/youngfoundation.org\/publications\/social-venturing\/\" target=\"_blank\" rel=\"noreferrer noopener\">\u201dSocial Venturing\u201d<\/a>\n fr\u00e5n Nesta och The Young Foundation i Storbritannien pekar man p\u00e5 \nbetydelsen av \u201drelationellt kapital\u201d f\u00f6r samh\u00e4llsentrepren\u00f6rer som \u00e4r i \nuppstart:<\/p>\n\n\n\n<blockquote class=\"wp-block-quote is-layout-flow wp-block-quote-is-layout-flow\"><p>\u201dNew ventures put much of their energy into securing \nfinancial capital: money to invest in fixed assets on the one hand, and \nworking capital on the other. But relational capital is just as \nimportant. This is both the knowledge and trust built up between a \nventure and its users and suppliers, and the relationships between a \nventure and its staff and circle of volunteers. Conventional accounting \ntakes little account of this intangible capital, yet in all social \nventures it is the foundation of their strength and of their \ndistinctiveness.\u201d<br>\n<em>Citerat i rapporten \u201dDesign f\u00f6r social innovation\u201d, Emilson 2010. <a href=\"http:\/\/www.designfakulteten.kth.se\/forum\/kunskapssammanstallningar\" target=\"_blank\" rel=\"noreferrer noopener\">L\u00e4nk till rapporten<\/a>.<\/em><\/p><\/blockquote>\n\n\n\n<p>N\u00e4r ekonomen Elinor Ostrom utvecklar sina teorier om f\u00f6rvaltningen av\n gemensamma resurser \u00e4r det sociala kapitalet en f\u00f6ruts\u00e4ttning f\u00f6r att \nsamarbete och \u00f6verenskommelser ska fungera. Hon menar utifr\u00e5n sina \nstudier att vi beh\u00f6ver uppv\u00e4rdera hur vi ser p\u00e5 m\u00f6jligheterna med \nfrivillig kollektiv organisering f\u00f6r att hantera resurser, resonemang \nsom \u00e4r intressanta n\u00e4r vi diskuterar S\u00e4tra brunns organisering.<\/p>\n\n\n\n<blockquote class=\"wp-block-quote is-layout-flow wp-block-quote-is-layout-flow\"><p>\u201dVad som saknas i policyanalytikerns verktygsl\u00e5da \u2013 och i  samlingen vedertagna, utvecklade teorier om m\u00e4nsklig organisering \u2013 \u00e4r en tillr\u00e4ckligt specificerad teori om kollektivt handlande varigenom en  grupp individer kan organisera sig frivilligt f\u00f6r att beh\u00e5lla  \u00f6verskottet fr\u00e5n sina anstr\u00e4ngningar.\u201d <em><br> Elinor Ostrom, 2009. Allm\u00e4nningen som samh\u00e4llsinstitution, s.58. (Citerad i Ohm, Hannah 2011. <a rel=\"noreferrer noopener\" href=\"http:\/\/casesatrabrunn.files.wordpress.com\/2011\/05\/vad-c3a4r-tillit-vc3a4rt_-kandidatuppsats-hannah-ohm.pdf\" target=\"_blank\">\u201dVad \u00e4r tillit v\u00e4rt? \u2026\u201d L\u00e4nk till pdf<\/a>) <\/em><\/p><\/blockquote>\n\n\n\n<h3 class=\"wp-block-heading\">\u201dVi \u00e4r samh\u00e4llsentrepren\u00f6rer\u201d<\/h3>\n\n\n\n<p>Sedan begreppet <em>samh\u00e4llsentrepren\u00f6rskap<\/em> etablerades \ntydligare i Sverige har S\u00e4tra brunn kommit att beskriva sig som just \nsamh\u00e4llsentrepren\u00f6rer. Genom s\u00e4ttet som verksamheten organiseras p\u00e5 \nlever <em>\u201ddr\u00f6mmen om att skapa n\u00e5got nytt och h\u00e5llbart \u201d<\/em>, med \nderas egna ord. Ambitionen \u00e4r att vara ett f\u00f6reg\u00e5ngsexempel f\u00f6r en \nlokal, h\u00e5llbar ekonomi, och \u00e4ven att bli ett nav f\u00f6r utvecklingen av \nsamh\u00e4llsentrepren\u00f6rskap i Sverige.<\/p>\n\n\n\n<p><strong>P\u00e5 vilka s\u00e4tt \u00e4r S\u00e4tra brunn ett exempel att inspireras av f\u00f6r andra samh\u00e4llsentrepren\u00f6rer?<\/strong><br> S\u00f6kandet efter resurser till verksamhetens utveckling har skapat en  viktig dialog med banker om finansiering, och modellen f\u00f6r att resa  lokalt kapital \u00e4r en ny erfarenhet som utforskas. En del av vad som g\u00f6r verksamheten intressant kan ocks\u00e5 s\u00e4gas vara det delade \u00e4garskapet,  kombinationen av associationsformer och mixen av ideella och anst\u00e4llda i  arbetet.<\/p>\n\n\n\n<p>I p\u00e5g\u00e5ende diskussioner kring h\u00e5llbar utveckling finns argument f\u00f6r delat \u00e4garskap i h\u00f6gre utstr\u00e4ckning, p\u00e5 lokal niv\u00e5. I artikeln <a href=\"http:\/\/dlc.dlib.indiana.edu\/dlc\/bitstream\/handle\/10535\/6208\/A%20Different%20Kind%20of%20Ownership%20Society.pdf\" target=\"_blank\" rel=\"noreferrer noopener\" aria-label=\"\u201dA Different Kind of Ownership Society\u201d (opens in a new tab)\">\u201dA Different Kind of Ownership Society\u201d<\/a> lyfts v\u00e4rdet av delat \u00e4garskap fram:<\/p>\n\n\n\n<blockquote class=\"wp-block-quote is-layout-flow wp-block-quote-is-layout-flow\"><p>\u201dShared ownership, like local ownership, is a valuable tool for enhancing community wealth over the long term. Both represent  the innovations in social technologies that must evolve alongside  innovations in physical technologies \u2014 like wind turbines, organic  agriculture, or sustainably managed forests \u2014 if we\u2019re to create an  economy in which prosperity is both sustainable and shared. If  sustainable technologies are about the <em>what<\/em> of the living economy, local and shared ownership designs are about the <em>who<\/em>: who will own the productive capacity of the nation, who will control it, and who will benefit from the wealth created.\u201d<br><em>Marjorie Kelly &amp; Shanna Ratner i <\/em>Yes! Magazine<em> 3 augusti 2010. <a href=\"http:\/\/dlc.dlib.indiana.edu\/dlc\/bitstream\/handle\/10535\/6208\/A%20Different%20Kind%20of%20Ownership%20Society.pdf\" target=\"_blank\" rel=\"noreferrer noopener\" aria-label=\"A Different Kind of Ownership Society \u2013 l\u00e4nk (opens in a new tab)\">A Different Kind of Ownership Society \u2013 l\u00e4nk<\/a>.<\/em><\/p><\/blockquote>\n","protected":false},"excerpt":{"rendered":"<p>S\u00e4tra brunn \u2013 en k\u00e4lla f\u00f6r lokal utveckling Materialet \u00e4r en del av ett case om S\u00e4tra brunn \u2013 f\u00f6r unders\u00f6kande av samh\u00e4llsentrepren\u00f6rskap. Se, l\u00e4s och lyssna till historien om S\u00e4tra brunn och utvecklingen i verksamheten. Reflektera kring de h\u00e4r eller andra fr\u00e5gor som v\u00e4cks hos dig: Hur ser du p\u00e5 de olika t\u00e4nkbara strategierna [&hellip;]<\/p>\n","protected":false},"author":1,"featured_media":0,"parent":1926,"menu_order":0,"comment_status":"open","ping_status":"closed","template":"","meta":{"_bbp_topic_count":0,"_bbp_reply_count":0,"_bbp_total_topic_count":0,"_bbp_total_reply_count":0,"_bbp_voice_count":0,"_bbp_anonymous_reply_count":0,"_bbp_topic_count_hidden":0,"_bbp_reply_count_hidden":0,"_bbp_forum_subforum_count":0,"jetpack_post_was_ever_published":false,"footnotes":""},"class_list":["post-1927","page","type-page","status-publish","hentry"],"jetpack_sharing_enabled":true,"_links":{"self":[{"href":"https:\/\/samhallsentreprenor.glokala.net\/2019-2020\/wp-json\/wp\/v2\/pages\/1927","targetHints":{"allow":["GET"]}}],"collection":[{"href":"https:\/\/samhallsentreprenor.glokala.net\/2019-2020\/wp-json\/wp\/v2\/pages"}],"about":[{"href":"https:\/\/samhallsentreprenor.glokala.net\/2019-2020\/wp-json\/wp\/v2\/types\/page"}],"author":[{"embeddable":true,"href":"https:\/\/samhallsentreprenor.glokala.net\/2019-2020\/wp-json\/wp\/v2\/users\/1"}],"replies":[{"embeddable":true,"href":"https:\/\/samhallsentreprenor.glokala.net\/2019-2020\/wp-json\/wp\/v2\/comments?post=1927"}],"version-history":[{"count":0,"href":"https:\/\/samhallsentreprenor.glokala.net\/2019-2020\/wp-json\/wp\/v2\/pages\/1927\/revisions"}],"up":[{"embeddable":true,"href":"https:\/\/samhallsentreprenor.glokala.net\/2019-2020\/wp-json\/wp\/v2\/pages\/1926"}],"wp:attachment":[{"href":"https:\/\/samhallsentreprenor.glokala.net\/2019-2020\/wp-json\/wp\/v2\/media?parent=1927"}],"curies":[{"name":"wp","href":"https:\/\/api.w.org\/{rel}","templated":true}]}}