{"id":1957,"date":"2020-02-24T08:52:00","date_gmt":"2020-02-24T07:52:00","guid":{"rendered":"https:\/\/samhallsentreprenor.glokala.net\/2019-2020\/?page_id=1957"},"modified":"2020-02-23T23:25:13","modified_gmt":"2020-02-23T22:25:13","slug":"v-9-tid-for-uppgift-7-inspiration","status":"publish","type":"page","link":"https:\/\/samhallsentreprenor.glokala.net\/2019-2020\/modul-3\/v-9-tid-for-uppgift-7-inspiration\/","title":{"rendered":"v 9 Tid f\u00f6r uppgift 7 + inspiration"},"content":{"rendered":"\n<p>Den h\u00e4r veckan finns det tid f\u00f6r att arbeta med <a rel=\"noreferrer noopener\" aria-label=\"Uppgift 7: Strategier f\u00f6r finansiering &amp; h\u00e5llbar ekonomi (opens in a new tab)\" href=\"https:\/\/samhallsentreprenor.glokala.net\/2019-2020\/modul-3\/uppgift-7-strategier-for-finansiering-och-hallbar-ekonomi\/\" target=\"_blank\"><strong>Uppgift 7: Strategier f\u00f6r finansiering &amp; h\u00e5llbar ekonomi<\/strong><\/a>.<br><strong>Inl\u00e4mning<\/strong> 9 mars.<\/p>\n\n\n\n<hr class=\"wp-block-separator\"\/>\n\n\n\n<h2 class=\"wp-block-heading\">Inspiration: Lokala valutor och table banking &#8211; &#8221;gr\u00e4srotsinnovationer&#8221;<\/h2>\n\n\n\n<blockquote class=\"wp-block-quote is-layout-flow wp-block-quote-is-layout-flow\"><p><strong>\u2013 Lokala valutor \u00e4r ett s\u00e4tt f\u00f6r m\u00e4nniskor att \u00e5terta makten \u00f6ver pengaskapandet och organisera sig sj\u00e4lva<\/strong><\/p><p><em>Forskaren Ester Barinaga citerad i <a rel=\"noreferrer noopener\" aria-label=\"Esbribloggen, sammanfattning fr\u00e5n f\u00f6rel\u00e4sningen &quot;Grassroots innovations for inclusive economic growth&quot; (opens in a new tab)\" href=\"http:\/\/esbribloggen.blogspot.com\/2020\/02\/social-innovation-skapar-mojligheter-i.html\" target=\"_blank\">Esbribloggen, sammanfattning fr\u00e5n f\u00f6rel\u00e4sningen &#8221;Grassroots innovations for inclusive economic growth&#8221;<\/a>.<\/em><\/p><\/blockquote>\n\n\n\n<p><strong>Video &#8211; f\u00f6rel\u00e4sning: <a href=\"http:\/\/www.esbri.se\/forelasning_tv_visa.asp?id=388465617\" target=\"_blank\" rel=\"noreferrer noopener\" aria-label=\"Grassroots innovations for inclusive economic growth (opens in a new tab)\">Grassroots innovations for inclusive economic growth<\/a><\/strong><\/p>\n\n\n\n<p>Utifr\u00e5n forskning i Kenya och Spanien presenterar forskarna Ester Barinaga och Mar\u00eda Jos\u00e9 Zapata Campos perspektiv p\u00e5 gr\u00e4srotsdrivna initiativ. F\u00f6rel\u00e4sningen h\u00f6lls 29 januari och finns inspelad att ta del av, p\u00e5 engelska. <a rel=\"noreferrer noopener\" aria-label=\"L\u00e4s en sammanfattning hos Esbribloggen (opens in a new tab)\" href=\"http:\/\/esbribloggen.blogspot.com\/2020\/02\/social-innovation-skapar-mojligheter-i.html\" target=\"_blank\">L\u00e4s en sammanfattning hos Esbribloggen<\/a> och <a rel=\"noreferrer noopener\" aria-label=\"se f\u00f6rel\u00e4sningen h\u00e4r! (opens in a new tab)\" href=\"http:\/\/www.esbri.se\/forelasning_tv_visa.asp?id=388465617\" target=\"_blank\">se f\u00f6rel\u00e4sningen h\u00e4r!<\/a><\/p>\n\n\n\n<figure class=\"wp-block-image size-large\"><a href=\"http:\/\/www.esbri.se\/forelasning_tv_visa.asp?id=388465617\" target=\"_blank\" rel=\"noreferrer noopener\"><img loading=\"lazy\" decoding=\"async\" width=\"1024\" height=\"312\" data-attachment-id=\"1980\" data-permalink=\"https:\/\/samhallsentreprenor.glokala.net\/2019-2020\/modul-3\/v-9-tid-for-uppgift-7-inspiration\/attachment\/estrad29jan2020\/\" data-orig-file=\"https:\/\/samhallsentreprenor.glokala.net\/2019-2020\/wp-content\/uploads\/2020\/02\/estrad29jan2020.jpg\" data-orig-size=\"1292,394\" data-comments-opened=\"1\" data-image-meta=\"{&quot;aperture&quot;:&quot;0&quot;,&quot;credit&quot;:&quot;&quot;,&quot;camera&quot;:&quot;&quot;,&quot;caption&quot;:&quot;&quot;,&quot;created_timestamp&quot;:&quot;0&quot;,&quot;copyright&quot;:&quot;&quot;,&quot;focal_length&quot;:&quot;0&quot;,&quot;iso&quot;:&quot;0&quot;,&quot;shutter_speed&quot;:&quot;0&quot;,&quot;title&quot;:&quot;&quot;,&quot;orientation&quot;:&quot;0&quot;}\" data-image-title=\"estrad29jan2020\" data-image-description=\"\" data-image-caption=\"\" data-large-file=\"https:\/\/samhallsentreprenor.glokala.net\/2019-2020\/wp-content\/uploads\/2020\/02\/estrad29jan2020-1024x312.jpg\" src=\"https:\/\/samhallsentreprenor.glokala.net\/2019-2020\/wp-content\/uploads\/2020\/02\/estrad29jan2020-1024x312.jpg\" alt=\"\" class=\"wp-image-1980\" srcset=\"https:\/\/samhallsentreprenor.glokala.net\/2019-2020\/wp-content\/uploads\/2020\/02\/estrad29jan2020-1024x312.jpg 1024w, https:\/\/samhallsentreprenor.glokala.net\/2019-2020\/wp-content\/uploads\/2020\/02\/estrad29jan2020-500x152.jpg 500w, https:\/\/samhallsentreprenor.glokala.net\/2019-2020\/wp-content\/uploads\/2020\/02\/estrad29jan2020-768x234.jpg 768w, https:\/\/samhallsentreprenor.glokala.net\/2019-2020\/wp-content\/uploads\/2020\/02\/estrad29jan2020-624x190.jpg 624w, https:\/\/samhallsentreprenor.glokala.net\/2019-2020\/wp-content\/uploads\/2020\/02\/estrad29jan2020.jpg 1292w\" sizes=\"auto, (max-width: 1024px) 100vw, 1024px\" \/><\/a><\/figure>\n\n\n\n<p><\/p>\n","protected":false},"excerpt":{"rendered":"<p>Den h\u00e4r veckan finns det tid f\u00f6r att arbeta med Uppgift 7: Strategier f\u00f6r finansiering &amp; h\u00e5llbar ekonomi.Inl\u00e4mning 9 mars. Inspiration: Lokala valutor och table banking &#8211; &#8221;gr\u00e4srotsinnovationer&#8221; \u2013 Lokala valutor \u00e4r ett s\u00e4tt f\u00f6r m\u00e4nniskor att \u00e5terta makten \u00f6ver pengaskapandet och organisera sig sj\u00e4lva Forskaren Ester Barinaga citerad i Esbribloggen, sammanfattning fr\u00e5n f\u00f6rel\u00e4sningen &#8221;Grassroots [&hellip;]<\/p>\n","protected":false},"author":1,"featured_media":0,"parent":1574,"menu_order":0,"comment_status":"open","ping_status":"closed","template":"","meta":{"_bbp_topic_count":0,"_bbp_reply_count":0,"_bbp_total_topic_count":0,"_bbp_total_reply_count":0,"_bbp_voice_count":0,"_bbp_anonymous_reply_count":0,"_bbp_topic_count_hidden":0,"_bbp_reply_count_hidden":0,"_bbp_forum_subforum_count":0,"jetpack_post_was_ever_published":false,"footnotes":""},"class_list":["post-1957","page","type-page","status-publish","hentry"],"jetpack_sharing_enabled":true,"_links":{"self":[{"href":"https:\/\/samhallsentreprenor.glokala.net\/2019-2020\/wp-json\/wp\/v2\/pages\/1957","targetHints":{"allow":["GET"]}}],"collection":[{"href":"https:\/\/samhallsentreprenor.glokala.net\/2019-2020\/wp-json\/wp\/v2\/pages"}],"about":[{"href":"https:\/\/samhallsentreprenor.glokala.net\/2019-2020\/wp-json\/wp\/v2\/types\/page"}],"author":[{"embeddable":true,"href":"https:\/\/samhallsentreprenor.glokala.net\/2019-2020\/wp-json\/wp\/v2\/users\/1"}],"replies":[{"embeddable":true,"href":"https:\/\/samhallsentreprenor.glokala.net\/2019-2020\/wp-json\/wp\/v2\/comments?post=1957"}],"version-history":[{"count":0,"href":"https:\/\/samhallsentreprenor.glokala.net\/2019-2020\/wp-json\/wp\/v2\/pages\/1957\/revisions"}],"up":[{"embeddable":true,"href":"https:\/\/samhallsentreprenor.glokala.net\/2019-2020\/wp-json\/wp\/v2\/pages\/1574"}],"wp:attachment":[{"href":"https:\/\/samhallsentreprenor.glokala.net\/2019-2020\/wp-json\/wp\/v2\/media?parent=1957"}],"curies":[{"name":"wp","href":"https:\/\/api.w.org\/{rel}","templated":true}]}}