{"id":2047,"date":"2020-03-06T09:52:25","date_gmt":"2020-03-06T08:52:25","guid":{"rendered":"https:\/\/samhallsentreprenor.glokala.net\/2019-2020\/?page_id=2047"},"modified":"2020-03-09T10:11:47","modified_gmt":"2020-03-09T09:11:47","slug":"v-11-sociala-medier-fordjupning-uppgift-8","status":"publish","type":"page","link":"https:\/\/samhallsentreprenor.glokala.net\/2019-2020\/modul-3\/v-11-sociala-medier-fordjupning-uppgift-8\/","title":{"rendered":"v 11 Sociala medier f\u00f6rdjupning + uppgift 8"},"content":{"rendered":"\n<p><strong>P\u00e5minnelse om <a href=\"https:\/\/samhallsentreprenor.glokala.net\/2019-2020\/modul-3\/uppgift-7-strategier-for-finansiering-och-hallbar-ekonomi\/\" target=\"_blank\" rel=\"noreferrer noopener\" aria-label=\"uppgift 7, Strategier f\u00f6r finansiering &amp; h\u00e5llbar ekonomi (opens in a new tab)\">uppgift 7, Strategier f\u00f6r finansiering &amp; h\u00e5llbar ekonomi<\/a><\/strong><br>Tid f\u00f6r inl\u00e4mning 9 mars i <a href=\"https:\/\/samhallsentreprenor.glokala.net\/2019-2020\/grupper\/uppgift-7-strategier-for-finansiering-och-hallbar-ekonomi\/\" target=\"_blank\" rel=\"noreferrer noopener\" aria-label=\"forumet f\u00f6r uppgiften \u2192 (opens in a new tab)\">forumet f\u00f6r uppgiften \u2192<\/a><\/p>\n\n\n\n<hr class=\"wp-block-separator\"\/>\n\n\n\n<p>Den h\u00e4r veckan g\u00e5r vi in p\u00e5 det konkreta arbetet med inneh\u00e5llet i en kanal f\u00f6r sociala medier.<\/p>\n\n\n\n<p>Lisa Karinsdotter P\u00e5lsson f\u00f6rel\u00e4ser om olika verktyg och tips och trix f\u00f6r hur du ska n\u00e5 ut med dina inl\u00e4gg:<\/p>\n\n\n\n<iframe loading=\"lazy\" src=\"https:\/\/player.vimeo.com\/video\/258484583\" allowfullscreen=\"allowfullscreen\" width=\"640\" height=\"360\" frameborder=\"0\"><\/iframe>\n\n\n\n<div style=\"height:20px\" aria-hidden=\"true\" class=\"wp-block-spacer\"><\/div>\n\n\n\n<p>L\u00e4nk till f\u00f6rel\u00e4sningen i text, h\u00e4r hittar du \u00e4ven checklistor och exempel p\u00e5 hur olika inl\u00e4gg kan se ut \u2013 pdf:<\/p>\n\n\n\n<div class=\"wp-block-file\"><a href=\"https:\/\/samhallsentreprenor.glokala.net\/2018-2019\/wp-content\/uploads\/2019\/03\/2_FORELASNING_SOCIALA_MEDIER.pdf\" target=\"_blank\" rel=\"noreferrer noopener\">2_FORELASNING_SOCIALA_MEDIER<\/a><a href=\"https:\/\/samhallsentreprenor.glokala.net\/2018-2019\/wp-content\/uploads\/2019\/03\/2_FORELASNING_SOCIALA_MEDIER.pdf\" class=\"wp-block-file__button\" download>Ladda ner<\/a><\/div>\n\n\n\n<hr class=\"wp-block-separator\"\/>\n\n\n\n<h2 class=\"wp-block-heading\">Uppgift 8: Publiceringsplan<\/h2>\n\n\n\n<p>De senaste veckornas f\u00f6rel\u00e4sning ligger till grund f\u00f6r uppgift 8 \u201cPubliceringsplan\u201d. H\u00e4r f\u00e5r du tillf\u00e4lle att planera f\u00f6r inneh\u00e5llet i en sociala medier-kanal.<\/p>\n\n\n\n<p>Beskrivning f\u00f6r uppgiften finner du h\u00e4r \u2013 l\u00e4nk till pdf:<\/p>\n\n\n\n<div class=\"wp-block-file\"><a href=\"https:\/\/samhallsentreprenor.glokala.net\/2018-2019\/wp-content\/uploads\/2019\/03\/Uppgift_Publiceringsplan.pdf\" target=\"_blank\" rel=\"noreferrer noopener\">Uppgift_Publiceringsplan<\/a><a href=\"https:\/\/samhallsentreprenor.glokala.net\/2018-2019\/wp-content\/uploads\/2019\/03\/Uppgift_Publiceringsplan.pdf\" class=\"wp-block-file__button\" download>Ladda ner<\/a><\/div>\n\n\n\n<p><strong>Inl\u00e4mning:<\/strong> 23 mars, <a href=\"https:\/\/samhallsentreprenor.glokala.net\/2019-2020\/grupper\/uppgift-8-publiceringsplan\/\" target=\"_blank\" rel=\"noreferrer noopener\" aria-label=\"i forumet f\u00f6r uppgiften  (opens in a new tab)\">i forumet f\u00f6r uppgiften <\/a><a href=\"https:\/\/samhallsentreprenor.glokala.net\/2019-2020\/grupper\/uppgift-8-publiceringsplan\/\">https:\/\/samhallsentreprenor.glokala.net\/2019-2020\/grupper\/uppgift-8-publiceringsplan\/<\/a><\/p>\n\n\n\n<p><strong>Form:<\/strong> L\u00e4mna in uppgiften som textfil, excel eller pdf<\/p>\n\n\n\n<p><strong>Respons\/kommentarer:<\/strong> En indelning f\u00f6r kommentarer till varandra presenteras 24 mars<\/p>\n\n\n\n<p><a href=\"https:\/\/samhallsentreprenor.glokala.net\/2019-2020\/grupper\/cafeet-kursforum\/forum\/topic\/sociala-medier-reaktioner-reflektioner\/\" target=\"_blank\" rel=\"noreferrer noopener\" aria-label=\"Dela g\u00e4rna med dig av dina tankar och id\u00e9er i kursforumet under arbetets g\u00e5ng. (opens in a new tab)\">Dela g\u00e4rna med dig av dina tankar och id\u00e9er <strong>i kursforumet<\/strong> under arbetets g\u00e5ng.<\/a> Har du redan b\u00f6rjat bygga en plattform i sociala medier eller har en blogg\/hemsida \u2013 anv\u00e4nd dig av uppgiften f\u00f6r att utveckla ditt inneh\u00e5ll.<\/p>\n","protected":false},"excerpt":{"rendered":"<p>P\u00e5minnelse om uppgift 7, Strategier f\u00f6r finansiering &amp; h\u00e5llbar ekonomiTid f\u00f6r inl\u00e4mning 9 mars i forumet f\u00f6r uppgiften \u2192 Den h\u00e4r veckan g\u00e5r vi in p\u00e5 det konkreta arbetet med inneh\u00e5llet i en kanal f\u00f6r sociala medier. Lisa Karinsdotter P\u00e5lsson f\u00f6rel\u00e4ser om olika verktyg och tips och trix f\u00f6r hur du ska n\u00e5 ut med [&hellip;]<\/p>\n","protected":false},"author":1,"featured_media":0,"parent":1574,"menu_order":0,"comment_status":"open","ping_status":"closed","template":"","meta":{"_bbp_topic_count":0,"_bbp_reply_count":0,"_bbp_total_topic_count":0,"_bbp_total_reply_count":0,"_bbp_voice_count":0,"_bbp_anonymous_reply_count":0,"_bbp_topic_count_hidden":0,"_bbp_reply_count_hidden":0,"_bbp_forum_subforum_count":0,"jetpack_post_was_ever_published":false,"footnotes":""},"class_list":["post-2047","page","type-page","status-publish","hentry"],"jetpack_sharing_enabled":true,"_links":{"self":[{"href":"https:\/\/samhallsentreprenor.glokala.net\/2019-2020\/wp-json\/wp\/v2\/pages\/2047","targetHints":{"allow":["GET"]}}],"collection":[{"href":"https:\/\/samhallsentreprenor.glokala.net\/2019-2020\/wp-json\/wp\/v2\/pages"}],"about":[{"href":"https:\/\/samhallsentreprenor.glokala.net\/2019-2020\/wp-json\/wp\/v2\/types\/page"}],"author":[{"embeddable":true,"href":"https:\/\/samhallsentreprenor.glokala.net\/2019-2020\/wp-json\/wp\/v2\/users\/1"}],"replies":[{"embeddable":true,"href":"https:\/\/samhallsentreprenor.glokala.net\/2019-2020\/wp-json\/wp\/v2\/comments?post=2047"}],"version-history":[{"count":0,"href":"https:\/\/samhallsentreprenor.glokala.net\/2019-2020\/wp-json\/wp\/v2\/pages\/2047\/revisions"}],"up":[{"embeddable":true,"href":"https:\/\/samhallsentreprenor.glokala.net\/2019-2020\/wp-json\/wp\/v2\/pages\/1574"}],"wp:attachment":[{"href":"https:\/\/samhallsentreprenor.glokala.net\/2019-2020\/wp-json\/wp\/v2\/media?parent=2047"}],"curies":[{"name":"wp","href":"https:\/\/api.w.org\/{rel}","templated":true}]}}