{"id":2104,"date":"2020-03-13T11:48:34","date_gmt":"2020-03-13T10:48:34","guid":{"rendered":"https:\/\/samhallsentreprenor.glokala.net\/2019-2020\/?page_id=2104"},"modified":"2020-03-16T15:12:41","modified_gmt":"2020-03-16T14:12:41","slug":"v-12-tid-for-uppgift-8-inspiration","status":"publish","type":"page","link":"https:\/\/samhallsentreprenor.glokala.net\/2019-2020\/modul-3\/v-12-tid-for-uppgift-8-inspiration\/","title":{"rendered":"v 12 Tid f\u00f6r uppgift 8 + inspiration"},"content":{"rendered":"\n<p>Den h\u00e4r veckan finns det tid f\u00f6r att arbeta med <a rel=\"noreferrer noopener\" aria-label=\"uppgift 8: Publiceringsplan (opens in a new tab)\" href=\"https:\/\/samhallsentreprenor.glokala.net\/2019-2020\/modul-3\/v-11-sociala-medier-fordjupning-uppgift-8\/\" target=\"_blank\"><strong>uppgift 8: Publiceringsplan<\/strong><\/a><br><strong>Inl\u00e4mning<\/strong> 23 mars. <\/p>\n\n\n\n<hr class=\"wp-block-separator\"\/>\n\n\n\n<h2 class=\"wp-block-heading\">Aktuella perspektiv<\/h2>\n\n\n\n<p>Just nu \u00e4r insatserna f\u00f6r att d\u00e4mpa och hantera spridningen av Corona-viruset det som upptar mycket av fokus i hela samh\u00e4llet.<\/p>\n\n\n\n<p><strong>En reaktion \u00e4r att grannar har b\u00f6rjat hj\u00e4lpa varandra<\/strong> med att handla p\u00e5 m\u00e5nga h\u00e5ll, n\u00e5got som bland annat ETC skriver om: <a rel=\"noreferrer noopener\" aria-label=\"&quot;Grannar ger corona-hj\u00e4lp: 'Vill bryta isolering och r\u00e4dsla'&quot; (opens in a new tab)\" href=\"https:\/\/www.etc.se\/inrikes\/grannar-ger-corona-hjalp-vill-bryta-isolering-och-radsla\" target=\"_blank\">&#8221;Grannar ger corona-hj\u00e4lp: &#8217;Vill bryta isolering och r\u00e4dsla'&#8221;<\/a>.<br>Tv\u00e5 av facebook-grupperna f\u00f6r att organisera hj\u00e4lp:<br><a rel=\"noreferrer noopener\" aria-label=\"Corona - Hj\u00e4lp till med ink\u00f6p av livsmedel till riskgrupper! (opens in a new tab)\" href=\"https:\/\/www.facebook.com\/groups\/689025571839843\/\" target=\"_blank\">Corona &#8211; Hj\u00e4lp till med ink\u00f6p av livsmedel till riskgrupper!<\/a><br><a rel=\"noreferrer noopener\" aria-label=\"DinGranneH\u00e4r - Tillsammans F\u00f6r V\u00e5ra Grannar Och Riskgrupper (opens in a new tab)\" href=\"https:\/\/www.facebook.com\/groups\/220602435754057\/\" target=\"_blank\">DinGranneH\u00e4r &#8211; Tillsammans F\u00f6r V\u00e5ra Grannar Och Riskgrupper<\/a><\/p>\n\n\n\n<p><strong>Samtidigt lyfts tankar om hur den kraftfulla mobilisering som sker i samh\u00e4llet ocks\u00e5 kan inspirera till omst\u00e4llning som beh\u00f6vs f\u00f6r att hantera klimatkrisen.<\/strong> L\u00e4s till exempel <a href=\"https:\/\/www.dn.se\/debatt\/coronasmittan-bereder-vag-for-en-storre-omstallning\/\" target=\"_blank\" rel=\"noreferrer noopener\" aria-label=\"\u201dCoronasmittan bereder v\u00e4g f\u00f6r en st\u00f6rre omst\u00e4llning\u201d (DN Debatt 14 mars) (opens in a new tab)\">\u201dCoronasmittan bereder v\u00e4g f\u00f6r en st\u00f6rre omst\u00e4llning\u201d (DN Debatt 14 mars)<\/a>, text av Gunilla Almered Olsson, professor i humanekologi:<br><\/p>\n\n\n\n<blockquote class=\"wp-block-quote is-layout-flow wp-block-quote-is-layout-flow\"><p>&#8221;Det nya coronaviruset lyckas med det som tusentals forskare och debatt\u00f6rer misslyckats med \u2013 en snabb f\u00f6r\u00e4ndring av resande och konsumtionsvanor f\u00f6r att skydda v\u00e4lf\u00e4rdssamh\u00e4llet.<\/p><p>Detta visar p\u00e5 m\u00f6jligheten till andra stora reformer med syfte att r\u00e4dda klimatet.&#8221;<\/p><p><a href=\"https:\/\/www.dn.se\/debatt\/coronasmittan-bereder-vag-for-en-storre-omstallning\/\" target=\"_blank\" rel=\"noreferrer noopener\" aria-label=\"\u201dCoronasmittan bereder v\u00e4g f\u00f6r en st\u00f6rre omst\u00e4llning\u201d (DN Debatt) (opens in a new tab)\"><em>\u201dCoronasmittan bereder v\u00e4g f\u00f6r en st\u00f6rre omst\u00e4llning\u201d (DN Debatt)<\/em><\/a><\/p><\/blockquote>\n\n\n\n<hr class=\"wp-block-separator\"\/>\n\n\n\n<h2 class=\"wp-block-heading\">Inspiration: Intervju med Matkooperativet Helsingborg &#8211; crowdfunding<\/h2>\n\n\n\n<figure class=\"wp-block-image\"><img decoding=\"async\" src=\"https:\/\/samhallsentreprenor.glokala.net\/2018-2019\/wp-content\/uploads\/2019\/03\/IMG_20190311_134216-1024x768.jpg\" alt=\"Matkooperativet Helsingborg\" class=\"wp-image-1214\"\/><\/figure>\n\n\n\n<p><strong><a href=\"https:\/\/matkooperativet.se\/\" target=\"_blank\" rel=\"noreferrer noopener\" aria-label=\"Matkooperativet (opens in a new tab)\">Matkooperativet<\/a><\/strong> \u00e4r en ideellt driven butik som sedan tre \u00e5r finns i centrala Helsingborg. Hur har de anv\u00e4nt crowdfunding i uppstarten och utvecklingen av butiken? Se en intervju (v\u00e5ren 2019) med Ann-Sofie Malmgren fr\u00e5n kooperativet, med fokus p\u00e5 tv\u00e5 Kickstarter-kampanjer de har genomf\u00f6rt med stor framg\u00e5ng:<\/p>\n\n\n\n<p><a href=\"https:\/\/vimeo.com\/324941162\" target=\"_blank\" rel=\"noreferrer noopener\" aria-label=\"Video: (opens in a new tab)\">Video:<\/a><\/p>\n\n\n\n<figure class=\"wp-block-embed-vimeo wp-block-embed is-type-video is-provider-vimeo wp-embed-aspect-16-9 wp-has-aspect-ratio\"><div class=\"wp-block-embed__wrapper\">\n<iframe loading=\"lazy\" title=\"Intervju med Matkooperativet: Crowdfunding\" src=\"https:\/\/player.vimeo.com\/video\/324941162?dnt=1&amp;app_id=122963\" width=\"500\" height=\"281\" frameborder=\"0\" allow=\"autoplay; fullscreen; picture-in-picture; clipboard-write\"><\/iframe>\n<\/div><\/figure>\n\n\n\n<h3 class=\"wp-block-heading\">L\u00e4s mer om deras kampanjer p\u00e5 Kickstarter<\/h3>\n\n\n\n<p>F\u00f6rsta Kickstarter-kampanjen, v\u00e5ren 2017: <a href=\"https:\/\/www.kickstarter.com\/projects\/574401734\/matkooperativet-helsingborg\">https:\/\/www.kickstarter.com\/projects\/574401734\/matkooperativet-helsingborg<\/a><\/p>\n\n\n\n<p>Andra kampanjen v\u00e5ren 2018, &#8221;F\u00f6rpackningsfritt Helsingborg&#8221;: <a href=\"https:\/\/www.kickstarter.com\/projects\/574401734\/forpackningsfritt-helsingborg\">https:\/\/www.kickstarter.com\/projects\/574401734\/forpackningsfritt-helsingborg<\/a><\/p>\n\n\n\n<figure class=\"wp-block-embed-kickstarter wp-block-embed is-type-rich is-provider-kickstarter wp-embed-aspect-16-9 wp-has-aspect-ratio\"><div class=\"wp-block-embed__wrapper\">\nhttps:\/\/www.kickstarter.com\/projects\/574401734\/forpackningsfritt-helsingborg\n<\/div><figcaption><em>Kampanjvideon f\u00f6r F\u00f6rpackningsfritt Helsingborg, v\u00e5ren 2018<\/em><\/figcaption><\/figure>\n\n\n\n<p>L\u00e4s mer om Matkooperativet p\u00e5 <a rel=\"noreferrer noopener\" aria-label=\"matkooperativet.se (opens in a new tab)\" href=\"http:\/\/matkooperativet.se\" target=\"_blank\">matkooperativet.se<\/a>, <a rel=\"noreferrer noopener\" aria-label=\"instagram.com\/matkooperativet (opens in a new tab)\" href=\"https:\/\/www.instagram.com\/matkooperativet\/\" target=\"_blank\">instagram.com\/matkooperativet<\/a> och <a href=\"https:\/\/www.facebook.com\/matkooperativet\/\" target=\"_blank\" rel=\"noreferrer noopener\" aria-label=\"facebook.com\/matkooperativet (opens in a new tab)\">facebook.com\/matkooperativet<\/a><br><\/p>\n","protected":false},"excerpt":{"rendered":"<p>Den h\u00e4r veckan finns det tid f\u00f6r att arbeta med uppgift 8: PubliceringsplanInl\u00e4mning 23 mars. Aktuella perspektiv Just nu \u00e4r insatserna f\u00f6r att d\u00e4mpa och hantera spridningen av Corona-viruset det som upptar mycket av fokus i hela samh\u00e4llet. En reaktion \u00e4r att grannar har b\u00f6rjat hj\u00e4lpa varandra med att handla p\u00e5 m\u00e5nga h\u00e5ll, n\u00e5got som [&hellip;]<\/p>\n","protected":false},"author":1,"featured_media":0,"parent":1574,"menu_order":0,"comment_status":"open","ping_status":"closed","template":"","meta":{"_bbp_topic_count":0,"_bbp_reply_count":0,"_bbp_total_topic_count":0,"_bbp_total_reply_count":0,"_bbp_voice_count":0,"_bbp_anonymous_reply_count":0,"_bbp_topic_count_hidden":0,"_bbp_reply_count_hidden":0,"_bbp_forum_subforum_count":0,"jetpack_post_was_ever_published":false,"footnotes":""},"class_list":["post-2104","page","type-page","status-publish","hentry"],"jetpack_sharing_enabled":true,"_links":{"self":[{"href":"https:\/\/samhallsentreprenor.glokala.net\/2019-2020\/wp-json\/wp\/v2\/pages\/2104","targetHints":{"allow":["GET"]}}],"collection":[{"href":"https:\/\/samhallsentreprenor.glokala.net\/2019-2020\/wp-json\/wp\/v2\/pages"}],"about":[{"href":"https:\/\/samhallsentreprenor.glokala.net\/2019-2020\/wp-json\/wp\/v2\/types\/page"}],"author":[{"embeddable":true,"href":"https:\/\/samhallsentreprenor.glokala.net\/2019-2020\/wp-json\/wp\/v2\/users\/1"}],"replies":[{"embeddable":true,"href":"https:\/\/samhallsentreprenor.glokala.net\/2019-2020\/wp-json\/wp\/v2\/comments?post=2104"}],"version-history":[{"count":0,"href":"https:\/\/samhallsentreprenor.glokala.net\/2019-2020\/wp-json\/wp\/v2\/pages\/2104\/revisions"}],"up":[{"embeddable":true,"href":"https:\/\/samhallsentreprenor.glokala.net\/2019-2020\/wp-json\/wp\/v2\/pages\/1574"}],"wp:attachment":[{"href":"https:\/\/samhallsentreprenor.glokala.net\/2019-2020\/wp-json\/wp\/v2\/media?parent=2104"}],"curies":[{"name":"wp","href":"https:\/\/api.w.org\/{rel}","templated":true}]}}