{"id":2109,"date":"2020-03-23T10:40:12","date_gmt":"2020-03-23T09:40:12","guid":{"rendered":"https:\/\/samhallsentreprenor.glokala.net\/2019-2020\/?page_id=2109"},"modified":"2020-03-23T10:40:12","modified_gmt":"2020-03-23T09:40:12","slug":"v-13-intro-modul-4","status":"publish","type":"page","link":"https:\/\/samhallsentreprenor.glokala.net\/2019-2020\/modul-4\/v-13-intro-modul-4\/","title":{"rendered":"v 13 Intro \u2013 modul 4"},"content":{"rendered":"\n<p><strong>P\u00e5minnelse om <a href=\"https:\/\/samhallsentreprenor.glokala.net\/2019-2020\/modul-3\/v-11-sociala-medier-fordjupning-uppgift-8\/\">uppgift 8, Publiceringsplan<\/a><\/strong><br>Tid f\u00f6r inl\u00e4mning 23 mars i <a rel=\"noreferrer noopener\" aria-label=\"forumet f\u00f6r uppgiften \u2192 (opens in a new tab)\" href=\"https:\/\/samhallsentreprenor.glokala.net\/2019-2020\/grupper\/uppgift-8-publiceringsplan\/\" target=\"_blank\">forumet f\u00f6r uppgiften \u2192<\/a><br>En struktur f\u00f6r respons till varandra presenteras 24 mars.<\/p>\n\n\n\n<hr class=\"wp-block-separator\"\/>\n\n\n\n<h3 class=\"wp-block-heading\">V\u00e4lkommen till modul 4!<\/h3>\n\n\n\n<p><strong>Planering \u2013 \u00f6versikt:<\/strong> <a href=\"https:\/\/samhallsentreprenor.glokala.net\/2019-2020\/modul-4\/\" target=\"_blank\" rel=\"noreferrer noopener\" aria-label=\"Planeringen f\u00f6r modulen finns h\u00e4r tillsammans med tips p\u00e5 online-evenemang \u2192 (opens in a new tab)\">Planeringen f\u00f6r modulen finns h\u00e4r tillsammans med tips p\u00e5 online-evenemang \u2192<\/a><\/p>\n\n\n\n<p><strong><a href=\"https:\/\/vimeo.com\/399826026\/b55e9b60e4\" target=\"_blank\" rel=\"noreferrer noopener\" aria-label=\"Introduktion till modulen (opens in a new tab)\">Introduktion till modulen<\/a><\/strong> och veckans material:<\/p>\n\n\n\n<figure class=\"wp-block-embed-vimeo wp-block-embed is-type-video is-provider-vimeo wp-embed-aspect-18-9 wp-has-aspect-ratio\"><div class=\"wp-block-embed__wrapper\">\n<iframe loading=\"lazy\" title=\"Intro till modul 4\" src=\"https:\/\/player.vimeo.com\/video\/399826026?h=b55e9b60e4&amp;dnt=1&amp;app_id=122963\" width=\"500\" height=\"216\" frameborder=\"0\" allow=\"autoplay; fullscreen; picture-in-picture; clipboard-write\"><\/iframe>\n<\/div><\/figure>\n\n\n\n<h3 class=\"wp-block-heading\">Podcast: <a href=\"http:\/\/genier.org\/Farnaz_Arbabi.html\" target=\"_blank\" rel=\"noreferrer noopener\">Genier<\/a><\/h3>\n\n\n\n<p>Timsl\u00e5nga intervjuer med sp\u00e4nnande profiler \u2013 mycket resonemang om kreativa processer och arbetsmetoder!<\/p>\n\n\n\n<figure class=\"wp-block-image size-large\"><a href=\"http:\/\/genier.org\/Farnaz_Arbabi.html\" target=\"_blank\" rel=\"noreferrer noopener\"><img loading=\"lazy\" decoding=\"async\" width=\"1024\" height=\"535\" data-attachment-id=\"2143\" data-permalink=\"https:\/\/samhallsentreprenor.glokala.net\/2019-2020\/modul-4\/v-13-intro-modul-4\/attachment\/genier_screen\/\" data-orig-file=\"https:\/\/samhallsentreprenor.glokala.net\/2019-2020\/wp-content\/uploads\/2020\/03\/genier_screen.png\" data-orig-size=\"1235,645\" data-comments-opened=\"1\" data-image-meta=\"{&quot;aperture&quot;:&quot;0&quot;,&quot;credit&quot;:&quot;&quot;,&quot;camera&quot;:&quot;&quot;,&quot;caption&quot;:&quot;&quot;,&quot;created_timestamp&quot;:&quot;0&quot;,&quot;copyright&quot;:&quot;&quot;,&quot;focal_length&quot;:&quot;0&quot;,&quot;iso&quot;:&quot;0&quot;,&quot;shutter_speed&quot;:&quot;0&quot;,&quot;title&quot;:&quot;&quot;,&quot;orientation&quot;:&quot;0&quot;}\" data-image-title=\"genier_screen\" data-image-description=\"\" data-image-caption=\"\" data-medium-file=\"https:\/\/samhallsentreprenor.glokala.net\/2019-2020\/wp-content\/uploads\/2020\/03\/genier_screen-500x261.png\" data-large-file=\"https:\/\/samhallsentreprenor.glokala.net\/2019-2020\/wp-content\/uploads\/2020\/03\/genier_screen-1024x535.png\" src=\"https:\/\/samhallsentreprenor.glokala.net\/2019-2020\/wp-content\/uploads\/2020\/03\/genier_screen-1024x535.png\" alt=\"\" class=\"wp-image-2143\" srcset=\"https:\/\/samhallsentreprenor.glokala.net\/2019-2020\/wp-content\/uploads\/2020\/03\/genier_screen-1024x535.png 1024w, https:\/\/samhallsentreprenor.glokala.net\/2019-2020\/wp-content\/uploads\/2020\/03\/genier_screen-500x261.png 500w, https:\/\/samhallsentreprenor.glokala.net\/2019-2020\/wp-content\/uploads\/2020\/03\/genier_screen-768x401.png 768w, https:\/\/samhallsentreprenor.glokala.net\/2019-2020\/wp-content\/uploads\/2020\/03\/genier_screen-624x326.png 624w, https:\/\/samhallsentreprenor.glokala.net\/2019-2020\/wp-content\/uploads\/2020\/03\/genier_screen.png 1235w\" sizes=\"auto, (max-width: 1024px) 100vw, 1024px\" \/><\/a><\/figure>\n","protected":false},"excerpt":{"rendered":"<p>P\u00e5minnelse om uppgift 8, PubliceringsplanTid f\u00f6r inl\u00e4mning 23 mars i forumet f\u00f6r uppgiften \u2192En struktur f\u00f6r respons till varandra presenteras 24 mars. V\u00e4lkommen till modul 4! Planering \u2013 \u00f6versikt: Planeringen f\u00f6r modulen finns h\u00e4r tillsammans med tips p\u00e5 online-evenemang \u2192 Introduktion till modulen och veckans material: Podcast: Genier Timsl\u00e5nga intervjuer med sp\u00e4nnande profiler \u2013 mycket [&hellip;]<\/p>\n","protected":false},"author":1,"featured_media":0,"parent":2117,"menu_order":0,"comment_status":"open","ping_status":"closed","template":"","meta":{"_bbp_topic_count":0,"_bbp_reply_count":0,"_bbp_total_topic_count":0,"_bbp_total_reply_count":0,"_bbp_voice_count":0,"_bbp_anonymous_reply_count":0,"_bbp_topic_count_hidden":0,"_bbp_reply_count_hidden":0,"_bbp_forum_subforum_count":0,"jetpack_post_was_ever_published":false,"footnotes":""},"class_list":["post-2109","page","type-page","status-publish","hentry"],"jetpack_sharing_enabled":true,"_links":{"self":[{"href":"https:\/\/samhallsentreprenor.glokala.net\/2019-2020\/wp-json\/wp\/v2\/pages\/2109","targetHints":{"allow":["GET"]}}],"collection":[{"href":"https:\/\/samhallsentreprenor.glokala.net\/2019-2020\/wp-json\/wp\/v2\/pages"}],"about":[{"href":"https:\/\/samhallsentreprenor.glokala.net\/2019-2020\/wp-json\/wp\/v2\/types\/page"}],"author":[{"embeddable":true,"href":"https:\/\/samhallsentreprenor.glokala.net\/2019-2020\/wp-json\/wp\/v2\/users\/1"}],"replies":[{"embeddable":true,"href":"https:\/\/samhallsentreprenor.glokala.net\/2019-2020\/wp-json\/wp\/v2\/comments?post=2109"}],"version-history":[{"count":0,"href":"https:\/\/samhallsentreprenor.glokala.net\/2019-2020\/wp-json\/wp\/v2\/pages\/2109\/revisions"}],"up":[{"embeddable":true,"href":"https:\/\/samhallsentreprenor.glokala.net\/2019-2020\/wp-json\/wp\/v2\/pages\/2117"}],"wp:attachment":[{"href":"https:\/\/samhallsentreprenor.glokala.net\/2019-2020\/wp-json\/wp\/v2\/media?parent=2109"}],"curies":[{"name":"wp","href":"https:\/\/api.w.org\/{rel}","templated":true}]}}