{"id":2117,"date":"2020-03-20T12:59:59","date_gmt":"2020-03-20T11:59:59","guid":{"rendered":"https:\/\/samhallsentreprenor.glokala.net\/2019-2020\/?page_id=2117"},"modified":"2020-06-01T09:18:41","modified_gmt":"2020-06-01T07:18:41","slug":"modul-4","status":"publish","type":"page","link":"https:\/\/samhallsentreprenor.glokala.net\/2019-2020\/modul-4\/","title":{"rendered":"Modul 4"},"content":{"rendered":"\n<p><strong>Tidsperiod modul 4:<\/strong> 23 mars \u2013 5 juni<\/p>\n\n\n\n<h2 class=\"wp-block-heading\">Inneh\u00e5ll under modulen:<\/h2>\n\n\n\n<p><strong>Metoder f\u00f6r m\u00f6ten och processer<\/strong><br>En  viktig del i samh\u00e4llsentrepren\u00f6rskap handlar om olika typer av m\u00f6ten  och processer. Beroende p\u00e5 vad det \u00e4r som ska ske, vilka som \u00e4r  involverade och andra f\u00f6ruts\u00e4ttningar kan det finnas olika s\u00e4tt att  arbeta. Vilka nya m\u00f6jligheter skapas genom anv\u00e4ndande av ny teknik?  Vilka fallgropar finns det? Inom detta tema presenterar vi tips och  exempel.<\/p>\n\n\n\n<p><strong>Verksamhetsplaner, aff\u00e4rsplaner och utv\u00e4rdering<\/strong><br>Vi  tittar p\u00e5 vad olika typer av planer kan inneh\u00e5lla, och hur man kan  skriva dem f\u00f6r att p\u00e5 b\u00e4sta s\u00e4tt f\u00f6rmedla sin vision. Du arbetar sj\u00e4lv  med att ta fram en projekt-, verksamhets- eller aff\u00e4rsplan.<br>Att  utv\u00e4rdera \u00e4r inte bara viktigt f\u00f6r att kunna dra erfarenheter av en  verksamhet, det \u00e4r ocks\u00e5 m\u00e5nga g\u00e5nger ett krav idag fr\u00e5n olika  anslagsgivare. Vi ser p\u00e5 olika metoder, m\u00f6jligheter och utmaningar f\u00f6r  att g\u00f6ra s\u00e5dana utv\u00e4rderingar s\u00e5 anv\u00e4ndbara som m\u00f6jligt.<\/p>\n\n\n\n<h4 class=\"wp-block-heading\">Studiematerial<\/h4>\n\n\n\n<p>H\u00e4r hittar du det studiematerial i text som vi planerar att anv\u00e4nda. L\u00e4sanvisningar ges respektive vecka.<br><a href=\"https:\/\/samhallsentreprenor.glokala.net\/2019-2020\/modul-4\/studiematerial-modul-4\/\" target=\"_blank\" rel=\"noreferrer noopener\" aria-label=\"Studiematerial \u2013 modul 4 \u2192 (opens in a new tab)\">Studiematerial \u2013 modul 4 \u2192<\/a><\/p>\n\n\n\n<h4 class=\"wp-block-heading\">Modulens veckoteman<\/h4>\n\n\n\n<p><strong>Veckoteman mars\/april<\/strong><\/p>\n\n\n\n<p><a href=\"https:\/\/samhallsentreprenor.glokala.net\/2019-2020\/modul-4\/v-13-intro-modul-4\/\">v 13: Introduktion till modul 4 &amp; inspiration<\/a><br><a href=\"https:\/\/samhallsentreprenor.glokala.net\/2019-2020\/modul-4\/v-14-perspektiv-pa-verksamhetsplaner-affarsplaner\/\">v 14: Perspektiv p\u00e5 verksamhetsplaner och aff\u00e4rsplaner<\/a>.<br>Uppgift 9 \u201cProjekt-\/verksamhets-\/aff\u00e4rsplan\u201d (inl\u00e4mning 4 maj) och uppgift 10 \u201cReflektion kring projektledning\u201d (inl\u00e4mning 25 maj) presenteras.<br><a href=\"https:\/\/samhallsentreprenor.glokala.net\/2019-2020\/modul-4\/v-15-motesmetoder-rollen-som-underlattare\/\">v 15: M\u00f6tesmetoder och rollen som underl\u00e4ttare<\/a><br><a href=\"https:\/\/samhallsentreprenor.glokala.net\/2019-2020\/modul-4\/v-16-digitala-verktyg-for-samarbete\/\">v 16: Digitala verktyg f\u00f6r samarbete<\/a><br><a rel=\"noreferrer noopener\" href=\"https:\/\/samhallsentreprenor.glokala.net\/2019-2020\/modul-4\/v-17-utvardering\/\" target=\"_blank\">v 17: Utv\u00e4rdering<\/a><br><a href=\"https:\/\/samhallsentreprenor.glokala.net\/2019-2020\/modul-4\/v-18-utvardering-fordjupning-aktuell-inspiration\/\">v 18: Utv\u00e4rdering \u2013 f\u00f6rdjupning &amp; inspiration<\/a><\/p>\n\n\n\n<p><strong>Veckoteman maj\/juni<\/strong><\/p>\n\n\n\n<p>v 19: Tid f\u00f6r respons till uppgift 9  + <a href=\"https:\/\/samhallsentreprenor.glokala.net\/2019-2020\/modul-4\/kurstraff-online-6-7-maj\/\">kurstr\u00e4ff online 6-7 maj<\/a><br><a href=\"https:\/\/samhallsentreprenor.glokala.net\/2019-2020\/modul-4\/v-20-tid-for-uppgift-10-tips\/\">v 20: Tid f\u00f6r arbete med uppgift 10<\/a><br><a href=\"https:\/\/samhallsentreprenor.glokala.net\/2019-2020\/modul-4\/v-21-aktuella-perspektiv\/\">v 21: Aktuella perspektiv<\/a><br><a href=\"https:\/\/samhallsentreprenor.glokala.net\/2019-2020\/modul-4\/v22-kursutvardering\/\">v 22: Inl\u00e4mning, uppgift 10 + kursutv\u00e4rdering<\/a><br><a href=\"https:\/\/samhallsentreprenor.glokala.net\/2019-2020\/modul-4\/v-23-framtidsperspektiv-kursens-avslutning\/\">v 23: Inspiration och kursens avslutning<\/a><\/p>\n\n\n\n<h4 class=\"wp-block-heading\">Uppgifter<\/h4>\n\n\n\n<p>Under modul 4 genomf\u00f6r du uppgift 9 och 10.<\/p>\n\n\n\n<p><em><strong>Uppsamlingsdatum<\/strong> f\u00f6r uppgifterna under Modul 4 och tidigare uppgifter under kursen: 24 augusti.<\/em><br><em>Det g\u00e5r ocks\u00e5 bra att komplettera tidigare under sommarperioden!<\/em><\/p>\n\n\n\n<hr class=\"wp-block-separator is-style-dots\"\/>\n\n\n\n<h4 class=\"wp-block-heading\"><strong>Vi vill ocks\u00e5 passa p\u00e5 att lyfta fram sp\u00e4nnande online-evenemang den n\u00e4rmaste tiden:<\/strong><\/h4>\n\n\n\n<p>Samtidigt som spridningen av Corono-viruset g\u00f6r att i princip alla p\u00e5-plats-evenemang just nu \u00e4r inst\u00e4llda finns det m\u00e5nga m\u00f6jligheter att delta i webbinarier och andra online-arrangemang.<\/p>\n\n\n\n<p style=\"background-color:#b4dfe5\" class=\"has-background\"><strong>25 mars: <a rel=\"noreferrer noopener\" aria-label=\"Att m\u00f6tas och arbeta tillsammans utan att tr\u00e4ffas. En m\u00f6tesverkstad online (opens in a new tab)\" href=\"https:\/\/www.eventbrite.com\/e\/att-motas-och-arbeta-tillsammans-utan-att-traffas-en-motesverkstad-online-registrering-99999443026\" target=\"_blank\">Att m\u00f6tas och arbeta tillsammans utan att tr\u00e4ffas. En m\u00f6tesverkstad online<\/a><\/strong><br>En m\u00f6tesverkstad online om m\u00f6jligheterna att skapa bra m\u00f6ten p\u00e5 distans. 25 mars kl 11-13.<\/p>\n\n\n\n<div class=\"wp-block-media-text alignwide has-background is-stacked-on-mobile is-image-fill\" style=\"background-color:#f4976c\"><figure class=\"wp-block-media-text__media\" style=\"background-image:url(https:\/\/samhallsentreprenor.glokala.net\/2019-2020\/wp-content\/uploads\/2020\/03\/89821248_2530837777127938_847590436993236992_n.jpg);background-position:50% 50%\"><img loading=\"lazy\" decoding=\"async\" width=\"828\" height=\"465\" data-attachment-id=\"2128\" data-permalink=\"https:\/\/samhallsentreprenor.glokala.net\/2019-2020\/modul-4\/attachment\/89821248_2530837777127938_847590436993236992_n\/\" data-orig-file=\"https:\/\/samhallsentreprenor.glokala.net\/2019-2020\/wp-content\/uploads\/2020\/03\/89821248_2530837777127938_847590436993236992_n.jpg\" data-orig-size=\"828,465\" data-comments-opened=\"1\" data-image-meta=\"{&quot;aperture&quot;:&quot;0&quot;,&quot;credit&quot;:&quot;&quot;,&quot;camera&quot;:&quot;&quot;,&quot;caption&quot;:&quot;&quot;,&quot;created_timestamp&quot;:&quot;0&quot;,&quot;copyright&quot;:&quot;&quot;,&quot;focal_length&quot;:&quot;0&quot;,&quot;iso&quot;:&quot;0&quot;,&quot;shutter_speed&quot;:&quot;0&quot;,&quot;title&quot;:&quot;&quot;,&quot;orientation&quot;:&quot;0&quot;}\" data-image-title=\"89821248_2530837777127938_847590436993236992_n\" data-image-description=\"\" data-image-caption=\"\" data-large-file=\"https:\/\/samhallsentreprenor.glokala.net\/2019-2020\/wp-content\/uploads\/2020\/03\/89821248_2530837777127938_847590436993236992_n.jpg\" src=\"https:\/\/samhallsentreprenor.glokala.net\/2019-2020\/wp-content\/uploads\/2020\/03\/89821248_2530837777127938_847590436993236992_n.jpg\" alt=\"\" class=\"wp-image-2128\" srcset=\"https:\/\/samhallsentreprenor.glokala.net\/2019-2020\/wp-content\/uploads\/2020\/03\/89821248_2530837777127938_847590436993236992_n.jpg 828w, https:\/\/samhallsentreprenor.glokala.net\/2019-2020\/wp-content\/uploads\/2020\/03\/89821248_2530837777127938_847590436993236992_n-500x281.jpg 500w, https:\/\/samhallsentreprenor.glokala.net\/2019-2020\/wp-content\/uploads\/2020\/03\/89821248_2530837777127938_847590436993236992_n-768x431.jpg 768w, https:\/\/samhallsentreprenor.glokala.net\/2019-2020\/wp-content\/uploads\/2020\/03\/89821248_2530837777127938_847590436993236992_n-624x350.jpg 624w, https:\/\/samhallsentreprenor.glokala.net\/2019-2020\/wp-content\/uploads\/2020\/03\/89821248_2530837777127938_847590436993236992_n-128x72.jpg 128w\" sizes=\"auto, (max-width: 828px) 100vw, 828px\" \/><\/figure><div class=\"wp-block-media-text__content\">\n<p class=\"has-small-font-size\"> <strong>2 april: <a rel=\"noreferrer noopener\" href=\"https:\/\/www.facebook.com\/events\/233849974673983\/\" target=\"_blank\">Efter krisen: St\u00e4lla om ist\u00e4llet f\u00f6r tillbaka<\/a><\/strong><br>&#8221;V\u00e4lkomna till ett webbinarium d\u00e4r vi samlas f\u00f6r att diskutera kriserna och dess l\u00f6sningar.&#8221; Medverkar, bl.a.: <br>&#8211; Rob Hopkins (Transition Network) <br>&#8211; Ylva Lundkvist Fridh (Mikrofonden &amp; Hela Sverige ska leva) <br>&#8211; David Bennett (Omst\u00e4llningsn\u00e4tverket)  <br>&#8211; Pella Thiel (ekolog, Omst\u00e4llningsn\u00e4tverket)<\/p>\n<\/div><\/div>\n\n\n\n<div style=\"height:30px\" aria-hidden=\"true\" class=\"wp-block-spacer\"><\/div>\n\n\n\n<p style=\"background-color:#b4dfe5\" class=\"has-background\"><strong>20-25 april: <a href=\"https:\/\/www.hallbarhet.lu.se\/hallbarhetsveckan-2020\" target=\"_blank\" rel=\"noreferrer noopener\" aria-label=\"H\u00e5llbarhetsveckan i Lund 2020 (opens in a new tab)\">H\u00e5llbarhetsveckan i Lund 2020<\/a><\/strong><br>En rad arrangemang kommer genomf\u00f6ras digitalt, se deras program n\u00e4r det n\u00e4rmar sig!<\/p>\n\n\n\n<div class=\"wp-block-media-text alignwide has-media-on-the-right has-background is-stacked-on-mobile\" style=\"background-color:#f4976c\"><figure class=\"wp-block-media-text__media\"><img loading=\"lazy\" decoding=\"async\" width=\"600\" height=\"230\" data-attachment-id=\"2293\" data-permalink=\"https:\/\/samhallsentreprenor.glokala.net\/2019-2020\/modul-4\/attachment\/3bf4fd98-startinggood-2020-logo-600_000000000000000000001\/\" data-orig-file=\"https:\/\/samhallsentreprenor.glokala.net\/2019-2020\/wp-content\/uploads\/2020\/04\/3bf4fd98-startinggood-2020-logo-600_000000000000000000001.png\" data-orig-size=\"600,230\" data-comments-opened=\"1\" data-image-meta=\"{&quot;aperture&quot;:&quot;0&quot;,&quot;credit&quot;:&quot;&quot;,&quot;camera&quot;:&quot;&quot;,&quot;caption&quot;:&quot;&quot;,&quot;created_timestamp&quot;:&quot;0&quot;,&quot;copyright&quot;:&quot;&quot;,&quot;focal_length&quot;:&quot;0&quot;,&quot;iso&quot;:&quot;0&quot;,&quot;shutter_speed&quot;:&quot;0&quot;,&quot;title&quot;:&quot;&quot;,&quot;orientation&quot;:&quot;0&quot;}\" data-image-title=\"3bf4fd98-startinggood-2020-logo-600_000000000000000000001\" data-image-description=\"\" data-image-caption=\"\" data-large-file=\"https:\/\/samhallsentreprenor.glokala.net\/2019-2020\/wp-content\/uploads\/2020\/04\/3bf4fd98-startinggood-2020-logo-600_000000000000000000001.png\" src=\"https:\/\/samhallsentreprenor.glokala.net\/2019-2020\/wp-content\/uploads\/2020\/04\/3bf4fd98-startinggood-2020-logo-600_000000000000000000001.png\" alt=\"\" class=\"wp-image-2293\" srcset=\"https:\/\/samhallsentreprenor.glokala.net\/2019-2020\/wp-content\/uploads\/2020\/04\/3bf4fd98-startinggood-2020-logo-600_000000000000000000001.png 600w, https:\/\/samhallsentreprenor.glokala.net\/2019-2020\/wp-content\/uploads\/2020\/04\/3bf4fd98-startinggood-2020-logo-600_000000000000000000001-500x192.png 500w\" sizes=\"auto, (max-width: 600px) 100vw, 600px\" \/><\/figure><div class=\"wp-block-media-text__content\">\n<p class=\"has-small-font-size\"> <strong>11-20 maj: <a rel=\"noreferrer noopener\" href=\"https:\/\/www.starting.gd\/\" target=\"_blank\">#StartingGood Virtual Summit<\/a><\/strong><br>Under  en dryg vecka i maj bjuder StartSomeGood in till onlinekonferens med fokus p\u00e5 hur samh\u00e4llsentrepren\u00f6rer kan skapa positiv f\u00f6r\u00e4ndring. Gratis att delta!<br>&#8221;Over ten days in May we bring together 20+ world-renowned social entrepreneurs, changemakers, and innovation leaders \/&#8230;\/&#8221; <\/p>\n<\/div><\/div>\n\n\n\n<div style=\"height:30px\" aria-hidden=\"true\" class=\"wp-block-spacer\"><\/div>\n\n\n\n<p style=\"background-color:#b4dfe5\" class=\"has-background\"><strong>5 maj: <a href=\"https:\/\/lokalekonomi.helasverige.se\/webbinarier\/\" target=\"_blank\" rel=\"noreferrer noopener\" aria-label=\"Lokala naturresurser \u2013 men vart hamnar pengarna? (opens in a new tab)\">Lokala naturresurser \u2013 men vart hamnar pengarna?<\/a><\/strong><br>Webbinarium med Lokalekonomidagarna.<\/p>\n","protected":false},"excerpt":{"rendered":"<p>Tidsperiod modul 4: 23 mars \u2013 5 juni Inneh\u00e5ll under modulen: Metoder f\u00f6r m\u00f6ten och processerEn viktig del i samh\u00e4llsentrepren\u00f6rskap handlar om olika typer av m\u00f6ten och processer. Beroende p\u00e5 vad det \u00e4r som ska ske, vilka som \u00e4r involverade och andra f\u00f6ruts\u00e4ttningar kan det finnas olika s\u00e4tt att arbeta. Vilka nya m\u00f6jligheter skapas genom [&hellip;]<\/p>\n","protected":false},"author":1,"featured_media":0,"parent":0,"menu_order":0,"comment_status":"open","ping_status":"closed","template":"","meta":{"_bbp_topic_count":0,"_bbp_reply_count":0,"_bbp_total_topic_count":0,"_bbp_total_reply_count":0,"_bbp_voice_count":0,"_bbp_anonymous_reply_count":0,"_bbp_topic_count_hidden":0,"_bbp_reply_count_hidden":0,"_bbp_forum_subforum_count":0,"jetpack_post_was_ever_published":false,"footnotes":""},"class_list":["post-2117","page","type-page","status-publish","hentry"],"jetpack_sharing_enabled":true,"_links":{"self":[{"href":"https:\/\/samhallsentreprenor.glokala.net\/2019-2020\/wp-json\/wp\/v2\/pages\/2117","targetHints":{"allow":["GET"]}}],"collection":[{"href":"https:\/\/samhallsentreprenor.glokala.net\/2019-2020\/wp-json\/wp\/v2\/pages"}],"about":[{"href":"https:\/\/samhallsentreprenor.glokala.net\/2019-2020\/wp-json\/wp\/v2\/types\/page"}],"author":[{"embeddable":true,"href":"https:\/\/samhallsentreprenor.glokala.net\/2019-2020\/wp-json\/wp\/v2\/users\/1"}],"replies":[{"embeddable":true,"href":"https:\/\/samhallsentreprenor.glokala.net\/2019-2020\/wp-json\/wp\/v2\/comments?post=2117"}],"version-history":[{"count":0,"href":"https:\/\/samhallsentreprenor.glokala.net\/2019-2020\/wp-json\/wp\/v2\/pages\/2117\/revisions"}],"wp:attachment":[{"href":"https:\/\/samhallsentreprenor.glokala.net\/2019-2020\/wp-json\/wp\/v2\/media?parent=2117"}],"curies":[{"name":"wp","href":"https:\/\/api.w.org\/{rel}","templated":true}]}}