{"id":2125,"date":"2020-03-20T13:08:18","date_gmt":"2020-03-20T12:08:18","guid":{"rendered":"https:\/\/samhallsentreprenor.glokala.net\/2019-2020\/?page_id=2125"},"modified":"2020-03-20T13:40:42","modified_gmt":"2020-03-20T12:40:42","slug":"studiematerial-modul-4","status":"publish","type":"page","link":"https:\/\/samhallsentreprenor.glokala.net\/2019-2020\/modul-4\/studiematerial-modul-4\/","title":{"rendered":"Studiematerial \u2013 Modul 4"},"content":{"rendered":"\n<p> I samband med teman\/f\u00f6rel\u00e4sningar kommer l\u00e4sanvisningar att anges.<\/p>\n\n\n\n<h4 class=\"wp-block-heading\">Artiklar \/ material:<\/h4>\n\n\n\n<p><em>Do The Right Thing<\/em> \u2013 Malm\u00f6 Fria Kvinnouniversitet.<br>Handbok med perspektiv p\u00e5 bland annat organisering, finansiering, pedagogik.<br><a rel=\"noreferrer noopener\" href=\"http:\/\/www.lisanyberg.net\/wp-content\/uploads\/2017\/02\/LNyberg_DotheRightThing_Sv.pdf\" target=\"_blank\">Svensk version \u2013 l\u00e4nk till pdf<\/a><br><a rel=\"noreferrer noopener\" href=\"http:\/\/www.lisanyberg.net\/wp-content\/uploads\/2017\/02\/LisaNyberg_DotheRightThing_Eng.pdf\" target=\"_blank\">English version \u2013 link to pdf<\/a><\/p>\n\n\n\n<p><a rel=\"noreferrer noopener\" aria-label=\"&quot;The rise of participatory meetings&quot; (opens in a new tab)\" href=\"https:\/\/blog.methodkit.com\/the-rise-of-participatory-meetings-755c656f60b8\" target=\"_blank\">&#8221;The rise of participatory meetings&#8221;<\/a> (2017)<br>Artikel av Henrik Johansson\/Yannick Porter (Fantastic Studios) och Ola M\u00f6ller (MethodKit)<\/p>\n\n\n\n<p><a rel=\"noreferrer noopener\" href=\"http:\/\/www.fantasticstudios.com\/meeting-design-guide\" target=\"_blank\">Meeting Design Guide<\/a><br>Fr\u00e5n Fantastic Studios.<\/p>\n\n\n\n<p><a href=\"http:\/\/toolbox.hyperisland.com\/\" target=\"_blank\" rel=\"noreferrer noopener\">Hyper Island Toolbox<\/a><br>Online-bibliotek med metoder f\u00f6r grupprocesser och id\u00e9utveckling.<\/p>\n\n\n\n<p><a rel=\"noreferrer noopener\" href=\"http:\/\/www.seedsforchange.org.uk\/tools.pdf\" target=\"_blank\">\u201dTools for meetings and workshops\u201d \u2013 l\u00e4nk till pdf<\/a><br> Introducerar ett spektra av \u00f6vningar f\u00f6r ett m\u00f6tes olika delar. Fr\u00e5n <a rel=\"noreferrer noopener\" href=\"http:\/\/www.seedsforchange.org.uk\/\" target=\"_blank\">Seeds for change<\/a>.<\/p>\n\n\n\n<p><a rel=\"noreferrer noopener\" aria-label=\"&quot;Ja, vi kan ta tillbaka internet med plattformskooperativ&quot; (opens in a new tab)\" href=\"https:\/\/www.etc.se\/debatt\/ja-vi-kan-ta-tillbaka-internet-med-plattformskooperativ\" target=\"_blank\">&#8221;Ja, vi kan ta tillbaka internet med plattformskooperativ&#8221;<\/a> (2019)<br>Andreas Jonsson &amp; Petter Joelsson (Collective Tools), debattartikel i ETC.<\/p>\n\n\n\n<p>\u201dFIDO: Lathund f\u00f6r sj\u00e4lvutv\u00e4rdering av projekt.\u201d<br> <a rel=\"noreferrer noopener\" aria-label=\"L\u00e4nk till pdf (opens in a new tab)\" href=\"https:\/\/mkcentrum.se\/wp-content\/uploads\/2019\/05\/fido.pdf\" target=\"_blank\">L\u00e4nk till pdf<\/a><\/p>\n\n\n\n<p>&#8221;Utv\u00e4rdering &#8211; n\u00e5gra grundbegrepp&#8221;<br><a rel=\"noreferrer noopener\" aria-label=\"L\u00e4nk till pdf (opens in a new tab)\" href=\"http:\/\/www.samhallsentreprenor.glokala.se\/wp-content\/uploads\/utvrdering-ngragrundbegrepp.pdf\" target=\"_blank\">L\u00e4nk till pdf<\/a><\/p>\n\n\n\n<p><a rel=\"noreferrer noopener\" href=\"http:\/\/www.socialinnovation.se\/wp-content\/uploads\/2018\/11\/MSI_Handbok_Effektm%C3%A4tning_Digital_181106.pdf\" target=\"_blank\">\u201cAlla pratar om det, men f\u00e5 g\u00f6r det \u2013 en handbok i effektm\u00e4tning\u201d \u2013 l\u00e4nk<\/a><br>M\u00f6tesplats Social Innovation, 2018<\/p>\n\n\n\n<h4 class=\"wp-block-heading\">F\u00f6rdjupning (f\u00f6r den som vill g\u00e5 ett steg l\u00e4ngre):<\/h4>\n\n\n\n<p><a href=\"https:\/\/drive.google.com\/file\/d\/0B5wIEVChc9NXQVNxekdiMzE1dW8\/view\" target=\"_blank\" rel=\"noreferrer noopener\">\u201cFacilitators Reading List\u201d \u2013 l\u00e4nk<\/a><br> Sammanst\u00e4lld av Fantastic Studios<\/p>\n\n\n\n<p>LSU \u2013 Sveriges ungdomsorganisationer. <em><a href=\"http:\/\/libris.kb.se\/bib\/11824251\" target=\"_blank\" rel=\"noreferrer noopener\">Mer kreativa m\u00f6ten<\/a>.<\/em> Stockholm, 2009.<\/p>\n\n\n\n<p>Mattsson, Erik &amp; J\u00f6born, Anna. <em>M\u00f6teskokboken<\/em>. G\u00f6teborg, 2009.<\/p>\n\n\n\n<p>Breiler, Andr\u00e9as &amp; Michanek, Jonas . <a href=\"http:\/\/www.bokus.com\/bok\/9789187043024\/ideagenten-en-handbok-i-att-leda-kreativa-processer\/\" target=\"_blank\" rel=\"noreferrer noopener\"><em>Id\u00e9agenten \u2013 en handbok i att leda kreativa processer<\/em><\/a>. 2012<\/p>\n\n\n\n<p>Karlsson, Ove. <em>Utv\u00e4rdering \u2013 mer \u00e4n en metod.<br><\/em>Detta \u00e4r n\u00e5got f\u00f6r den som vill ta utv\u00e4rdering ett steg l\u00e4ngre, inneh\u00e5ller f\u00f6rdjupning och exempel:<br><a rel=\"noreferrer noopener\" href=\"https:\/\/www.mah.se\/upload\/Samverkan\/Karlsson%20-%20Utv%C3%A4rdering%20mer%20%C3%A4n%20metod_1999.pdf\" target=\"_blank\">L\u00e4nk till pdf<\/a><\/p>\n\n\n\n<p><em>The Appreciative Inquiry Model.<\/em> (Gervase R.Bushe 2013)<br><a rel=\"noreferrer noopener\" aria-label=\"L\u00e4nk till pdf (opens in a new tab)\" href=\"https:\/\/beedie.sfu.ca\/sms\/admin\/_DocLibrary\/_ic\/33eb87a3379d71252e30f48e96c9bc6a.pdf\" target=\"_blank\">L\u00e4nk till pdf<\/a><\/p>\n\n\n\n<p><em>Styrkebaserad Teamutveckling \u2013 en praktisk handbok i Appreciative Inquiry<\/em>. 2019.<br><a rel=\"noreferrer noopener\" href=\"https:\/\/styrkebaserad.org\/boken-styrkebaserad-teamutveckling\/\" target=\"_blank\">L\u00e4nk \u2013 l\u00e4s mer om boken<\/a><\/p>\n","protected":false},"excerpt":{"rendered":"<p>I samband med teman\/f\u00f6rel\u00e4sningar kommer l\u00e4sanvisningar att anges. Artiklar \/ material: Do The Right Thing \u2013 Malm\u00f6 Fria Kvinnouniversitet.Handbok med perspektiv p\u00e5 bland annat organisering, finansiering, pedagogik.Svensk version \u2013 l\u00e4nk till pdfEnglish version \u2013 link to pdf &#8221;The rise of participatory meetings&#8221; (2017)Artikel av Henrik Johansson\/Yannick Porter (Fantastic Studios) och Ola M\u00f6ller (MethodKit) Meeting Design [&hellip;]<\/p>\n","protected":false},"author":1,"featured_media":0,"parent":2117,"menu_order":0,"comment_status":"closed","ping_status":"closed","template":"","meta":{"_bbp_topic_count":0,"_bbp_reply_count":0,"_bbp_total_topic_count":0,"_bbp_total_reply_count":0,"_bbp_voice_count":0,"_bbp_anonymous_reply_count":0,"_bbp_topic_count_hidden":0,"_bbp_reply_count_hidden":0,"_bbp_forum_subforum_count":0,"jetpack_post_was_ever_published":false,"footnotes":""},"class_list":["post-2125","page","type-page","status-publish","hentry"],"jetpack_sharing_enabled":true,"_links":{"self":[{"href":"https:\/\/samhallsentreprenor.glokala.net\/2019-2020\/wp-json\/wp\/v2\/pages\/2125","targetHints":{"allow":["GET"]}}],"collection":[{"href":"https:\/\/samhallsentreprenor.glokala.net\/2019-2020\/wp-json\/wp\/v2\/pages"}],"about":[{"href":"https:\/\/samhallsentreprenor.glokala.net\/2019-2020\/wp-json\/wp\/v2\/types\/page"}],"author":[{"embeddable":true,"href":"https:\/\/samhallsentreprenor.glokala.net\/2019-2020\/wp-json\/wp\/v2\/users\/1"}],"replies":[{"embeddable":true,"href":"https:\/\/samhallsentreprenor.glokala.net\/2019-2020\/wp-json\/wp\/v2\/comments?post=2125"}],"version-history":[{"count":0,"href":"https:\/\/samhallsentreprenor.glokala.net\/2019-2020\/wp-json\/wp\/v2\/pages\/2125\/revisions"}],"up":[{"embeddable":true,"href":"https:\/\/samhallsentreprenor.glokala.net\/2019-2020\/wp-json\/wp\/v2\/pages\/2117"}],"wp:attachment":[{"href":"https:\/\/samhallsentreprenor.glokala.net\/2019-2020\/wp-json\/wp\/v2\/media?parent=2125"}],"curies":[{"name":"wp","href":"https:\/\/api.w.org\/{rel}","templated":true}]}}