{"id":2192,"date":"2020-04-01T16:07:51","date_gmt":"2020-04-01T14:07:51","guid":{"rendered":"https:\/\/samhallsentreprenor.glokala.net\/2019-2020\/?page_id=2192"},"modified":"2020-04-01T16:30:00","modified_gmt":"2020-04-01T14:30:00","slug":"v-14-perspektiv-pa-verksamhetsplaner-affarsplaner","status":"publish","type":"page","link":"https:\/\/samhallsentreprenor.glokala.net\/2019-2020\/modul-4\/v-14-perspektiv-pa-verksamhetsplaner-affarsplaner\/","title":{"rendered":"v 14 Perspektiv p\u00e5 verksamhetsplaner &#038; aff\u00e4rsplaner"},"content":{"rendered":"\n<p><strong>Presentation:<\/strong><\/p>\n\n\n\n<div class=\"wp-block-file\"><a href=\"https:\/\/samhallsentreprenor.glokala.net\/2019-2020\/wp-content\/uploads\/2020\/04\/Glokala_affarplan_she.pptx\">Aff\u00e4rsplaner f\u00f6r samh\u00e4llsentrepren\u00f6rer? (powerpoint)<\/a><a href=\"https:\/\/samhallsentreprenor.glokala.net\/2019-2020\/wp-content\/uploads\/2020\/04\/Glokala_affarplan_she.pptx\" class=\"wp-block-file__button\" download>Ladda ner<\/a><\/div>\n\n\n\n<div class=\"wp-block-file\"><a href=\"https:\/\/samhallsentreprenor.glokala.net\/2019-2020\/wp-content\/uploads\/2020\/04\/Glokala_affarplan_she.pdf\" target=\"_blank\" rel=\"noreferrer noopener\">Aff\u00e4rsplaner f\u00f6r samh\u00e4llsentrepren\u00f6rer? (pdf)<\/a><a href=\"https:\/\/samhallsentreprenor.glokala.net\/2019-2020\/wp-content\/uploads\/2020\/04\/Glokala_affarplan_she.pdf\" class=\"wp-block-file__button\" download>Ladda ner<\/a><\/div>\n\n\n\n<p><strong>F\u00f6rel\u00e4sning i ljud\/video<\/strong> &#8211; <a rel=\"noreferrer noopener\" aria-label=\"via MauPlay (opens in a new tab)\" href=\"https:\/\/play.mau.se\/media\/t\/0_4993evwe\" target=\"_blank\">via MauPlay<\/a>: <\/p>\n\n\n\n<p><a href=\"https:\/\/play.mau.se\/media\/t\/0_4993evwe\" target=\"_blank\" rel=\"noreferrer noopener\" aria-label=\" (opens in a new tab)\">https:\/\/play.mau.se\/media\/t\/0_4993evwe<\/a><\/p>\n\n\n\n<figure class=\"wp-block-image size-full\"><a href=\"https:\/\/play.mau.se\/media\/t\/0_4993evwe\" target=\"_blank\" rel=\"noreferrer noopener\"><img loading=\"lazy\" decoding=\"async\" width=\"1009\" height=\"602\" data-attachment-id=\"2196\" data-permalink=\"https:\/\/samhallsentreprenor.glokala.net\/2019-2020\/modul-4\/v-14-perspektiv-pa-verksamhetsplaner-affarsplaner\/attachment\/screen_mauplay_forel_affarsplaner\/\" data-orig-file=\"https:\/\/samhallsentreprenor.glokala.net\/2019-2020\/wp-content\/uploads\/2020\/04\/screen_mauplay_forel_affarsplaner.jpg\" data-orig-size=\"1009,602\" data-comments-opened=\"1\" data-image-meta=\"{&quot;aperture&quot;:&quot;0&quot;,&quot;credit&quot;:&quot;&quot;,&quot;camera&quot;:&quot;&quot;,&quot;caption&quot;:&quot;&quot;,&quot;created_timestamp&quot;:&quot;0&quot;,&quot;copyright&quot;:&quot;&quot;,&quot;focal_length&quot;:&quot;0&quot;,&quot;iso&quot;:&quot;0&quot;,&quot;shutter_speed&quot;:&quot;0&quot;,&quot;title&quot;:&quot;&quot;,&quot;orientation&quot;:&quot;0&quot;}\" data-image-title=\"screen_mauplay_forel_affarsplaner\" data-image-description=\"\" data-image-caption=\"\" data-large-file=\"https:\/\/samhallsentreprenor.glokala.net\/2019-2020\/wp-content\/uploads\/2020\/04\/screen_mauplay_forel_affarsplaner.jpg\" src=\"https:\/\/samhallsentreprenor.glokala.net\/2019-2020\/wp-content\/uploads\/2020\/04\/screen_mauplay_forel_affarsplaner.jpg\" alt=\"L\u00e4nk till https:\/\/play.mau.se\/media\/t\/0_4993evwe\" class=\"wp-image-2196\" srcset=\"https:\/\/samhallsentreprenor.glokala.net\/2019-2020\/wp-content\/uploads\/2020\/04\/screen_mauplay_forel_affarsplaner.jpg 1009w, https:\/\/samhallsentreprenor.glokala.net\/2019-2020\/wp-content\/uploads\/2020\/04\/screen_mauplay_forel_affarsplaner-500x298.jpg 500w, https:\/\/samhallsentreprenor.glokala.net\/2019-2020\/wp-content\/uploads\/2020\/04\/screen_mauplay_forel_affarsplaner-768x458.jpg 768w, https:\/\/samhallsentreprenor.glokala.net\/2019-2020\/wp-content\/uploads\/2020\/04\/screen_mauplay_forel_affarsplaner-624x372.jpg 624w\" sizes=\"auto, (max-width: 1009px) 100vw, 1009px\" \/><\/a><\/figure>\n\n\n\n<p>Ett exempel p\u00e5 verktyg f\u00f6r att st\u00f6dja utvecklingen av aff\u00e4rs- eller verksamhetsmodellen i slutet av presentationen \u00e4r <a rel=\"noreferrer noopener\" href=\"https:\/\/strategyzer.com\/canvas\/business-model-canvas\" target=\"_blank\">\u201dThe Business Model Canvas\u201d<\/a>. Svensk version finns bland annat p\u00e5 <a rel=\"noreferrer noopener\" href=\"https:\/\/www.nystartad.se\/business-model-canvas\/\" target=\"_blank\">nystartad.se d\u00e4r du kan fylla i den online<\/a> \u2013 ett s\u00e4tt att snabbt skissa fram en id\u00e9, som sedan kan utvecklas i text i uppgift 9. <\/p>\n\n\n\n<p>Ett annat exempel p\u00e5 anpassad canvas-modell som lyfts fram \u00e4r den<a rel=\"noreferrer noopener\" aria-label=\" &quot;Social Business Model Canvas&quot; som The Young Foundation (opens in a new tab)\" href=\"https:\/\/samhallsentreprenor.glokala.net\/2019-2020\/wp-content\/uploads\/2020\/04\/social_business_canvas_young-foundation.png\" target=\"_blank\"> &#8221;Social Business Model Canvas&#8221; som The Young Foundation<\/a> har tagit fram.<\/p>\n\n\n\n<div class=\"wp-block-image\"><figure class=\"aligncenter size-medium\"><a href=\"https:\/\/samhallsentreprenor.glokala.net\/2019-2020\/wp-content\/uploads\/2020\/04\/social_business_canvas_young-foundation.png\" target=\"_blank\" rel=\"noreferrer noopener\"><img loading=\"lazy\" decoding=\"async\" width=\"500\" height=\"354\" data-attachment-id=\"2197\" data-permalink=\"https:\/\/samhallsentreprenor.glokala.net\/2019-2020\/modul-4\/v-14-perspektiv-pa-verksamhetsplaner-affarsplaner\/attachment\/social_business_canvas_young-foundation\/\" data-orig-file=\"https:\/\/samhallsentreprenor.glokala.net\/2019-2020\/wp-content\/uploads\/2020\/04\/social_business_canvas_young-foundation.png\" data-orig-size=\"1137,804\" data-comments-opened=\"1\" data-image-meta=\"{&quot;aperture&quot;:&quot;0&quot;,&quot;credit&quot;:&quot;&quot;,&quot;camera&quot;:&quot;&quot;,&quot;caption&quot;:&quot;&quot;,&quot;created_timestamp&quot;:&quot;0&quot;,&quot;copyright&quot;:&quot;&quot;,&quot;focal_length&quot;:&quot;0&quot;,&quot;iso&quot;:&quot;0&quot;,&quot;shutter_speed&quot;:&quot;0&quot;,&quot;title&quot;:&quot;&quot;,&quot;orientation&quot;:&quot;0&quot;}\" data-image-title=\"social_business_canvas_young-foundation\" data-image-description=\"\" data-image-caption=\"\" data-large-file=\"https:\/\/samhallsentreprenor.glokala.net\/2019-2020\/wp-content\/uploads\/2020\/04\/social_business_canvas_young-foundation-1024x724.png\" src=\"https:\/\/samhallsentreprenor.glokala.net\/2019-2020\/wp-content\/uploads\/2020\/04\/social_business_canvas_young-foundation-500x354.png\" alt=\"The Social Business Model Canvas - Young Foundation\" class=\"wp-image-2197\" srcset=\"https:\/\/samhallsentreprenor.glokala.net\/2019-2020\/wp-content\/uploads\/2020\/04\/social_business_canvas_young-foundation-500x354.png 500w, https:\/\/samhallsentreprenor.glokala.net\/2019-2020\/wp-content\/uploads\/2020\/04\/social_business_canvas_young-foundation-1024x724.png 1024w, https:\/\/samhallsentreprenor.glokala.net\/2019-2020\/wp-content\/uploads\/2020\/04\/social_business_canvas_young-foundation-768x543.png 768w, https:\/\/samhallsentreprenor.glokala.net\/2019-2020\/wp-content\/uploads\/2020\/04\/social_business_canvas_young-foundation-624x441.png 624w, https:\/\/samhallsentreprenor.glokala.net\/2019-2020\/wp-content\/uploads\/2020\/04\/social_business_canvas_young-foundation.png 1137w\" sizes=\"auto, (max-width: 500px) 100vw, 500px\" \/><\/a><\/figure><\/div>\n\n\n\n<hr class=\"wp-block-separator\"\/>\n\n\n\n<h3 class=\"wp-block-heading\">Presentation av uppgift 9 och 10<\/h3>\n\n\n\n<p>H\u00e4r presenteras de tv\u00e5 sista uppgifterna i kursen. Uppgifterna \u00e4r en del av folkh\u00f6gskolekursen som helhet men \u00e4r samtidigt examinerande f\u00f6r  h\u00f6gskolekursen som ing\u00e5r under \u00e5ret, <em>Introduktion till projektledning<\/em>  (7,5 h\u00f6gskolepo\u00e4ng). Alla som genomf\u00f6r folkh\u00f6gskolekursen kan f\u00e5  h\u00f6gskolepo\u00e4ngen, oavsett om man har h\u00f6gskolebeh\u00f6righet eller inte.<br>F\u00f6r examination i h\u00f6gskolekursen \u00e4r det viktigt att f\u00f6lja de anvisningar  som ges i beskrivningen av uppgiften. Du kan ocks\u00e5 v\u00e4lja att g\u00f6ra  uppgifterna utan att g\u00f6ra anspr\u00e5k p\u00e5 h\u00f6gskolepo\u00e4ngen. Ta g\u00e4rna kontakt  med August eller Fredrik om du har fr\u00e5gor.<\/p>\n\n\n\n<p>Beroende p\u00e5 dina tidigare erfarenheter kan det kanske verka avancerat med en h\u00f6gskolekurs. Vi vill passa p\u00e5 att p\u00e5minna om att du redan har gjort den  st\u00f6rsta delen \u2013 genom ditt deltagande i kursen, inl\u00e4mning av tidigare  uppgifter, reflekterande och den erfarenhet du skaffat dig under \u00e5ret. Vi  finns tillg\u00e4ngliga f\u00f6r fr\u00e5gor och som st\u00f6d!<\/p>\n\n\n\n<h3 class=\"wp-block-heading\"><a rel=\"noreferrer noopener\" aria-label=\"Uppgift 9: Projektplan\/verksamhetsplan\/aff\u00e4rsplan (inl\u00e4mning m\u00e5ndag 4 maj) (opens in a new tab)\" href=\"https:\/\/samhallsentreprenor.glokala.net\/2019-2020\/modul-4\/v-14-perspektiv-pa-verksamhetsplaner-affarsplaner\/uppgift-9-plan\/\" target=\"_blank\">Uppgift 9: Projektplan\/verksamhetsplan\/aff\u00e4rsplan (inl\u00e4mning 4 maj)<\/a><\/h3>\n\n\n\n<h3 class=\"wp-block-heading\"><a href=\"https:\/\/samhallsentreprenor.glokala.net\/2019-2020\/modul-4\/v-14-perspektiv-pa-verksamhetsplaner-affarsplaner\/uppgift-10-reflektion-kring-projektledning\/\" target=\"_blank\" rel=\"noreferrer noopener\" aria-label=\"Uppgift 10: Reflektion kring projektledning (inl\u00e4mning 25 maj) (opens in a new tab)\">Uppgift 10: Reflektion kring projektledning (inl\u00e4mning 25 maj)<\/a><\/h3>\n","protected":false},"excerpt":{"rendered":"<p>Presentation: F\u00f6rel\u00e4sning i ljud\/video &#8211; via MauPlay: https:\/\/play.mau.se\/media\/t\/0_4993evwe Ett exempel p\u00e5 verktyg f\u00f6r att st\u00f6dja utvecklingen av aff\u00e4rs- eller verksamhetsmodellen i slutet av presentationen \u00e4r \u201dThe Business Model Canvas\u201d. Svensk version finns bland annat p\u00e5 nystartad.se d\u00e4r du kan fylla i den online \u2013 ett s\u00e4tt att snabbt skissa fram en id\u00e9, som sedan kan [&hellip;]<\/p>\n","protected":false},"author":1,"featured_media":0,"parent":2117,"menu_order":0,"comment_status":"open","ping_status":"closed","template":"","meta":{"_bbp_topic_count":0,"_bbp_reply_count":0,"_bbp_total_topic_count":0,"_bbp_total_reply_count":0,"_bbp_voice_count":0,"_bbp_anonymous_reply_count":0,"_bbp_topic_count_hidden":0,"_bbp_reply_count_hidden":0,"_bbp_forum_subforum_count":0,"jetpack_post_was_ever_published":false,"footnotes":""},"class_list":["post-2192","page","type-page","status-publish","hentry"],"jetpack_sharing_enabled":true,"_links":{"self":[{"href":"https:\/\/samhallsentreprenor.glokala.net\/2019-2020\/wp-json\/wp\/v2\/pages\/2192","targetHints":{"allow":["GET"]}}],"collection":[{"href":"https:\/\/samhallsentreprenor.glokala.net\/2019-2020\/wp-json\/wp\/v2\/pages"}],"about":[{"href":"https:\/\/samhallsentreprenor.glokala.net\/2019-2020\/wp-json\/wp\/v2\/types\/page"}],"author":[{"embeddable":true,"href":"https:\/\/samhallsentreprenor.glokala.net\/2019-2020\/wp-json\/wp\/v2\/users\/1"}],"replies":[{"embeddable":true,"href":"https:\/\/samhallsentreprenor.glokala.net\/2019-2020\/wp-json\/wp\/v2\/comments?post=2192"}],"version-history":[{"count":0,"href":"https:\/\/samhallsentreprenor.glokala.net\/2019-2020\/wp-json\/wp\/v2\/pages\/2192\/revisions"}],"up":[{"embeddable":true,"href":"https:\/\/samhallsentreprenor.glokala.net\/2019-2020\/wp-json\/wp\/v2\/pages\/2117"}],"wp:attachment":[{"href":"https:\/\/samhallsentreprenor.glokala.net\/2019-2020\/wp-json\/wp\/v2\/media?parent=2192"}],"curies":[{"name":"wp","href":"https:\/\/api.w.org\/{rel}","templated":true}]}}