{"id":225,"date":"2019-08-23T09:41:59","date_gmt":"2019-08-23T07:41:59","guid":{"rendered":"https:\/\/samhallsentreprenor.glokala.net\/2019-2020\/?page_id=225"},"modified":"2019-09-04T09:59:29","modified_gmt":"2019-09-04T07:59:29","slug":"integritetspolicy","status":"publish","type":"page","link":"https:\/\/samhallsentreprenor.glokala.net\/2019-2020\/integritetspolicy\/","title":{"rendered":"Integritetspolicy"},"content":{"rendered":"\n<h2 class=\"wp-block-heading\">Vilka vi \u00e4r<\/h2>\n\n\n\n<p><strong>Plattform f\u00f6r distanskursen Samh\u00e4llsentrepren\u00f6r 2019-2020, Glokala folkh\u00f6gskolan.<\/strong><br>Webbplatsadressen f\u00f6r kursens plattform \u00e4r:  <a href=\"https:\/\/samhallsentreprenor.glokala.net\/2019-2020\">https:\/\/samhallsentreprenor.glokala.net\/2019-2020<\/a>.<br>Kontaktuppgifter till personuppgiftsansvarig p\u00e5 Glokala folkh\u00f6gskolan: gdpr [at] glokala.se<br> En fullst\u00e4ndig \u00f6versikt f\u00f6r hur Glokala hanterar personuppgifter enligt GDPR finns h\u00e4r: <a rel=\"noreferrer noopener\" href=\"http:\/\/gdpr.glokala.se\" target=\"_blank\">http:\/\/gdpr.glokala.se<\/a><\/p>\n\n\n\n<h2 class=\"wp-block-heading\">Vilka personuppgifter vi samlar in och varf\u00f6r vi samlar in dem<\/h2>\n\n\n\n<p>I v\u00e5ra distanskurser anv\u00e4nds WordPress-installationer som kursplattform. WordPress-installationerna finns p\u00e5 serverplats i Storbritannien via det svenska f\u00f6retaget <a rel=\"noreferrer noopener\" aria-label=\"Manufrog (opens in a new tab)\" href=\"https:\/\/www.manufrog.com\/om-oss\/\" target=\"_blank\">Manufrog<\/a>. Laglig grund f\u00f6r hantering av de personuppgifter vi samlar in \u00e4r ett ber\u00e4ttigat intresse, om ej annat anges.<\/p>\n\n\n\n<p>Deltagares f\u00f6rnamn, f\u00f6rsta bokstaven i efternamn och privat e-postadress anv\u00e4nds av kursansvarig f\u00f6r att registrera deltagaren p\u00e5  kursplattformen. Dessa personuppgifter registreras f\u00f6r att fullg\u00f6ra ett  avtal.<br>Deltagare ombeds att ladda upp en profilbild som blir \u00f6ppet synlig, laglig grund \u00e4r samtycke.<br>P\u00e5 kursplattformarna f\u00f6rs diskussioner i text och uppgifter kan l\u00e4mnas  in genom att ladda upp filer. D\u00e5 slutna forum anv\u00e4nds \u00e4r det endast  inloggade pedagoger och deltagare som f\u00e5r tillg\u00e5ng till detta material.<br>Diskussioner kan ocks\u00e5 f\u00f6ras genom kommentarer p\u00e5 \u00f6ppna sidor, dessa kommentarer blir d\u00e5 \u00e4ven \u00f6ppet synliga.<\/p>\n\n\n\n<h3 class=\"wp-block-heading\">Kommentarer<\/h3>\n\n\n\n<p>N\u00e4r bes\u00f6kare\/deltagare l\u00e4mnar kommentarer p\u00e5 webbplatsen samlar vi in de uppgifter som visas i kommentarsformul\u00e4ret samt ip-adress och anv\u00e4ndaragent som hj\u00e4lp f\u00f6r att urskilja skr\u00e4pmeddelanden \u2013 l\u00e4s mer om hur kommentarsdata bearbetas f\u00f6r att undvika skr\u00e4ppost h\u00e4r <a href=\"https:\/\/automattic.com\/privacy-notice\/\">https:\/\/automattic.com\/privacy-notice\/<\/a> .<\/p>\n\n\n\n<p>En anonymiserad str\u00e4ng som skapats utifr\u00e5n din e-postadress (\u00e4ven kallat hash-v\u00e4rde) kan komma att s\u00e4ndas till tj\u00e4nsten Gravatar f\u00f6r att avg\u00f6ra om du finns registrerad d\u00e4r. Integritetspolicyn f\u00f6r tj\u00e4nsten Gravatar finns p\u00e5 https:\/\/automattic.com\/privacy\/. N\u00e4r din kommentar har godk\u00e4nts kommer din profilbild att visas publikt tillsammans med din kommentar.<\/p>\n\n\n\n<h3 class=\"wp-block-heading\">Media<\/h3>\n\n\n\n<p>Om du laddar upp bilder till webbplatsen b\u00f6r du undvika att ladda upp bilder d\u00e4r EXIF-data inkluderar data fr\u00e5n GPS-lokalisering. Bes\u00f6kare till webbplatsen kan ladda ned och ta fram alla positioneringsuppgifter fr\u00e5n bilder p\u00e5 webbplatsen.<\/p>\n\n\n\n<h3 class=\"wp-block-heading\">Cookie-filer<\/h3>\n\n\n\n<p>D\u00e5 kommentarer l\u00e4mnas utan att vara inloggad kan bes\u00f6karen\/deltagaren v\u00e4lja att spara sitt namn, e-postadress och webbplatsadress i cookie-filer. De finns d\u00e5 sparade i webbl\u00e4saren f\u00f6r att inte beh\u00f6va fylla i dessa uppgifter n\u00e4sta g\u00e5ng en kommentar l\u00e4mnas. Dessa cookie-filer g\u00e4ller i ett \u00e5r.<\/p>\n\n\n\n<p>N\u00e4r deltagare loggar in p\u00e5 kursplattformen skapas en tillf\u00e4llig cookie-fil f\u00f6r att kontrollera om webbl\u00e4saren accepterar cookie-filer. Denna cookie-fil inneh\u00e5ller ingen personligt identifierbar information och f\u00f6rsvinner n\u00e4r webbl\u00e4saren st\u00e4ngs.<\/p>\n\n\n\n<p>N\u00e4r deltagare loggar in skapas dessutom flera cookie-filer f\u00f6r att spara information om inloggning och val f\u00f6r utformning av sk\u00e4rmlayouten. Cookie-filer f\u00f6r inloggning g\u00e4ller i tv\u00e5 dagar och cookie-filer f\u00f6r layoutval g\u00e4ller i ett \u00e5r. F\u00f6r inloggning finns valet \u201dKom ih\u00e5g mig\u201d och d\u00e5 sparas cookie i tv\u00e5 veckor. Vid utloggning fr\u00e5n konto kommer cookie-filerna f\u00f6r inloggning att tas bort.<\/p>\n\n\n\n<p>Om du redigerar eller publicerar ett blogginl\u00e4gg kommer en extra cookie-fil att sparas i din webbl\u00e4sare. Denna cookie-fil inneh\u00e5ller inga personuppgifter utan anger endast inl\u00e4ggs-ID f\u00f6r den artikel du just redigerade. Den g\u00e4ller under 1 dygn.<\/p>\n\n\n\n<h3 class=\"wp-block-heading\">Inb\u00e4ddad inneh\u00e5ll fr\u00e5n andra webbplatser<\/h3>\n\n\n\n<p>Artiklar p\u00e5 denna webbplats kan inneh\u00e5lla inb\u00e4ddat inneh\u00e5ll (exempelvis videoklipp, bilder, artiklar o.s.v.). Inb\u00e4ddat inneh\u00e5ll fr\u00e5n andra webbplatser beter sig precis p\u00e5 samma s\u00e4tt som om bes\u00f6karen har bes\u00f6kt den andra webbplatsen.<\/p>\n\n\n\n<p>Dessa webbplatser kan samla in uppgifter om dig, anv\u00e4nda cookie-filer, b\u00e4dda in ytterligare sp\u00e5rning fr\u00e5n tredje part och \u00f6vervaka din interaktion med sagda inb\u00e4ddade inneh\u00e5ll, inklusive sp\u00e5rning av din interaktion med detta inb\u00e4ddade inneh\u00e5ll om du har ett konto och \u00e4r inloggad p\u00e5 webbplatsen i fr\u00e5ga.<\/p>\n\n\n\n<h3 class=\"wp-block-heading\">Prenumerera-funktion<\/h3>\n\n\n\n<p>Om bes\u00f6kare\/deltagare v\u00e4ljer att prenumerera p\u00e5 nya inl\u00e4gg eller nya kommentarer till inl\u00e4gg eller sidor anv\u00e4nds f\u00f6ljande uppgifter: Prenumerantens e-postadress och ID f\u00f6r det inl\u00e4gg eller den kommentar det g\u00e4ller. Vid nya prenumerationer samlas ocks\u00e5 grundl\u00e4ggande serveruppgifter in, inkluderande prenumerantens alla \u201cHTTP request headers\u201d, IP-adress fr\u00e5n vilken sidan bes\u00f6ks, och den URI som fanns f\u00f6r att ladda sidan (REQUEST_URI och DOCUMENT_URI). Serveruppgifterna anv\u00e4nds endast f\u00f6r att f\u00f6rebygga felaktigt anv\u00e4ndande och skr\u00e4ppost. Cookies skapas och sparas i 347 dagar f\u00f6r att komma ih\u00e5g bes\u00f6karens\/deltagarens anv\u00e4ndarval, i de fall d\u00e5 det finns en aktiv prenumeration.<\/p>\n\n\n\n<h3 class=\"wp-block-heading\">Analys<\/h3>\n\n\n\n<p>F\u00f6ljande uppgifter samlas in f\u00f6r att f\u00e5 statistik \u00f6ver hur kursplattformarna bes\u00f6ks och anv\u00e4nds: IP-adress, anv\u00e4ndaragent, bes\u00f6ks-URL, h\u00e4nvisande-URL, tidsst\u00e4mpel f\u00f6r h\u00e4ndelse, webbl\u00e4sarens spr\u00e5k, landskod. Viktigt: Administrat\u00f6rer (Glokala folkh\u00f6gskolan) f\u00e5r inte tillg\u00e5ng till dessa uppgifter f\u00f6r varje bes\u00f6kare, utan endast sammanst\u00e4llningar. Till exempel kan administrat\u00f6rer och pedagoger se att en viss sida har visats 285 g\u00e5nger, men kan inte se vilka specifika bes\u00f6kare\/deltagare som har tittat p\u00e5 sidan. Statistiken (och uppgifterna n\u00e4mnda ovan) samlas in via till\u00e4gget Jetpack som tillhandah\u00e5lls av f\u00f6retaget Automattic, uppgifterna beh\u00e5lls under 28 dagar och anv\u00e4nds endast f\u00f6r att m\u00f6jligg\u00f6ra statistikfunktionen.<\/p>\n\n\n\n<h3 class=\"wp-block-heading\">S\u00e4kerhetsskydd<\/h3>\n\n\n\n<p>S\u00e4kerhetsloggar: IP-adress f\u00f6r bes\u00f6kare, anv\u00e4ndar-ID f\u00f6r inloggade anv\u00e4ndare och anv\u00e4ndarnamn f\u00f6r inloggningsf\u00f6rs\u00f6k loggas villkorligt f\u00f6r att kontrollera skadlig verksamhet och f\u00f6r att skydda webbplatsen fr\u00e5n specifika typer av attacker. Exempel p\u00e5 villkor n\u00e4r loggning sker innefattar inloggningsf\u00f6rs\u00f6k, utloggningsf\u00f6rfr\u00e5gningar, f\u00f6rfr\u00e5gningar om misst\u00e4nkta webbadresser, \u00e4ndringar av webbplatsinneh\u00e5ll och l\u00f6senordsuppdateringar. Denna information beh\u00e5lls i 14 dagar. S\u00e4kerhetskopior av s\u00e4kerhetslogguppgifter beh\u00e5lls i 30 dagar.<\/p>\n\n\n\n<p>Cookies anv\u00e4nds \u00e4ven av s\u00e4kerhetsprogrammet Wordfence f\u00f6r att f\u00f6rhindra bedr\u00e4geri och f\u00f6rb\u00e4ttra webbplatsens s\u00e4kerhet. F\u00f6r mer information, se <a rel=\"noreferrer noopener\" aria-label=\"Wordfence information om cookies-anv\u00e4ndning (opens in a new tab)\" href=\"https:\/\/www.wordfence.com\/help\/general-data-protection-regulation\/#cookies-set-by-the-wordfence-plugin\" target=\"_blank\">Wordfence information om cookies-anv\u00e4ndning<\/a>. Se \u00e4ven <a href=\"https:\/\/www.wordfence.com\/privacy-policy\/\" target=\"_blank\" rel=\"noreferrer noopener\" aria-label=\"Wordfence Privacy Policy (opens in a new tab)\">Wordfence Privacy Policy<\/a>.<\/p>\n\n\n\n<h2 class=\"wp-block-heading\">Hur l\u00e4nge vi beh\u00e5ller era uppgifter<\/h2>\n\n\n\n<p>Om du skriver en kommentar kommer kommentaren och dess metadata att sparas utan tidsgr\u00e4ns. Anledningen till detta \u00e4r att vi beh\u00f6ver kunna hitta och godk\u00e4nna uppf\u00f6ljningskommentarer automatiskt och inte l\u00e4gga dem i k\u00f6 f\u00f6r granskning.<\/p>\n\n\n\n<p>De personuppgifter som lagras i WordPress-installationer ligger kvar tills vidare efter kursslut f\u00f6r att m\u00f6jligg\u00f6ra fortsatt tillg\u00e5ng till kursmaterialet i sin helhet. P\u00e5 beg\u00e4ran kan personuppgifter rensas efter avslutad studietid.<\/p>\n\n\n\n<h2 class=\"wp-block-heading\">Vilka r\u00e4ttigheter du har \u00f6ver din data<\/h2>\n\n\n\n<p>Om du har ett konto eller har skrivit n\u00e5gra kommentarer p\u00e5 denna webbplats kan du beg\u00e4ra en exportfil med de personuppgifter vi har om dig, inklusive alla uppgifter du har gett oss p\u00e5 webbplatsen. Du kan ocks\u00e5 beg\u00e4ra att vi tar bort alla personuppgifter vi har om dig. Detta omfattar inte eventuella uppgifter som vi \u00e4r tvungna att spara av administrativa, legala eller s\u00e4kerhetssk\u00e4l.<\/p>\n\n\n\n<h2 class=\"wp-block-heading\">Kontaktinformation<\/h2>\n\n\n\n<p>Kontaktuppgifter till personuppgiftsansvarig p\u00e5 Glokala folkh\u00f6gskolan: gdpr [at] glokala.se<\/p>\n\n\n\n<h2 class=\"wp-block-heading\">Ytterligare information<\/h2>\n\n\n\n<p>En fullst\u00e4ndig \u00f6versikt f\u00f6r hur Glokala hanterar personuppgifter enligt GDPR finns h\u00e4r: <a href=\"http:\/\/gdpr.glokala.se\">http:\/\/gdpr.glokala.se<\/a><\/p>\n","protected":false},"excerpt":{"rendered":"<p>Vilka vi \u00e4r Plattform f\u00f6r distanskursen Samh\u00e4llsentrepren\u00f6r 2019-2020, Glokala folkh\u00f6gskolan.Webbplatsadressen f\u00f6r kursens plattform \u00e4r: https:\/\/samhallsentreprenor.glokala.net\/2019-2020.Kontaktuppgifter till personuppgiftsansvarig p\u00e5 Glokala folkh\u00f6gskolan: gdpr [at] glokala.se En fullst\u00e4ndig \u00f6versikt f\u00f6r hur Glokala hanterar personuppgifter enligt GDPR finns h\u00e4r: http:\/\/gdpr.glokala.se Vilka personuppgifter vi samlar in och varf\u00f6r vi samlar in dem I v\u00e5ra distanskurser anv\u00e4nds WordPress-installationer som kursplattform. WordPress-installationerna [&hellip;]<\/p>\n","protected":false},"author":1,"featured_media":0,"parent":0,"menu_order":0,"comment_status":"closed","ping_status":"closed","template":"","meta":{"_bbp_topic_count":0,"_bbp_reply_count":0,"_bbp_total_topic_count":0,"_bbp_total_reply_count":0,"_bbp_voice_count":0,"_bbp_anonymous_reply_count":0,"_bbp_topic_count_hidden":0,"_bbp_reply_count_hidden":0,"_bbp_forum_subforum_count":0,"jetpack_post_was_ever_published":false,"footnotes":""},"class_list":["post-225","page","type-page","status-publish","hentry"],"jetpack_sharing_enabled":true,"_links":{"self":[{"href":"https:\/\/samhallsentreprenor.glokala.net\/2019-2020\/wp-json\/wp\/v2\/pages\/225","targetHints":{"allow":["GET"]}}],"collection":[{"href":"https:\/\/samhallsentreprenor.glokala.net\/2019-2020\/wp-json\/wp\/v2\/pages"}],"about":[{"href":"https:\/\/samhallsentreprenor.glokala.net\/2019-2020\/wp-json\/wp\/v2\/types\/page"}],"author":[{"embeddable":true,"href":"https:\/\/samhallsentreprenor.glokala.net\/2019-2020\/wp-json\/wp\/v2\/users\/1"}],"replies":[{"embeddable":true,"href":"https:\/\/samhallsentreprenor.glokala.net\/2019-2020\/wp-json\/wp\/v2\/comments?post=225"}],"version-history":[{"count":0,"href":"https:\/\/samhallsentreprenor.glokala.net\/2019-2020\/wp-json\/wp\/v2\/pages\/225\/revisions"}],"wp:attachment":[{"href":"https:\/\/samhallsentreprenor.glokala.net\/2019-2020\/wp-json\/wp\/v2\/media?parent=225"}],"curies":[{"name":"wp","href":"https:\/\/api.w.org\/{rel}","templated":true}]}}