{"id":2264,"date":"2020-04-14T15:49:59","date_gmt":"2020-04-14T13:49:59","guid":{"rendered":"https:\/\/samhallsentreprenor.glokala.net\/2019-2020\/?page_id=2264"},"modified":"2020-04-14T15:59:07","modified_gmt":"2020-04-14T13:59:07","slug":"v-16-digitala-verktyg-for-samarbete","status":"publish","type":"page","link":"https:\/\/samhallsentreprenor.glokala.net\/2019-2020\/modul-4\/v-16-digitala-verktyg-for-samarbete\/","title":{"rendered":"v 16 Digitala verktyg f\u00f6r samarbete"},"content":{"rendered":"\n<p><a href=\"https:\/\/vimeo.com\/407577949\/fbed254872\" target=\"_blank\" rel=\"noreferrer noopener\">Presentation:<\/a><\/p>\n\n\n\n<figure class=\"wp-block-embed-vimeo wp-block-embed is-type-video is-provider-vimeo wp-embed-aspect-4-3 wp-has-aspect-ratio\"><div class=\"wp-block-embed__wrapper\">\n<iframe loading=\"lazy\" title=\"Digitala verktyg f\u00f6r samarbete\" src=\"https:\/\/player.vimeo.com\/video\/407577949?h=fbed254872&amp;dnt=1&amp;app_id=122963\" width=\"500\" height=\"375\" frameborder=\"0\" allow=\"autoplay; fullscreen; picture-in-picture; clipboard-write\"><\/iframe>\n<\/div><\/figure>\n\n\n\n<div class=\"wp-block-file\"><a href=\"https:\/\/samhallsentreprenor.glokala.net\/2019-2020\/wp-content\/uploads\/2020\/04\/Digitala_verktyg_samarbete.pdf\" target=\"_blank\" rel=\"noreferrer noopener\">Ladda ner &#8211; presentationen som pdf<\/a><a href=\"https:\/\/samhallsentreprenor.glokala.net\/2019-2020\/wp-content\/uploads\/2020\/04\/Digitala_verktyg_samarbete.pdf\" class=\"wp-block-file__button\" download>Ladda ner<\/a><\/div>\n\n\n\n<p><strong>Verktyg, exempel<\/strong> fr\u00e5n presentationen: <a href=\"https:\/\/www.facebook.com\/help\/1629740080681586?helpref=hc_global_nav\" target=\"_blank\" rel=\"noreferrer noopener\">Facebook-grupper<\/a>, <a href=\"https:\/\/slack.com\/intl\/en-se\/solutions\/remote-work\" target=\"_blank\" rel=\"noreferrer noopener\">Slack<\/a>, <a href=\"https:\/\/www.google.com\/drive\/\" target=\"_blank\" rel=\"noreferrer noopener\">Google Drive<\/a>, <a href=\"https:\/\/trello.com\/tour\" target=\"_blank\" rel=\"noreferrer noopener\">Trello<\/a>. Alternativen: <a href=\"https:\/\/collective.tools\/\" target=\"_blank\" rel=\"noreferrer noopener\">Collective.tools<\/a>, <a href=\"https:\/\/cryptpad.fr\/\" target=\"_blank\" rel=\"noreferrer noopener\">CryptPad<\/a>.<\/p>\n\n\n\n<h3 class=\"wp-block-heading\">Vilka \u00e4r dina tips och erfarenheter? Dela h\u00e4r eller i <a href=\"https:\/\/samhallsentreprenor.glokala.net\/2019-2020\/grupper\/cafeet-kursforum\/forum\/topic\/digitala-verktyg-tips-och-erfarenheter\/\" target=\"_blank\" rel=\"noreferrer noopener\">forumet<\/a>!<\/h3>\n\n\n\n<hr class=\"wp-block-separator\"\/>\n\n\n\n<h3 class=\"wp-block-heading\">Tips 1: <a rel=\"noreferrer noopener\" href=\"https:\/\/techagainstcoronavirus.com\/\" target=\"_blank\">Tech against Coronavirus<\/a><\/h3>\n\n\n\n<figure class=\"wp-block-image size-large\"><a href=\"https:\/\/techagainstcoronavirus.com\/\" target=\"_blank\" rel=\"noopener noreferrer\"><img loading=\"lazy\" decoding=\"async\" width=\"1024\" height=\"632\" data-attachment-id=\"2266\" data-permalink=\"https:\/\/samhallsentreprenor.glokala.net\/2019-2020\/modul-4\/v-16-digitala-verktyg-for-samarbete\/attachment\/techagainstcorona\/\" data-orig-file=\"https:\/\/samhallsentreprenor.glokala.net\/2019-2020\/wp-content\/uploads\/2020\/04\/techagainstcorona.jpg\" data-orig-size=\"1503,928\" data-comments-opened=\"1\" data-image-meta=\"{&quot;aperture&quot;:&quot;0&quot;,&quot;credit&quot;:&quot;&quot;,&quot;camera&quot;:&quot;&quot;,&quot;caption&quot;:&quot;&quot;,&quot;created_timestamp&quot;:&quot;0&quot;,&quot;copyright&quot;:&quot;&quot;,&quot;focal_length&quot;:&quot;0&quot;,&quot;iso&quot;:&quot;0&quot;,&quot;shutter_speed&quot;:&quot;0&quot;,&quot;title&quot;:&quot;&quot;,&quot;orientation&quot;:&quot;0&quot;}\" data-image-title=\"techagainstcorona\" data-image-description=\"\" data-image-caption=\"\" data-large-file=\"https:\/\/samhallsentreprenor.glokala.net\/2019-2020\/wp-content\/uploads\/2020\/04\/techagainstcorona-1024x632.jpg\" src=\"https:\/\/samhallsentreprenor.glokala.net\/2019-2020\/wp-content\/uploads\/2020\/04\/techagainstcorona-1024x632.jpg\" alt=\"\" class=\"wp-image-2266\" srcset=\"https:\/\/samhallsentreprenor.glokala.net\/2019-2020\/wp-content\/uploads\/2020\/04\/techagainstcorona-1024x632.jpg 1024w, https:\/\/samhallsentreprenor.glokala.net\/2019-2020\/wp-content\/uploads\/2020\/04\/techagainstcorona-500x309.jpg 500w, https:\/\/samhallsentreprenor.glokala.net\/2019-2020\/wp-content\/uploads\/2020\/04\/techagainstcorona-768x474.jpg 768w, https:\/\/samhallsentreprenor.glokala.net\/2019-2020\/wp-content\/uploads\/2020\/04\/techagainstcorona-624x385.jpg 624w, https:\/\/samhallsentreprenor.glokala.net\/2019-2020\/wp-content\/uploads\/2020\/04\/techagainstcorona.jpg 1503w\" sizes=\"auto, (max-width: 1024px) 100vw, 1024px\" \/><\/a><\/figure>\n\n\n\n<h3 class=\"wp-block-heading\"><strong>Tips 2: <a rel=\"noreferrer noopener\" href=\"http:\/\/democat.me\" target=\"_blank\">Democat<\/a><\/strong> \u2013 verktyg f\u00f6r att involvera och ta beslut tillsammans<\/h3>\n\n\n\n<figure class=\"wp-block-image\"><a href=\"http:\/\/democat.me\/\" target=\"_blank\" rel=\"noreferrer noopener\"><img decoding=\"async\" src=\"https:\/\/cdn.shortpixel.ai\/client\/q_glossy,ret_img\/https:\/\/samhallsentreprenor.glokala.net\/2017-2018\/wp-content\/uploads\/2018\/04\/democat.png\" alt=\"\"\/><\/a><\/figure>\n\n\n\n<hr class=\"wp-block-separator\"\/>\n\n\n\n<h3 class=\"wp-block-heading\">Mer inspiration \u2013 deltagande processer<\/h3>\n\n\n\n<p><strong><em>Do The Right Thing<\/em> \u2013 Handbok<\/strong><\/p>\n\n\n\n<p><a rel=\"noreferrer noopener\" href=\"http:\/\/www.mfkuniversitet.blogspot.se\/\" target=\"_blank\">Malm\u00f6 Fria Kvinnouniversitet<\/a> har tidigare gett ut en handbok med perspektiv p\u00e5 bland annat organisering, finansiering, pedagogik. En hel del tankar om att jobba med att s\u00f6ka kunskap och driva processer gemensamt!<br><a rel=\"noreferrer noopener\" href=\"http:\/\/www.lisanyberg.net\/wp-content\/uploads\/2017\/02\/LNyberg_DotheRightThing_Sv.pdf\" target=\"_blank\">Svensk version \u2013 l\u00e4nk till pdf<\/a><br><a rel=\"noreferrer noopener\" href=\"http:\/\/www.lisanyberg.net\/wp-content\/uploads\/2017\/02\/LisaNyberg_DotheRightThing_Eng.pdf\" target=\"_blank\">English version \u2013 link to pdf<\/a><\/p>\n","protected":false},"excerpt":{"rendered":"<p>Presentation: Verktyg, exempel fr\u00e5n presentationen: Facebook-grupper, Slack, Google Drive, Trello. Alternativen: Collective.tools, CryptPad. Vilka \u00e4r dina tips och erfarenheter? Dela h\u00e4r eller i forumet! Tips 1: Tech against Coronavirus Tips 2: Democat \u2013 verktyg f\u00f6r att involvera och ta beslut tillsammans Mer inspiration \u2013 deltagande processer Do The Right Thing \u2013 Handbok Malm\u00f6 Fria Kvinnouniversitet [&hellip;]<\/p>\n","protected":false},"author":1,"featured_media":0,"parent":2117,"menu_order":0,"comment_status":"open","ping_status":"closed","template":"","meta":{"_bbp_topic_count":0,"_bbp_reply_count":0,"_bbp_total_topic_count":0,"_bbp_total_reply_count":0,"_bbp_voice_count":0,"_bbp_anonymous_reply_count":0,"_bbp_topic_count_hidden":0,"_bbp_reply_count_hidden":0,"_bbp_forum_subforum_count":0,"jetpack_post_was_ever_published":false,"footnotes":""},"class_list":["post-2264","page","type-page","status-publish","hentry"],"jetpack_sharing_enabled":true,"_links":{"self":[{"href":"https:\/\/samhallsentreprenor.glokala.net\/2019-2020\/wp-json\/wp\/v2\/pages\/2264","targetHints":{"allow":["GET"]}}],"collection":[{"href":"https:\/\/samhallsentreprenor.glokala.net\/2019-2020\/wp-json\/wp\/v2\/pages"}],"about":[{"href":"https:\/\/samhallsentreprenor.glokala.net\/2019-2020\/wp-json\/wp\/v2\/types\/page"}],"author":[{"embeddable":true,"href":"https:\/\/samhallsentreprenor.glokala.net\/2019-2020\/wp-json\/wp\/v2\/users\/1"}],"replies":[{"embeddable":true,"href":"https:\/\/samhallsentreprenor.glokala.net\/2019-2020\/wp-json\/wp\/v2\/comments?post=2264"}],"version-history":[{"count":0,"href":"https:\/\/samhallsentreprenor.glokala.net\/2019-2020\/wp-json\/wp\/v2\/pages\/2264\/revisions"}],"up":[{"embeddable":true,"href":"https:\/\/samhallsentreprenor.glokala.net\/2019-2020\/wp-json\/wp\/v2\/pages\/2117"}],"wp:attachment":[{"href":"https:\/\/samhallsentreprenor.glokala.net\/2019-2020\/wp-json\/wp\/v2\/media?parent=2264"}],"curies":[{"name":"wp","href":"https:\/\/api.w.org\/{rel}","templated":true}]}}