{"id":2285,"date":"2020-04-20T08:37:00","date_gmt":"2020-04-20T06:37:00","guid":{"rendered":"https:\/\/samhallsentreprenor.glokala.net\/2019-2020\/?page_id=2285"},"modified":"2020-04-17T15:07:24","modified_gmt":"2020-04-17T13:07:24","slug":"v-17-utvardering","status":"publish","type":"page","link":"https:\/\/samhallsentreprenor.glokala.net\/2019-2020\/modul-4\/v-17-utvardering\/","title":{"rendered":"v 17 Utv\u00e4rdering"},"content":{"rendered":"\n<p><strong>M\u00f6jlighet: Tider f\u00f6r samtal<\/strong><br>Funderar du p\u00e5 n\u00e4sta steg i din id\u00e9utveckling eller hur ditt initiativ kan organiseras, eller har du fr\u00e5gor om kursmomenten?<br>August finns tillg\u00e4nglig f\u00f6r samtal, per telefon\/Zoom eller \u00f6ver en promenad i Malm\u00f6 f\u00f6r er som bor i n\u00e4rheten.<br><a rel=\"noreferrer noopener\" href=\"https:\/\/samhallsentreprenor.glokala.net\/2019-2020\/grupper\/cafeet-kursforum\/forum\/topic\/tider-for-samtal\/\" target=\"_blank\">L\u00e4s mer och se tider h\u00e4r i kursforumet \u2192<\/a><\/p>\n\n\n\n<hr class=\"wp-block-separator\"\/>\n\n\n\n<h2 class=\"wp-block-heading\">Vad \u00e4r utv\u00e4rdering \u2013 och hur g\u00f6r man utv\u00e4rderingar? Det \u00e4r temat f\u00f6r denna vecka.<\/h2>\n\n\n\n<p>En anledning till att detta \u00e4r ett viktigt \u00e4mne \u00e4r att det ofta st\u00e4lls krav p\u00e5 att projekt skall utv\u00e4rderas.<\/p>\n\n\n\n<p><strong>H\u00e4r \u00e4r l\u00e4nkar till n\u00e5gra bra texter om utv\u00e4rdering:<\/strong><\/p>\n\n\n\n<p><strong><a href=\"https:\/\/mkcentrum.se\/wp-content\/uploads\/2019\/05\/fido.pdf\" target=\"_blank\" rel=\"noreferrer noopener\">FIDO: Lathund f\u00f6r sj\u00e4lvutv\u00e4rdering av projekt.<\/a><\/strong><br>Inte alltf\u00f6r avancerad text som beskriver hur man kan g\u00e5 tillv\u00e4ga. Anv\u00e4ndbar.<\/p>\n\n\n\n<p><a rel=\"noreferrer noopener\" href=\"http:\/\/www.samhallsentreprenor.glokala.se\/wp-content\/uploads\/utvrdering-ngragrundbegrepp.pdf\" target=\"_blank\"><strong>UTV\u00c4RDERING \u2013 N\u00c5GRA GRUNDBEGREPP (Av Yours Truly)<\/strong><br><\/a>Intro till central begrepp och tankes\u00e4tt p\u00e5 fyra sidor!<\/p>\n\n\n\n<p>H\u00e4r f\u00f6ljer dessutom en presentation om utv\u00e4rdering, med tillh\u00f6rande video nedan (del 2 kommer n\u00e4sta vecka):<\/p>\n\n\n\n<div class=\"wp-block-file\"><a href=\"https:\/\/samhallsentreprenor.glokala.net\/2018-2019\/wp-content\/uploads\/2019\/04\/utv\u00e4rdering-1_she_glokala.pptx\" target=\"_blank\" rel=\"noreferrer noopener\"><strong>Presentation<\/strong> (powerpoint) <\/a><a href=\"https:\/\/samhallsentreprenor.glokala.net\/2018-2019\/wp-content\/uploads\/2019\/04\/utv\u00e4rdering-1_she_glokala.pptx\" class=\"wp-block-file__button\" download>Ladda ner<\/a><\/div>\n\n\n\n<div class=\"wp-block-file\"><a href=\"https:\/\/samhallsentreprenor.glokala.net\/2019-2020\/wp-content\/uploads\/2020\/04\/utvardering-1_she_glokala.pdf\" target=\"_blank\" rel=\"noreferrer noopener\"><strong>Presentation<\/strong> (pdf) <\/a><a href=\"https:\/\/samhallsentreprenor.glokala.net\/2019-2020\/wp-content\/uploads\/2020\/04\/utvardering-1_she_glokala.pdf\" class=\"wp-block-file__button\" download>Ladda ner<\/a><\/div>\n\n\n\n<p><strong><a href=\"https:\/\/vimeo.com\/164760485\" target=\"_blank\" rel=\"noreferrer noopener\">Video \u2013 del 1:<\/a><\/strong><\/p>\n\n\n\n<figure class=\"wp-block-embed-vimeo wp-block-embed is-type-video is-provider-vimeo wp-embed-aspect-16-9 wp-has-aspect-ratio\"><div class=\"wp-block-embed__wrapper\">\n<iframe loading=\"lazy\" title=\"Utv\u00e4rdering del 1\" src=\"https:\/\/player.vimeo.com\/video\/164760485?dnt=1&amp;app_id=122963\" width=\"500\" height=\"281\" frameborder=\"0\" allow=\"autoplay; fullscreen; picture-in-picture; clipboard-write\"><\/iframe>\n<\/div><\/figure>\n","protected":false},"excerpt":{"rendered":"<p>M\u00f6jlighet: Tider f\u00f6r samtalFunderar du p\u00e5 n\u00e4sta steg i din id\u00e9utveckling eller hur ditt initiativ kan organiseras, eller har du fr\u00e5gor om kursmomenten?August finns tillg\u00e4nglig f\u00f6r samtal, per telefon\/Zoom eller \u00f6ver en promenad i Malm\u00f6 f\u00f6r er som bor i n\u00e4rheten.L\u00e4s mer och se tider h\u00e4r i kursforumet \u2192 Vad \u00e4r utv\u00e4rdering \u2013 och hur [&hellip;]<\/p>\n","protected":false},"author":1,"featured_media":0,"parent":2117,"menu_order":0,"comment_status":"open","ping_status":"closed","template":"","meta":{"_bbp_topic_count":0,"_bbp_reply_count":0,"_bbp_total_topic_count":0,"_bbp_total_reply_count":0,"_bbp_voice_count":0,"_bbp_anonymous_reply_count":0,"_bbp_topic_count_hidden":0,"_bbp_reply_count_hidden":0,"_bbp_forum_subforum_count":0,"jetpack_post_was_ever_published":false,"footnotes":""},"class_list":["post-2285","page","type-page","status-publish","hentry"],"jetpack_sharing_enabled":true,"_links":{"self":[{"href":"https:\/\/samhallsentreprenor.glokala.net\/2019-2020\/wp-json\/wp\/v2\/pages\/2285","targetHints":{"allow":["GET"]}}],"collection":[{"href":"https:\/\/samhallsentreprenor.glokala.net\/2019-2020\/wp-json\/wp\/v2\/pages"}],"about":[{"href":"https:\/\/samhallsentreprenor.glokala.net\/2019-2020\/wp-json\/wp\/v2\/types\/page"}],"author":[{"embeddable":true,"href":"https:\/\/samhallsentreprenor.glokala.net\/2019-2020\/wp-json\/wp\/v2\/users\/1"}],"replies":[{"embeddable":true,"href":"https:\/\/samhallsentreprenor.glokala.net\/2019-2020\/wp-json\/wp\/v2\/comments?post=2285"}],"version-history":[{"count":0,"href":"https:\/\/samhallsentreprenor.glokala.net\/2019-2020\/wp-json\/wp\/v2\/pages\/2285\/revisions"}],"up":[{"embeddable":true,"href":"https:\/\/samhallsentreprenor.glokala.net\/2019-2020\/wp-json\/wp\/v2\/pages\/2117"}],"wp:attachment":[{"href":"https:\/\/samhallsentreprenor.glokala.net\/2019-2020\/wp-json\/wp\/v2\/media?parent=2285"}],"curies":[{"name":"wp","href":"https:\/\/api.w.org\/{rel}","templated":true}]}}