{"id":2295,"date":"2020-04-22T10:18:12","date_gmt":"2020-04-22T08:18:12","guid":{"rendered":"https:\/\/samhallsentreprenor.glokala.net\/2019-2020\/?page_id=2295"},"modified":"2020-05-08T10:07:29","modified_gmt":"2020-05-08T08:07:29","slug":"kurstraff-online-6-7-maj","status":"publish","type":"page","link":"https:\/\/samhallsentreprenor.glokala.net\/2019-2020\/modul-4\/kurstraff-online-6-7-maj\/","title":{"rendered":"Kurstr\u00e4ff online 6-7 maj"},"content":{"rendered":"\n<p><strong>Inspelade samtal med g\u00e4ster<\/strong><br>Se inspelningar fr\u00e5n torsdagens samtal med inbjudna g\u00e4ster <a rel=\"noreferrer noopener\" href=\"https:\/\/samhallsentreprenor.glokala.net\/2019-2020\/grupper\/cafeet-kursforum\/forum\/topic\/inspelade-samtal-med-gaster-kurstraffen-6-7-maj-online\/\" target=\"_blank\">i kursforumet!<\/a><br><a rel=\"noreferrer noopener\" href=\"https:\/\/samhallsentreprenor.glokala.net\/2019-2020\/grupper\/cafeet-kursforum\/forum\/topic\/inspelade-samtal-med-gaster-kurstraffen-6-7-maj-online\/\" target=\"_blank\">https:\/\/samhallsentreprenor.glokala.net\/2019-2020\/grupper\/cafeet-kursforum\/forum\/topic\/inspelade-samtal-med-gaster-kurstraffen-6-7-maj-online\/<\/a><\/p>\n\n\n\n<figure class=\"wp-block-image size-large\"><a href=\"https:\/\/samhallsentreprenor.glokala.net\/2019-2020\/grupper\/cafeet-kursforum\/forum\/topic\/inspelade-samtal-med-gaster-kurstraffen-6-7-maj-online\/\" target=\"_blank\" rel=\"noopener noreferrer\"><img loading=\"lazy\" decoding=\"async\" width=\"686\" height=\"857\" data-attachment-id=\"2337\" data-permalink=\"https:\/\/samhallsentreprenor.glokala.net\/2019-2020\/modul-4\/kurstraff-online-6-7-maj\/attachment\/screenshot_2020-05-08-forum-cafeet-kursforum-samhallsentreprenor\/\" data-orig-file=\"https:\/\/samhallsentreprenor.glokala.net\/2019-2020\/wp-content\/uploads\/2020\/05\/Screenshot_2020-05-08-Forum-\u2013-Caf\u00e9et-\u2013-kursforum-\u2013-Samh\u00e4llsentrepren\u00f6r.png\" data-orig-size=\"686,857\" data-comments-opened=\"1\" data-image-meta=\"{&quot;aperture&quot;:&quot;0&quot;,&quot;credit&quot;:&quot;&quot;,&quot;camera&quot;:&quot;&quot;,&quot;caption&quot;:&quot;&quot;,&quot;created_timestamp&quot;:&quot;0&quot;,&quot;copyright&quot;:&quot;&quot;,&quot;focal_length&quot;:&quot;0&quot;,&quot;iso&quot;:&quot;0&quot;,&quot;shutter_speed&quot;:&quot;0&quot;,&quot;title&quot;:&quot;&quot;,&quot;orientation&quot;:&quot;0&quot;}\" data-image-title=\"Screenshot_2020-05-08-Forum-\u2013-Caf\u00e9et-\u2013-kursforum-\u2013-Samh\u00e4llsentrepren\u00f6r\" data-image-description=\"\" data-image-caption=\"\" data-large-file=\"https:\/\/samhallsentreprenor.glokala.net\/2019-2020\/wp-content\/uploads\/2020\/05\/Screenshot_2020-05-08-Forum-\u2013-Caf\u00e9et-\u2013-kursforum-\u2013-Samh\u00e4llsentrepren\u00f6r.png\" src=\"https:\/\/samhallsentreprenor.glokala.net\/2019-2020\/wp-content\/uploads\/2020\/05\/Screenshot_2020-05-08-Forum-\u2013-Caf\u00e9et-\u2013-kursforum-\u2013-Samh\u00e4llsentrepren\u00f6r.png\" alt=\"\" class=\"wp-image-2337\" srcset=\"https:\/\/samhallsentreprenor.glokala.net\/2019-2020\/wp-content\/uploads\/2020\/05\/Screenshot_2020-05-08-Forum-\u2013-Caf\u00e9et-\u2013-kursforum-\u2013-Samh\u00e4llsentrepren\u00f6r.png 686w, https:\/\/samhallsentreprenor.glokala.net\/2019-2020\/wp-content\/uploads\/2020\/05\/Screenshot_2020-05-08-Forum-\u2013-Caf\u00e9et-\u2013-kursforum-\u2013-Samh\u00e4llsentrepren\u00f6r-400x500.png 400w, https:\/\/samhallsentreprenor.glokala.net\/2019-2020\/wp-content\/uploads\/2020\/05\/Screenshot_2020-05-08-Forum-\u2013-Caf\u00e9et-\u2013-kursforum-\u2013-Samh\u00e4llsentrepren\u00f6r-624x780.png 624w\" sizes=\"auto, (max-width: 686px) 100vw, 686px\" \/><\/a><\/figure>\n\n\n\n<hr class=\"wp-block-separator\"\/>\n\n\n\n<p><strong>6-7 maj tr\u00e4ffas vi online f\u00f6r n\u00e5gra sessioner tillsammans! <\/strong>Vi har valt tider p\u00e5 eftermiddagen onsdag 6 maj och f\u00f6rmiddagen 7 maj, och vi hoppas att det \u00e4r tider som ska fungera f\u00f6r m\u00e5nga. Under onsdagens pass har vi framf\u00f6r allt tid f\u00f6r samtal utifr\u00e5n utvecklingen med era id\u00e9er\/projekt\/initiativ. P\u00e5 torsdagen har vi bjudit in tv\u00e5 g\u00e4ster f\u00f6r samtal, ett alternativ till att g\u00f6ra studiebes\u00f6k p\u00e5 plats! Kurstr\u00e4ffen g\u00f6rs tillsammans Samh\u00e4llsentrepren\u00f6r + f\u00f6rdjupning.<\/p>\n\n\n\n<p><strong>Meddela din medverkan<\/strong> via <a href=\"https:\/\/forms.gle\/BrJJVYs1GSYPT8bRA\" target=\"_blank\" rel=\"noreferrer noopener\">det h\u00e4r formul\u00e4ret: https:\/\/forms.gle\/BrJJVYs1GSYPT8bRA<\/a><\/p>\n\n\n\n<p><strong>Kurstr\u00e4ffen g\u00f6r vi med Zoom<\/strong>, du ansluter via l\u00e4nken: <a rel=\"noreferrer noopener\" href=\"https:\/\/us02web.zoom.us\/j\/82930963772\" target=\"_blank\">https:\/\/us02web.zoom.us\/j\/82930963772<\/a><br>Du kan delta fr\u00e5n en dator, platta eller smart telefon.<\/p>\n\n\n\n<h2 class=\"wp-block-heading\">Program<\/h2>\n\n\n\n<h3 class=\"wp-block-heading\">6 maj, 15:00 &#8211; 18:00<\/h3>\n\n\n\n<p><strong>15:00 Incheckning<\/strong>, och introduktion till programmet<\/p>\n\n\n\n<p><strong>15:30 &#8211; 17:30 Fokus p\u00e5 utvecklingen i id\u00e9er\/initiativ\/projekt i gruppen<\/strong><br>Kort presentation fr\u00e5n var och en, gemensam feedback. F\u00f6rbered g\u00e4rna fr\u00e5gor, saker du funderar \u00f6ver i din utveckling, som du g\u00e4rna vill f\u00e5 input p\u00e5.<\/p>\n\n\n\n<p><strong>17:30 &#8211; 18:00 F\u00f6rhandsvisning &#8211; smygpremi\u00e4r! Kortfilmer fr\u00e5n projektet Bilden av bygden.<\/strong> Presentation och kommentarer med Nils Phillips.<br>Vi f\u00e5r chansen att redan innan de \u00e4r lanserade se tv\u00e5 korta filmer som har producerats i projektet Bilden av bygden; om organisering, gemensamt \u00e4gande och delaktighet.<br>Nils Phillips, verksamhetsledare <a rel=\"noreferrer noopener\" href=\"https:\/\/ideburenutveckling.se\/\" target=\"_blank\">Id\u00e9buren utveckling<\/a>, \u00e4r med och introducerar filmerna.<\/p>\n\n\n\n<h3 class=\"wp-block-heading\">7 maj, 9:00 &#8211; 12:00<\/h3>\n\n\n\n<p><strong>9:00 Incheckning<\/strong>, tankar fr\u00e5n onsdagen<\/p>\n\n\n\n<div class=\"wp-block-image\"><figure class=\"alignright size-large is-resized\"><img loading=\"lazy\" decoding=\"async\" src=\"https:\/\/sopact.org\/wp-content\/uploads\/2019\/09\/Artboard-3-300x300.jpg\" alt=\"\" width=\"205\" height=\"205\"\/><figcaption>Joakim Grina<\/figcaption><\/figure><\/div>\n\n\n\n<p><strong>9:30 &#8211; 10:30 Samtal med Joakim Grina, <a rel=\"noreferrer noopener\" href=\"https:\/\/sopact.org\/om-sopact\/\" target=\"_blank\">SOPACT<\/a>.<\/strong> Om deras l\u00e4rprocess med <a rel=\"noreferrer noopener\" href=\"https:\/\/sopact.org\/sopact-en-behovsdriven-larprocess\/\" target=\"_blank\">&#8221;behovsdrivet st\u00f6d till sociala innovat\u00f6rer&#8221;<\/a>, som drivs under tv\u00e5 \u00e5r 2019-2020. <br>Utg\u00e5ngspunkten \u00e4r samh\u00e4llsutmaningar som fyra kommunala f\u00f6rvaltningar i Helsingborg har identifierat. Till dessa utmaningar matchas innovat\u00f6rer\/samh\u00e4llsentrepren\u00f6rer som har samh\u00e4llsf\u00f6rb\u00e4ttrande id\u00e9er. Vilka \u00e4r l\u00e4rdomarna s\u00e5 h\u00e4r l\u00e5ngt? Skulle arbetss\u00e4ttet kunna spridas till fler platser?<\/p>\n\n\n\n<p>+ l\u00e4s ett inl\u00e4gg om hur Joakims arbete ser ut i Coronatider: <a href=\"https:\/\/sopact.org\/2020\/04\/14\/joakim-grina-om-rutiner-och-inspiration-i-tider-av-corona\/\" target=\"_blank\" rel=\"noreferrer noopener\">&#8221;Joakim Grina om rutiner och inspiration i tider av Corona.&#8221;<\/a><\/p>\n\n\n\n<p><em>10:30 &#8211; 10:45 Paus<\/em><\/p>\n\n\n\n<div class=\"wp-block-image\"><figure class=\"alignright size-large is-resized\"><img loading=\"lazy\" decoding=\"async\" src=\"https:\/\/digidemlab.org\/uploads\/petter.jpg\" alt=\"\" width=\"272\" height=\"193\"\/><figcaption>Petter Joelson<\/figcaption><\/figure><\/div>\n\n\n\n<p><strong>10:45 &#8211; 11.45 <a rel=\"noreferrer noopener\" href=\"https:\/\/digidemlab.org\/\" target=\"_blank\">Digidem Lab<\/a>. Samtal med Petter Joelson<\/strong>, medgrundare av Digidem Lab och initiativtagare till <a rel=\"noreferrer noopener\" href=\"http:\/\/civictech.se\/\" target=\"_blank\">Civic Tech Sweden<\/a>.<br>&#8221;Digidem Lab erbjuder tj\u00e4nster och utvecklar metoder och verktyg f\u00f6r framtidens deltagande demokrati&#8221;.<\/p>\n\n\n\n<p>Vi pratar om de initiativ f\u00f6r medborgardeltagande &#8211; med hj\u00e4lp av digitala verktyg &#8211; som Digidem lab \u00e4r med och utvecklar. De senaste \u00e5ren har de <a rel=\"noreferrer noopener\" href=\"https:\/\/digidemlab.org\/work\/\" target=\"_blank\">bland annat genomf\u00f6rt deltagande budgetprocesser i G\u00f6teborg, och utvecklat medborgarinvolvering i Madrid<\/a>.<\/p>\n\n\n\n<p>+ Petter \u00e4r \u00e4ven en av initiativtagarna till <a href=\"https:\/\/collective.tools\/\" target=\"_blank\" rel=\"noreferrer noopener\">Collective.tools<\/a> som vi har n\u00e4mnt i <a href=\"https:\/\/samhallsentreprenor.glokala.net\/2019-2020\/modul-4\/v-16-digitala-verktyg-for-samarbete\/\">temat om digitala verktyg<\/a>.<\/p>\n\n\n\n<p><strong>11:45 &#8211; 12:00 Utcheckning<\/strong><\/p>\n\n\n\n<h2 class=\"wp-block-heading\">Information f\u00f6r att delta<\/h2>\n\n\n\n<p><strong>Att anv\u00e4nda Zoom:<\/strong><br>\u2013 Anslut med l\u00e4nken: <a rel=\"noreferrer noopener\" href=\"https:\/\/us02web.zoom.us\/j\/82930963772\" target=\"_blank\">https:\/\/us02web.zoom.us\/j\/82930963772<\/a><br>\u2013 Om du inte har anv\u00e4nt Zoom tidigare blir du ombedd att ladda ner och installera programvara f\u00f6r att delta (du kan <a rel=\"noreferrer noopener\" href=\"https:\/\/zoom.us\/download#client_4meeting\" target=\"_blank\">ladda ner i f\u00f6rv\u00e4g h\u00e4r \u2192<\/a>)<br>\u2013 Pr\u00f6va att delta i ett Zoom-m\u00f6te genom <a rel=\"noreferrer noopener\" href=\"https:\/\/zoom.us\/test\" target=\"_blank\">https:\/\/zoom.us\/test<\/a><\/p>\n\n\n\n<p><strong>Att t\u00e4nka p\u00e5 n\u00e4r du deltar:<\/strong><br>\u2013 Anv\u00e4nd g\u00e4rna headset \/ h\u00f6rlurar f\u00f6r att h\u00f6ra bra, och undvika st\u00f6rande ljud under samtalet.<br>\u2013 N\u00e4r du inte sj\u00e4lv pratar \u00e4r det bra att st\u00e4nga av ljudet p\u00e5 din mikrofon via \u201dmute\u201d-funktionen. Det minskar risken f\u00f6r rundg\u00e5ng och st\u00f6rande bakgrundsljud.<br>\u2013 Klicka upp chattdelen d\u00e4r text kan skrivas, s\u00e5 kan vi st\u00e4lla fr\u00e5gor, tipsa om l\u00e4nkar mm direkt i chatten samtidigt som vi pratar.<\/p>\n","protected":false},"excerpt":{"rendered":"<p>Inspelade samtal med g\u00e4sterSe inspelningar fr\u00e5n torsdagens samtal med inbjudna g\u00e4ster i kursforumet!https:\/\/samhallsentreprenor.glokala.net\/2019-2020\/grupper\/cafeet-kursforum\/forum\/topic\/inspelade-samtal-med-gaster-kurstraffen-6-7-maj-online\/ 6-7 maj tr\u00e4ffas vi online f\u00f6r n\u00e5gra sessioner tillsammans! Vi har valt tider p\u00e5 eftermiddagen onsdag 6 maj och f\u00f6rmiddagen 7 maj, och vi hoppas att det \u00e4r tider som ska fungera f\u00f6r m\u00e5nga. Under onsdagens pass har vi framf\u00f6r allt tid [&hellip;]<\/p>\n","protected":false},"author":1,"featured_media":0,"parent":2117,"menu_order":0,"comment_status":"open","ping_status":"closed","template":"","meta":{"_bbp_topic_count":0,"_bbp_reply_count":0,"_bbp_total_topic_count":0,"_bbp_total_reply_count":0,"_bbp_voice_count":0,"_bbp_anonymous_reply_count":0,"_bbp_topic_count_hidden":0,"_bbp_reply_count_hidden":0,"_bbp_forum_subforum_count":0,"jetpack_post_was_ever_published":false,"footnotes":""},"class_list":["post-2295","page","type-page","status-publish","hentry"],"jetpack_sharing_enabled":true,"_links":{"self":[{"href":"https:\/\/samhallsentreprenor.glokala.net\/2019-2020\/wp-json\/wp\/v2\/pages\/2295","targetHints":{"allow":["GET"]}}],"collection":[{"href":"https:\/\/samhallsentreprenor.glokala.net\/2019-2020\/wp-json\/wp\/v2\/pages"}],"about":[{"href":"https:\/\/samhallsentreprenor.glokala.net\/2019-2020\/wp-json\/wp\/v2\/types\/page"}],"author":[{"embeddable":true,"href":"https:\/\/samhallsentreprenor.glokala.net\/2019-2020\/wp-json\/wp\/v2\/users\/1"}],"replies":[{"embeddable":true,"href":"https:\/\/samhallsentreprenor.glokala.net\/2019-2020\/wp-json\/wp\/v2\/comments?post=2295"}],"version-history":[{"count":0,"href":"https:\/\/samhallsentreprenor.glokala.net\/2019-2020\/wp-json\/wp\/v2\/pages\/2295\/revisions"}],"up":[{"embeddable":true,"href":"https:\/\/samhallsentreprenor.glokala.net\/2019-2020\/wp-json\/wp\/v2\/pages\/2117"}],"wp:attachment":[{"href":"https:\/\/samhallsentreprenor.glokala.net\/2019-2020\/wp-json\/wp\/v2\/media?parent=2295"}],"curies":[{"name":"wp","href":"https:\/\/api.w.org\/{rel}","templated":true}]}}