{"id":2306,"date":"2020-04-27T07:56:00","date_gmt":"2020-04-27T05:56:00","guid":{"rendered":"https:\/\/samhallsentreprenor.glokala.net\/2019-2020\/?page_id=2306"},"modified":"2020-04-27T09:46:06","modified_gmt":"2020-04-27T07:46:06","slug":"v-18-utvardering-fordjupning-aktuell-inspiration","status":"publish","type":"page","link":"https:\/\/samhallsentreprenor.glokala.net\/2019-2020\/modul-4\/v-18-utvardering-fordjupning-aktuell-inspiration\/","title":{"rendered":"v 18 Utv\u00e4rdering f\u00f6rdjupning + aktuell inspiration"},"content":{"rendered":"\n<h4 class=\"wp-block-heading\">Inspiration: Samtal \u2013 Hack the Crisis<\/h4>\n\n\n\n<blockquote class=\"wp-block-quote is-style-large is-layout-flow wp-block-quote-is-layout-flow\"><p>\u201cAlla id\u00e9er beh\u00f6vs \/\u2026\/ varje person kan vara med och bidra p\u00e5 ett eller annat s\u00e4tt.\u201d<\/p><\/blockquote>\n\n\n\n<p>Intervju och samtal med Christian Boysen-Dinesen i <a href=\"https:\/\/samhallsentreprenor.glokala.net\/she2\/\" target=\"_blank\" rel=\"noreferrer noopener\">Samh\u00e4llsentrepren\u00f6r f\u00f6rdjupning<\/a> som h\u00e4romveckan (3-6 april) var med i hackathon-eventet Hack the Crisis (Sverige)! Vi pratar om hur det funkade, intrycken och n\u00e5gra av id\u00e9erna som v\u00e4xte fram.<\/p>\n\n\n\n<p>L\u00e4s om ett urval av de id\u00e9er som tags fram under dagarna p\u00e5: <a href=\"https:\/\/www.hackthecrisis.se\/winners\" target=\"_blank\" rel=\"noreferrer noopener\">https:\/\/www.hackthecrisis.se\/winners<\/a><\/p>\n\n\n\n<figure class=\"wp-block-embed-vimeo wp-block-embed is-type-video is-provider-vimeo wp-embed-aspect-16-9 wp-has-aspect-ratio\"><div class=\"wp-block-embed__wrapper\">\n<iframe loading=\"lazy\" title=\"Samtal - Hack the Crisis\" src=\"https:\/\/player.vimeo.com\/video\/410174962?dnt=1&amp;app_id=122963\" width=\"500\" height=\"281\" frameborder=\"0\" allow=\"autoplay; fullscreen; picture-in-picture; clipboard-write\"><\/iframe>\n<\/div><\/figure>\n\n\n\n<div class=\"wp-block-image\"><figure class=\"alignright size-medium is-resized\"><img loading=\"lazy\" decoding=\"async\" data-attachment-id=\"2309\" data-permalink=\"https:\/\/samhallsentreprenor.glokala.net\/2019-2020\/modul-4\/v-18-utvardering-fordjupning-aktuell-inspiration\/attachment\/screenshot_2020-04-22-your-local-hero\/\" data-orig-file=\"https:\/\/samhallsentreprenor.glokala.net\/2019-2020\/wp-content\/uploads\/2020\/04\/Screenshot_2020-04-22-Your-Local-Hero.jpg\" data-orig-size=\"1555,732\" data-comments-opened=\"1\" data-image-meta=\"{&quot;aperture&quot;:&quot;0&quot;,&quot;credit&quot;:&quot;&quot;,&quot;camera&quot;:&quot;&quot;,&quot;caption&quot;:&quot;&quot;,&quot;created_timestamp&quot;:&quot;0&quot;,&quot;copyright&quot;:&quot;&quot;,&quot;focal_length&quot;:&quot;0&quot;,&quot;iso&quot;:&quot;0&quot;,&quot;shutter_speed&quot;:&quot;0&quot;,&quot;title&quot;:&quot;&quot;,&quot;orientation&quot;:&quot;0&quot;}\" data-image-title=\"Screenshot_2020-04-22-Your-Local-Hero\" data-image-description=\"\" data-image-caption=\"\" data-large-file=\"https:\/\/samhallsentreprenor.glokala.net\/2019-2020\/wp-content\/uploads\/2020\/04\/Screenshot_2020-04-22-Your-Local-Hero-1024x482.jpg\" src=\"https:\/\/samhallsentreprenor.glokala.net\/2019-2020\/wp-content\/uploads\/2020\/04\/Screenshot_2020-04-22-Your-Local-Hero-500x235.jpg\" alt=\"\" class=\"wp-image-2309\" width=\"306\" height=\"144\" srcset=\"https:\/\/samhallsentreprenor.glokala.net\/2019-2020\/wp-content\/uploads\/2020\/04\/Screenshot_2020-04-22-Your-Local-Hero-500x235.jpg 500w, https:\/\/samhallsentreprenor.glokala.net\/2019-2020\/wp-content\/uploads\/2020\/04\/Screenshot_2020-04-22-Your-Local-Hero-1024x482.jpg 1024w, https:\/\/samhallsentreprenor.glokala.net\/2019-2020\/wp-content\/uploads\/2020\/04\/Screenshot_2020-04-22-Your-Local-Hero-768x362.jpg 768w, https:\/\/samhallsentreprenor.glokala.net\/2019-2020\/wp-content\/uploads\/2020\/04\/Screenshot_2020-04-22-Your-Local-Hero-1536x723.jpg 1536w, https:\/\/samhallsentreprenor.glokala.net\/2019-2020\/wp-content\/uploads\/2020\/04\/Screenshot_2020-04-22-Your-Local-Hero-624x294.jpg 624w, https:\/\/samhallsentreprenor.glokala.net\/2019-2020\/wp-content\/uploads\/2020\/04\/Screenshot_2020-04-22-Your-Local-Hero.jpg 1555w\" sizes=\"auto, (max-width: 306px) 100vw, 306px\" \/><\/figure><\/div>\n\n\n\n<p>Under samtalet pratar vi ocks\u00e5 bredare om initiativ som tas f\u00f6r att st\u00f6dja i krisen. Ett av de lokala initiativ som Christian ber\u00e4ttar om \u00e4r <strong><a rel=\"noreferrer noopener\" href=\"https:\/\/www.yourlocalhero.org\/\" target=\"_blank\">Your Local Hero<\/a><\/strong> som snabbt har etablerats f\u00f6r att st\u00f6dja restauranger\/caf\u00e9er.<\/p>\n\n\n\n<p>L\u00e4s \u00e4ven om <a rel=\"noreferrer noopener\" href=\"https:\/\/malmo.volontarbyran.org\/\" target=\"_blank\">ett nytt lokalt samarbete mellan Malm\u00f6 Ideella och Volont\u00e4rbyr\u00e5n<\/a> som lanserades 20 april:<br><a rel=\"noreferrer noopener\" href=\"https:\/\/www.sydsvenskan.se\/2020-04-20\/ny-sajt-ska-underlatta-for-foreningslivet-inte-alltid-latt\" target=\"_blank\"><strong>Ny sajt ska underl\u00e4tta f\u00f6r f\u00f6reningslivet: \u201dInte alltid l\u00e4tt att veta var man beh\u00f6vs\u201d (Sydsvenskan)<\/strong><\/a><\/p>\n\n\n\n<hr class=\"wp-block-separator\"\/>\n\n\n\n<h2 class=\"wp-block-heading\">Utv\u00e4rdering &#8211; f\u00f6rdjupning<\/h2>\n\n\n\n<p><em>Om l\u00e4rande utv\u00e4rdering genom f\u00f6ljeforskning, och resonemang om f\u00f6r\u00e4ndringsteori (\u201dTheory of change\u201d).<\/em><\/p>\n\n\n\n<div class=\"wp-block-file\"><a href=\"https:\/\/samhallsentreprenor.glokala.net\/2019-2020\/wp-content\/uploads\/2020\/04\/utv\u00e4rdering-2_she_glokala.pptx\" target=\"_blank\" rel=\"noreferrer noopener\">Presentation (powerpoint)<\/a><a href=\"https:\/\/samhallsentreprenor.glokala.net\/2019-2020\/wp-content\/uploads\/2020\/04\/utv\u00e4rdering-2_she_glokala.pptx\" class=\"wp-block-file__button\" download>Ladda ner<\/a><\/div>\n\n\n\n<div class=\"wp-block-file\"><a href=\"https:\/\/samhallsentreprenor.glokala.net\/2019-2020\/wp-content\/uploads\/2020\/04\/utvardering-2_she_glokala.pdf\" target=\"_blank\" rel=\"noreferrer noopener\">Presentation (pdf)<\/a><a href=\"https:\/\/samhallsentreprenor.glokala.net\/2019-2020\/wp-content\/uploads\/2020\/04\/utvardering-2_she_glokala.pdf\" class=\"wp-block-file__button\" download>Ladda ner<\/a><\/div>\n\n\n\n<p><strong><a href=\"https:\/\/vimeo.com\/165673411\">Video:<\/a><\/strong><\/p>\n\n\n\n<figure class=\"wp-block-embed-vimeo wp-block-embed is-type-video is-provider-vimeo wp-embed-aspect-16-9 wp-has-aspect-ratio\"><div class=\"wp-block-embed__wrapper\">\n<iframe loading=\"lazy\" title=\"utv\u00e4rdering - f\u00f6rel\u00e4sning 2\" src=\"https:\/\/player.vimeo.com\/video\/165673411?dnt=1&amp;app_id=122963\" width=\"500\" height=\"281\" frameborder=\"0\" allow=\"autoplay; fullscreen; picture-in-picture; clipboard-write\"><\/iframe>\n<\/div><\/figure>\n\n\n\n<h3 class=\"wp-block-heading\">Inspiration: Appreciative inquiry<\/h3>\n\n\n\n<p>En metod f\u00f6r utv\u00e4rdering och organisationsutveckling som n\u00e4mns i kapitel 3:4 i Samh\u00e4llets entrepren\u00f6rer \u00e4r <strong>Appreciative inquiry<\/strong> (AI). I den h\u00e4r metoden ligger fokuset p\u00e5 styrkor och uppskattning. Utg\u00e5ngspunkten \u00e4r att s\u00f6ka efter det som fungerar och analysera varf\u00f6r det fungerar, men ocks\u00e5 att l\u00e5ta deltagarna utveckla dr\u00f6mmar \/visioner om hur det skulle kunna vara; att d\u00e4refter v\u00e4lja v\u00e4gar\/modeller f\u00f6r hur man skulle kunna rikta verksamheten mot dessa visioner.<\/p>\n\n\n\n<p>F\u00f6r den som vill veta lite mer p\u00e5 djupet om bakgrunden och principerna: <a href=\"https:\/\/beedie.sfu.ca\/sms\/admin\/_DocLibrary\/_ic\/33eb87a3379d71252e30f48e96c9bc6a.pdf\" target=\"_blank\" rel=\"noreferrer noopener\">https:\/\/beedie.sfu.ca\/sms\/admin\/_DocLibrary\/_ic\/33eb87a3379d71252e30f48e96c9bc6a.pdf<\/a><\/p>\n\n\n\n<p>Det finns ocks\u00e5 \u00f6ppna portaler med material f\u00f6r den som vill pr\u00f6va att utforska appreciative inquiry i praktiken:<br><a href=\"https:\/\/appreciativeinquiry.champlain.edu\/\" target=\"_blank\" rel=\"noreferrer noopener\">https:\/\/appreciativeinquiry.champlain.edu\/<\/a><br><a rel=\"noreferrer noopener\" href=\"http:\/\/www.kstoolkit.org\/Appreciative+Inquiry\" target=\"_blank\">http:\/\/www.kstoolkit.org\/Appreciative+Inquiry<\/a><\/p>\n\n\n\n<p>I boken <a href=\"https:\/\/styrkebaserad.org\/boken-styrkebaserad-teamutveckling\/\">\u201dStyrkebaserad Teamutveckling\u201d<\/a> beskrivs hur arbetet med Appreciative inquiry kan se ut och g\u00e5 till.<\/p>\n\n\n\n<h3 class=\"wp-block-heading\">Ytterligare inspiration om utv\u00e4rdering<\/h3>\n\n\n\n<p><a rel=\"noreferrer noopener\" href=\"http:\/\/www.socialinnovation.se\/wp-content\/uploads\/2018\/11\/MSI_Handbok_Effektm%C3%A4tning_Digital_181106.pdf\" target=\"_blank\">\u201cAlla pratar om det, men f\u00e5 g\u00f6r det \u2013 en handbok i effektm\u00e4tning\u201d \u2013 l\u00e4nk<\/a><br>M\u00f6tesplats Social Innovation, 2018<\/p>\n\n\n\n<p>Om l\u00e4rande utv\u00e4rdering och f\u00f6ljeforskning (antologi): <a rel=\"noreferrer noopener\" href=\"http:\/\/www.ltu.se\/cms_fs\/1.86902%21\/file\/Samling%20av%20kurspapers%20l%C3%A4rande%20utv%C3%A4rdering.pdf\" target=\"_blank\">http:\/\/www.ltu.se\/cms_fs\/1.86902!\/file\/Samling%20av%20kurspapers%20l\u00e4rande%20utv\u00e4rdering.pdf<\/a><\/p>\n\n\n\n<p>Om programteori: <a href=\"https:\/\/www.mah.se\/upload\/Samverkan\/utvardering\/programteoretisktLarande.pdf\">https:\/\/www.mah.se\/upload\/Samverkan\/utvardering\/programteoretisktLarande.pdf<\/a><\/p>\n\n\n\n<p>Intressentutv\u00e4rdering: <a href=\"https:\/\/www.racialequitytools.org\/resourcefiles\/apr02.pdf\" target=\"_blank\" rel=\"noreferrer noopener\">https:\/\/www.racialequitytools.org\/resourcefiles\/apr02.pdf<\/a><\/p>\n\n\n\n<p><\/p>\n","protected":false},"excerpt":{"rendered":"<p>Inspiration: Samtal \u2013 Hack the Crisis \u201cAlla id\u00e9er beh\u00f6vs \/\u2026\/ varje person kan vara med och bidra p\u00e5 ett eller annat s\u00e4tt.\u201d Intervju och samtal med Christian Boysen-Dinesen i Samh\u00e4llsentrepren\u00f6r f\u00f6rdjupning som h\u00e4romveckan (3-6 april) var med i hackathon-eventet Hack the Crisis (Sverige)! Vi pratar om hur det funkade, intrycken och n\u00e5gra av id\u00e9erna som [&hellip;]<\/p>\n","protected":false},"author":1,"featured_media":0,"parent":2117,"menu_order":0,"comment_status":"open","ping_status":"closed","template":"","meta":{"_bbp_topic_count":0,"_bbp_reply_count":0,"_bbp_total_topic_count":0,"_bbp_total_reply_count":0,"_bbp_voice_count":0,"_bbp_anonymous_reply_count":0,"_bbp_topic_count_hidden":0,"_bbp_reply_count_hidden":0,"_bbp_forum_subforum_count":0,"jetpack_post_was_ever_published":false,"footnotes":""},"class_list":["post-2306","page","type-page","status-publish","hentry"],"jetpack_sharing_enabled":true,"_links":{"self":[{"href":"https:\/\/samhallsentreprenor.glokala.net\/2019-2020\/wp-json\/wp\/v2\/pages\/2306","targetHints":{"allow":["GET"]}}],"collection":[{"href":"https:\/\/samhallsentreprenor.glokala.net\/2019-2020\/wp-json\/wp\/v2\/pages"}],"about":[{"href":"https:\/\/samhallsentreprenor.glokala.net\/2019-2020\/wp-json\/wp\/v2\/types\/page"}],"author":[{"embeddable":true,"href":"https:\/\/samhallsentreprenor.glokala.net\/2019-2020\/wp-json\/wp\/v2\/users\/1"}],"replies":[{"embeddable":true,"href":"https:\/\/samhallsentreprenor.glokala.net\/2019-2020\/wp-json\/wp\/v2\/comments?post=2306"}],"version-history":[{"count":0,"href":"https:\/\/samhallsentreprenor.glokala.net\/2019-2020\/wp-json\/wp\/v2\/pages\/2306\/revisions"}],"up":[{"embeddable":true,"href":"https:\/\/samhallsentreprenor.glokala.net\/2019-2020\/wp-json\/wp\/v2\/pages\/2117"}],"wp:attachment":[{"href":"https:\/\/samhallsentreprenor.glokala.net\/2019-2020\/wp-json\/wp\/v2\/media?parent=2306"}],"curies":[{"name":"wp","href":"https:\/\/api.w.org\/{rel}","templated":true}]}}