{"id":2339,"date":"2020-05-11T08:06:00","date_gmt":"2020-05-11T06:06:00","guid":{"rendered":"https:\/\/samhallsentreprenor.glokala.net\/2019-2020\/?page_id=2339"},"modified":"2020-05-08T11:06:53","modified_gmt":"2020-05-08T09:06:53","slug":"v-20-tid-for-uppgift-10-tips","status":"publish","type":"page","link":"https:\/\/samhallsentreprenor.glokala.net\/2019-2020\/modul-4\/v-20-tid-for-uppgift-10-tips\/","title":{"rendered":"v 20 Tid f\u00f6r uppgift 10 + tips"},"content":{"rendered":"\n<p>Den h\u00e4r veckan finns det tid f\u00f6r att arbeta med <strong><a href=\"https:\/\/samhallsentreprenor.glokala.net\/2019-2020\/modul-4\/v-14-perspektiv-pa-verksamhetsplaner-affarsplaner\/uppgift-10-reflektion-kring-projektledning\/\">uppgift 10: Reflektion kring projektledning<\/a><\/strong>.<br><strong>Inl\u00e4mning<\/strong> 25 maj.<\/p>\n\n\n\n<hr class=\"wp-block-separator\"\/>\n\n\n\n<h2 class=\"wp-block-heading\">Tips i veckan!<\/h2>\n\n\n\n<p><strong>13 maj, 09:00 &#8211; 10:00: <a href=\"https:\/\/www.eventbrite.com\/e\/webinar-digital-medborgarbudget-tickets-103318173438\" target=\"_blank\" rel=\"noreferrer noopener\">Webinar &#8211; Digitala medborgarbudgetar<\/a><\/strong><br>P\u00e5 kurstr\u00e4ffen pratade vi med Petter Joelson fr\u00e5n Digidem Lab. 13 maj bjuder de in till ett \u00f6ppet webinar d\u00e5 de ber\u00e4ttar mer om hur genomf\u00f6rande av digitala medborgarbudgetar kan fungera!<\/p>\n\n\n\n<p><strong>11-20 maj: <a rel=\"noreferrer noopener\" href=\"https:\/\/www.starting.gd\/\" target=\"_blank\">#StartingGood Virtual Summit<\/a><\/strong><br>Under en dryg vecka bjuder StartSomeGood in till onlinekonferens med fokus p\u00e5 hur samh\u00e4llsentrepren\u00f6rer kan skapa positiv f\u00f6r\u00e4ndring. Gratis att delta!<br>\u201cOver ten days in May we bring together 20+ world-renowned social entrepreneurs, changemakers, and innovation leaders \/\u2026\/\u201d<\/p>\n\n\n\n<figure class=\"wp-block-image size-large\"><img loading=\"lazy\" decoding=\"async\" width=\"600\" height=\"230\" data-attachment-id=\"2293\" data-permalink=\"https:\/\/samhallsentreprenor.glokala.net\/2019-2020\/modul-4\/attachment\/3bf4fd98-startinggood-2020-logo-600_000000000000000000001\/\" data-orig-file=\"https:\/\/samhallsentreprenor.glokala.net\/2019-2020\/wp-content\/uploads\/2020\/04\/3bf4fd98-startinggood-2020-logo-600_000000000000000000001.png\" data-orig-size=\"600,230\" data-comments-opened=\"1\" data-image-meta=\"{&quot;aperture&quot;:&quot;0&quot;,&quot;credit&quot;:&quot;&quot;,&quot;camera&quot;:&quot;&quot;,&quot;caption&quot;:&quot;&quot;,&quot;created_timestamp&quot;:&quot;0&quot;,&quot;copyright&quot;:&quot;&quot;,&quot;focal_length&quot;:&quot;0&quot;,&quot;iso&quot;:&quot;0&quot;,&quot;shutter_speed&quot;:&quot;0&quot;,&quot;title&quot;:&quot;&quot;,&quot;orientation&quot;:&quot;0&quot;}\" data-image-title=\"3bf4fd98-startinggood-2020-logo-600_000000000000000000001\" data-image-description=\"\" data-image-caption=\"\" data-large-file=\"https:\/\/samhallsentreprenor.glokala.net\/2019-2020\/wp-content\/uploads\/2020\/04\/3bf4fd98-startinggood-2020-logo-600_000000000000000000001.png\" src=\"https:\/\/samhallsentreprenor.glokala.net\/2019-2020\/wp-content\/uploads\/2020\/04\/3bf4fd98-startinggood-2020-logo-600_000000000000000000001.png\" alt=\"\" class=\"wp-image-2293\" srcset=\"https:\/\/samhallsentreprenor.glokala.net\/2019-2020\/wp-content\/uploads\/2020\/04\/3bf4fd98-startinggood-2020-logo-600_000000000000000000001.png 600w, https:\/\/samhallsentreprenor.glokala.net\/2019-2020\/wp-content\/uploads\/2020\/04\/3bf4fd98-startinggood-2020-logo-600_000000000000000000001-500x192.png 500w\" sizes=\"auto, (max-width: 600px) 100vw, 600px\" \/><\/figure>\n\n\n\n<hr class=\"wp-block-separator\"\/>\n\n\n\n<h2 class=\"wp-block-heading\">Inspelade samtal med g\u00e4ster &#8211; kurstr\u00e4ffen online<\/h2>\n\n\n\n<p>Se inspelningar fr\u00e5n samtal med inbjudna g\u00e4ster <a rel=\"noreferrer noopener\" href=\"https:\/\/samhallsentreprenor.glokala.net\/2019-2020\/grupper\/cafeet-kursforum\/forum\/topic\/inspelade-samtal-med-gaster-kurstraffen-6-7-maj-online\/\" target=\"_blank\">i kursforumet<\/a>:<br><a rel=\"noreferrer noopener\" href=\"https:\/\/samhallsentreprenor.glokala.net\/2019-2020\/grupper\/cafeet-kursforum\/forum\/topic\/inspelade-samtal-med-gaster-kurstraffen-6-7-maj-online\/\" target=\"_blank\">https:\/\/samhallsentreprenor.glokala.net\/2019-2020\/grupper\/cafeet-kursforum\/forum\/topic\/inspelade-samtal-med-gaster-kurstraffen-6-7-maj-online\/<\/a><\/p>\n\n\n\n<figure class=\"wp-block-image size-large\"><img loading=\"lazy\" decoding=\"async\" width=\"686\" height=\"857\" data-attachment-id=\"2337\" data-permalink=\"https:\/\/samhallsentreprenor.glokala.net\/2019-2020\/modul-4\/kurstraff-online-6-7-maj\/attachment\/screenshot_2020-05-08-forum-cafeet-kursforum-samhallsentreprenor\/\" data-orig-file=\"https:\/\/samhallsentreprenor.glokala.net\/2019-2020\/wp-content\/uploads\/2020\/05\/Screenshot_2020-05-08-Forum-\u2013-Caf\u00e9et-\u2013-kursforum-\u2013-Samh\u00e4llsentrepren\u00f6r.png\" data-orig-size=\"686,857\" data-comments-opened=\"1\" data-image-meta=\"{&quot;aperture&quot;:&quot;0&quot;,&quot;credit&quot;:&quot;&quot;,&quot;camera&quot;:&quot;&quot;,&quot;caption&quot;:&quot;&quot;,&quot;created_timestamp&quot;:&quot;0&quot;,&quot;copyright&quot;:&quot;&quot;,&quot;focal_length&quot;:&quot;0&quot;,&quot;iso&quot;:&quot;0&quot;,&quot;shutter_speed&quot;:&quot;0&quot;,&quot;title&quot;:&quot;&quot;,&quot;orientation&quot;:&quot;0&quot;}\" data-image-title=\"Screenshot_2020-05-08-Forum-\u2013-Caf\u00e9et-\u2013-kursforum-\u2013-Samh\u00e4llsentrepren\u00f6r\" data-image-description=\"\" data-image-caption=\"\" data-large-file=\"https:\/\/samhallsentreprenor.glokala.net\/2019-2020\/wp-content\/uploads\/2020\/05\/Screenshot_2020-05-08-Forum-\u2013-Caf\u00e9et-\u2013-kursforum-\u2013-Samh\u00e4llsentrepren\u00f6r.png\" src=\"https:\/\/samhallsentreprenor.glokala.net\/2019-2020\/wp-content\/uploads\/2020\/05\/Screenshot_2020-05-08-Forum-\u2013-Caf\u00e9et-\u2013-kursforum-\u2013-Samh\u00e4llsentrepren\u00f6r.png\" alt=\"\" class=\"wp-image-2337\" srcset=\"https:\/\/samhallsentreprenor.glokala.net\/2019-2020\/wp-content\/uploads\/2020\/05\/Screenshot_2020-05-08-Forum-\u2013-Caf\u00e9et-\u2013-kursforum-\u2013-Samh\u00e4llsentrepren\u00f6r.png 686w, https:\/\/samhallsentreprenor.glokala.net\/2019-2020\/wp-content\/uploads\/2020\/05\/Screenshot_2020-05-08-Forum-\u2013-Caf\u00e9et-\u2013-kursforum-\u2013-Samh\u00e4llsentrepren\u00f6r-400x500.png 400w, https:\/\/samhallsentreprenor.glokala.net\/2019-2020\/wp-content\/uploads\/2020\/05\/Screenshot_2020-05-08-Forum-\u2013-Caf\u00e9et-\u2013-kursforum-\u2013-Samh\u00e4llsentrepren\u00f6r-624x780.png 624w\" sizes=\"auto, (max-width: 686px) 100vw, 686px\" \/><\/figure>\n","protected":false},"excerpt":{"rendered":"<p>Den h\u00e4r veckan finns det tid f\u00f6r att arbeta med uppgift 10: Reflektion kring projektledning.Inl\u00e4mning 25 maj. Tips i veckan! 13 maj, 09:00 &#8211; 10:00: Webinar &#8211; Digitala medborgarbudgetarP\u00e5 kurstr\u00e4ffen pratade vi med Petter Joelson fr\u00e5n Digidem Lab. 13 maj bjuder de in till ett \u00f6ppet webinar d\u00e5 de ber\u00e4ttar mer om hur genomf\u00f6rande av [&hellip;]<\/p>\n","protected":false},"author":1,"featured_media":0,"parent":2117,"menu_order":0,"comment_status":"open","ping_status":"closed","template":"","meta":{"_bbp_topic_count":0,"_bbp_reply_count":0,"_bbp_total_topic_count":0,"_bbp_total_reply_count":0,"_bbp_voice_count":0,"_bbp_anonymous_reply_count":0,"_bbp_topic_count_hidden":0,"_bbp_reply_count_hidden":0,"_bbp_forum_subforum_count":0,"jetpack_post_was_ever_published":false,"footnotes":""},"class_list":["post-2339","page","type-page","status-publish","hentry"],"jetpack_sharing_enabled":true,"_links":{"self":[{"href":"https:\/\/samhallsentreprenor.glokala.net\/2019-2020\/wp-json\/wp\/v2\/pages\/2339","targetHints":{"allow":["GET"]}}],"collection":[{"href":"https:\/\/samhallsentreprenor.glokala.net\/2019-2020\/wp-json\/wp\/v2\/pages"}],"about":[{"href":"https:\/\/samhallsentreprenor.glokala.net\/2019-2020\/wp-json\/wp\/v2\/types\/page"}],"author":[{"embeddable":true,"href":"https:\/\/samhallsentreprenor.glokala.net\/2019-2020\/wp-json\/wp\/v2\/users\/1"}],"replies":[{"embeddable":true,"href":"https:\/\/samhallsentreprenor.glokala.net\/2019-2020\/wp-json\/wp\/v2\/comments?post=2339"}],"version-history":[{"count":0,"href":"https:\/\/samhallsentreprenor.glokala.net\/2019-2020\/wp-json\/wp\/v2\/pages\/2339\/revisions"}],"up":[{"embeddable":true,"href":"https:\/\/samhallsentreprenor.glokala.net\/2019-2020\/wp-json\/wp\/v2\/pages\/2117"}],"wp:attachment":[{"href":"https:\/\/samhallsentreprenor.glokala.net\/2019-2020\/wp-json\/wp\/v2\/media?parent=2339"}],"curies":[{"name":"wp","href":"https:\/\/api.w.org\/{rel}","templated":true}]}}