{"id":2344,"date":"2020-05-18T09:35:34","date_gmt":"2020-05-18T07:35:34","guid":{"rendered":"https:\/\/samhallsentreprenor.glokala.net\/2019-2020\/?page_id=2344"},"modified":"2020-05-18T09:37:14","modified_gmt":"2020-05-18T07:37:14","slug":"v-21-aktuella-perspektiv","status":"publish","type":"page","link":"https:\/\/samhallsentreprenor.glokala.net\/2019-2020\/modul-4\/v-21-aktuella-perspektiv\/","title":{"rendered":"v 21 Aktuella perspektiv"},"content":{"rendered":"\n<p>Fortsatt tid h\u00e4r veckan f\u00f6r arbete med <strong><a href=\"https:\/\/samhallsentreprenor.glokala.net\/2019-2020\/modul-4\/v-14-perspektiv-pa-verksamhetsplaner-affarsplaner\/uppgift-10-reflektion-kring-projektledning\/\">uppgift 10: Reflektion kring projektledning<\/a><\/strong>.<br><strong>Inl\u00e4mning<\/strong> 25 maj.<\/p>\n\n\n\n<hr class=\"wp-block-separator\"\/>\n\n\n\n<h2 class=\"wp-block-heading\"><a href=\"https:\/\/www.youtube.com\/watch?v=rnxCJ3Cqbto\" target=\"_blank\" rel=\"noreferrer noopener\">Inspiration &#8211; l\u00e5nglyssning:<\/a> Sustain What &#8211; Herman Daly and Kate Raworth on Pandemic-Resistant Economies<\/h2>\n\n\n\n<figure class=\"wp-block-embed-youtube wp-block-embed is-type-video is-provider-youtube wp-embed-aspect-16-9 wp-has-aspect-ratio\"><div class=\"wp-block-embed__wrapper\">\n<iframe loading=\"lazy\" title=\"Herman Daly and Kate Raworth on Pandemic-Resistant Economies\" width=\"500\" height=\"281\" src=\"https:\/\/www.youtube.com\/embed\/rnxCJ3Cqbto?feature=oembed\" frameborder=\"0\" allow=\"accelerometer; autoplay; clipboard-write; encrypted-media; gyroscope; picture-in-picture; web-share\" referrerpolicy=\"strict-origin-when-cross-origin\" allowfullscreen><\/iframe>\n<\/div><\/figure>\n\n\n\n<p>I ett samtal f\u00f6r drygt en m\u00e5nad sedan diskuterar Kate Raworth (som vi har <a href=\"https:\/\/samhallsentreprenor.glokala.net\/2019-2020\/v-4-intro-till-modul-3\/\" target=\"_blank\" rel=\"noreferrer noopener\">introducerat tidigare under kursen<\/a>) och Herman Daly f\u00f6ruts\u00e4ttningar f\u00f6r att f\u00f6r\u00e4ndra ekonomin &#8211; hur kan en ekonomi se ut som \u00e4r motst\u00e5ndskraftig vid kriser som en pandemi? Vilket momentum f\u00f6r f\u00f6r\u00e4ndringar skapas genom pandemin?<\/p>\n\n\n\n<blockquote class=\"wp-block-quote is-layout-flow wp-block-quote-is-layout-flow\"><p>&#8221;Join our special Earth Institute conversation with leading sustainability analysts from two generations rethinking how human progress should be pursued and measured. Herman E. Daly, a founding force behind \u201csteady-state economics,\u201d will examine possible paths to less fragile global systems with Kate Raworth, whose \u201cdoughnut economics\u201d model aims to build economic policies and metrics that put thriving ahead of growing. <\/p><p>SUSTAIN WHAT is a global conversation identifying solutions to the complicated, shape-shifting and epic challenges of humanity\u2019s Anthropocene moment. A prime focus is making sense of, and getting the most out of, the planet&#8217;s fast-forward information environment &#8212; the one Earth System changing faster than the actual environment. <\/p><p>The host is Andy Revkin, longtime environmental journalist and the founding director of Columbia University&#8217;s Earth Institute Initiative on Communication and Sustainability.&#8221;<\/p><\/blockquote>\n\n\n\n<hr class=\"wp-block-separator\"\/>\n\n\n\n<h2 class=\"wp-block-heading\">Tips 21 juni: <a href=\"https:\/\/worldlocalizationday.org\" target=\"_blank\" rel=\"noreferrer noopener\">World Localization Day &#8211; online<\/a><\/h2>\n\n\n\n<p>(Tack till Ilaria f\u00f6r tips!)<\/p>\n\n\n\n<p>Sp\u00e4nnande dag som planeras online s\u00f6ndagen 21 juni!<\/p>\n\n\n\n<p>&#8221;This online event will include talks, discussions, music and interspersed with celebrity endorsements, animations and political humour.&#8221;<\/p>\n\n\n\n<figure class=\"wp-block-image size-large\"><a href=\"https:\/\/worldlocalizationday.org\" target=\"_blank\" rel=\"noopener noreferrer\"><img loading=\"lazy\" decoding=\"async\" width=\"980\" height=\"914\" data-attachment-id=\"2345\" data-permalink=\"https:\/\/samhallsentreprenor.glokala.net\/2019-2020\/modul-4\/v-21-aktuella-perspektiv\/attachment\/screenshot_2020-05-18-world-localization-day\/\" data-orig-file=\"https:\/\/samhallsentreprenor.glokala.net\/2019-2020\/wp-content\/uploads\/2020\/05\/Screenshot_2020-05-18-World-Localization-Day.png\" data-orig-size=\"980,914\" data-comments-opened=\"1\" data-image-meta=\"{&quot;aperture&quot;:&quot;0&quot;,&quot;credit&quot;:&quot;&quot;,&quot;camera&quot;:&quot;&quot;,&quot;caption&quot;:&quot;&quot;,&quot;created_timestamp&quot;:&quot;0&quot;,&quot;copyright&quot;:&quot;&quot;,&quot;focal_length&quot;:&quot;0&quot;,&quot;iso&quot;:&quot;0&quot;,&quot;shutter_speed&quot;:&quot;0&quot;,&quot;title&quot;:&quot;&quot;,&quot;orientation&quot;:&quot;0&quot;}\" data-image-title=\"Screenshot_2020-05-18-World-Localization-Day\" data-image-description=\"\" data-image-caption=\"\" data-large-file=\"https:\/\/samhallsentreprenor.glokala.net\/2019-2020\/wp-content\/uploads\/2020\/05\/Screenshot_2020-05-18-World-Localization-Day.png\" src=\"https:\/\/samhallsentreprenor.glokala.net\/2019-2020\/wp-content\/uploads\/2020\/05\/Screenshot_2020-05-18-World-Localization-Day.png\" alt=\"\" class=\"wp-image-2345\" srcset=\"https:\/\/samhallsentreprenor.glokala.net\/2019-2020\/wp-content\/uploads\/2020\/05\/Screenshot_2020-05-18-World-Localization-Day.png 980w, https:\/\/samhallsentreprenor.glokala.net\/2019-2020\/wp-content\/uploads\/2020\/05\/Screenshot_2020-05-18-World-Localization-Day-500x466.png 500w, https:\/\/samhallsentreprenor.glokala.net\/2019-2020\/wp-content\/uploads\/2020\/05\/Screenshot_2020-05-18-World-Localization-Day-768x716.png 768w, https:\/\/samhallsentreprenor.glokala.net\/2019-2020\/wp-content\/uploads\/2020\/05\/Screenshot_2020-05-18-World-Localization-Day-624x582.png 624w\" sizes=\"auto, (max-width: 980px) 100vw, 980px\" \/><\/a><\/figure>\n","protected":false},"excerpt":{"rendered":"<p>Fortsatt tid h\u00e4r veckan f\u00f6r arbete med uppgift 10: Reflektion kring projektledning.Inl\u00e4mning 25 maj. Inspiration &#8211; l\u00e5nglyssning: Sustain What &#8211; Herman Daly and Kate Raworth on Pandemic-Resistant Economies I ett samtal f\u00f6r drygt en m\u00e5nad sedan diskuterar Kate Raworth (som vi har introducerat tidigare under kursen) och Herman Daly f\u00f6ruts\u00e4ttningar f\u00f6r att f\u00f6r\u00e4ndra ekonomin &#8211; [&hellip;]<\/p>\n","protected":false},"author":1,"featured_media":0,"parent":2117,"menu_order":0,"comment_status":"open","ping_status":"closed","template":"","meta":{"_bbp_topic_count":0,"_bbp_reply_count":0,"_bbp_total_topic_count":0,"_bbp_total_reply_count":0,"_bbp_voice_count":0,"_bbp_anonymous_reply_count":0,"_bbp_topic_count_hidden":0,"_bbp_reply_count_hidden":0,"_bbp_forum_subforum_count":0,"jetpack_post_was_ever_published":false,"footnotes":""},"class_list":["post-2344","page","type-page","status-publish","hentry"],"jetpack_sharing_enabled":true,"_links":{"self":[{"href":"https:\/\/samhallsentreprenor.glokala.net\/2019-2020\/wp-json\/wp\/v2\/pages\/2344","targetHints":{"allow":["GET"]}}],"collection":[{"href":"https:\/\/samhallsentreprenor.glokala.net\/2019-2020\/wp-json\/wp\/v2\/pages"}],"about":[{"href":"https:\/\/samhallsentreprenor.glokala.net\/2019-2020\/wp-json\/wp\/v2\/types\/page"}],"author":[{"embeddable":true,"href":"https:\/\/samhallsentreprenor.glokala.net\/2019-2020\/wp-json\/wp\/v2\/users\/1"}],"replies":[{"embeddable":true,"href":"https:\/\/samhallsentreprenor.glokala.net\/2019-2020\/wp-json\/wp\/v2\/comments?post=2344"}],"version-history":[{"count":0,"href":"https:\/\/samhallsentreprenor.glokala.net\/2019-2020\/wp-json\/wp\/v2\/pages\/2344\/revisions"}],"up":[{"embeddable":true,"href":"https:\/\/samhallsentreprenor.glokala.net\/2019-2020\/wp-json\/wp\/v2\/pages\/2117"}],"wp:attachment":[{"href":"https:\/\/samhallsentreprenor.glokala.net\/2019-2020\/wp-json\/wp\/v2\/media?parent=2344"}],"curies":[{"name":"wp","href":"https:\/\/api.w.org\/{rel}","templated":true}]}}