{"id":2350,"date":"2020-05-25T08:25:00","date_gmt":"2020-05-25T06:25:00","guid":{"rendered":"https:\/\/samhallsentreprenor.glokala.net\/2019-2020\/?page_id=2350"},"modified":"2020-05-27T13:32:55","modified_gmt":"2020-05-27T11:32:55","slug":"v22-kursutvardering","status":"publish","type":"page","link":"https:\/\/samhallsentreprenor.glokala.net\/2019-2020\/modul-4\/v22-kursutvardering\/","title":{"rendered":"v 22 Kursutv\u00e4rdering &#038; inspiration: Edu Orten"},"content":{"rendered":"\n<p><strong>P\u00e5minnelse:<\/strong> Dags f\u00f6r inl\u00e4mning 25 maj &#8211; <strong><a href=\"https:\/\/samhallsentreprenor.glokala.net\/2019-2020\/modul-4\/v-14-perspektiv-pa-verksamhetsplaner-affarsplaner\/uppgift-10-reflektion-kring-projektledning\/\">uppgift 10: Reflektion kring projektledning<\/a><\/strong>.<br>Liksom uppgift 9 sker inl\u00e4mning p\u00e5 Malm\u00f6 universitets <a rel=\"noreferrer noopener\" href=\"https:\/\/mau.instructure.com\/login\/canvas\" target=\"_blank\">l\u00e4rplattform Canvas<\/a>. Du har blivit inbjuden till Canvas via e-mail, kontakta August eller Fredrik om du har fr\u00e5gor.<br><a rel=\"noreferrer noopener\" href=\"https:\/\/mau.instructure.com\/courses\/2286\" target=\"_blank\">Introduktion till Canvas \u2013 f\u00f6r studenter \u2013&gt;<\/a><\/p>\n\n\n\n<hr class=\"wp-block-separator\"\/>\n\n\n\n<p><strong>M\u00f6jlighet: Tider f\u00f6r samtal<\/strong><br>Funderar du p\u00e5 n\u00e4sta steg i din id\u00e9utveckling eller hur ditt initiativ kan organiseras, eller har du fr\u00e5gor om kursmomenten?<br>August finns tillg\u00e4nglig f\u00f6r samtal, per telefon\/Zoom eller \u00f6ver en promenad i Malm\u00f6 f\u00f6r er som bor i n\u00e4rheten.<br><a rel=\"noreferrer noopener\" href=\"https:\/\/samhallsentreprenor.glokala.net\/2019-2020\/grupper\/cafeet-kursforum\/forum\/topic\/tider-for-samtal\/\" target=\"_blank\">L\u00e4s mer och se tider h\u00e4r i kursforumet \u2192<\/a><\/p>\n\n\n\n<hr class=\"wp-block-separator\"\/>\n\n\n\n<h2 class=\"wp-block-heading\"><a href=\"https:\/\/forms.gle\/1k7KvYSR56S6p5gBA\" target=\"_blank\" rel=\"noreferrer noopener\">Kursutv\u00e4rdering<\/a><\/h2>\n\n\n\n<p>Vi n\u00e4rmar oss kursslut 5 juni, och vi vill g\u00e4rna f\u00e5 input p\u00e5 hur du upplever att l\u00e4sa kursen. Samtidigt \u00e4r utv\u00e4rderingen en m\u00f6jlighet att reflektera \u00f6ver ditt eget l\u00e4rande genom kurs\u00e5ret.<\/p>\n\n\n\n<div class=\"wp-block-buttons is-layout-flex wp-block-buttons-is-layout-flex\">\n<div class=\"wp-block-button\"><a class=\"wp-block-button__link\" href=\"https:\/\/forms.gle\/1k7KvYSR56S6p5gBA\" target=\"_blank\" rel=\"noreferrer noopener\">Svara h\u00e4r online \u2192<\/a><\/div>\n<\/div>\n\n\n\n<p>Svara s\u00e5 snart du har m\u00f6jlighet, senast 3 juni.<\/p>\n\n\n\n<p>Utv\u00e4rderingen \u00e4r anonym, och vi kommer att bearbeta sammanst\u00e4llningen av svaren tillsammans med andra kollegor p\u00e5 Glokala de kommande veckorna i juni.<\/p>\n\n\n\n<p>Tack f\u00f6r din hj\u00e4lp!<\/p>\n\n\n\n<hr class=\"wp-block-separator\"\/>\n\n\n\n<h2 class=\"wp-block-heading\">Inspiration: Jasmin Nasser, Edu Orten &#8211; podcast som plattform<\/h2>\n\n\n\n<p><strong><a href=\"https:\/\/www.blingstartup.se\/jasmin-nasser-vara-forebilder\/\" target=\"_blank\" rel=\"noreferrer noopener\">Intervju (11 min) med Jasmin Nasser<\/a>, grundare av podcasten <a rel=\"noreferrer noopener\" href=\"https:\/\/www.eduorten.se\/\" target=\"_blank\">Edu Orten<\/a>.<\/strong> (Intervjun kommer fr\u00e5n <a rel=\"noreferrer noopener\" href=\"https:\/\/www.blingstartup.se\/om-bling\/\" target=\"_blank\">BLING startup<\/a> &#8211; l\u00e4s om deras verksamhet p\u00e5 hemsidan!)<\/p>\n\n\n\n<blockquote class=\"wp-block-quote is-style-default is-layout-flow wp-block-quote-is-layout-flow\"><p><strong>Vad inspireras du av i intervjun? Finns det r\u00e5d och tips vi kan ta fasta p\u00e5 som samh\u00e4llsentrepren\u00f6rer?<\/strong><\/p><p>Kommentera g\u00e4rna h\u00e4r eller i kursforumet!<\/p><\/blockquote>\n\n\n\n<figure class=\"wp-block-image size-large\"><a href=\"https:\/\/www.blingstartup.se\/jasmin-nasser-vara-forebilder\/\" target=\"_blank\" rel=\"noopener noreferrer\"><img loading=\"lazy\" decoding=\"async\" width=\"1024\" height=\"584\" data-attachment-id=\"2358\" data-permalink=\"https:\/\/samhallsentreprenor.glokala.net\/2019-2020\/modul-4\/v22-kursutvardering\/attachment\/screenshot_2020-05-22-jasmin-nasser-vara-forebilder-bling-startup\/\" data-orig-file=\"https:\/\/samhallsentreprenor.glokala.net\/2019-2020\/wp-content\/uploads\/2020\/05\/Screenshot_2020-05-22-Jasmin-Nasser-V\u00e5ra-f\u00f6rebilder-BLING-Startup.png\" data-orig-size=\"1119,638\" data-comments-opened=\"1\" data-image-meta=\"{&quot;aperture&quot;:&quot;0&quot;,&quot;credit&quot;:&quot;&quot;,&quot;camera&quot;:&quot;&quot;,&quot;caption&quot;:&quot;&quot;,&quot;created_timestamp&quot;:&quot;0&quot;,&quot;copyright&quot;:&quot;&quot;,&quot;focal_length&quot;:&quot;0&quot;,&quot;iso&quot;:&quot;0&quot;,&quot;shutter_speed&quot;:&quot;0&quot;,&quot;title&quot;:&quot;&quot;,&quot;orientation&quot;:&quot;0&quot;}\" data-image-title=\"Screenshot_2020-05-22 Jasmin Nasser &amp;#8211; V\u00e5ra f\u00f6rebilder BLING Startup\" data-image-description=\"\" data-image-caption=\"\" data-medium-file=\"https:\/\/samhallsentreprenor.glokala.net\/2019-2020\/wp-content\/uploads\/2020\/05\/Screenshot_2020-05-22-Jasmin-Nasser-V\u00e5ra-f\u00f6rebilder-BLING-Startup-500x285.png\" data-large-file=\"https:\/\/samhallsentreprenor.glokala.net\/2019-2020\/wp-content\/uploads\/2020\/05\/Screenshot_2020-05-22-Jasmin-Nasser-V\u00e5ra-f\u00f6rebilder-BLING-Startup-1024x584.png\" src=\"https:\/\/samhallsentreprenor.glokala.net\/2019-2020\/wp-content\/uploads\/2020\/05\/Screenshot_2020-05-22-Jasmin-Nasser-V\u00e5ra-f\u00f6rebilder-BLING-Startup-1024x584.png\" alt=\"\" class=\"wp-image-2358\" srcset=\"https:\/\/samhallsentreprenor.glokala.net\/2019-2020\/wp-content\/uploads\/2020\/05\/Screenshot_2020-05-22-Jasmin-Nasser-V\u00e5ra-f\u00f6rebilder-BLING-Startup-1024x584.png 1024w, https:\/\/samhallsentreprenor.glokala.net\/2019-2020\/wp-content\/uploads\/2020\/05\/Screenshot_2020-05-22-Jasmin-Nasser-V\u00e5ra-f\u00f6rebilder-BLING-Startup-500x285.png 500w, https:\/\/samhallsentreprenor.glokala.net\/2019-2020\/wp-content\/uploads\/2020\/05\/Screenshot_2020-05-22-Jasmin-Nasser-V\u00e5ra-f\u00f6rebilder-BLING-Startup-768x438.png 768w, https:\/\/samhallsentreprenor.glokala.net\/2019-2020\/wp-content\/uploads\/2020\/05\/Screenshot_2020-05-22-Jasmin-Nasser-V\u00e5ra-f\u00f6rebilder-BLING-Startup-624x356.png 624w, https:\/\/samhallsentreprenor.glokala.net\/2019-2020\/wp-content\/uploads\/2020\/05\/Screenshot_2020-05-22-Jasmin-Nasser-V\u00e5ra-f\u00f6rebilder-BLING-Startup-128x72.png 128w, https:\/\/samhallsentreprenor.glokala.net\/2019-2020\/wp-content\/uploads\/2020\/05\/Screenshot_2020-05-22-Jasmin-Nasser-V\u00e5ra-f\u00f6rebilder-BLING-Startup.png 1119w\" sizes=\"auto, (max-width: 1024px) 100vw, 1024px\" \/><\/a><\/figure>\n\n\n\n<p>Jasmin Nasser ber\u00e4ttar bland annat om hur podden fungerar som en plattform f\u00f6r m\u00f6ten och ett v\u00e4xande n\u00e4tverk. &#8221;F\u00f6r mig handlar det om att lyfta upp varandra, och det \u00e4r det som \u00e4r fokus.&#8221;<\/p>\n","protected":false},"excerpt":{"rendered":"<p>P\u00e5minnelse: Dags f\u00f6r inl\u00e4mning 25 maj &#8211; uppgift 10: Reflektion kring projektledning.Liksom uppgift 9 sker inl\u00e4mning p\u00e5 Malm\u00f6 universitets l\u00e4rplattform Canvas. Du har blivit inbjuden till Canvas via e-mail, kontakta August eller Fredrik om du har fr\u00e5gor.Introduktion till Canvas \u2013 f\u00f6r studenter \u2013&gt; M\u00f6jlighet: Tider f\u00f6r samtalFunderar du p\u00e5 n\u00e4sta steg i din id\u00e9utveckling eller [&hellip;]<\/p>\n","protected":false},"author":1,"featured_media":2358,"parent":2117,"menu_order":0,"comment_status":"open","ping_status":"closed","template":"","meta":{"_bbp_topic_count":0,"_bbp_reply_count":0,"_bbp_total_topic_count":0,"_bbp_total_reply_count":0,"_bbp_voice_count":0,"_bbp_anonymous_reply_count":0,"_bbp_topic_count_hidden":0,"_bbp_reply_count_hidden":0,"_bbp_forum_subforum_count":0,"jetpack_post_was_ever_published":false,"footnotes":""},"class_list":["post-2350","page","type-page","status-publish","has-post-thumbnail","hentry"],"jetpack_sharing_enabled":true,"_links":{"self":[{"href":"https:\/\/samhallsentreprenor.glokala.net\/2019-2020\/wp-json\/wp\/v2\/pages\/2350","targetHints":{"allow":["GET"]}}],"collection":[{"href":"https:\/\/samhallsentreprenor.glokala.net\/2019-2020\/wp-json\/wp\/v2\/pages"}],"about":[{"href":"https:\/\/samhallsentreprenor.glokala.net\/2019-2020\/wp-json\/wp\/v2\/types\/page"}],"author":[{"embeddable":true,"href":"https:\/\/samhallsentreprenor.glokala.net\/2019-2020\/wp-json\/wp\/v2\/users\/1"}],"replies":[{"embeddable":true,"href":"https:\/\/samhallsentreprenor.glokala.net\/2019-2020\/wp-json\/wp\/v2\/comments?post=2350"}],"version-history":[{"count":0,"href":"https:\/\/samhallsentreprenor.glokala.net\/2019-2020\/wp-json\/wp\/v2\/pages\/2350\/revisions"}],"up":[{"embeddable":true,"href":"https:\/\/samhallsentreprenor.glokala.net\/2019-2020\/wp-json\/wp\/v2\/pages\/2117"}],"wp:featuredmedia":[{"embeddable":true,"href":"https:\/\/samhallsentreprenor.glokala.net\/2019-2020\/wp-json\/wp\/v2\/media\/2358"}],"wp:attachment":[{"href":"https:\/\/samhallsentreprenor.glokala.net\/2019-2020\/wp-json\/wp\/v2\/media?parent=2350"}],"curies":[{"name":"wp","href":"https:\/\/api.w.org\/{rel}","templated":true}]}}