{"id":276,"date":"2019-09-02T06:48:43","date_gmt":"2019-09-02T04:48:43","guid":{"rendered":"https:\/\/samhallsentreprenor.glokala.net\/2019-2020\/?page_id=276"},"modified":"2019-09-03T11:38:09","modified_gmt":"2019-09-03T09:38:09","slug":"v-36-samhallsentreprenorskap-introduktion","status":"publish","type":"page","link":"https:\/\/samhallsentreprenor.glokala.net\/2019-2020\/v-36-samhallsentreprenorskap-introduktion\/","title":{"rendered":"v 36 Samh\u00e4llsentrepren\u00f6rskap \u2013 introduktion"},"content":{"rendered":"\n<p style=\"background-color:#eed1b6\" class=\"has-background\"><strong>Hej och varmt v\u00e4lkomna till kursen Samh\u00e4llsentrepren\u00f6r!<\/strong> Vi har en sp\u00e4nnande termin framf\u00f6r oss och vi, Lisa och Lone &#8212; som vikarierar f\u00f6r den ordinarie l\u00e4raren August &#8212; ser fram emot att dyka in i samh\u00e4llsentrepren\u00f6rskapet tillsammans med er under h\u00f6sten. Under v\u00e5rterminen \u00e5terkommer August. L\u00e4s mer om oss som h\u00e5ller i kursen <a rel=\"noreferrer noopener\" aria-label=\"h\u00e4r (opens in a new tab)\" href=\"https:\/\/samhallsentreprenor.glokala.net\/2019-2020\/larare\/\" target=\"_blank\">h\u00e4r<\/a>. <br><br>H\u00e4r under fliken [Modul 1] kommer vi att publicera aktuell veckas material och uppgifter varje m\u00e5ndag. H\u00e5ll pilen \u00f6ver knappen, s\u00e5 kommer du att f\u00e5 se en rullmeny med de olika veckorna i modulen. Om du ist\u00e4llet klickar<em> p\u00e5 <\/em>knappen [Modul 1] s\u00e5 kommer du till en \u00f6versiktsplaneringen \u00f6ver hela modulen.<br><br><strong>Mer praktisk info i kursstarten <\/strong>&#8211; <a rel=\"noreferrer noopener\" aria-label=\"se h\u00e4r \u2192 (opens in a new tab)\" href=\"https:\/\/samhallsentreprenor.glokala.net\/2019-2020\/praktisk-info-om-kursen\/\" target=\"_blank\">se h\u00e4r \u2192<\/a><\/p>\n\n\n\n<h2 class=\"wp-block-heading\">F\u00f6rsta veckan \u2013 vad ska vi g\u00f6ra?<\/h2>\n\n\n\n<ol class=\"wp-block-list\"><li>Ladda g\u00e4rna upp en bild till din profil. Navigera via menyf\u00e4ltet uppe till h\u00f6ger med \u201dHej, [ditt namn]\u201d och -> \u201dProfil\u201d -> \u201dByt profilbild\u201d (Var ska man klicka? <a rel=\"noreferrer noopener\" href=\"https:\/\/samhallsentreprenor.glokala.net\/2018-2019\/wp-content\/uploads\/2018\/08\/screen_byt_profilbild.png\" target=\"_blank\">Se en sk\u00e4rmbild \u2192<\/a>)<br>Integritet: Profilbilden blir publikt synlig, \u00e4ven f\u00f6r den som inte \u00e4r inloggad p\u00e5 kursplattformen.<\/li><li>Till fredagen den 6 september vill vi att du skriver n\u00e5got kort om dig sj\u00e4lv och varf\u00f6r du deltar i kursen (cirka 300-500 tecken \u2013 t\u00e4nk twitterl\u00e4ngd!). Beskrivningen l\u00e4gger du in som en uppdatering till din profil. G\u00e5 till f\u00f6rstasidan (klicka p\u00e5 hem) och skriv sedan din presentation i rutan \u201dSenaste h\u00e4ndelser\u201d. Integritet: Syns endast f\u00f6r inloggade inom kursen.<br>(Var ska man skriva uppdateringen? <a rel=\"noreferrer noopener\" href=\"https:\/\/samhallsentreprenor.glokala.net\/2018-2019\/wp-content\/uploads\/2018\/08\/screen_uppdatering.png\" target=\"_blank\">Se en sk\u00e4rmbild fr\u00e5n f\u00f6rstasidan \u2192<\/a>)<\/li><li>Ta del av video-, l\u00e4nk- och textmaterial p\u00e5 den h\u00e4r sidan, och g\u00f6r ett inl\u00e4gg i <a rel=\"noreferrer noopener\" aria-label=\" (opens in a new tab)\" href=\"https:\/\/samhallsentreprenor.glokala.net\/2019-2020\/grupper\/cafeet-kursforum\/forum\/topic\/diskussion-forsta-veckan-2\/\" target=\"_blank\">diskussionsforumet<\/a>. Tankar att utg\u00e5 ifr\u00e5n hittar du l\u00e4ngre ner p\u00e5 sidan! <\/li><li>Intresseanm\u00e4lan till kurstr\u00e4ffen. <\/li><\/ol>\n\n\n\n<h2 class=\"wp-block-heading\">Veckans tema: Samh\u00e4llsentrepren\u00f6rskap \u2013 intro<\/h2>\n\n\n\n<p><em>Video \u2013 introduktion:<\/em><\/p>\n\n\n\n<figure class=\"wp-block-embed-vimeo wp-block-embed is-type-video is-provider-vimeo wp-embed-aspect-16-9 wp-has-aspect-ratio\"><div class=\"wp-block-embed__wrapper\">\n<iframe loading=\"lazy\" title=\"Introfilm Samh\u00e4llsentrepren\u00f6r\" src=\"https:\/\/player.vimeo.com\/video\/356842568?dnt=1&amp;app_id=122963\" width=\"500\" height=\"281\" frameborder=\"0\" allow=\"autoplay; fullscreen; picture-in-picture; clipboard-write\"><\/iframe>\n<\/div><\/figure>\n\n\n\n<p><strong>Exempel fr\u00e5n tidigare kursdeltagare som omn\u00e4mns i videon:<br><\/strong><a rel=\"noreferrer noopener\" href=\"http:\/\/tikitut.se\/\" target=\"_blank\">Tikitut<\/a>, <a rel=\"noreferrer noopener\" href=\"http:\/\/www.kollekogbg.se\/\" target=\"_blank\">Kollaborativ ekonomi G\u00f6teborg<\/a>, <a href=\"https:\/\/www.facebook.com\/hionlife\/\">High on life<\/a>, <a href=\"http:\/\/scenkonstguiden.se\/\">Scenkonstguiden<\/a>, <a rel=\"noreferrer noopener\" href=\"http:\/\/www.storytourist.com\/\" target=\"_blank\">Story Tourist<\/a><strong> <\/strong><\/p>\n\n\n\n<p><strong>Att lyssna &#8211; ljudinslag (9:46 min): <a rel=\"noreferrer noopener\" href=\"http:\/\/www.ltu.se\/cmsarkiv\/media\/projekt\/ljudbok\/09_Malin_Gawell.mp3\" target=\"_blank\">Malin Gawell (mp3, klicka f\u00f6r att ladda hem \/ lyssna!)<\/a><\/strong> <br><br>Vi lyssnar till forskaren Malin Gawell i en ljudinl\u00e4sning. Hon presenterar sitt s\u00f6kande efter s\u00e4tt att f\u00f6rst\u00e5 och kunna beskriva hur m\u00e4nniskor driver och utvecklar nya verksamheter. Hon beskriver ocks\u00e5 sv\u00e5righeten i att f\u00e5 nya typer av initiativ att passa in, och vikten av att kunna kommunicera, f\u00f6rklara och f\u00f6rmedla nyskapande id\u00e9er.<\/p>\n\n\n\n<figure class=\"wp-block-embed\"><div class=\"wp-block-embed__wrapper\">\n<audio class=\"wp-audio-shortcode\" id=\"audio-276-1\" preload=\"none\" style=\"width: 100%;\" controls=\"controls\"><source type=\"audio\/mpeg\" src=\"https:\/\/www.ltu.se\/cmsarkiv\/media\/projekt\/ljudbok\/09_Malin_Gawell.mp3?_=1\" \/><a href=\"https:\/\/www.ltu.se\/cmsarkiv\/media\/projekt\/ljudbok\/09_Malin_Gawell.mp3\">https:\/\/www.ltu.se\/cmsarkiv\/media\/projekt\/ljudbok\/09_Malin_Gawell.mp3<\/a><\/audio>\n<\/div><\/figure>\n\n\n\n<p>\/\/<\/p>\n\n\n\n<div class=\"wp-block-image\"><figure class=\"alignright is-resized\"><a href=\"https:\/\/drive.google.com\/file\/d\/0Bz9BvMpwLPLHV21DcGJPRnNJbVU\/view\" target=\"_blank\" rel=\"noreferrer noopener\"><img loading=\"lazy\" decoding=\"async\" data-attachment-id=\"262\" data-permalink=\"https:\/\/samhallsentreprenor.glokala.net\/2019-2020\/?attachment_id=262\" data-orig-file=\"https:\/\/samhallsentreprenor.glokala.net\/2019-2020\/wp-content\/uploads\/2019\/08\/Ska\u0308rmavbild-2019-08-27-kl.-10.30.41.png\" data-orig-size=\"534,663\" data-comments-opened=\"1\" data-image-meta=\"{&quot;aperture&quot;:&quot;0&quot;,&quot;credit&quot;:&quot;&quot;,&quot;camera&quot;:&quot;&quot;,&quot;caption&quot;:&quot;&quot;,&quot;created_timestamp&quot;:&quot;0&quot;,&quot;copyright&quot;:&quot;&quot;,&quot;focal_length&quot;:&quot;0&quot;,&quot;iso&quot;:&quot;0&quot;,&quot;shutter_speed&quot;:&quot;0&quot;,&quot;title&quot;:&quot;&quot;,&quot;orientation&quot;:&quot;0&quot;}\" data-image-title=\"Ska\u0308rmavbild-2019-08-27-kl.-10.30.41\" data-image-description=\"\" data-image-caption=\"\" data-large-file=\"https:\/\/samhallsentreprenor.glokala.net\/2019-2020\/wp-content\/uploads\/2019\/08\/Ska\u0308rmavbild-2019-08-27-kl.-10.30.41.png\" src=\"https:\/\/samhallsentreprenor.glokala.net\/2019-2020\/wp-content\/uploads\/2019\/08\/Ska\u0308rmavbild-2019-08-27-kl.-10.30.41.png\" alt=\"\" class=\"wp-image-262\" width=\"261\" height=\"324\" srcset=\"https:\/\/samhallsentreprenor.glokala.net\/2019-2020\/wp-content\/uploads\/2019\/08\/Ska\u0308rmavbild-2019-08-27-kl.-10.30.41.png 534w, https:\/\/samhallsentreprenor.glokala.net\/2019-2020\/wp-content\/uploads\/2019\/08\/Ska\u0308rmavbild-2019-08-27-kl.-10.30.41-403x500.png 403w\" sizes=\"auto, (max-width: 261px) 100vw, 261px\" \/><\/a><\/figure><\/div>\n\n\n\n<p><strong>Att l\u00e4sa:<\/strong> <br>Under introveckan l\u00e4ser vi sida 1-21 i samh\u00e4llsentrepren\u00f6rs-guiden  <em>Det har aldrig varit l\u00e4ttare att f\u00f6r\u00e4ndra v\u00e4rlden<\/em> <em>&#8211; En guide f\u00f6r dig som vill verka som social entrepren\u00f6r<\/em>. Du hittar den som PDF <a href=\"https:\/\/drive.google.com\/file\/d\/0Bz9BvMpwLPLHV21DcGJPRnNJbVU\/view\">h\u00e4r<\/a>. <\/p>\n\n\n\n<p><strong>Diskussion f\u00f6rsta veckan<\/strong><br>L\u00e4gg in en kort reflektion kring materialet i introveckan. Du v\u00e4ljer sj\u00e4lv vad du vill skriva om, men vill du ha st\u00f6d i ditt t\u00e4nkande kan du utg\u00e5 fr\u00e5n detta:<\/p>\n\n\n\n<p>&#8211;&gt; Ta ut ett citat ur veckans material som du reagerade p\u00e5 och kommentera varf\u00f6r.<\/p>\n\n\n\n<p>&#8211;&gt; Begreppet <em>samh\u00e4llsentrepren\u00f6r\/social entrepren\u00f6r<\/em> (social fr\u00e5n engelskans <em>social<\/em>, samh\u00e4llelig) kan definieras p\u00e5 olika s\u00e4tt. I <em>Det har aldrig varit l\u00e4ttare att f\u00f6r\u00e4ndra v\u00e4rlden<\/em> kan vi l\u00e4sa:<\/p>\n\n\n\n<blockquote class=\"wp-block-quote is-layout-flow wp-block-quote-is-layout-flow\"><p><em>Med en social entrepren\u00f6r menas en person som har sett ett problem i samh\u00e4llet och kommit p\u00e5 en l\u00f6sning som f\u00f6r\u00e4ndrar problemet med hj\u00e4lp av aff\u00e4rsm\u00e4ssiga metoder.<br> <br>Det som skiljer en social entrepren\u00f6r fr\u00e5n en traditionell entrepren\u00f6r \u00e4r att de m\u00e4ter sin framg\u00e5ng i vinsten de skapar f\u00f6r samh\u00e4llet, snarare \u00e4n den ekonomiska vinsten.<\/em><\/p><\/blockquote>\n\n\n\n<p>Reflektera \u00f6ver begreppet och  vilken definition av det som passar dig. Beh\u00f6ver metoderna vara aff\u00e4rsm\u00e4ssiga? J\u00e4mf\u00f6r med Augusts resonemang om begreppet i videon. Du kan ocks\u00e5 ta in Malin Gawells kritiska reflektion om samh\u00e4llsentrepren\u00f6ren som sj\u00e4lvutn\u00e4mnd &#8221;hj\u00e4lte&#8221;.<\/p>\n\n\n\n<p>Kommentera g\u00e4rna varandras inl\u00e4gg! H\u00e4r l\u00e4gger du upp din reflektion: <a href=\"https:\/\/samhallsentreprenor.glokala.net\/2019-2020\/grupper\/cafeet-kursforum\/forum\/topic\/diskussion-forsta-veckan-2\/\" target=\"_blank\" rel=\"noreferrer noopener\" aria-label=\" (opens in a new tab)\">L\u00e4nk till diskussionsforum \u2192<\/a><\/p>\n\n\n\n<iframe loading=\"lazy\" src=\"https:\/\/docs.google.com\/forms\/d\/e\/1FAIpQLSfLT2kf_tK9-s3fQXC1L5BltF3wAdlKxfy2s2udV0CeEH508A\/viewform?embedded=true\" width=\"700\" height=\"520\" frameborder=\"0\" marginheight=\"0\" marginwidth=\"0\">L\u00e4ser in\u00a0\u2026<\/iframe>\n\n\n\n<p>\/\/<\/p>\n\n\n\n<p><em>Valbart som f\u00f6rdjupning:<\/em><\/p>\n\n\n\n<p><strong>Inledande del i antologin <a rel=\"noreferrer noopener\" href=\"https:\/\/www.ltu.se\/cms_fs\/1.78817!\/file\/samhallets_entreprenorer.pdf\" target=\"_blank\"><em>Samh\u00e4llets entrepren\u00f6rer<\/em><\/a><em>, <\/em><\/strong>Gawell, Malin. Sida 14-33.<\/p>\n\n\n\n<p>De texter som inleder antologin \u201dSamh\u00e4llets entrepren\u00f6rer\u201d presenterar ett sammanhang f\u00f6r diskussionen om samh\u00e4llsentrepren\u00f6rskap.<\/p>\n","protected":false},"excerpt":{"rendered":"<p>Hej och varmt v\u00e4lkomna till kursen Samh\u00e4llsentrepren\u00f6r! Vi har en sp\u00e4nnande termin framf\u00f6r oss och vi, Lisa och Lone &#8212; som vikarierar f\u00f6r den ordinarie l\u00e4raren August &#8212; ser fram emot att dyka in i samh\u00e4llsentrepren\u00f6rskapet tillsammans med er under h\u00f6sten. Under v\u00e5rterminen \u00e5terkommer August. L\u00e4s mer om oss som h\u00e5ller i kursen h\u00e4r. H\u00e4r [&hellip;]<\/p>\n","protected":false},"author":3,"featured_media":0,"parent":0,"menu_order":0,"comment_status":"closed","ping_status":"closed","template":"","meta":{"_bbp_topic_count":0,"_bbp_reply_count":0,"_bbp_total_topic_count":0,"_bbp_total_reply_count":0,"_bbp_voice_count":0,"_bbp_anonymous_reply_count":0,"_bbp_topic_count_hidden":0,"_bbp_reply_count_hidden":0,"_bbp_forum_subforum_count":0,"footnotes":""},"class_list":["post-276","page","type-page","status-publish","hentry"],"jetpack_sharing_enabled":true,"_links":{"self":[{"href":"https:\/\/samhallsentreprenor.glokala.net\/2019-2020\/wp-json\/wp\/v2\/pages\/276","targetHints":{"allow":["GET"]}}],"collection":[{"href":"https:\/\/samhallsentreprenor.glokala.net\/2019-2020\/wp-json\/wp\/v2\/pages"}],"about":[{"href":"https:\/\/samhallsentreprenor.glokala.net\/2019-2020\/wp-json\/wp\/v2\/types\/page"}],"author":[{"embeddable":true,"href":"https:\/\/samhallsentreprenor.glokala.net\/2019-2020\/wp-json\/wp\/v2\/users\/3"}],"replies":[{"embeddable":true,"href":"https:\/\/samhallsentreprenor.glokala.net\/2019-2020\/wp-json\/wp\/v2\/comments?post=276"}],"version-history":[{"count":0,"href":"https:\/\/samhallsentreprenor.glokala.net\/2019-2020\/wp-json\/wp\/v2\/pages\/276\/revisions"}],"wp:attachment":[{"href":"https:\/\/samhallsentreprenor.glokala.net\/2019-2020\/wp-json\/wp\/v2\/media?parent=276"}],"curies":[{"name":"wp","href":"https:\/\/api.w.org\/{rel}","templated":true}]}}