{"id":278,"date":"2019-08-29T13:53:12","date_gmt":"2019-08-29T11:53:12","guid":{"rendered":"https:\/\/samhallsentreprenor.glokala.net\/2019-2020\/?page_id=278"},"modified":"2019-10-29T10:46:11","modified_gmt":"2019-10-29T09:46:11","slug":"modul-1","status":"publish","type":"page","link":"https:\/\/samhallsentreprenor.glokala.net\/2019-2020\/modul-1\/","title":{"rendered":"Modul 1"},"content":{"rendered":"\n<p>Tidsperiod modul 1: 2 september &#8211; 3 november&nbsp;&nbsp;<\/p>\n\n\n\n<h2 class=\"wp-block-heading\"><strong>Inneh\u00e5ll under modulen:<\/strong><\/h2>\n\n\n\n<p><strong>Samh\u00e4llsentrepren\u00f6rskap och social innovation<\/strong><strong><br><\/strong>En v\u00e4rdegrund: H\u00e4r diskuterar vi och unders\u00f6ker vad begreppen betyder, vilka v\u00e4rden som ligger i begreppen och studerar exempel fr\u00e5n olika projekt. Vi f\u00f6rs\u00f6ker ocks\u00e5 koppla detta till den stora diskussionen kring h\u00e5llbar utveckling som finns idag \u2013 vad \u00e4r egentligen h\u00e5llbar utveckling och hur h\u00e4nger det ihop med samh\u00e4llsentrepren\u00f6rskap?<\/p>\n\n\n\n<p><strong>Projekt<\/strong><strong><br><\/strong>Utveckling fr\u00e5n tanke till projektplan. Inom detta tema studerar vi hur vi skapar ett projektkoncept med utg\u00e5ngspunkt fr\u00e5n en id\u00e9 eller vision. Vi tar utg\u00e5ngspunkt i erfarenheter fr\u00e5n genomf\u00f6rda projekt, och s\u00e4tter detta i f\u00f6rh\u00e5llande till aktuell forskning.<\/p>\n\n\n\n<h4 class=\"wp-block-heading\"><strong>Modulens veckoteman<\/strong><\/h4>\n\n\n\n<p><strong>Veckoteman september<\/strong><br>v 36: <a rel=\"noreferrer noopener\" aria-label=\"Samh\u00e4llsentrepren\u00f6rskap \u2013 intro. + Profilbild &amp; kort personlig presentation. Reflektion kring begreppet samh\u00e4llsentrepren\u00f6r\/samh\u00e4llsentrepren\u00f6rskap. (opens in a new tab)\" href=\"https:\/\/samhallsentreprenor.glokala.net\/2019-2020\/v-36-samhallsentreprenorskap-introduktion\/\" target=\"_blank\">Samh\u00e4llsentrepren\u00f6rskap \u2013 intro. + Profilbild &amp; kort personlig presentation. Reflektion kring begreppet samh\u00e4llsentrepren\u00f6r\/samh\u00e4llsentrepren\u00f6rskap.<\/a><br>v 37: <a rel=\"noreferrer noopener\" aria-label=\"Projektledning \u2013 intro. Uppgift 1: Erfarenheter av projekt\/verksamheter. Inl\u00e4mning 16 september.  (opens in a new tab)\" href=\"https:\/\/samhallsentreprenor.glokala.net\/2019-2020\/v-37-projektledning-intro\/\" target=\"_blank\">Projektledning \u2013 intro. Uppgift 1: Erfarenheter av projekt\/verksamheter. Inl\u00e4mning 16 september. <\/a><br>v 38: <a rel=\"noreferrer noopener\" aria-label=\"Planering och organisation inom projektledning. Uppgift 2: Skiss projekt\/verksamhet. Inl\u00e4mning 23 sept. (opens in a new tab)\" href=\"https:\/\/samhallsentreprenor.glokala.net\/2019-2020\/v-38-planering-och-organisation-inom-projektledning\/\" target=\"_blank\">Planering och organisation inom projektledning. Uppgift 2: Skiss projekt\/verksamhet. Inl\u00e4mning 23 sept.<\/a><br>v 39: <strong>\u00a0<\/strong><a href=\"https:\/\/samhallsentreprenor.glokala.net\/2019-2020\/v-39-active-citizenship\/\" target=\"_blank\" rel=\"noreferrer noopener\" aria-label=\"Active citizenship (samh\u00e4llsentrepren\u00f6rskap) (opens in a new tab)\">Active citizenship (samh\u00e4llsentrepren\u00f6rskap)<\/a><\/p>\n\n\n\n<p><strong>Veckoteman oktober<\/strong><br>v 40: <a rel=\"noreferrer noopener\" aria-label=\"Projektledning \u2013 intressenter och kommunikation. Uppgift 3: Perspektiv p\u00e5 samh\u00e4llsentrepren\u00f6rskap. Inl\u00e4mning 3 november.  (opens in a new tab)\" href=\"https:\/\/samhallsentreprenor.glokala.net\/2019-2020\/v-40-projektledning-intressenter-och-kommunikation-uppgift-3\/\" target=\"_blank\">Projektledning \u2013 intressenter och kommunikation. Uppgift 3: Perspektiv p\u00e5 samh\u00e4llsentrepren\u00f6rskap. Inl\u00e4mning 3 november. <\/a><br>v 41: <a rel=\"noreferrer noopener\" aria-label=\"Kurstr\u00e4ff i Malm\u00f6 11-12 oktober. (opens in a new tab)\" href=\"https:\/\/samhallsentreprenor.glokala.net\/2019-2020\/kurstraff-i-malmo-11-12-oktober\/\" target=\"_blank\">Kurstr\u00e4ff i Malm\u00f6 11-12 oktober.<\/a><em><br><\/em>v 42:<a rel=\"noreferrer noopener\" aria-label=\" Konst &amp; provokation (samh\u00e4llsentrepren\u00f6rskap) (opens in a new tab)\" href=\"https:\/\/samhallsentreprenor.glokala.net\/2019-2020\/v-43-konst-och-provokation\/\" target=\"_blank\"> Konst &amp; provokation (samh\u00e4llsentrepren\u00f6rskap)<\/a><br>v 43: <a rel=\"noreferrer noopener\" aria-label=\"Social innovation (samh\u00e4llsentrepren\u00f6rskap) (opens in a new tab)\" href=\"https:\/\/samhallsentreprenor.glokala.net\/2019-2020\/v-43-social-innovation\/\" target=\"_blank\">Social innovation (samh\u00e4llsentrepren\u00f6rskap)<\/a><br>v 44: <a href=\"https:\/\/samhallsentreprenor.glokala.net\/2019-2020\/v-44-projektledning-inom-samhallsentreprenorskap\/\" target=\"_blank\" rel=\"noreferrer noopener\" aria-label=\"Projektledning inom samh\u00e4llsentrepren\u00f6rskap (opens in a new tab)\">Projektledning inom samh\u00e4llsentrepren\u00f6rskap<\/a><\/p>\n\n\n\n<h4 class=\"wp-block-heading\"><strong>Uppgifter<\/strong><\/h4>\n\n\n\n<p>Under modul 1 genomf\u00f6r och l\u00e4mnar du in uppgifterna 1, 2 och 3. Ut\u00f6ver inl\u00e4mningsuppgifter reflekterar du \u00f6ver kursmaterialet (texter, videor, poddinspelningar) och responderar p\u00e5 inl\u00e4mningsuppgifter fr\u00e5n andra p\u00e5 kursen.&nbsp;<br><\/p>\n","protected":false},"excerpt":{"rendered":"<p>Tidsperiod modul 1: 2 september &#8211; 3 november&nbsp;&nbsp; Inneh\u00e5ll under modulen: Samh\u00e4llsentrepren\u00f6rskap och social innovationEn v\u00e4rdegrund: H\u00e4r diskuterar vi och unders\u00f6ker vad begreppen betyder, vilka v\u00e4rden som ligger i begreppen och studerar exempel fr\u00e5n olika projekt. Vi f\u00f6rs\u00f6ker ocks\u00e5 koppla detta till den stora diskussionen kring h\u00e5llbar utveckling som finns idag \u2013 vad \u00e4r egentligen [&hellip;]<\/p>\n","protected":false},"author":3,"featured_media":0,"parent":0,"menu_order":0,"comment_status":"closed","ping_status":"closed","template":"","meta":{"_bbp_topic_count":0,"_bbp_reply_count":0,"_bbp_total_topic_count":0,"_bbp_total_reply_count":0,"_bbp_voice_count":0,"_bbp_anonymous_reply_count":0,"_bbp_topic_count_hidden":0,"_bbp_reply_count_hidden":0,"_bbp_forum_subforum_count":0,"jetpack_post_was_ever_published":false,"footnotes":""},"class_list":["post-278","page","type-page","status-publish","hentry"],"jetpack_sharing_enabled":true,"_links":{"self":[{"href":"https:\/\/samhallsentreprenor.glokala.net\/2019-2020\/wp-json\/wp\/v2\/pages\/278","targetHints":{"allow":["GET"]}}],"collection":[{"href":"https:\/\/samhallsentreprenor.glokala.net\/2019-2020\/wp-json\/wp\/v2\/pages"}],"about":[{"href":"https:\/\/samhallsentreprenor.glokala.net\/2019-2020\/wp-json\/wp\/v2\/types\/page"}],"author":[{"embeddable":true,"href":"https:\/\/samhallsentreprenor.glokala.net\/2019-2020\/wp-json\/wp\/v2\/users\/3"}],"replies":[{"embeddable":true,"href":"https:\/\/samhallsentreprenor.glokala.net\/2019-2020\/wp-json\/wp\/v2\/comments?post=278"}],"version-history":[{"count":0,"href":"https:\/\/samhallsentreprenor.glokala.net\/2019-2020\/wp-json\/wp\/v2\/pages\/278\/revisions"}],"wp:attachment":[{"href":"https:\/\/samhallsentreprenor.glokala.net\/2019-2020\/wp-json\/wp\/v2\/media?parent=278"}],"curies":[{"name":"wp","href":"https:\/\/api.w.org\/{rel}","templated":true}]}}