{"id":357,"date":"2019-09-06T10:28:49","date_gmt":"2019-09-06T08:28:49","guid":{"rendered":"https:\/\/samhallsentreprenor.glokala.net\/2019-2020\/?page_id=357"},"modified":"2020-04-01T16:33:15","modified_gmt":"2020-04-01T14:33:15","slug":"uppgifter-oversikt","status":"publish","type":"page","link":"https:\/\/samhallsentreprenor.glokala.net\/2019-2020\/uppgifter-oversikt\/","title":{"rendered":"Uppgifter &#8212; \u00f6versikt"},"content":{"rendered":"\n<p><em>H\u00e5ll pilen \u00f6ver knappen [Uppgifter] i menyn ovan f\u00f6r att f\u00e5 ner en rullmeny   d\u00e4r de olika uppgifterna kommer att l\u00e4ggas upp l\u00f6pande.<\/em><\/p>\n\n\n\n<h2 class=\"wp-block-heading\">Modul 1<\/h2>\n\n\n\n<h3 class=\"wp-block-heading\"><a href=\"https:\/\/samhallsentreprenor.glokala.net\/2019-2020\/grupper\/uppgift-1-erfarenheter-av-projekt-initiativ\/forum\/\" target=\"_blank\" rel=\"noreferrer noopener\" aria-label=\"Uppgift 1 Erfarenheter av projekt\/initiativ (opens in a new tab)\">Uppgift 1 Erfarenheter av projekt\/initiativ<\/a><\/h3>\n\n\n\n<p>Inl\u00e4mning: 16 september<br>Kommentarer till varandra: 29 september<\/p>\n\n\n\n<h3 class=\"wp-block-heading\"><a href=\"https:\/\/samhallsentreprenor.glokala.net\/2019-2020\/grupper\/uppgift-2-skiss-for-projekt-eller-verksamhet\/forum\/\" target=\"_blank\" rel=\"noreferrer noopener\" aria-label=\"Uppgift 2 Skiss f\u00f6r projekt eller verksamhet (opens in a new tab)\">Uppgift 2 Skiss f\u00f6r projekt eller verksamhet<\/a><\/h3>\n\n\n\n<p>Beskrivning: <a href=\"https:\/\/samhallsentreprenor.glokala.net\/2019-2020\/uppgift-2-skiss-for-projekt-eller-verksamhet\/\">https:\/\/samhallsentreprenor.glokala.net\/2019-2020\/uppgift-2-skiss-for-projekt-eller-verksamhet\/<\/a><br>Inl\u00e4mning: 23 september<br>Respons till varandra: 6 oktober <\/p>\n\n\n\n<h3 class=\"wp-block-heading\"><a href=\"https:\/\/samhallsentreprenor.glokala.net\/2019-2020\/forum\/uppgift-3-perspektiv-pa-samhallsentreprenorskap\/\" target=\"_blank\" rel=\"noreferrer noopener\" aria-label=\"Uppgift 3 Perspektiv p\u00e5 samh\u00e4llsentrepren\u00f6rskap (opens in a new tab)\">Uppgift 3 Perspektiv p\u00e5 samh\u00e4llsentrepren\u00f6rskap<\/a><\/h3>\n\n\n\n<p>Beskrivning: <a href=\"https:\/\/samhallsentreprenor.glokala.net\/2019-2020\/uppgift-3-perspektiv-pa-samhallsentreprenorskap\/\">https:\/\/samhallsentreprenor.glokala.net\/2019-2020\/uppgift-3-perspektiv-pa-samhallsentreprenorskap\/<\/a><br>Inl\u00e4mning: 4 november<br>Respons till varandra: 18 november<\/p>\n\n\n\n<h2 class=\"wp-block-heading\">Modul 2<\/h2>\n\n\n\n<h3 class=\"wp-block-heading\"><a href=\"https:\/\/samhallsentreprenor.glokala.net\/2019-2020\/grupper\/cafeet-kursforum\/forum\/topic\/uppgift-4-reflektion-kring-ledarskap-och-gruppdynamik\/\" target=\"_blank\" rel=\"noreferrer noopener\" aria-label=\"Uppgift 4 Reflektion kring ledarskap &amp; gruppdynamik (opens in a new tab)\">Uppgift 4 Reflektion kring ledarskap &amp; gruppdynamik<\/a><\/h3>\n\n\n\n<p>Inl\u00e4mning: 25 november<br>Respons till varandra: 9 december<\/p>\n\n\n\n<h3 class=\"wp-block-heading\"><a href=\"https:\/\/samhallsentreprenor.glokala.net\/2019-2020\/grupper\/uppgift-5-exempel-pa-organisering\/\" target=\"_blank\" rel=\"noreferrer noopener\" aria-label=\"Uppgift 5 Exempel p\u00e5 organisering (opens in a new tab)\">Uppgift 5 Exempel p\u00e5 organisering<\/a><\/h3>\n\n\n\n<p>Beskrivning: <a href=\"https:\/\/samhallsentreprenor.glokala.net\/2019-2020\/uppgift-5-exempel-pa-organisering\/\">https:\/\/samhallsentreprenor.glokala.net\/2019-2020\/uppgift-5-exempel-pa-organisering\/<\/a><br>Inl\u00e4mning: 20 januari<br>Respons till varandra: 2 februari<\/p>\n\n\n\n<h2 class=\"wp-block-heading\">Modul 3<\/h2>\n\n\n\n<h3 class=\"wp-block-heading\"><a href=\"https:\/\/samhallsentreprenor.glokala.net\/2019-2020\/grupper\/uppgift-6-pitch\/\">Uppgift 6 Pitch!<\/a><\/h3>\n\n\n\n<p>Inl\u00e4mning: 13 februari (torsdag)<br>Respons\/kommentarer: I gruppsamtal online, alternativt skriftliga kommentarer f\u00f6r de som inte kan delta i samtal.<\/p>\n\n\n\n<h3 class=\"wp-block-heading\"><a href=\"https:\/\/samhallsentreprenor.glokala.net\/2019-2020\/grupper\/uppgift-7-strategier-for-finansiering-och-hallbar-ekonomi\/\" target=\"_blank\" rel=\"noreferrer noopener\" aria-label=\"Uppgift 7 Strategier f\u00f6r finansiering &amp; h\u00e5llbar ekonomi (opens in a new tab)\">Uppgift 7 Strategier f\u00f6r finansiering &amp; h\u00e5llbar ekonomi<\/a><\/h3>\n\n\n\n<p>Beskrivning: <a href=\"https:\/\/samhallsentreprenor.glokala.net\/2019-2020\/modul-3\/uppgift-7-strategier-for-finansiering-och-hallbar-ekonomi\/\" target=\"_blank\" rel=\"noreferrer noopener\" aria-label=\"https:\/\/samhallsentreprenor.glokala.net\/2019-2020\/modul-3\/uppgift-7-strategier-for-finansiering-och-hallbar-ekonomi\/ (opens in a new tab)\">https:\/\/samhallsentreprenor.glokala.net\/2019-2020\/modul-3\/uppgift-7-strategier-for-finansiering-och-hallbar-ekonomi\/<\/a><br>Inl\u00e4mning: 9 mars.<br>Respons: Kommentarer fr\u00e5n pedagog.<\/p>\n\n\n\n<h3 class=\"wp-block-heading\"><a href=\"https:\/\/samhallsentreprenor.glokala.net\/2019-2020\/grupper\/uppgift-7-strategier-for-finansiering-och-hallbar-ekonomi\/\" target=\"_blank\" rel=\"noreferrer noopener\" aria-label=\"Uppgift 8 Publiceringsplan (opens in a new tab)\">Uppgift 8 Publiceringsplan<\/a><\/h3>\n\n\n\n<p>Beskrivning: <a href=\"https:\/\/samhallsentreprenor.glokala.net\/2018-2019\/wp-content\/uploads\/2019\/03\/Uppgift_Publiceringsplan.pdf\" target=\"_blank\" rel=\"noreferrer noopener\" aria-label=\"https:\/\/samhallsentreprenor.glokala.net\/2018-2019\/wp-content\/uploads\/2019\/03\/Uppgift_Publiceringsplan.pdf (opens in a new tab)\">https:\/\/samhallsentreprenor.glokala.net\/2018-2019\/wp-content\/uploads\/2019\/03\/Uppgift_Publiceringsplan.pdf<\/a><br>Inl\u00e4mning: 23 mars.<br>Respons till varandra: 24 mars &#8211; 5 april.<\/p>\n\n\n\n<h2 class=\"wp-block-heading\">Modul 4<\/h2>\n\n\n\n<h3 class=\"wp-block-heading\"><a href=\"https:\/\/samhallsentreprenor.glokala.net\/2019-2020\/modul-4\/v-14-perspektiv-pa-verksamhetsplaner-affarsplaner\/uppgift-9-plan\/\">Uppgift 9 Projektplan \/ verksamhetsplan \/ aff\u00e4rsplan<\/a><\/h3>\n\n\n\n<p>Inl\u00e4mning: 4 maj.<br>Respons till varandra: 5 &#8211; 17 maj.<\/p>\n\n\n\n<h3 class=\"wp-block-heading\"><a href=\"https:\/\/samhallsentreprenor.glokala.net\/2019-2020\/modul-4\/v-14-perspektiv-pa-verksamhetsplaner-affarsplaner\/uppgift-10-reflektion-kring-projektledning\/\">Uppgift 10 Reflektion kring projektledning<\/a><\/h3>\n\n\n\n<p> Inl\u00e4mning: 25 maj. <br> Respons: Kommentarer fr\u00e5n pedagog.<\/p>\n","protected":false},"excerpt":{"rendered":"<p>H\u00e5ll pilen \u00f6ver knappen [Uppgifter] i menyn ovan f\u00f6r att f\u00e5 ner en rullmeny d\u00e4r de olika uppgifterna kommer att l\u00e4ggas upp l\u00f6pande. Modul 1 Uppgift 1 Erfarenheter av projekt\/initiativ Inl\u00e4mning: 16 septemberKommentarer till varandra: 29 september Uppgift 2 Skiss f\u00f6r projekt eller verksamhet Beskrivning: https:\/\/samhallsentreprenor.glokala.net\/2019-2020\/uppgift-2-skiss-for-projekt-eller-verksamhet\/Inl\u00e4mning: 23 septemberRespons till varandra: 6 oktober Uppgift 3 Perspektiv [&hellip;]<\/p>\n","protected":false},"author":3,"featured_media":0,"parent":0,"menu_order":0,"comment_status":"closed","ping_status":"closed","template":"","meta":{"_bbp_topic_count":0,"_bbp_reply_count":0,"_bbp_total_topic_count":0,"_bbp_total_reply_count":0,"_bbp_voice_count":0,"_bbp_anonymous_reply_count":0,"_bbp_topic_count_hidden":0,"_bbp_reply_count_hidden":0,"_bbp_forum_subforum_count":0,"jetpack_post_was_ever_published":false,"footnotes":""},"class_list":["post-357","page","type-page","status-publish","hentry"],"jetpack_sharing_enabled":true,"_links":{"self":[{"href":"https:\/\/samhallsentreprenor.glokala.net\/2019-2020\/wp-json\/wp\/v2\/pages\/357","targetHints":{"allow":["GET"]}}],"collection":[{"href":"https:\/\/samhallsentreprenor.glokala.net\/2019-2020\/wp-json\/wp\/v2\/pages"}],"about":[{"href":"https:\/\/samhallsentreprenor.glokala.net\/2019-2020\/wp-json\/wp\/v2\/types\/page"}],"author":[{"embeddable":true,"href":"https:\/\/samhallsentreprenor.glokala.net\/2019-2020\/wp-json\/wp\/v2\/users\/3"}],"replies":[{"embeddable":true,"href":"https:\/\/samhallsentreprenor.glokala.net\/2019-2020\/wp-json\/wp\/v2\/comments?post=357"}],"version-history":[{"count":0,"href":"https:\/\/samhallsentreprenor.glokala.net\/2019-2020\/wp-json\/wp\/v2\/pages\/357\/revisions"}],"wp:attachment":[{"href":"https:\/\/samhallsentreprenor.glokala.net\/2019-2020\/wp-json\/wp\/v2\/media?parent=357"}],"curies":[{"name":"wp","href":"https:\/\/api.w.org\/{rel}","templated":true}]}}