{"id":410,"date":"2019-09-16T08:16:06","date_gmt":"2019-09-16T06:16:06","guid":{"rendered":"https:\/\/samhallsentreprenor.glokala.net\/2019-2020\/?page_id=410"},"modified":"2019-09-17T14:00:27","modified_gmt":"2019-09-17T12:00:27","slug":"v-38-planering-och-organisation-inom-projektledning","status":"publish","type":"page","link":"https:\/\/samhallsentreprenor.glokala.net\/2019-2020\/v-38-planering-och-organisation-inom-projektledning\/","title":{"rendered":"v 38 Planering och organisation inom projektledning"},"content":{"rendered":"\n<h4 class=\"wp-block-heading\"><strong><a href=\"https:\/\/samhallsentreprenor.glokala.net\/2019-2020\/grupper\/uppgift-2-skiss-for-projekt-eller-verksamhet\/\" target=\"_blank\" rel=\"noreferrer noopener\" aria-label=\"Uppgift 2: Skiss f\u00f6r projekt eller verksamhet\n (opens in a new tab)\">Uppgift 2: Skiss f\u00f6r projekt eller verksamhet<br><\/a><\/strong><\/h4>\n\n\n\n<p><strong>Inl\u00e4mning s\u00f6ndag 23 september.<\/strong><br><a href=\"https:\/\/samhallsentreprenor.glokala.net\/2019-2020\/uppgift-2-skiss-for-projekt-eller-verksamhet\/\" target=\"_blank\" rel=\"noreferrer noopener\" aria-label=\"Beskrivning av uppgiften \u2192\n (opens in a new tab)\">Beskrivning av uppgiften \u2192<br><\/a><a rel=\"noreferrer noopener\" aria-label=\"Forum f\u00f6r inl\u00e4mning (inloggad) \u2192 (opens in a new tab)\" href=\"https:\/\/samhallsentreprenor.glokala.net\/2019-2020\/grupper\/uppgift-2-skiss-for-projekt-eller-verksamhet\/\" target=\"_blank\">Forum f\u00f6r inl\u00e4mning (inloggad) \u2192<\/a><\/p>\n\n\n\n<p>:::::::::::::::::::::<\/p>\n\n\n\n<p>H\u00e4r f\u00f6ljer veckans tema med tv\u00e5 videof\u00f6rel\u00e4sningar och tillh\u00f6rande powerpoints.<\/p>\n\n\n\n<p>Har du fr\u00e5gor om det som Fredrik presenterar, eller n\u00e5got som beh\u00f6ver tydligg\u00f6ras? <a href=\"https:\/\/samhallsentreprenor.glokala.net\/2019-2020\/grupper\/cafeet-kursforum\/forum\/topic\/projektledning-tankar-och-fragor\/\" target=\"_blank\" rel=\"noreferrer noopener\" aria-label=\"Skriv i forumet --&gt;  (opens in a new tab)\">Skriv i forumet &#8211;> <\/a><\/p>\n\n\n\n<h4 class=\"wp-block-heading\">Fr\u00e5n id\u00e9 till projekt<\/h4>\n\n\n\n<p>Till videon h\u00f6r f\u00f6ljande power point:<a href=\"https:\/\/samhallsentreprenor.glokala.net\/2018-2019\/wp-content\/uploads\/2018\/09\/Ide-till-projekt-PPT.ppt\" target=\"_blank\" rel=\"noreferrer noopener\"><strong> Id\u00e9 till projekt (ppt)<\/strong><\/a><strong> \/\/ <a href=\"https:\/\/samhallsentreprenor.glokala.net\/2018-2019\/wp-content\/uploads\/2018\/09\/Ide-till-projekt-PPT.pdf\" target=\"_blank\" rel=\"noreferrer noopener\">Id\u00e9 till projekt (pdf)<\/a><\/strong><\/p>\n\n\n\n<figure class=\"wp-block-embed-vimeo wp-block-embed is-type-video is-provider-vimeo wp-embed-aspect-16-9 wp-has-aspect-ratio\"><div class=\"wp-block-embed__wrapper\">\n<iframe loading=\"lazy\" title=\"Fr\u00e5n id\u00e9 till projekt\" src=\"https:\/\/player.vimeo.com\/video\/137066332?dnt=1&amp;app_id=122963\" width=\"500\" height=\"281\" frameborder=\"0\" allow=\"autoplay; fullscreen; picture-in-picture; clipboard-write\"><\/iframe>\n<\/div><\/figure>\n\n\n\n<p>:::::::::::::::::::::::::::::::::::::::::::::::::::::::::::::::::::<\/p>\n\n\n\n<h4 class=\"wp-block-heading\">Planering och organisering<\/h4>\n\n\n\n<p>Till videon h\u00f6r f\u00f6ljande power point:<a href=\"https:\/\/samhallsentreprenor.glokala.net\/2018-2019\/wp-content\/uploads\/2018\/09\/planering-och-organisation-PPT.ppt\" target=\"_blank\" rel=\"noreferrer noopener\"><strong> Planering och organisering (ppt)<\/strong><\/a><strong> \/\/ <a href=\"https:\/\/samhallsentreprenor.glokala.net\/2018-2019\/wp-content\/uploads\/2018\/09\/planering-och-organisation-PPT.pdf\" target=\"_blank\" rel=\"noreferrer noopener\">Planering och organisering (pdf)<\/a><\/strong><\/p>\n\n\n\n<figure class=\"wp-block-embed-vimeo wp-block-embed is-type-video is-provider-vimeo wp-embed-aspect-16-9 wp-has-aspect-ratio\"><div class=\"wp-block-embed__wrapper\">\n<iframe loading=\"lazy\" title=\"planering och organisation\" src=\"https:\/\/player.vimeo.com\/video\/137068035?dnt=1&amp;app_id=122963\" width=\"500\" height=\"281\" frameborder=\"0\" allow=\"autoplay; fullscreen; picture-in-picture; clipboard-write\"><\/iframe>\n<\/div><\/figure>\n","protected":false},"excerpt":{"rendered":"<p>Uppgift 2: Skiss f\u00f6r projekt eller verksamhet Inl\u00e4mning s\u00f6ndag 23 september.Beskrivning av uppgiften \u2192Forum f\u00f6r inl\u00e4mning (inloggad) \u2192 ::::::::::::::::::::: H\u00e4r f\u00f6ljer veckans tema med tv\u00e5 videof\u00f6rel\u00e4sningar och tillh\u00f6rande powerpoints. Har du fr\u00e5gor om det som Fredrik presenterar, eller n\u00e5got som beh\u00f6ver tydligg\u00f6ras? Skriv i forumet &#8211;> Fr\u00e5n id\u00e9 till projekt Till videon h\u00f6r f\u00f6ljande power [&hellip;]<\/p>\n","protected":false},"author":3,"featured_media":0,"parent":0,"menu_order":0,"comment_status":"closed","ping_status":"closed","template":"","meta":{"_bbp_topic_count":0,"_bbp_reply_count":0,"_bbp_total_topic_count":0,"_bbp_total_reply_count":0,"_bbp_voice_count":0,"_bbp_anonymous_reply_count":0,"_bbp_topic_count_hidden":0,"_bbp_reply_count_hidden":0,"_bbp_forum_subforum_count":0,"jetpack_post_was_ever_published":false,"footnotes":""},"class_list":["post-410","page","type-page","status-publish","hentry"],"jetpack_sharing_enabled":true,"_links":{"self":[{"href":"https:\/\/samhallsentreprenor.glokala.net\/2019-2020\/wp-json\/wp\/v2\/pages\/410","targetHints":{"allow":["GET"]}}],"collection":[{"href":"https:\/\/samhallsentreprenor.glokala.net\/2019-2020\/wp-json\/wp\/v2\/pages"}],"about":[{"href":"https:\/\/samhallsentreprenor.glokala.net\/2019-2020\/wp-json\/wp\/v2\/types\/page"}],"author":[{"embeddable":true,"href":"https:\/\/samhallsentreprenor.glokala.net\/2019-2020\/wp-json\/wp\/v2\/users\/3"}],"replies":[{"embeddable":true,"href":"https:\/\/samhallsentreprenor.glokala.net\/2019-2020\/wp-json\/wp\/v2\/comments?post=410"}],"version-history":[{"count":0,"href":"https:\/\/samhallsentreprenor.glokala.net\/2019-2020\/wp-json\/wp\/v2\/pages\/410\/revisions"}],"wp:attachment":[{"href":"https:\/\/samhallsentreprenor.glokala.net\/2019-2020\/wp-json\/wp\/v2\/media?parent=410"}],"curies":[{"name":"wp","href":"https:\/\/api.w.org\/{rel}","templated":true}]}}