{"id":412,"date":"2019-09-16T08:13:19","date_gmt":"2019-09-16T06:13:19","guid":{"rendered":"https:\/\/samhallsentreprenor.glokala.net\/2019-2020\/?page_id=412"},"modified":"2019-09-16T08:13:19","modified_gmt":"2019-09-16T06:13:19","slug":"uppgift-2-skiss-for-projekt-eller-verksamhet","status":"publish","type":"page","link":"https:\/\/samhallsentreprenor.glokala.net\/2019-2020\/uppgift-2-skiss-for-projekt-eller-verksamhet\/","title":{"rendered":"Uppgift 2: Skiss f\u00f6r projekt eller verksamhet"},"content":{"rendered":"\n<p><strong>Inl\u00e4mning: M\u00e5ndag 23 september<\/strong><\/p>\n\n\n\n<p><a href=\"https:\/\/samhallsentreprenor.glokala.net\/2019-2020\/grupper\/uppgift-2-skiss-for-projekt-eller-verksamhet\/\" target=\"_blank\" rel=\"noreferrer noopener\" aria-label=\"Forum f\u00f6r inl\u00e4mning (inloggad) \u2192\n (opens in a new tab)\">Forum f\u00f6r inl\u00e4mning (inloggad) \u2192<br><\/a>I den delen av kursen som handlar om projektledning \u00e4r en av examinationsuppgifterna i slutet av \u00e5ret att g\u00f6ra en hel projektplan (eller verksamhetsplan\/aff\u00e4rsplan) som i princip skall kunna s\u00e4ttas i verket direkt. Det h\u00e4r \u00e4r f\u00f6rsta steget, en skiss.<br><br>Det kan vara ett projekt eller initiativ som ni faktiskt h\u00e5ller p\u00e5 att s\u00e4tta ig\u00e5ng eller ett som ligger lite l\u00e4ngre in i framtiden. Generellt kan man s\u00e4ga att det brukar bli b\u00e4ttre om man k\u00e4nner sig mer engagerad i projektet.<br>Viktigt att n\u00e4mna: Du \u00e4r fri att byta projekt\/id\u00e9 under kurs\u00e5ret.<\/p>\n\n\n\n<p><strong>Vad skall d\u00e5 den h\u00e4r f\u00f6rsta skissen inneh\u00e5lla?<\/strong> Ta utg\u00e5ngspunkt i presentationen \u201dId\u00e9 till projekt\u201d som du hittar p\u00e5 <s>sidan f\u00f6r v 38<\/s> och ta inte in allt f\u00f6r mycket detaljer \u2013 men lite kort:<br>1) Vad skall ske?<br>2) Varf\u00f6r? (problem\/m\u00f6jlighet &#8212; vilka samh\u00e4llsutmaningar vill du ta tag i? Vad kommer din id\u00e9 bidra med?)<br>3) Hur? (metod)<br>4) F\u00f6r vem? (m\u00e5lgrupp)<\/p>\n\n\n\n<p><strong>Omfattning: <\/strong>1-2 sidor.<br><strong>Inl\u00e4mning:<\/strong> 23 september<br>\u2013 Skapa ett nytt \u00e4mne i <a href=\"https:\/\/samhallsentreprenor.glokala.net\/2019-2020\/grupper\/uppgift-2-skiss-for-projekt-eller-verksamhet\/\" target=\"_blank\" rel=\"noreferrer noopener\" aria-label=\"uppgiftens forum  (opens in a new tab)\">uppgiftens forum <\/a>(du beh\u00f6ver vara inloggad)<br>\u2013 Ladda g\u00e4rna upp din skiss som en bifogad fil.<br>\u2013\u00a0Skriv en titel som inneh\u00e5ller ditt namn Ex: Lisa &#8211; skiss f\u00f6r ett projekt<\/p>\n\n\n\n<p>Inl\u00e4mningsforumet \u00e4r \u00f6ppet f\u00f6r alla inloggade deltagare, men st\u00e4ngt f\u00f6r andra bes\u00f6kare.<\/p>\n\n\n\n<h2 class=\"wp-block-heading\"><strong>Respons\/feedback:<\/strong><\/h2>\n\n\n\n<p><strong> <\/strong>Efter den 23 september blir du indelad i en grupp f\u00f6r respons. L\u00e4s de andra skisserna i din grupp, och l\u00e4gg in kommentarer i forumet till respektive skiss.<br><em>Reflektera i korthet kring m\u00f6jligheter och utmaningar med den f\u00f6reslagna id\u00e9n. Vilka tankar och id\u00e9er f\u00e5r du? Ge g\u00e4rna tips och f\u00f6rslag. Vilka fr\u00e5gor v\u00e4cks n\u00e4r du tar del av id\u00e9n?<\/em><\/p>\n\n\n\n<p><strong>Sista dag f\u00f6r kommentarer till varandra:<\/strong> 7 oktober.<\/p>\n\n\n\n<p>Du kommer \u00e4ven att f\u00e5 feedback fr\u00e5n pedagog.<\/p>\n","protected":false},"excerpt":{"rendered":"<p>Inl\u00e4mning: M\u00e5ndag 23 september Forum f\u00f6r inl\u00e4mning (inloggad) \u2192I den delen av kursen som handlar om projektledning \u00e4r en av examinationsuppgifterna i slutet av \u00e5ret att g\u00f6ra en hel projektplan (eller verksamhetsplan\/aff\u00e4rsplan) som i princip skall kunna s\u00e4ttas i verket direkt. Det h\u00e4r \u00e4r f\u00f6rsta steget, en skiss. Det kan vara ett projekt eller initiativ [&hellip;]<\/p>\n","protected":false},"author":3,"featured_media":0,"parent":0,"menu_order":0,"comment_status":"closed","ping_status":"closed","template":"","meta":{"_bbp_topic_count":0,"_bbp_reply_count":0,"_bbp_total_topic_count":0,"_bbp_total_reply_count":0,"_bbp_voice_count":0,"_bbp_anonymous_reply_count":0,"_bbp_topic_count_hidden":0,"_bbp_reply_count_hidden":0,"_bbp_forum_subforum_count":0,"jetpack_post_was_ever_published":false,"footnotes":""},"class_list":["post-412","page","type-page","status-publish","hentry"],"jetpack_sharing_enabled":true,"_links":{"self":[{"href":"https:\/\/samhallsentreprenor.glokala.net\/2019-2020\/wp-json\/wp\/v2\/pages\/412","targetHints":{"allow":["GET"]}}],"collection":[{"href":"https:\/\/samhallsentreprenor.glokala.net\/2019-2020\/wp-json\/wp\/v2\/pages"}],"about":[{"href":"https:\/\/samhallsentreprenor.glokala.net\/2019-2020\/wp-json\/wp\/v2\/types\/page"}],"author":[{"embeddable":true,"href":"https:\/\/samhallsentreprenor.glokala.net\/2019-2020\/wp-json\/wp\/v2\/users\/3"}],"replies":[{"embeddable":true,"href":"https:\/\/samhallsentreprenor.glokala.net\/2019-2020\/wp-json\/wp\/v2\/comments?post=412"}],"version-history":[{"count":0,"href":"https:\/\/samhallsentreprenor.glokala.net\/2019-2020\/wp-json\/wp\/v2\/pages\/412\/revisions"}],"wp:attachment":[{"href":"https:\/\/samhallsentreprenor.glokala.net\/2019-2020\/wp-json\/wp\/v2\/media?parent=412"}],"curies":[{"name":"wp","href":"https:\/\/api.w.org\/{rel}","templated":true}]}}