{"id":493,"date":"2019-09-23T08:22:45","date_gmt":"2019-09-23T06:22:45","guid":{"rendered":"https:\/\/samhallsentreprenor.glokala.net\/2019-2020\/?page_id=493"},"modified":"2019-09-26T09:08:41","modified_gmt":"2019-09-26T07:08:41","slug":"v-39-active-citizenship","status":"publish","type":"page","link":"https:\/\/samhallsentreprenor.glokala.net\/2019-2020\/v-39-active-citizenship\/","title":{"rendered":"v 39 Active Citizenship"},"content":{"rendered":"\n<p><strong>Hur formar vi som medborgare samh\u00e4llsutvecklingen? Vi tar begreppet \u201dactive citizenship\u201d som ing\u00e5ng till den h\u00e4r veckans material och reflektion.  Som kontext i temat ska vi dyka in i den h\u00f6gst aktuella globala klimatstrejken<\/strong>!<\/p>\n\n\n\n<h4 class=\"wp-block-heading\">F\u00f6rst en introduktion till temat:<\/h4>\n\n\n\n<div class=\"wp-block-file\"><a href=\"https:\/\/samhallsentreprenor.glokala.net\/2019-2020\/wp-content\/uploads\/2019\/09\/Inspelning-Active-Citizenship-2019-09-19-13.37.mp3\">Inspelning Active Citizenship (06:18)<\/a><a href=\"https:\/\/samhallsentreprenor.glokala.net\/2019-2020\/wp-content\/uploads\/2019\/09\/Inspelning-Active-Citizenship-2019-09-19-13.37.mp3\" class=\"wp-block-file__button\" download>Ladda ner<\/a><\/div>\n\n\n\n<figure class=\"wp-block-embed\"><div class=\"wp-block-embed__wrapper\">\n<audio class=\"wp-audio-shortcode\" id=\"audio-493-1\" preload=\"none\" style=\"width: 100%;\" controls=\"controls\"><source type=\"audio\/mpeg\" src=\"https:\/\/samhallsentreprenor.glokala.net\/2019-2020\/wp-content\/uploads\/2019\/09\/Inspelning-Active-Citizenship-2019-09-19-13.37.mp3?_=1\" \/><a href=\"https:\/\/samhallsentreprenor.glokala.net\/2019-2020\/wp-content\/uploads\/2019\/09\/Inspelning-Active-Citizenship-2019-09-19-13.37.mp3\">https:\/\/samhallsentreprenor.glokala.net\/2019-2020\/wp-content\/uploads\/2019\/09\/Inspelning-Active-Citizenship-2019-09-19-13.37.mp3<\/a><\/audio>\n<\/div><\/figure>\n\n\n\n<div class=\"wp-block-file\"><a href=\"https:\/\/samhallsentreprenor.glokala.net\/2019-2020\/wp-content\/uploads\/2019\/09\/LJUDINSPELNING-ACTIVE-CITIZENSHIP.pdf\"><em>F\u00f6redrar du att l\u00e4sa ist\u00e4llet f\u00f6r att lyssna? Det mesta som s\u00e4gs i inspelningen st\u00e5r ocks\u00e5 h\u00e4r p\u00e5 sidan, men inte allt. Klicka h\u00e4r f\u00f6r att ta del av manuset i textformat.<\/em><\/a><a href=\"https:\/\/samhallsentreprenor.glokala.net\/2019-2020\/wp-content\/uploads\/2019\/09\/LJUDINSPELNING-ACTIVE-CITIZENSHIP.pdf\" class=\"wp-block-file__button\" download>Ladda ner<\/a><\/div>\n\n\n\n<p>::::::::::::::::::::::<\/p>\n\n\n\n<h3 class=\"wp-block-heading\">Global Klimatstrejk!<\/h3>\n\n\n\n<p>Greta Thunbergs strejkande f\u00f6r klimatet gick snabbt fr\u00e5n att vara en enskild skolungdoms aktiva handlande till att bli en global r\u00f6relse. I augusti 2018 satte sig Greta f\u00f6r f\u00f6rsta g\u00e5ngen utanf\u00f6r riksdagen i Stockholm. \u00c5tta m\u00e5nader senare hade 1,6 miljoner m\u00e4nniskor anslutit sig till strejken, runt om i hela v\u00e4rlden, f\u00f6r att delta i <a rel=\"noreferrer noopener\" aria-label=\"den senaste Global Climate Strike i mars i \u00e5r (opens in a new tab)\" href=\"https:\/\/youtu.be\/oJ_QkjieLmw\" target=\"_blank\">den senaste <\/a><em><a rel=\"noreferrer noopener\" aria-label=\"den senaste Global Climate Strike i mars i \u00e5r (opens in a new tab)\" href=\"https:\/\/youtu.be\/oJ_QkjieLmw\" target=\"_blank\">Global Climate Strike<\/a><\/em><a rel=\"noreferrer noopener\" aria-label=\"den senaste Global Climate Strike i mars i \u00e5r (opens in a new tab)\" href=\"https:\/\/youtu.be\/oJ_QkjieLmw\" target=\"_blank\"> i mars i \u00e5r<\/a>. I fredags b\u00f6rjade en ny global klimatstrejk-vecka, som vi nu \u00e4r mitt uppe i, och nu p\u00e5 fredag uppmanas \u00e4ven vuxna delta i strejken.  Vi b\u00f6rjar med att lyssna p\u00e5 initiativtagarens uppmaning, och n\u00e5gra r\u00f6ster fr\u00e5n runt om i v\u00e4rlden om varf\u00f6r de valt att engagera sig i kampen, i ett kort klipp.<\/p>\n\n\n\n<figure class=\"wp-block-embed-youtube wp-block-embed is-type-video is-provider-youtube wp-embed-aspect-4-3 wp-has-aspect-ratio\"><div class=\"wp-block-embed__wrapper\">\n<iframe loading=\"lazy\" title=\"Calling Adults Everywhere to Action #ClimateStrike\" width=\"500\" height=\"375\" src=\"https:\/\/www.youtube.com\/embed\/iU7IhINREcI?feature=oembed\" frameborder=\"0\" allow=\"accelerometer; autoplay; clipboard-write; encrypted-media; gyroscope; picture-in-picture; web-share\" referrerpolicy=\"strict-origin-when-cross-origin\" allowfullscreen><\/iframe>\n<\/div><\/figure>\n\n\n\n<blockquote class=\"wp-block-quote is-style-default is-layout-flow wp-block-quote-is-layout-flow\"><p>Du kan inte l\u00f6sa krisen utan att behandla den som en kris, utan att se helhetsbilden. Du kan inte l\u00e4mna ansvaret till individer, politiker, marknaden eller andra delar av v\u00e4rlden. Det h\u00e4r m\u00e5ste inkludera allt och alla.<\/p><cite><em>Greta Thunberg. Tal i&nbsp;<a rel=\"noreferrer noopener\" href=\"https:\/\/www.youtube.com\/watch?v=ESDpzwWrmGg\" target=\"_blank\">National Assembly<\/a>, Paris, Frankrike 23\/7-2019.&nbsp;&nbsp;<\/em><\/cite><\/blockquote>\n\n\n\n<p style=\"text-align:center\" class=\"has-text-color has-background has-very-light-gray-color has-vivid-green-cyan-background-color\"><em><strong>Vill du st\u00f6dja klimatstrejken? <\/strong><\/em><a rel=\"noreferrer noopener\" href=\"https:\/\/350.org\/tenwaystosupportstrikes\/\" target=\"_blank\"><em><strong>H\u00c4R<\/strong><\/em><\/a><em><strong> \u00e4r tio tips om hur du kan g\u00e5 till v\u00e4ga.<\/strong><\/em><\/p>\n\n\n\n<h3 class=\"wp-block-heading\">Samtal mellan Naomi Klein och Greta Thunberg<\/h3>\n\n\n\n<figure class=\"wp-block-embed-youtube wp-block-embed is-type-video is-provider-youtube wp-embed-aspect-16-9 wp-has-aspect-ratio\"><div class=\"wp-block-embed__wrapper\">\n<iframe loading=\"lazy\" title=\"Greta Thunberg on the Climate Fight: \u201cIf We Can Save the Banks, Then We Can Save the World\u201d\" width=\"500\" height=\"281\" src=\"https:\/\/www.youtube.com\/embed\/bSUyHVKUTFo?feature=oembed\" frameborder=\"0\" allow=\"accelerometer; autoplay; clipboard-write; encrypted-media; gyroscope; picture-in-picture; web-share\" referrerpolicy=\"strict-origin-when-cross-origin\" allowfullscreen><\/iframe>\n<\/div><\/figure>\n\n\n\n<p>Videon \u00e4r en klippt och f\u00f6rkortad version fr\u00e5n <a rel=\"noreferrer noopener\" aria-label=\"en helkv\u00e4ll (opens in a new tab)\" href=\"https:\/\/theintercept.com\/2019\/09\/06\/greta-thunberg-naomi-klein-climate-change-livestream\/\" target=\"_blank\">en helkv\u00e4ll<\/a> med tal och en l\u00e4ngre intervju mellan Naomi Klein och Greta Thunberg. Naomi Klein, f\u00f6rfattare, aktivist och filmskapare, och k\u00e4nd f\u00f6r sina v\u00e4lskrivna b\u00f6cker om kapitalismen och dess f\u00f6r\u00f6delse (som <em>Chockdoktrinen<\/em> och <em>Det h\u00e4r f\u00f6r\u00e4ndrar allt<\/em>), tr\u00e4ffade h\u00e4romveckan Greta Thunberg f\u00f6r ett samtal. De pratar bland annat om ansvaret Greta f\u00e5tt som representant f\u00f6r en global r\u00f6relse, om att ena olika kamper, om att vara \u00f6ppen med en diagnos och, s\u00e5 klart, om klimatet.<br><br>I <a rel=\"noreferrer noopener\" aria-label=\"den l\u00e4ngre versionen (opens in a new tab)\" href=\"https:\/\/theintercept.com\/2019\/09\/06\/greta-thunberg-naomi-klein-climate-change-livestream\/https:\/\/theintercept.com\/2019\/09\/06\/greta-thunberg-naomi-klein-climate-change-livestream\/\" target=\"_blank\">den l\u00e4ngre versionen<\/a> av videon kan man h\u00f6ra Naomis tre tankar om vad som simultant kr\u00e4vs f\u00f6r att stoppa utvecklingen mot det klimatkaos vi \u00e4r p\u00e5 v\u00e4g mot (fr\u00e5n 35:12):<\/p>\n\n\n\n<blockquote class=\"wp-block-quote is-layout-flow wp-block-quote-is-layout-flow\"><p>1. Modet att v\u00e5ga dr\u00f6mma om en annan framtid, och att v\u00e5ga skaka av oss k\u00e4nslan av oundviklig apokalyps som genomtr\u00e4nger varje aspekt av v\u00e5r kultur: f\u00f6r att ge oss en riktning och ett gemensamt m\u00e5l, en vision om v\u00e4rlden vi jobbar mot.<br>2. Att vi konfronterar sanningen om var vi \u00e4r i historien, hur mycket som redan g\u00e5tt f\u00f6rlorat, och vad som kommer att g\u00e5 f\u00f6rlorat om vi inte omfamnar revolution\u00e4ra niv\u00e5er av f\u00f6r\u00e4ndring omedelbart.<br>3. Att vi <em>hittar v\u00e5r kamp<\/em> och samarbetar, tv\u00e4rs \u00f6ver v\u00e5ra skillnader, f\u00f6r att bygga upp en trov\u00e4rdig och orubblig kraft. <\/p><cite>Plockat ur Naomi Kleins tal, egen \u00f6vers\u00e4ttning<\/cite><\/blockquote>\n\n\n\n<p>::::::::::::::::::::::<\/p>\n\n\n\n<h3 class=\"wp-block-heading\"><strong>Att l\u00e4sa: <em>Samh\u00e4llsentrepren\u00f6rskap f\u00f6r en global utveckling<\/em><\/strong><\/h3>\n\n\n\n<p>L\u00e4s (hela eller delar av, se nedan) Malin Gawells kapitel i antologin <a rel=\"noreferrer noopener\" href=\"https:\/\/www.ltu.se\/cms_fs\/1.78817!\/file\/samhallets_entreprenorer.pdf\" target=\"_blank\">Samh\u00e4llets entrepren\u00f6rer<\/a>: <em>Samh\u00e4llsentrepren\u00f6rskap f\u00f6r en global utveckling<\/em> (sida 157-173).<br><br>I texten beskrivs till en b\u00f6rjan organisationen <em><a rel=\"noreferrer noopener\" aria-label=\"Attac! (opens in a new tab)\" href=\"https:\/\/www.attac.org\/\" target=\"_blank\">Attac!<\/a><\/em>, hur den startades i Sverige och hur engagemanget inom den sett ut. Sedan f\u00f6rs mer generella diskussioner under rubrikerna <em>Innovativt handlande och organisering<\/em>, <em>N\u00e5gra ord om samh\u00e4llsnytta<\/em>, och <em>Aktivism som samh\u00e4llsentrepren\u00f6rskap<\/em>. Du kan v\u00e4lja att l\u00e4sa hela kapitlet, eller enbart de nyss n\u00e4mnda delarna.<\/p>\n\n\n\n<p>::::::::::::::::::::::<\/p>\n\n\n\n<h3 class=\"wp-block-heading\">Reflektion &amp; samtal<\/h3>\n\n\n\n<p>Vi reflekterar och samtalar tillsammans utifr\u00e5n veckans tema och inneh\u00e5ll. Om du vill kan du anv\u00e4nda dig av fr\u00e5gorna nedan som st\u00f6d i din reflektion. <\/p>\n\n\n\n<ul class=\"wp-block-list\"><li>Vad inneb\u00e4r aktivt medborgarskap f\u00f6r dig?<\/li><li>Vems ansvar \u00e4r det att &#8221;f\u00f6rb\u00e4ttra v\u00e4rlden&#8221;? <\/li><li>Vad tror du kr\u00e4vs f\u00f6r att starta en r\u00f6relse? <\/li><li>Vad t\u00e4nker du om uppmaningen &#8221;T\u00e4nk globalt, agera lokalt?&#8221;<\/li><li>Vad t\u00e4nker du om Naomi Kleins tre tankar om vad som kr\u00e4vs f\u00f6r att stoppa klimatkaos?<\/li><li>Hur b\u00f6r man som samh\u00e4llsentrepren\u00f6r f\u00f6rh\u00e5lla sig till klimatkrisen\/-kampen?<\/li><li>Vad tar du med dig fr\u00e5n samtalet mellan Greta och Naomi?<\/li><li>Vad tar du med dig fr\u00e5n Malin Gawells text?<\/li><\/ul>\n\n\n\n<p>&#8212;> <em>Skriv ett kort inl\u00e4gg med dina tankar, och svara p\u00e5 tv\u00e5 andra kursdeltagares inl\u00e4gg!<\/em> <a href=\"https:\/\/samhallsentreprenor.glokala.net\/2019-2020\/grupper\/cafeet-kursforum\/forum\/topic\/v-39-reflektion-och-samtal\/#post-658\" target=\"_blank\" rel=\"noreferrer noopener\" aria-label=\" (opens in a new tab)\">FORUMTR\u00c5D &#8212;><\/a><\/p>\n\n\n\n<p>::::::::::::::::::::::<\/p>\n\n\n\n<h3 class=\"wp-block-heading\">Valbar f\u00f6rdjupning<\/h3>\n\n\n\n<p>Artikel: <a href=\"https:\/\/samhallsentreprenor.glokala.net\/2018-2019\/wp-content\/uploads\/2018\/08\/vaelfaerdsamhaellet-efter-den-svenska-modellen.pdf\" target=\"_blank\" rel=\"noreferrer noopener\">\u201dV\u00e4lf\u00e4rdssamh\u00e4llet efter Den Svenska Modellen\u201d<\/a> (Karl Palm\u00e5s, 2005)<\/p>\n\n\n\n<p>Karl Palm\u00e5s beskriver hur v\u00e4lf\u00e4rdens nya l\u00f6sningar v\u00e4xer fram utanf\u00f6r dagens etablerade strukturer. H\u00e5ller ni med? \u00c4r det civila samh\u00e4llets roll \/ samh\u00e4llsentrepren\u00f6rers roll att utveckla v\u00e4lf\u00e4rden?<\/p>\n","protected":false},"excerpt":{"rendered":"<p>Hur formar vi som medborgare samh\u00e4llsutvecklingen? Vi tar begreppet \u201dactive citizenship\u201d som ing\u00e5ng till den h\u00e4r veckans material och reflektion. Som kontext i temat ska vi dyka in i den h\u00f6gst aktuella globala klimatstrejken! F\u00f6rst en introduktion till temat: :::::::::::::::::::::: Global Klimatstrejk! Greta Thunbergs strejkande f\u00f6r klimatet gick snabbt fr\u00e5n att vara en enskild skolungdoms [&hellip;]<\/p>\n","protected":false},"author":3,"featured_media":0,"parent":0,"menu_order":0,"comment_status":"open","ping_status":"closed","template":"","meta":{"_bbp_topic_count":0,"_bbp_reply_count":0,"_bbp_total_topic_count":0,"_bbp_total_reply_count":0,"_bbp_voice_count":0,"_bbp_anonymous_reply_count":0,"_bbp_topic_count_hidden":0,"_bbp_reply_count_hidden":0,"_bbp_forum_subforum_count":0,"jetpack_post_was_ever_published":false,"footnotes":""},"class_list":["post-493","page","type-page","status-publish","hentry"],"jetpack_sharing_enabled":true,"_links":{"self":[{"href":"https:\/\/samhallsentreprenor.glokala.net\/2019-2020\/wp-json\/wp\/v2\/pages\/493","targetHints":{"allow":["GET"]}}],"collection":[{"href":"https:\/\/samhallsentreprenor.glokala.net\/2019-2020\/wp-json\/wp\/v2\/pages"}],"about":[{"href":"https:\/\/samhallsentreprenor.glokala.net\/2019-2020\/wp-json\/wp\/v2\/types\/page"}],"author":[{"embeddable":true,"href":"https:\/\/samhallsentreprenor.glokala.net\/2019-2020\/wp-json\/wp\/v2\/users\/3"}],"replies":[{"embeddable":true,"href":"https:\/\/samhallsentreprenor.glokala.net\/2019-2020\/wp-json\/wp\/v2\/comments?post=493"}],"version-history":[{"count":0,"href":"https:\/\/samhallsentreprenor.glokala.net\/2019-2020\/wp-json\/wp\/v2\/pages\/493\/revisions"}],"wp:attachment":[{"href":"https:\/\/samhallsentreprenor.glokala.net\/2019-2020\/wp-json\/wp\/v2\/media?parent=493"}],"curies":[{"name":"wp","href":"https:\/\/api.w.org\/{rel}","templated":true}]}}