{"id":679,"date":"2019-09-30T08:36:37","date_gmt":"2019-09-30T06:36:37","guid":{"rendered":"https:\/\/samhallsentreprenor.glokala.net\/2019-2020\/?page_id=679"},"modified":"2019-10-04T10:50:27","modified_gmt":"2019-10-04T08:50:27","slug":"v-40-projektledning-intressenter-och-kommunikation-uppgift-3","status":"publish","type":"page","link":"https:\/\/samhallsentreprenor.glokala.net\/2019-2020\/v-40-projektledning-intressenter-och-kommunikation-uppgift-3\/","title":{"rendered":"v 40 Projektledning \u2013 intressenter och kommunikation + uppgift 3"},"content":{"rendered":"\n<p>Veckans material fokuserar p\u00e5 projektledning, med tema intressenter och kommunikation. Vi introducerar \u00e4ven tv\u00e5 uppgifter, en obligatorisk och en frivillig. F\u00f6r att ta del av veckans, obligatoriska, uppgift (uppgift 3), <a href=\"https:\/\/samhallsentreprenor.glokala.net\/2019-2020\/uppgift-3-perspektiv-pa-samhallsentreprenorskap\/\" target=\"_blank\" rel=\"noreferrer noopener\" aria-label=\" (opens in a new tab)\">klicka h\u00e4r<\/a>.  Den frivilliga presenteras l\u00e4ngre ner. <\/p>\n\n\n\n<p><strong>V. 40 Projektledning- intressenter och kommunikation. <\/strong><\/p>\n\n\n\n<ul class=\"wp-block-list\"><li>Vilka akt\u00f6rer och samarbetspartners (intressenter) \u00e4r viktiga att f\u00f6rh\u00e5lla sig till?<\/li><li>Hur kan man arbeta med kommunikation i projekt?<\/li><\/ul>\n\n\n\n<div class=\"wp-block-image\"><figure class=\"alignright is-resized\"><img loading=\"lazy\" decoding=\"async\" src=\"https:\/\/samhallsentreprenor.glokala.net\/2018-2019\/wp-content\/uploads\/2018\/10\/6864766417_1dc36a14ce_o_500px-500x375.jpg\" alt=\"\" class=\"wp-image-431\" width=\"308\" height=\"231\"\/><\/figure><\/div>\n\n\n\n<p>Till veckans tema finns ocks\u00e5 m\u00f6jligheten (frivilligt) att g\u00f6ra en intressentanalys och\/eller kommunikationsplan. Det kan vara ett anv\u00e4ndbart n\u00e4sta steg f\u00f6r att utveckla det projekt\/initiativ du arbetar med. <\/p>\n\n\n\n<h4 class=\"wp-block-heading\">:::::::::::::::::::<\/h4>\n\n\n\n<h3 class=\"wp-block-heading\">Intressenter (ljudf\u00f6rel\u00e4sning)<\/h3>\n\n\n\n<p>H\u00e4r hittar du en <a href=\"https:\/\/samhallsentreprenor.glokala.net\/2018-2019\/wp-content\/uploads\/2018\/10\/Intressenter_ht2018_OL108A.pptx\" target=\"_blank\" rel=\"noreferrer noopener\">powerpoint om intressenter (pptx)<\/a>.&nbsp; L\u00e4nk till <a href=\"https:\/\/samhallsentreprenor.glokala.net\/2018-2019\/wp-content\/uploads\/2018\/10\/Intressenter_ht2018_OL108A.pdf\" target=\"_blank\" rel=\"noreferrer noopener\">version som pdf<\/a>.<\/p>\n\n\n\n<p>Lyssna till Fredriks kommentarer i ljud i tv\u00e5 delar:<\/p>\n\n\n\n<p><a href=\"https:\/\/samhallsentreprenor.glokala.net\/2018-2019\/wp-content\/uploads\/2018\/10\/PL_intress_1.mp3\" target=\"_blank\" rel=\"noreferrer noopener\"><strong>Projektledning \u2013 <\/strong><strong>Intressenter del 1.mp3<\/strong><\/a><\/p>\n\n\n\n<figure class=\"wp-block-audio\"><audio controls src=\"https:\/\/samhallsentreprenor.glokala.net\/2018-2019\/wp-content\/uploads\/2018\/10\/PL_intress_1.mp3\"><\/audio><\/figure>\n\n\n\n<p><a href=\"https:\/\/samhallsentreprenor.glokala.net\/2018-2019\/wp-content\/uploads\/2018\/10\/PL_INTRESS_2.mp3\" target=\"_blank\" rel=\"noreferrer noopener\"><strong>Projektledning \u2013 <\/strong><strong>Intressenter del 2.mp3<\/strong><\/a><\/p>\n\n\n\n<figure class=\"wp-block-audio\"><audio controls src=\"https:\/\/samhallsentreprenor.glokala.net\/2018-2019\/wp-content\/uploads\/2018\/10\/PL_INTRESS_2.mp3\"><\/audio><\/figure>\n\n\n\n<p>H\u00e4r hittar du \u00e4ven en liten guide till hur man kan g\u00f6ra en SWOT-analys: <a href=\"http:\/\/www.samhallsentreprenor.glokala.se\/wp-content\/uploads\/SWOT-matris.pdf\" target=\"_blank\" rel=\"noreferrer noopener\" aria-label=\" (opens in a new tab)\">swot-matris.pdf<\/a>.<\/p>\n\n\n\n<h4 class=\"wp-block-heading\">:::::::::::::::::::<\/h4>\n\n\n\n<h3 class=\"wp-block-heading\">Kommunikation (ljudf\u00f6rel\u00e4sning)<\/h3>\n\n\n\n<p>H\u00e4r hittar du en <a href=\"https:\/\/samhallsentreprenor.glokala.net\/2018-2019\/wp-content\/uploads\/2018\/10\/Kommunikation_ht2018_OL108A.pptx\" target=\"_blank\" rel=\"noreferrer noopener\">powerpoint om kommunikation (pptx)<\/a>. L\u00e4nk till <a href=\"https:\/\/samhallsentreprenor.glokala.net\/2018-2019\/wp-content\/uploads\/2018\/10\/Kommunikation_ht2018_OL108A.pdf\" target=\"_blank\" rel=\"noreferrer noopener\">version som pdf<\/a>.<\/p>\n\n\n\n<p>Lyssna till Fredriks kommentarer i f\u00f6ljande ljudfil:<\/p>\n\n\n\n<p><a href=\"https:\/\/samhallsentreprenor.glokala.net\/2018-2019\/wp-content\/uploads\/2018\/10\/PL_kommunik.mp3\" target=\"_blank\" rel=\"noreferrer noopener\"><strong>Projektledning \u2013 Kommunikation.mp3<\/strong><\/a><\/p>\n\n\n\n<figure class=\"wp-block-audio\"><audio controls src=\"https:\/\/samhallsentreprenor.glokala.net\/2018-2019\/wp-content\/uploads\/2018\/10\/PL_kommunik.mp3\"><\/audio><\/figure>\n\n\n\n<h4 class=\"wp-block-heading\">:::::::::::::::::::<\/h4>\n\n\n\n<h3 class=\"wp-block-heading\">M\u00f6jlighet: Skapa en intressentanalys och\/eller kommunikationsplan<\/h3>\n\n\n\n<p>Till veckans tema finns m\u00f6jligheten (frivilligt) att g\u00f6ra en intressentanalys och\/eller kommunikationsplan. Det kan vara ett anv\u00e4ndbart n\u00e4sta steg f\u00f6r att utveckla det projekt\/initiativ du arbetar med! Vi ger g\u00e4rna feedback.<br><strong><a href=\"https:\/\/samhallsentreprenor.glokala.net\/2019-2020\/grupper\/cafeet-kursforum\/forum\/topic\/intressentanalys-och-eller-kommunikationsplan\/#post-751\" target=\"_blank\" rel=\"noreferrer noopener\" aria-label=\" (opens in a new tab)\">Du l\u00e4gga upp den direkt i forumet via den h\u00e4r l\u00e4nken.<\/a> <\/strong><\/p>\n\n\n\n<p><\/p>\n\n\n\n<h3 class=\"wp-block-heading\">Lust att inspireras mer?<\/h3>\n\n\n\n<p>Tv\u00e5 f\u00f6rdjupningstips:<\/p>\n\n\n\n<p><strong>1. ) Sveriges kommunikat\u00f6rer tipsar om podcasts<\/strong><br>P\u00e5 deras lista finns allt fr\u00e5n nischade podcasts om h\u00e5llbarhet, digital kommunikation eller retorik till f\u00f6rdjupade samtal med aktuella g\u00e4ster:&nbsp;<a href=\"https:\/\/sverigeskommunikatorer.se\/fakta-och-verktyg\/om-yrket-kommunikator\/podcasts\/\" target=\"_blank\" rel=\"noreferrer noopener\">https:\/\/sverigeskommunikatorer.se\/fakta-och-verktyg\/om-yrket-kommunikator\/podcasts\/<\/a><\/p>\n\n\n\n<p><strong>2. ) Kommunikationsn\u00e4tverk f\u00f6r ideella sektorn<\/strong><br>I Facebookgruppen Kommunikationsn\u00e4tverk f\u00f6r ideella sektorn finns \u00f6ver 3000 medlemmar. H\u00e4r kan du st\u00e4lla fr\u00e5gor och dela erfarenheter med andra som har intresse f\u00f6r kommunikation:&nbsp;<a href=\"https:\/\/www.facebook.com\/groups\/234031006644236\/\" target=\"_blank\" rel=\"noreferrer noopener\">https:\/\/www.facebook.com\/groups\/234031006644236\/<\/a><\/p>\n","protected":false},"excerpt":{"rendered":"<p>Veckans material fokuserar p\u00e5 projektledning, med tema intressenter och kommunikation. Vi introducerar \u00e4ven tv\u00e5 uppgifter, en obligatorisk och en frivillig. F\u00f6r att ta del av veckans, obligatoriska, uppgift (uppgift 3), klicka h\u00e4r. Den frivilliga presenteras l\u00e4ngre ner. V. 40 Projektledning- intressenter och kommunikation. Vilka akt\u00f6rer och samarbetspartners (intressenter) \u00e4r viktiga att f\u00f6rh\u00e5lla sig till? Hur [&hellip;]<\/p>\n","protected":false},"author":4,"featured_media":0,"parent":0,"menu_order":0,"comment_status":"closed","ping_status":"closed","template":"","meta":{"_bbp_topic_count":0,"_bbp_reply_count":0,"_bbp_total_topic_count":0,"_bbp_total_reply_count":0,"_bbp_voice_count":0,"_bbp_anonymous_reply_count":0,"_bbp_topic_count_hidden":0,"_bbp_reply_count_hidden":0,"_bbp_forum_subforum_count":0,"jetpack_post_was_ever_published":false,"footnotes":""},"class_list":["post-679","page","type-page","status-publish","hentry"],"jetpack_sharing_enabled":true,"_links":{"self":[{"href":"https:\/\/samhallsentreprenor.glokala.net\/2019-2020\/wp-json\/wp\/v2\/pages\/679","targetHints":{"allow":["GET"]}}],"collection":[{"href":"https:\/\/samhallsentreprenor.glokala.net\/2019-2020\/wp-json\/wp\/v2\/pages"}],"about":[{"href":"https:\/\/samhallsentreprenor.glokala.net\/2019-2020\/wp-json\/wp\/v2\/types\/page"}],"author":[{"embeddable":true,"href":"https:\/\/samhallsentreprenor.glokala.net\/2019-2020\/wp-json\/wp\/v2\/users\/4"}],"replies":[{"embeddable":true,"href":"https:\/\/samhallsentreprenor.glokala.net\/2019-2020\/wp-json\/wp\/v2\/comments?post=679"}],"version-history":[{"count":0,"href":"https:\/\/samhallsentreprenor.glokala.net\/2019-2020\/wp-json\/wp\/v2\/pages\/679\/revisions"}],"wp:attachment":[{"href":"https:\/\/samhallsentreprenor.glokala.net\/2019-2020\/wp-json\/wp\/v2\/media?parent=679"}],"curies":[{"name":"wp","href":"https:\/\/api.w.org\/{rel}","templated":true}]}}