{"id":689,"date":"2019-09-26T13:47:03","date_gmt":"2019-09-26T11:47:03","guid":{"rendered":"https:\/\/samhallsentreprenor.glokala.net\/2019-2020\/?page_id=689"},"modified":"2019-10-04T13:20:03","modified_gmt":"2019-10-04T11:20:03","slug":"kurstraff-i-malmo-11-12-oktober","status":"publish","type":"page","link":"https:\/\/samhallsentreprenor.glokala.net\/2019-2020\/kurstraff-i-malmo-11-12-oktober\/","title":{"rendered":"Kurstr\u00e4ff i Malm\u00f6 11-12 oktober"},"content":{"rendered":"\n<p>Nu b\u00f6rjar programmet f\u00f6r kurstr\u00e4ffen att falla p\u00e5 plats och det \u00e4r dags att anm\u00e4la sig (i formul\u00e4ret l\u00e4ngst ner p\u00e5 sidan). Observera att mindre \u00e4ndringar i programmet kan f\u00f6rekomma, men ramtider och studiebes\u00f6k \u00e4r spikade. Kurstr\u00e4ffen g\u00f6rs tillsammans med forts\u00e4ttningskursen Samh\u00e4llsentrepren\u00f6r f\u00f6rdjupning.<\/p>\n\n\n\n<p><strong>Resa till Malm\u00f6<br><\/strong>F\u00f6r l\u00e4ngre resor ger vi ett st\u00f6d f\u00f6r kostnader upp till 750 kr, mot inl\u00e4mning av kvitto\/biljetter.<\/p>\n\n\n\n<p><strong>Boende<br><\/strong>Ett alternativ till v\u00e4nner eller kontakter i Malm\u00f6 kan vara:<\/p>\n\n\n\n<ul class=\"wp-block-list\"><li><a rel=\"noreferrer noopener\" aria-label=\"Couchsurfing (opens in a new tab)\" href=\"https:\/\/www.couchsurfing.com\/\" target=\"_blank\">Couchsurfing<\/a><\/li><li><a href=\"https:\/\/www.airbnb.se\/a\/?af=43720035&amp;c=.pi0.pk5006346894_383266686428_c_12026464216&amp;sem_position=1t1&amp;sem_target=kwd-12026464216&amp;location_of_interest=&amp;location_physical=9062396&amp;ghost=true&amp;gclid=EAIaIQobChMIpMeNk9f65AIVw6iaCh0VhQi1EAAYASAAEgJ39vD_BwE\" target=\"_blank\" rel=\"noreferrer noopener\" aria-label=\"AirBnB (opens in a new tab)\">AirBnB<\/a><\/li><li>Turistf\u00f6reningens vandrarhem i city: <a href=\"https:\/\/www.svenskaturistforeningen.se\/anlaggningar\/stf-malmo-city-vandrarhem\/\">https:\/\/www.svenskaturistforeningen.se\/anlaggningar\/stf-malmo-city-vandrarhem\/<\/a><\/li><li> Teaterhotellet <a href=\"http:\/\/www.teaterhotellet.se\/\">http:\/\/www.teaterhotellet.se\/<\/a><\/li><li> Rut och Ragnars vandrarhem <a href=\"http:\/\/www.rutochragnars.se\/\">http:\/\/www.rutochragnars.se\/<\/a><\/li><li> H\u00f6r av dig om du beh\u00f6ver andra tips eller hj\u00e4lp med \u00f6vernattning.<\/li><\/ul>\n\n\n\n<h2 class=\"wp-block-heading\">PROGRAM<\/h2>\n\n\n\n<h4 class=\"wp-block-heading\">Fredag 11 oktober, 12.00-18.00<\/h4>\n\n\n\n<div class=\"wp-block-image\"><figure class=\"alignleft\"><a href=\"https:\/\/www.augustsurfcafe.se\/om-oss\/\" target=\"_blank\" rel=\"noreferrer noopener\"><img decoding=\"async\" src=\"https:\/\/samhallsentreprenor.glokala.net\/she2\/wp-content\/uploads\/2019\/09\/Screenshot-2019-09-26-at-10.08.52.png\" alt=\"\" class=\"wp-image-7251\"\/><\/a><\/figure><\/div>\n\n\n\n<p><strong>12.00-13.30: LUNCH + STUDIEBES\u00d6K<br><a href=\"https:\/\/www.augustsurfcafe.se\/om-oss\/\" target=\"_blank\" rel=\"noreferrer noopener\">August No Stress Surf Caf\u00e9<\/a><br><\/strong>Vi m\u00f6ts upp p\u00e5 August No Stress Surf Caf\u00e9. H\u00e4r bjuder vi p\u00e5 lunch, och vi kommer att f\u00e5 tr\u00e4ffa n\u00e5gon fr\u00e5n caf\u00e9t som ber\u00e4ttar om verksamheten, fr\u00e5n id\u00e9 till verklighet!<\/p>\n\n\n\n<p><strong>Adress:\u00a0<\/strong>R\u00f6nngatan 2a, Malm\u00f6<\/p>\n\n\n\n<figure><iframe loading=\"lazy\" src=\"https:\/\/player.vimeo.com\/video\/249662552\" width=\"640\" height=\"360\" allowfullscreen=\"allowfullscreen\"><\/iframe><\/figure>\n\n\n\n<p>     <\/p>\n\n\n\n<div class=\"wp-block-image\"><figure class=\"alignleft is-resized\"><img loading=\"lazy\" decoding=\"async\" src=\"https:\/\/samhallsentreprenor.glokala.net\/she2\/wp-content\/uploads\/2019\/09\/conversation_m-400x209.jpg\" alt=\"\" class=\"wp-image-7278\" width=\"369\" height=\"193\"\/><\/figure><\/div>\n\n\n\n<p><strong>13.30-15.00: GRUPPTID<br><\/strong>Vi g\u00e5r hem till Lone som bor i n\u00e4rheten av caf\u00e9t f\u00f6r att tr\u00e4ffas i gruppen, l\u00e4ra k\u00e4nna varandra lite b\u00e4ttre och prata.<\/p>\n\n\n\n<p><strong>Adress<\/strong>: Carl Gustafs v\u00e4g 19, Malm\u00f6<\/p>\n\n\n\n<p><strong>15.00-15.45: PAUS + TA SIG TILL V\u00c4RNHEM<\/strong><\/p>\n\n\n\n<div class=\"wp-block-image\"><figure class=\"alignright\"><a href=\"https:\/\/ensamkommandesforbund.se\/motesplats-otto\/\" target=\"_blank\" rel=\"noreferrer noopener\"><img decoding=\"async\" src=\"https:\/\/samhallsentreprenor.glokala.net\/she2\/wp-content\/uploads\/2019\/09\/Screenshot-2019-09-26-at-10.43.04-400x293.png\" alt=\"\" class=\"wp-image-7252\"\/><\/a><\/figure><\/div>\n\n\n\n<p><strong>15.45-18.00: STUDIEBES\u00d6K + REFLEKTION \u00d6VER DAGEN<br><a href=\"https:\/\/ensamkommandesforbund.se\/motesplats-otto\/\" target=\"_blank\" rel=\"noreferrer noopener\">M\u00f6tesplats Otto<\/a> och <a href=\"https:\/\/ensamkommandesforbund.se\/\" target=\"_blank\" rel=\"noreferrer noopener\">Ensamkommandes f\u00f6rbund<\/a><br><\/strong>Vi g\u00e5r till Ensamkommandes f\u00f6rbunds lokal <em>M\u00f6tesplats Otto<\/em> f\u00f6r att f\u00e5 h\u00f6ra om f\u00f6reningen, platsen och engagemanget. Efter\u00e5t stannar vi kvar i lokalen f\u00f6r att avsluta dagen tillsammans med reflektion och samtal. OBS: m\u00f6jligt att vi slutar tidigare \u00e4n 18.00!<\/p>\n\n\n\n<blockquote class=\"wp-block-quote is-layout-flow wp-block-quote-is-layout-flow\"><p><em>&#8221;<strong>M\u00f6tesplats Otto<\/strong> \u00e4r ett socialt center som ligger vid V\u00e4rnhem i Malm\u00f6. Hit kan nyanl\u00e4nda ungdomar komma f\u00f6r att exempelvis f\u00e5 st\u00f6d i sin asylprocess, f\u00e5 hj\u00e4lp med l\u00e4xor och i kontakten med myndigheter.&nbsp; Vi har ungef\u00e4r 25 aktiviteter i veckan, dessa \u00e4r bland annat fotboll, k\u00f6rkortsteori, engelska f\u00f6r nyb\u00f6rjare och asylr\u00e5dgivning. Man kan ocks\u00e5 komma till oss f\u00f6r att bara slappna av, tr\u00e4ffa v\u00e4nner och spela playstation eller pingis.&#8221;<\/em><\/p><\/blockquote>\n\n\n\n<p><strong>Adress<\/strong>: \u00d6stra F\u00f6rstadsgatan 27, Malm\u00f6<\/p>\n\n\n\n<p><strong><em>TIPS P\u00c5 KV\u00c4LLSAKTIVITET:<\/em> <a href=\"https:\/\/feministiskfestival.se\/\" target=\"_blank\" rel=\"noreferrer noopener\">Feministisk Festival<\/a>s Kulturkv\u00e4ll!<br><\/strong>Fr\u00e5n 18.00-22.00 har Feministisk Festival sin kulturkv\u00e4ll, med m\u00e4ngder av olika programpunkter. <a href=\"https:\/\/feministiskfestival.files.wordpress.com\/2019\/09\/schema-2019-1.pdf\" target=\"_blank\" rel=\"noreferrer noopener\">H\u00c4R<\/a> hittar du programmet!<br><strong>Adress<\/strong>: Sp\u00e5nehusv\u00e4gen 47<\/p>\n\n\n\n<div class=\"wp-block-image\"><figure class=\"aligncenter\"><a href=\"https:\/\/feministiskfestival.se\/\" target=\"_blank\" rel=\"noreferrer noopener\"><img decoding=\"async\" src=\"https:\/\/samhallsentreprenor.glokala.net\/she2\/wp-content\/uploads\/2019\/09\/Screenshot-2019-09-26-at-10.49.26-400x126.png\" alt=\"\" class=\"wp-image-7253\"\/><\/a><\/figure><\/div>\n\n\n\n<h4 class=\"wp-block-heading\">L\u00f6rdag 12 oktober, 9.30-15.00<\/h4>\n\n\n\n<p><strong>9.30-10.45: GRUPPTID<br><\/strong>Tid f\u00f6r gemensamma samtal om Samh\u00e4llsentrepren\u00f6rskap och om era id\u00e9er\/projekt. Vi f\u00e5r l\u00e5na Ekolivs lokaler f\u00f6r att tr\u00e4ffas och samtala lite djupare om v\u00e5ra projekt och id\u00e9er inom Samh\u00e4llsentrepren\u00f6rskap.<\/p>\n\n\n\n<p><strong>Adress<\/strong>: Ronnebygatan 1<br><\/p>\n\n\n\n<p><strong>11.00-11.50 <a href=\"https:\/\/feministiskfestival.se\/\" target=\"_blank\" rel=\"noreferrer noopener\">FEMINISTISK FESTIVAL<\/a>: VALFRI PROGRAMPUNKT<br><\/strong>Vi g\u00e5r p\u00e5 Feministisk festival som h\u00e5ller till precis tv\u00e4rs \u00f6ver gatan fr\u00e5n Ekolivs, i ABFs lokaler. D\u00e4r kan man sj\u00e4lv v\u00e4lja vilken av de programpunkterna som startar kl. 11.00 som man vill g\u00e5 p\u00e5. M\u00f6jlighet till reflektion \u00f6ver passet finns under lunchpausen.<\/p>\n\n\n\n<div class=\"wp-block-image\"><figure class=\"aligncenter is-resized\"><a href=\"https:\/\/feministiskfestival.files.wordpress.com\/2019\/09\/schema-2019-1.pdf\" target=\"_blank\" rel=\"noreferrer noopener\"><img loading=\"lazy\" decoding=\"async\" src=\"https:\/\/samhallsentreprenor.glokala.net\/she2\/wp-content\/uploads\/2019\/09\/Screenshot-2019-09-26-at-11.04.28-400x64.png\" alt=\"\" class=\"wp-image-7259\" width=\"634\" height=\"101\"\/><\/a><\/figure><\/div>\n\n\n\n<div class=\"wp-block-image\"><figure class=\"aligncenter is-resized\"><a href=\"https:\/\/feministiskfestival.files.wordpress.com\/2019\/09\/schema-2019-1.pdf\" target=\"_blank\" rel=\"noreferrer noopener\"><img loading=\"lazy\" decoding=\"async\" src=\"https:\/\/samhallsentreprenor.glokala.net\/she2\/wp-content\/uploads\/2019\/09\/Screenshot-2019-09-26-at-11.04.40-400x62.png\" alt=\"\" class=\"wp-image-7258\" width=\"634\" height=\"98\"\/><\/a><\/figure><\/div>\n\n\n\n<p><strong>Adress<\/strong>: Sp\u00e5nehusv\u00e4gen 47<\/p>\n\n\n\n<p><strong>PAUS<\/strong>: Lunch (ta med egen\/k\u00f6p sj\u00e4lv) + transport till Kontrapunkt<\/p>\n\n\n\n<div class=\"wp-block-image\"><figure class=\"alignright\"><img decoding=\"async\" src=\"https:\/\/samhallsentreprenor.glokala.net\/she2\/wp-content\/uploads\/2019\/09\/Screenshot-2019-09-26-at-11.23.43-374x400.png\" alt=\"\" class=\"wp-image-7262\"\/><\/figure><\/div>\n\n\n\n<p><strong>13.30-14.30: STUDIEBES\u00d6K <a href=\"https:\/\/bygglove.nu\/kontrapunkt\/\" target=\"_blank\" rel=\"noreferrer noopener\">Kontrapunkt<\/a> <br><\/strong>Kulturhuset Kontrapunkt h\u00e5ller p\u00e5 att byggas upp igen efter att ha tvingats st\u00e4nga ner p\u00e5 grund av brist p\u00e5 lokaler. Vi bes\u00f6ker dem f\u00f6r att h\u00f6ra om verksamheten, om motg\u00e5ngar och framg\u00e5ngar, och om hur det g\u00e5r med \u00e5teruppbyggandet!<\/p>\n\n\n\n<p>&#8221;<em>Kontrapunkt \u00e4r en kollektiv och kreativ kraft f\u00f6r r\u00e4ttvisa, solidaritet och gr\u00e4srotsdemokrati. Vi dr\u00f6mmer gr\u00e4nsl\u00f6sa dr\u00f6mmar om en b\u00e4ttre v\u00e4rld och ett radikalt b\u00e4ttre och h\u00e5llbart Malm\u00f6. Med kulturen som redskap organiserar vi oss och skapar tillsammans de alternativ och l\u00f6sningar som vi tror p\u00e5. Drivande bakom Kontrapunkt \u00e4r den ideella f\u00f6reningen Kontrakultur, men hela kollektivet Kontrapunkt best\u00e5r ocks\u00e5 av de grupper, v\u00e4nf\u00f6reningar och kooperativ som vi \u00e4r med och driver eller samarbetar med.&#8221;<\/em><\/p>\n\n\n\n<p><strong>Adress: <\/strong>Norra Gr\u00e4ngesbergsgatan 28<\/p>\n\n\n\n<p><strong>14.30-15.00: Gemensamt avslut (vi stannar p\u00e5 Kontrapunkt)<br><\/strong>Vi stannar i Kontrapunkt lokaler f\u00f6r att avsluta kurstr\u00e4ffen tillsammans och f\u00f6r att s\u00e4ga hejd\u00e5 f\u00f6r den h\u00e4r g\u00e5ngen.<\/p>\n\n\n\n<h2 class=\"wp-block-heading\">ANM\u00c4LAN<\/h2>\n\n\n\n<p>Om du planerar att komma p\u00e5 kurstr\u00e4ffen s\u00e5 anm\u00e4ler du dig nedan. Senaste anm\u00e4lningsdag \u00e4r 4 oktober, men anm\u00e4l g\u00e4rna s\u00e5 snart som m\u00f6jligt. <strong>OBS<\/strong>: Den f\u00f6rra anm\u00e4lan var en intressekoll, om du fyllde i den och fortfarande ska g\u00e5 p\u00e5 kurstr\u00e4ffen, fyll i den h\u00e4r ocks\u00e5!<\/p>\n\n\n\n<p><em>Ang\u00e5ende transport mellan de olika platserna:&nbsp;<\/em>Skriv under &#8221;\u00c4r det n\u00e5got annat som \u00e4r bra f\u00f6r oss l\u00e4rare att veta inf\u00f6r kurstr\u00e4ffen?&#8221; om du beh\u00f6ver hj\u00e4lp med transport. Det kan vara att l\u00e5na en cykel eller f\u00e5 s\u00e4llskap p\u00e5 bussresa.<\/p>\n\n\n\n<figure><iframe loading=\"lazy\" src=\"https:\/\/docs.google.com\/forms\/d\/e\/1FAIpQLSc1-7Llea-wNet4j2j5sflRgyuyGY6Most6jPURNdgbyyt84Q\/viewform?embedded=true\" width=\"640\" height=\"1256\"><\/iframe><\/figure>\n\n\n\n<p><strong>Vi ses i Malm\u00f6!<\/strong><\/p>\n","protected":false},"excerpt":{"rendered":"<p>Nu b\u00f6rjar programmet f\u00f6r kurstr\u00e4ffen att falla p\u00e5 plats och det \u00e4r dags att anm\u00e4la sig (i formul\u00e4ret l\u00e4ngst ner p\u00e5 sidan). Observera att mindre \u00e4ndringar i programmet kan f\u00f6rekomma, men ramtider och studiebes\u00f6k \u00e4r spikade. Kurstr\u00e4ffen g\u00f6rs tillsammans med forts\u00e4ttningskursen Samh\u00e4llsentrepren\u00f6r f\u00f6rdjupning. Resa till Malm\u00f6F\u00f6r l\u00e4ngre resor ger vi ett st\u00f6d f\u00f6r kostnader upp [&hellip;]<\/p>\n","protected":false},"author":3,"featured_media":0,"parent":0,"menu_order":0,"comment_status":"closed","ping_status":"closed","template":"","meta":{"_bbp_topic_count":0,"_bbp_reply_count":0,"_bbp_total_topic_count":0,"_bbp_total_reply_count":0,"_bbp_voice_count":0,"_bbp_anonymous_reply_count":0,"_bbp_topic_count_hidden":0,"_bbp_reply_count_hidden":0,"_bbp_forum_subforum_count":0,"jetpack_post_was_ever_published":false,"footnotes":""},"class_list":["post-689","page","type-page","status-publish","hentry"],"jetpack_sharing_enabled":true,"_links":{"self":[{"href":"https:\/\/samhallsentreprenor.glokala.net\/2019-2020\/wp-json\/wp\/v2\/pages\/689","targetHints":{"allow":["GET"]}}],"collection":[{"href":"https:\/\/samhallsentreprenor.glokala.net\/2019-2020\/wp-json\/wp\/v2\/pages"}],"about":[{"href":"https:\/\/samhallsentreprenor.glokala.net\/2019-2020\/wp-json\/wp\/v2\/types\/page"}],"author":[{"embeddable":true,"href":"https:\/\/samhallsentreprenor.glokala.net\/2019-2020\/wp-json\/wp\/v2\/users\/3"}],"replies":[{"embeddable":true,"href":"https:\/\/samhallsentreprenor.glokala.net\/2019-2020\/wp-json\/wp\/v2\/comments?post=689"}],"version-history":[{"count":0,"href":"https:\/\/samhallsentreprenor.glokala.net\/2019-2020\/wp-json\/wp\/v2\/pages\/689\/revisions"}],"wp:attachment":[{"href":"https:\/\/samhallsentreprenor.glokala.net\/2019-2020\/wp-json\/wp\/v2\/media?parent=689"}],"curies":[{"name":"wp","href":"https:\/\/api.w.org\/{rel}","templated":true}]}}