{"id":80,"date":"2019-08-19T16:24:45","date_gmt":"2019-08-19T14:24:45","guid":{"rendered":"https:\/\/samhallsentreprenor.glokala.net\/2019-2020\/?page_id=80"},"modified":"2020-01-21T09:23:37","modified_gmt":"2020-01-21T08:23:37","slug":"larare","status":"publish","type":"page","link":"https:\/\/samhallsentreprenor.glokala.net\/2019-2020\/larare\/","title":{"rendered":"L\u00e4rare"},"content":{"rendered":"\n<p><strong>August Nilsson<\/strong><br>Projektledare och pedagog. Kursansvarig f\u00f6r Samh\u00e4llsentrepren\u00f6r.<br>P\u00e5g\u00e5ende erfarenheter \u00e4r bland annat <a rel=\"noreferrer noopener\" href=\"http:\/\/stadsodlingmalmo.se\/\" target=\"_blank\">Stadsodling Malm\u00f6<\/a>, <a rel=\"noreferrer noopener\" href=\"http:\/\/www.ekolivs.se\/\" target=\"_blank\">Ronnebygatans Ekolivs<\/a> och <a rel=\"noreferrer noopener\" aria-label=\"Id\u00e9buren Utveckling (opens in a new tab)\" href=\"http:\/\/www.ideburenutveckling.se\/\" target=\"_blank\">Id\u00e9buren Utveckling<\/a><\/p>\n\n\n\n<figure class=\"wp-block-image\"><img decoding=\"async\" src=\"https:\/\/samhallsentreprenor.glokala.net\/she2\/wp-content\/uploads\/2011\/09\/august_100-100x150-100x150.jpg\" alt=\"\" class=\"wp-image-5231\"\/><\/figure>\n\n\n\n<p>august (at) glokala.se<br>+46 (0) 73 698 25 57<\/p>\n\n\n\n<p><\/p>\n\n\n\n<hr class=\"wp-block-separator\"\/>\n\n\n\n<p><strong>Lone Havemose<\/strong><br>Vikarierande pedagog &amp; kursansvarig f\u00f6r Samh\u00e4llsentrepren\u00f6r ht 19. Har tidigare jobbat som pedagog p\u00e5 Glokala folkh\u00f6gskolans andra kurser. Blandad erfarenhet av samh\u00e4llsengagemang inom bland annat klimatr\u00f6relsen, kampen f\u00f6r asylr\u00e4tt och r\u00e4ttvis ekonomi.<\/p>\n\n\n\n<figure class=\"wp-block-image is-resized\"><img loading=\"lazy\" decoding=\"async\" data-attachment-id=\"188\" data-permalink=\"https:\/\/samhallsentreprenor.glokala.net\/2019-2020\/larare\/attachment\/img-4621-2\/\" data-orig-file=\"https:\/\/samhallsentreprenor.glokala.net\/2019-2020\/wp-content\/uploads\/2019\/08\/IMG-4621-2-e1566460844587.jpg\" data-orig-size=\"3024,3024\" data-comments-opened=\"1\" data-image-meta=\"{&quot;aperture&quot;:&quot;2.2&quot;,&quot;credit&quot;:&quot;&quot;,&quot;camera&quot;:&quot;iPhone 6s&quot;,&quot;caption&quot;:&quot;&quot;,&quot;created_timestamp&quot;:&quot;1566466581&quot;,&quot;copyright&quot;:&quot;&quot;,&quot;focal_length&quot;:&quot;4.15&quot;,&quot;iso&quot;:&quot;320&quot;,&quot;shutter_speed&quot;:&quot;0.058823529411765&quot;,&quot;title&quot;:&quot;&quot;,&quot;orientation&quot;:&quot;6&quot;}\" data-image-title=\"IMG-4621\" data-image-description=\"\" data-image-caption=\"\" data-large-file=\"https:\/\/samhallsentreprenor.glokala.net\/2019-2020\/wp-content\/uploads\/2019\/08\/IMG-4621-2-e1566460844587-1024x1024.jpg\" src=\"https:\/\/samhallsentreprenor.glokala.net\/2019-2020\/wp-content\/uploads\/2019\/08\/IMG-4621-2-e1566460844587-1024x1024.jpg\" alt=\"\" class=\"wp-image-188\" width=\"146\" height=\"146\" srcset=\"https:\/\/samhallsentreprenor.glokala.net\/2019-2020\/wp-content\/uploads\/2019\/08\/IMG-4621-2-e1566460844587-1024x1024.jpg 1024w, https:\/\/samhallsentreprenor.glokala.net\/2019-2020\/wp-content\/uploads\/2019\/08\/IMG-4621-2-e1566460844587-150x150.jpg 150w, https:\/\/samhallsentreprenor.glokala.net\/2019-2020\/wp-content\/uploads\/2019\/08\/IMG-4621-2-e1566460844587-500x500.jpg 500w, https:\/\/samhallsentreprenor.glokala.net\/2019-2020\/wp-content\/uploads\/2019\/08\/IMG-4621-2-e1566460844587-768x768.jpg 768w, https:\/\/samhallsentreprenor.glokala.net\/2019-2020\/wp-content\/uploads\/2019\/08\/IMG-4621-2-e1566460844587-624x624.jpg 624w\" sizes=\"auto, (max-width: 146px) 100vw, 146px\" \/><\/figure>\n\n\n\n<p>lone (at) glokala.se<br>0731 &#8211; 52 53 09<br>(antr\u00e4ffbar tisdagar, torsdagar &amp; fredagar)<\/p>\n\n\n\n<hr class=\"wp-block-separator\"\/>\n\n\n\n<p><strong>Lisa Nissen<\/strong><br>Vikarierande pedagog ht 19. <br>Har tidigare jobbat som pedagog p\u00e5 Glokala folkh\u00f6gskolans Allm\u00e4nna kurs. Tidigare blandade erfarenheter av samh\u00e4llsengagemang i bland annat Popkollo, asylgruppen och med normkritisk pedagogik inom skolv\u00e4rlden. <\/p>\n\n\n\n<figure class=\"wp-block-image is-resized\"><img loading=\"lazy\" decoding=\"async\" data-attachment-id=\"192\" data-permalink=\"https:\/\/samhallsentreprenor.glokala.net\/2019-2020\/larare\/attachment\/img-7838\/\" data-orig-file=\"https:\/\/samhallsentreprenor.glokala.net\/2019-2020\/wp-content\/uploads\/2019\/08\/IMG-7838-e1566461190562.jpg\" data-orig-size=\"2448,2448\" data-comments-opened=\"1\" data-image-meta=\"{&quot;aperture&quot;:&quot;2.2&quot;,&quot;credit&quot;:&quot;&quot;,&quot;camera&quot;:&quot;iPhone 5s&quot;,&quot;caption&quot;:&quot;&quot;,&quot;created_timestamp&quot;:&quot;1566466521&quot;,&quot;copyright&quot;:&quot;&quot;,&quot;focal_length&quot;:&quot;4.15&quot;,&quot;iso&quot;:&quot;160&quot;,&quot;shutter_speed&quot;:&quot;0.03030303030303&quot;,&quot;title&quot;:&quot;&quot;,&quot;orientation&quot;:&quot;6&quot;}\" data-image-title=\"IMG-7838\" data-image-description=\"\" data-image-caption=\"\" data-large-file=\"https:\/\/samhallsentreprenor.glokala.net\/2019-2020\/wp-content\/uploads\/2019\/08\/IMG-7838-e1566461190562-1024x1024.jpg\" src=\"https:\/\/samhallsentreprenor.glokala.net\/2019-2020\/wp-content\/uploads\/2019\/08\/IMG-7838-e1566461190562-1024x1024.jpg\" alt=\"\" class=\"wp-image-192\" width=\"160\" height=\"160\" srcset=\"https:\/\/samhallsentreprenor.glokala.net\/2019-2020\/wp-content\/uploads\/2019\/08\/IMG-7838-e1566461190562-1024x1024.jpg 1024w, https:\/\/samhallsentreprenor.glokala.net\/2019-2020\/wp-content\/uploads\/2019\/08\/IMG-7838-e1566461190562-150x150.jpg 150w, https:\/\/samhallsentreprenor.glokala.net\/2019-2020\/wp-content\/uploads\/2019\/08\/IMG-7838-e1566461190562-500x500.jpg 500w, https:\/\/samhallsentreprenor.glokala.net\/2019-2020\/wp-content\/uploads\/2019\/08\/IMG-7838-e1566461190562-768x768.jpg 768w, https:\/\/samhallsentreprenor.glokala.net\/2019-2020\/wp-content\/uploads\/2019\/08\/IMG-7838-e1566461190562-624x624.jpg 624w\" sizes=\"auto, (max-width: 160px) 100vw, 160px\" \/><\/figure>\n\n\n\n<p>lisa.nissen (at) glokala.se<br>0733 \u2013 32 86 23<\/p>\n\n\n\n<hr class=\"wp-block-separator\"\/>\n\n\n\n<p><strong>Fredrik Bj\u00f6rk<\/strong><br>L\u00e4rare &amp; forskare vid Malm\u00f6 universitet inom bl a Milj\u00f6vetenskap, Ledarskap och organisation samt Samh\u00e4llsentrepren\u00f6rskap.<\/p>\n\n\n\n<figure class=\"wp-block-image\"><a href=\"https:\/\/i0.wp.com\/www.samhallsentreprenor.glokala.se\/2012-2013\/wp-content\/uploads\/2012\/08\/297985_10150333400468951_2145399739_n.jpg\"><img decoding=\"async\" src=\"https:\/\/i0.wp.com\/www.samhallsentreprenor.glokala.se\/2012-2013\/wp-content\/uploads\/2012\/08\/297985_10150333400468951_2145399739_n-263x300.jpg?resize=140%2C160\" alt=\"\"\/><\/a><\/figure>\n\n\n\n<p>fredrik.bjork (at) mau.se<\/p>\n","protected":false},"excerpt":{"rendered":"<p>August NilssonProjektledare och pedagog. Kursansvarig f\u00f6r Samh\u00e4llsentrepren\u00f6r.P\u00e5g\u00e5ende erfarenheter \u00e4r bland annat Stadsodling Malm\u00f6, Ronnebygatans Ekolivs och Id\u00e9buren Utveckling august (at) glokala.se+46 (0) 73 698 25 57 Lone HavemoseVikarierande pedagog &amp; kursansvarig f\u00f6r Samh\u00e4llsentrepren\u00f6r ht 19. Har tidigare jobbat som pedagog p\u00e5 Glokala folkh\u00f6gskolans andra kurser. Blandad erfarenhet av samh\u00e4llsengagemang inom bland annat klimatr\u00f6relsen, kampen f\u00f6r [&hellip;]<\/p>\n","protected":false},"author":1,"featured_media":0,"parent":0,"menu_order":0,"comment_status":"closed","ping_status":"closed","template":"","meta":{"_bbp_topic_count":0,"_bbp_reply_count":0,"_bbp_total_topic_count":0,"_bbp_total_reply_count":0,"_bbp_voice_count":0,"_bbp_anonymous_reply_count":0,"_bbp_topic_count_hidden":0,"_bbp_reply_count_hidden":0,"_bbp_forum_subforum_count":0,"jetpack_post_was_ever_published":false,"footnotes":""},"class_list":["post-80","page","type-page","status-publish","hentry"],"jetpack_sharing_enabled":true,"_links":{"self":[{"href":"https:\/\/samhallsentreprenor.glokala.net\/2019-2020\/wp-json\/wp\/v2\/pages\/80","targetHints":{"allow":["GET"]}}],"collection":[{"href":"https:\/\/samhallsentreprenor.glokala.net\/2019-2020\/wp-json\/wp\/v2\/pages"}],"about":[{"href":"https:\/\/samhallsentreprenor.glokala.net\/2019-2020\/wp-json\/wp\/v2\/types\/page"}],"author":[{"embeddable":true,"href":"https:\/\/samhallsentreprenor.glokala.net\/2019-2020\/wp-json\/wp\/v2\/users\/1"}],"replies":[{"embeddable":true,"href":"https:\/\/samhallsentreprenor.glokala.net\/2019-2020\/wp-json\/wp\/v2\/comments?post=80"}],"version-history":[{"count":0,"href":"https:\/\/samhallsentreprenor.glokala.net\/2019-2020\/wp-json\/wp\/v2\/pages\/80\/revisions"}],"wp:attachment":[{"href":"https:\/\/samhallsentreprenor.glokala.net\/2019-2020\/wp-json\/wp\/v2\/media?parent=80"}],"curies":[{"name":"wp","href":"https:\/\/api.w.org\/{rel}","templated":true}]}}