{"id":957,"date":"2019-10-21T09:07:03","date_gmt":"2019-10-21T07:07:03","guid":{"rendered":"https:\/\/samhallsentreprenor.glokala.net\/2019-2020\/?page_id=957"},"modified":"2019-10-21T09:07:03","modified_gmt":"2019-10-21T07:07:03","slug":"v-43-social-innovation","status":"publish","type":"page","link":"https:\/\/samhallsentreprenor.glokala.net\/2019-2020\/v-43-social-innovation\/","title":{"rendered":"v 43 Social Innovation"},"content":{"rendered":"\n<h2 class=\"wp-block-heading\">Samh\u00e4llsentrepren\u00f6rskap: Social innovation<\/h2>\n\n\n\n<p>Den h\u00e4r veckan \u00e4r temat <em>social innovation<\/em>, ett mycket anv\u00e4nt begrepp som kompletterar <em>samh\u00e4llsentrepren\u00f6rskap, <\/em>och d\u00e4rf\u00f6r \u00e4r viktigt att ha en f\u00f6rst\u00e5else f\u00f6r.&nbsp; Du f\u00e5r ta del av en aktuell podcast d\u00e4r samtalet kretsar kring erfarenheter av social innovation inom projekt finansierade av Europeiska socialfonden. Social innovation \u00e4r ett relativt nytt begrepp och man kan st\u00f6ta p\u00e5 olika definitioner, men sociala innovationer i sig \u00e4r inget nytt; F\u00f6rskolor, m\u00f6drav\u00e5rd, brandk\u00e5r \u00e4r alla exempel p\u00e5 sociala innovationer som vi idag tar f\u00f6r givet men som en g\u00e5ng i tiden utmanade system och strukturer.<\/p>\n\n\n\n<p>Vilka sociala innovationer kommer att vara med och forma&nbsp;v\u00e5rt&nbsp;samh\u00e4lle i framtiden? Vilka vill du vara med och pr\u00f6va genom dina projekt?<\/p>\n\n\n\n<h4 class=\"wp-block-heading\">Uppv\u00e4rmning: Vad \u00e4r social innovation?<\/h4>\n\n\n\n<p>En vanlig bred beskrivning av social innovation \u00e4r att det handlar om innovativa id\u00e9er och metoder f\u00f6r hur vi kan m\u00f6ta samh\u00e4llsutmaningar. Till skillnad fr\u00e5n samh\u00e4llsentrepren\u00f6rskap riktas fokuset inte s\u00e5 mycket p\u00e5 vem eller vilka som ligger bakom ett initiativ (entrepren\u00f6ren), utan fokus ligger mer p\u00e5 vad som g\u00f6rs och hur det skapar v\u00e4rde (innovationen).<\/p>\n\n\n\n<p>Begreppet social innovation kan f\u00f6rklaras som &#8221;innovativa tj\u00e4nster, produkter, processer och metoder som str\u00e4var efter att m\u00f6ta samh\u00e4llets utmaningar\u201d, menar M\u00f6tesplats Social Innovation. <a rel=\"noreferrer noopener\" aria-label=\" (opens in a new tab)\" href=\"https:\/\/socialinnovation.se\/si\/\" target=\"_blank\">L\u00e4s mer. <\/a><\/p>\n\n\n\n<blockquote class=\"wp-block-quote is-layout-flow wp-block-quote-is-layout-flow\"><p>\u201dWe have created systems to help us. Many have benefited, but some have been left out and our natural systems have been seriously damaged too. Our systems have created complex problems, that requires novel system solutions\u201d, argumenterar SiG Knowledge Hub i Canda. <a rel=\"noreferrer noopener\" href=\"https:\/\/vimeo.com\/60114688\" target=\"_blank\">Se deras film (3:03 min).<\/a><\/p><cite>Social Innovation Generation<\/cite><\/blockquote>\n\n\n\n<h4 class=\"wp-block-heading\">Hur kan vi anv\u00e4nda social innovation f\u00f6r att m\u00f6ta dagens utmaningar?<\/h4>\n\n\n\n<p>Intervju med Karl Johan Bonnedal fr\u00e5n Ume\u00e5 Universitet (3:02 minuter l\u00e5ng):<\/p>\n\n\n\n<iframe loading=\"lazy\" width=\"560\" height=\"315\" src=\"https:\/\/www.youtube.com\/embed\/i_0A0wPzVr8\" frameborder=\"0\" allow=\"accelerometer; autoplay; encrypted-media; gyroscope; picture-in-picture\" allowfullscreen=\"\"><\/iframe>\n\n\n\n<h2 class=\"wp-block-heading\">Lyssna: <a href=\"https:\/\/soundcloud.com\/ensmartframtid\/16-sociala-innovationer\" target=\"_blank\" rel=\"noreferrer noopener\">Sociala Innovationer &#8211; En smart framtid, avsnitt 16<\/a><\/h2>\n\n\n\n<p>&#8221;Framtidens utmaningar kr\u00e4ver nyt\u00e4nk och i veckans avsnitt av <em>En smart framtid<\/em> pratar vi sociala innovationer, och vi g\u00f6r det tillsammans med Malin Lindberg, professor, avdelningen f\u00f6r industriell design vid LTU, och Christian R\u00e5bergh, fd ESF-analytiker med fokus p\u00e5 transnationellt samarbete och sociala innovationer.&#8221;<\/p>\n\n\n\n<iframe loading=\"lazy\" width=\"100%\" height=\"300\" scrolling=\"no\" frameborder=\"no\" allow=\"autoplay\" src=\"https:\/\/w.soundcloud.com\/player\/?url=https%3A\/\/api.soundcloud.com\/tracks\/492808764&amp;color=%23ff5500&amp;auto_play=false&amp;hide_related=false&amp;show_comments=true&amp;show_user=true&amp;show_reposts=false&amp;show_teaser=true&amp;visual=true\"><\/iframe>\n\n\n\n<p><strong>Malin Lindberg<\/strong> som \u00e4r en av g\u00e4sterna \u00e4r \u00e4ven en av f\u00f6rfattarna till boken <a rel=\"noreferrer noopener\" href=\"http:\/\/idealistas.se\/bocker\/innovation\/\" target=\"_blank\">Id\u00e9buren innovation<\/a>. Boken \u00e4r ett av v\u00e5ra tips f\u00f6r Uppgift 3.<\/p>\n\n\n\n<p>I samtalets inledande del ges en beskrivning av social innovation som begrepp. Utg\u00e5ngspunkten f\u00f6r samtalet \u00e4r sedan hur projekt som finansieras av Europeiska socialfonden arbetar med social innovation. De pratar ocks\u00e5 om hur begreppets popularitet h\u00e4nger ihop med samh\u00e4llsutvecklingen, kritik som finns och lyckade exempel. I slutet av samtalet kommer generella tips f\u00f6r lyckade projekt!<\/p>\n\n\n\n<h4 class=\"wp-block-heading\">Fr\u00e5gor f\u00f6r reflektion n\u00e4r du lyssnar p\u00e5 samtalet:<\/h4>\n\n\n\n<ul class=\"wp-block-list\"><li>Vid 13:20 n\u00e4mns att social innovation har b\u00e5de liberala och socialistiska r\u00f6tter. Vad betyder det?<\/li><li>Finns det en risk att innovationsbegreppet medf\u00f6r en kommersiell logik (17:10) &#8211; som tr\u00e4nger undan icke-kommersiella arbetss\u00e4tt?<\/li><li>Bibliotek, fj\u00e4ll- och sj\u00f6r\u00e4ddning, m\u00f6drav\u00e5rd, &#8221;folkhemstanken&#8221; och arbetsmarknadsutbildningen \u00e4r exempel som n\u00e4mns som sociala innovationer historiskt under samtalet. Vilka sociala f\u00f6r\u00e4ndringar t\u00e4nker du p\u00e5 som de viktigaste under de senaste hundra \u00e5ren? Har sociala innovationer haft en roll i dessa f\u00f6r\u00e4ndringsprocesser?<\/li><li>Fr\u00e5n 35:30 lyfter Malin Lindberg framg\u00e5ngsfaktorer f\u00f6r lyckade projekt som har arbetat med st\u00f6d fr\u00e5n Europeiska socialfonden. Vilka framg\u00e5ngsfaktorer \u00e4r det som hon lyfter fram? \u00c4r de anv\u00e4ndbara f\u00f6r det projekt eller initiativ du vill utveckla?<\/li><\/ul>\n\n\n\n<h4 class=\"wp-block-heading\">Begrepp som anv\u00e4nds i samtalet:<\/h4>\n\n\n\n<p><strong>Europeiska socialfonden<\/strong>. EU-medel som finansierar projekt som arbetar med kompetensutveckling, syssels\u00e4ttnings\u00e5tg\u00e4rder och integrationsinsatser. I Sverige \u00e4r det myndigheten ESF-r\u00e5det som arbetar med att f\u00f6rdela st\u00f6det och st\u00f6dja genomf\u00f6rande. L\u00e4s mer <a href=\"https:\/\/www.esf.se\/sv\/\" target=\"_blank\" rel=\"noreferrer noopener\">https:\/\/www.esf.se\/sv\/<\/a><\/p>\n\n\n\n<p><strong>Id\u00e9buren sektor.<\/strong> Den id\u00e9burna sektorn omfattar organiserade verksamheter som bygger p\u00e5 demokratiska v\u00e4rderingar samt gynnar samh\u00e4lls- eller medlemsintresset. Verksamheterna \u00e4r organisatoriskt frist\u00e5ende fr\u00e5n den offentliga sektorn och bedrivs i icke vinstutdelande f\u00f6reningar, kooperativ, samfund, stiftelser eller liknande sammanslutningar. (Definition som anv\u00e4nds av <a href=\"http:\/\/natverket.org\/\" target=\"_blank\" rel=\"noreferrer noopener\">N\u00e4tverket Id\u00e9buren sektor Sk\u00e5ne<\/a>)<br>Se \u00e4ven Wikipedia <a href=\"https:\/\/sv.wikipedia.org\/wiki\/Id%C3%A9buren_organisation\" target=\"_blank\" rel=\"noreferrer noopener\">&#8221;id\u00e9buren organisation&#8221;<\/a><\/p>\n\n\n\n<p><strong>Social ekonomi. <\/strong><a href=\"https:\/\/sv.wikipedia.org\/wiki\/Social_ekonomi\" target=\"_blank\" rel=\"noreferrer noopener\">Wikipedia<\/a>:<strong> &#8221;<\/strong>Begreppet social ekonomi har anv\u00e4nts en l\u00e4ngre tid inom EU, men \u00e4r relativt nytt och mindre v\u00e4lk\u00e4nt i Sverige, som b\u00f6rjade anv\u00e4nda begreppet i och med medlemskapet i EU.<br>Sociala ekonomin omfattar verksamheter som har allm\u00e4nnytta eller medlemsnytta, inte vinstintresse, som fr\u00e4msta drivkraft[1] . Det skiljer den fr\u00e5n exempelvis privatf\u00f6retagens verksamheter.&#8221;<\/p>\n\n\n\n<p><strong>P\u00e4rlbandsprojekt.<\/strong> Mer projektfinansiering f\u00f6r att forts\u00e4tta utveckla en id\u00e9, d\u00e4r det kan byggas vidare p\u00e5 erfarenheterna fr\u00e5n tidigare projekt.<\/p>\n\n\n\n<p><strong>Reprisprojekt<\/strong>. Samma id\u00e9 dyker upp igen i ett nytt projekt &#8211; utan koppling till erfarenheterna i liknande\/tidigare projekt.<\/p>\n\n\n\n<p>::::::::::::::::::::::::::<\/p>\n\n\n\n<h2 class=\"wp-block-heading\"><a href=\"https:\/\/samhallsentreprenor.glokala.net\/2019-2020\/grupper\/cafeet-kursforum\/forum\/topic\/v-43-fritt-samtal-om-social-innovation\/#post-981\">Fritt samtal om veckans tema i forumet<\/a> &#8211; klicka p\u00e5 l\u00e4nken!<\/h2>\n\n\n\n<p>::::::::::::::::::::::::::<\/p>\n\n\n\n<h2 class=\"wp-block-heading\">F\u00f6rdjupning<\/h2>\n\n\n\n<p>Om du \u00e4r nyfiken p\u00e5 att f\u00f6rdjupa dig mer:<\/p>\n\n\n\n<p>&#8221;Sociala Innovationer II &#8212; f\u00f6r strategisk f\u00f6rnyelse i arbetslivet&#8221; (samma podcast som ovan, En Smart Framtid): <a rel=\"noreferrer noopener\" aria-label=\"Klicka h\u00e4r f\u00f6r att komma till avsnittet.  (opens in a new tab)\" href=\"https:\/\/soundcloud.com\/ensmartframtid\/27-sociala-innovationer-ii-for-strategisk-fornyelse-i-arbetslivet\" target=\"_blank\">Klicka h\u00e4r f\u00f6r att komma till avsnittet. <\/a><\/p>\n\n\n\n<p>\u201dABC i Design och Social Innovation\u201d (M\u00f6tesplats Social Innovation)<br><a rel=\"noreferrer noopener\" aria-label=\" (opens in a new tab)\" href=\"https:\/\/socialinnovation.se\/publications\/abc-i-design-och-social-innovation-2014\/\" target=\"_blank\">Klicka h\u00e4r f\u00f6r att komma vidare.<\/a><\/p>\n\n\n\n<p>Emilson, Anders. Design f\u00f6r social innovation: ett nytt designforskningsomr\u00e5de.<br><a rel=\"noreferrer noopener\" href=\"http:\/\/www.designfakulteten.kth.se\/sites\/default\/files\/DesignfsocialInnovRapport_AE_9.6.pdf\" target=\"_blank\">Klicka f\u00f6r att ladda ner!<\/a><\/p>\n\n\n\n<p>European Social Innovation Toolkit: <a rel=\"noreferrer noopener\" href=\"https:\/\/www.google.com\/url?q=https:\/\/www.kl.nl\/en\/news\/the-european-social-innovation-toolkit-2018\/&amp;sa=D&amp;ust=1571217911115000&amp;usg=AFQjCNGn56n8MbtGkcFjzPuZfrY-0drFtw\" target=\"_blank\">https:\/\/www.kl.nl\/en\/news\/the-european-social-innovation-toolkit-2018\/<\/a><\/p>\n\n\n\n<p>Podden Social Innovation Podcast: <a href=\"https:\/\/poddtoppen.se\/podcast\/1463389897\/social-innovation-podcast\">https:\/\/poddtoppen.se\/podcast\/1463389897\/social-innovation-podcast<\/a><\/p>\n","protected":false},"excerpt":{"rendered":"<p>Samh\u00e4llsentrepren\u00f6rskap: Social innovation Den h\u00e4r veckan \u00e4r temat social innovation, ett mycket anv\u00e4nt begrepp som kompletterar samh\u00e4llsentrepren\u00f6rskap, och d\u00e4rf\u00f6r \u00e4r viktigt att ha en f\u00f6rst\u00e5else f\u00f6r.&nbsp; Du f\u00e5r ta del av en aktuell podcast d\u00e4r samtalet kretsar kring erfarenheter av social innovation inom projekt finansierade av Europeiska socialfonden. Social innovation \u00e4r ett relativt nytt begrepp [&hellip;]<\/p>\n","protected":false},"author":3,"featured_media":0,"parent":0,"menu_order":0,"comment_status":"closed","ping_status":"closed","template":"","meta":{"_bbp_topic_count":0,"_bbp_reply_count":0,"_bbp_total_topic_count":0,"_bbp_total_reply_count":0,"_bbp_voice_count":0,"_bbp_anonymous_reply_count":0,"_bbp_topic_count_hidden":0,"_bbp_reply_count_hidden":0,"_bbp_forum_subforum_count":0,"jetpack_post_was_ever_published":false,"footnotes":""},"class_list":["post-957","page","type-page","status-publish","hentry"],"jetpack_sharing_enabled":true,"_links":{"self":[{"href":"https:\/\/samhallsentreprenor.glokala.net\/2019-2020\/wp-json\/wp\/v2\/pages\/957","targetHints":{"allow":["GET"]}}],"collection":[{"href":"https:\/\/samhallsentreprenor.glokala.net\/2019-2020\/wp-json\/wp\/v2\/pages"}],"about":[{"href":"https:\/\/samhallsentreprenor.glokala.net\/2019-2020\/wp-json\/wp\/v2\/types\/page"}],"author":[{"embeddable":true,"href":"https:\/\/samhallsentreprenor.glokala.net\/2019-2020\/wp-json\/wp\/v2\/users\/3"}],"replies":[{"embeddable":true,"href":"https:\/\/samhallsentreprenor.glokala.net\/2019-2020\/wp-json\/wp\/v2\/comments?post=957"}],"version-history":[{"count":0,"href":"https:\/\/samhallsentreprenor.glokala.net\/2019-2020\/wp-json\/wp\/v2\/pages\/957\/revisions"}],"wp:attachment":[{"href":"https:\/\/samhallsentreprenor.glokala.net\/2019-2020\/wp-json\/wp\/v2\/media?parent=957"}],"curies":[{"name":"wp","href":"https:\/\/api.w.org\/{rel}","templated":true}]}}