{"id":100,"date":"2023-08-21T10:33:00","date_gmt":"2023-08-21T08:33:00","guid":{"rendered":"https:\/\/samhallsentreprenor.glokala.net\/2023-2024\/?page_id=100"},"modified":"2023-08-21T22:59:45","modified_gmt":"2023-08-21T20:59:45","slug":"glokala-folkhogskolan","status":"publish","type":"page","link":"https:\/\/samhallsentreprenor.glokala.net\/2023-2024\/kursinfo\/glokala-folkhogskolan\/","title":{"rendered":"Glokala folkh\u00f6gskolan"},"content":{"rendered":"\n<figure class=\"wp-block-embed is-type-video is-provider-youtube wp-block-embed-youtube wp-embed-aspect-16-9 wp-has-aspect-ratio\"><div class=\"wp-block-embed__wrapper\">\n<iframe loading=\"lazy\" title=\"Glokala Folkh\u00f6gskolan\" width=\"640\" height=\"360\" src=\"https:\/\/www.youtube.com\/embed\/Ou-wUb-YTrg?feature=oembed\" frameborder=\"0\" allow=\"accelerometer; autoplay; clipboard-write; encrypted-media; gyroscope; picture-in-picture; web-share\" referrerpolicy=\"strict-origin-when-cross-origin\" allowfullscreen><\/iframe>\n<\/div><\/figure>\n\n\n\n<div style=\"height:40px\" aria-hidden=\"true\" class=\"wp-block-spacer\"><\/div>\n\n\n<div class=\"wp-block-image\">\n<figure class=\"alignright is-resized\"><img loading=\"lazy\" decoding=\"async\" src=\"https:\/\/samhallsentreprenor.glokala.net\/2019-2020\/wp-content\/uploads\/2019\/08\/1903-logo-mini-trans-500x500.png\" alt=\"\" class=\"wp-image-178\" style=\"width:312px;height:312px\" width=\"312\" height=\"312\"\/><\/figure>\n<\/div>\n\n\n<p><strong>Glokala Folkh\u00f6gskolan har funnits sedan 2005.<\/strong> Huvudman \u00e4r ideella f\u00f6reningen Glokala folkbildningsf\u00f6reningen.<\/p>\n\n\n\n<p>N\u00e4r vi startade var vi Sveriges minsta folkh\u00f6gskola och vi tog namnet Glokala, som p\u00e5minner om vikten av att t\u00e4nka globalt och agera lokalt. Vi ville ta vara p\u00e5 den rika resurs som alla m\u00e4nniskor \u00e4r, men inte alltid f\u00e5r chansen att vara och vi ville utg\u00e5 fr\u00e5n stadsdelen Sofielund i Malm\u00f6.<\/p>\n\n\n\n<p><strong>Vision<br><\/strong>V\u00e5r vision \u00e4r en v\u00e4rld d\u00e4r alla v\u00e5gar vara nyfikna. Tillsammans skapar vi ny kunskap f\u00f6r ett j\u00e4mlikt och solidariskt Malm\u00f6.<\/p>\n\n\n\n<p><strong>Uppdrag<br><\/strong>Vi g\u00f6r folkbildning genom kurser, sociala och politiska projekt och gemensamma platser f\u00f6r att bidra till h\u00e5llbar samh\u00e4llsutveckling och tillvaratagande av varje deltagares potential och kreativitet.<\/p>\n\n\n\n<p>Vi \u00e4r runt 150 personer som studerar p\u00e5 plats i Malm\u00f6 och cirka 50 som l\u00e4ser v\u00e5ra distanskurser p\u00e5 andra platser i Sverige och v\u00e4rlden. Vi hoppas att du ocks\u00e5 vill vara med! Du kan ans\u00f6ka till en kurs hos oss eller bli medlem i f\u00f6reningen.<\/p>\n\n\n\n<p><a href=\"https:\/\/www.glokala.se\/om-oss\/glokala-folkhogskolan\/\" target=\"_blank\" rel=\"noopener noreferrer\">L\u00e4s mer p\u00e5 glokala.se \u2192<\/a><\/p>\n\n\n\n<h3 class=\"wp-block-heading\">Bli medlem:<\/h3>\n\n\n\n<p>Som medlem i Glokala Folkbildningsf\u00f6reningen \u00e4r du med och st\u00f6ttar utvecklingsarbetet \u2013 <a href=\"https:\/\/www.glokala.se\/om-oss\/glokala-folkbildningsforeningen\/bli-medlem\/\" target=\"_blank\" rel=\"noopener noreferrer\">l\u00e4s mer h\u00e4r om hur du kan bli medlem \u2192<\/a><\/p>\n\n\n\n<p><strong><a href=\"https:\/\/issuu.com\/glokala.se\/docs\/jubileumsskrift\" target=\"_blank\" rel=\"noopener noreferrer\">Jubileumsskriften<\/a> f\u00f6r de 10 f\u00f6rsta \u00e5ren 2005-2015<\/strong> ger en bred bild av folkh\u00f6gskolans utveckling:<\/p>\n\n\n\n<figure><iframe loading=\"lazy\" src=\"\/\/e.issuu.com\/embed.html#0\/37612104\" allowfullscreen=\"allowfullscreen\" width=\"650\" height=\"230\" frameborder=\"0\"><\/iframe><\/figure>\n\n\n\n<p><a href=\"http:\/\/www.glokala.se\/content\/images\/stories\/2016\/Om_oss\/jubileumsskrift.pdf\" target=\"_blank\" rel=\"noopener noreferrer\">Ladda ner jubileumsskriften som pdf \u2192 <\/a><\/p>\n","protected":false},"excerpt":{"rendered":"<p>Glokala Folkh\u00f6gskolan har funnits sedan 2005. Huvudman \u00e4r ideella f\u00f6reningen Glokala folkbildningsf\u00f6reningen. N\u00e4r vi startade var vi Sveriges minsta folkh\u00f6gskola och vi tog namnet Glokala,&hellip;<\/p>\n","protected":false},"author":1,"featured_media":0,"parent":83,"menu_order":0,"comment_status":"closed","ping_status":"closed","template":"","meta":{"footnotes":""},"class_list":["post-100","page","type-page","status-publish","hentry"],"_links":{"self":[{"href":"https:\/\/samhallsentreprenor.glokala.net\/2023-2024\/wp-json\/wp\/v2\/pages\/100","targetHints":{"allow":["GET"]}}],"collection":[{"href":"https:\/\/samhallsentreprenor.glokala.net\/2023-2024\/wp-json\/wp\/v2\/pages"}],"about":[{"href":"https:\/\/samhallsentreprenor.glokala.net\/2023-2024\/wp-json\/wp\/v2\/types\/page"}],"author":[{"embeddable":true,"href":"https:\/\/samhallsentreprenor.glokala.net\/2023-2024\/wp-json\/wp\/v2\/users\/1"}],"replies":[{"embeddable":true,"href":"https:\/\/samhallsentreprenor.glokala.net\/2023-2024\/wp-json\/wp\/v2\/comments?post=100"}],"version-history":[{"count":1,"href":"https:\/\/samhallsentreprenor.glokala.net\/2023-2024\/wp-json\/wp\/v2\/pages\/100\/revisions"}],"predecessor-version":[{"id":101,"href":"https:\/\/samhallsentreprenor.glokala.net\/2023-2024\/wp-json\/wp\/v2\/pages\/100\/revisions\/101"}],"up":[{"embeddable":true,"href":"https:\/\/samhallsentreprenor.glokala.net\/2023-2024\/wp-json\/wp\/v2\/pages\/83"}],"wp:attachment":[{"href":"https:\/\/samhallsentreprenor.glokala.net\/2023-2024\/wp-json\/wp\/v2\/media?parent=100"}],"curies":[{"name":"wp","href":"https:\/\/api.w.org\/{rel}","templated":true}]}}