{"id":499,"date":"2023-09-11T10:34:33","date_gmt":"2023-09-11T08:34:33","guid":{"rendered":"https:\/\/samhallsentreprenor.glokala.net\/2023-2024\/?page_id=499"},"modified":"2024-06-03T09:41:51","modified_gmt":"2024-06-03T07:41:51","slug":"uppgifter-oversikt","status":"publish","type":"page","link":"https:\/\/samhallsentreprenor.glokala.net\/2023-2024\/kursinfo\/uppgifter-oversikt\/","title":{"rendered":"Uppgifter &#8211; \u00f6versikt"},"content":{"rendered":"\n<p><em>Inl\u00e4mningsforum f\u00f6r uppgifterna hittar du under <a href=\"https:\/\/samhallsentreprenor.glokala.net\/2023-2024\/forum\/\" data-type=\"link\" data-id=\"https:\/\/samhallsentreprenor.glokala.net\/2023-2024\/forum\/\">Forum \u2192<\/a><\/em><\/p>\n\n\n\n<h2 class=\"wp-block-heading\">Modul 1<\/h2>\n\n\n\n<h3 class=\"wp-block-heading\"><a href=\"https:\/\/samhallsentreprenor.glokala.net\/2023-2024\/modul-1\/v-35-introduktion-kursen-samhallsentreprenorskap\/\" data-type=\"post\" data-id=\"135\">F\u00f6rsta kursveckan: Personlig presentation &amp; reflektion om begreppet samh\u00e4llsentrepren\u00f6r.<\/a><\/h3>\n\n\n\n<h3 class=\"wp-block-heading\"><a href=\"https:\/\/samhallsentreprenor.glokala.net\/2023-2024\/modul-1\/v-36-projektutveckling-intro\/\" data-type=\"post\" data-id=\"384\">Uppgift 1 Erfarenheter av initiativ eller projekt<\/a><\/h3>\n\n\n\n<p>Inl\u00e4mning: 13 september.<br>Kommentarer till varandra: 14-24 september.<\/p>\n\n\n\n<h3 class=\"wp-block-heading\"><a href=\"https:\/\/samhallsentreprenor.glokala.net\/2023-2024\/modul-1\/v-37-fran-ide-till-handling\/\" data-type=\"post\" data-id=\"486\">Uppgift 2 Skiss \u2013 f\u00f6r projekt eller verksamhet<\/a><\/h3>\n\n\n\n<p>Inl\u00e4mning: 26 september.<\/p>\n\n\n\n<h3 class=\"wp-block-heading\"><a href=\"https:\/\/samhallsentreprenor.glokala.net\/2023-2024\/modul-1\/uppgift-3-perspektiv-pa-samhallsentreprenorskap\/\" data-type=\"post\" data-id=\"788\">Uppgift 3 Perspektiv p\u00e5 samh\u00e4llsentrepren\u00f6rskap<\/a><\/h3>\n\n\n\n<p>Inl\u00e4mning: 30 oktober.<\/p>\n\n\n\n<h2 class=\"wp-block-heading\">Modul 2<\/h2>\n\n\n\n<h3 class=\"wp-block-heading\"><a href=\"https:\/\/samhallsentreprenor.glokala.net\/2023-2024\/modul-2\/v-45-ledarskap-uppgift-4\/\" data-type=\"post\" data-id=\"1279\">Uppgift 4 Reflektion kring ledarskap och gruppdynamik<\/a><\/h3>\n\n\n\n<p>Inl\u00e4mning: 20 november.<\/p>\n\n\n\n<h3 class=\"wp-block-heading\"><a href=\"https:\/\/samhallsentreprenor.glokala.net\/2023-2024\/modul-2\/uppgift-5-exempel-pa-organisering\/\" data-type=\"post\" data-id=\"1460\">Uppgift 5 Exempel p\u00e5 organisering<\/a><\/h3>\n\n\n\n<p>Inl\u00e4mning: 15 januari.<\/p>\n\n\n\n<h2 class=\"wp-block-heading\">Modul 3<\/h2>\n\n\n\n<h3 class=\"wp-block-heading\"><a href=\"https:\/\/samhallsentreprenor.glokala.net\/2023-2024\/modul-3\/v-4-att-vacka-intresse-uppgift-6-pitch\/\" data-type=\"post\" data-id=\"1834\">Uppgift 6 Pitch!<\/a><\/h3>\n\n\n\n<p>Inl\u00e4mning: 12 februari.<\/p>\n\n\n\n<h3 class=\"wp-block-heading\"><a href=\"https:\/\/samhallsentreprenor.glokala.net\/2023-2024\/modul-3\/uppgift-7-strategier-for-finansiering-och-hallbar-ekonomi\/\" data-type=\"post\" data-id=\"2087\">Uppgift 7 Strategier f\u00f6r finansiering och h\u00e5llbar ekonomi<\/a><\/h3>\n\n\n\n<p>Inl\u00e4mning: 11 mars.<\/p>\n\n\n\n<h3 class=\"wp-block-heading\"><a href=\"https:\/\/samhallsentreprenor.glokala.net\/2023-2024\/modul-3\/v-11-arbeta-med-sociala-medier-del-2-uppgift-8\/\" data-type=\"post\" data-id=\"2221\">Uppgift 8 Publiceringsplan f\u00f6r sociala medier<\/a><\/h3>\n\n\n\n<p>Inl\u00e4mning: 25 mars.<\/p>\n\n\n\n<h2 class=\"wp-block-heading\">Modul 4<\/h2>\n\n\n\n<h3 class=\"wp-block-heading\"><a href=\"https:\/\/samhallsentreprenor.glokala.net\/2023-2024\/modul-4\/uppgift-9-projekt-verksamhets-affarsplan\/\" data-type=\"post\" data-id=\"2345\">Uppgift 9: Projekt- \/verksamhets- \/aff\u00e4rsplan<\/a><\/h3>\n\n\n\n<p>Inl\u00e4mning: 29 april.<\/p>\n\n\n\n<h3 class=\"wp-block-heading\"><a href=\"https:\/\/samhallsentreprenor.glokala.net\/2023-2024\/modul-4\/uppgift-10-reflektion-kring-projektledning-samhallsentreprenorskap\/\" data-type=\"post\" data-id=\"2348\">Uppgift 10: Reflektion kring projektledning &amp; samh\u00e4llsentrepren\u00f6rskap<\/a><\/h3>\n\n\n\n<p>Inl\u00e4mning: 20 maj.<\/p>\n\n\n\n<hr class=\"wp-block-separator has-alpha-channel-opacity is-style-dots\"\/>\n\n\n\n<p><strong>Uppsamlingsdatum<\/strong> f\u00f6r att komplettera uppgifterna under Modul 4 och tidigare uppgifter under kursen: 26 augusti.<br>Det g\u00e5r ocks\u00e5 bra att komplettera tidigare under sommarperioden!<\/p>\n","protected":false},"excerpt":{"rendered":"<p>Inl\u00e4mningsforum f\u00f6r uppgifterna hittar du under Forum \u2192 Modul 1 F\u00f6rsta kursveckan: Personlig presentation &amp; reflektion om begreppet samh\u00e4llsentrepren\u00f6r. Uppgift 1 Erfarenheter av initiativ eller&hellip;<\/p>\n","protected":false},"author":1,"featured_media":0,"parent":83,"menu_order":0,"comment_status":"closed","ping_status":"closed","template":"","meta":{"footnotes":""},"class_list":["post-499","page","type-page","status-publish","hentry"],"_links":{"self":[{"href":"https:\/\/samhallsentreprenor.glokala.net\/2023-2024\/wp-json\/wp\/v2\/pages\/499","targetHints":{"allow":["GET"]}}],"collection":[{"href":"https:\/\/samhallsentreprenor.glokala.net\/2023-2024\/wp-json\/wp\/v2\/pages"}],"about":[{"href":"https:\/\/samhallsentreprenor.glokala.net\/2023-2024\/wp-json\/wp\/v2\/types\/page"}],"author":[{"embeddable":true,"href":"https:\/\/samhallsentreprenor.glokala.net\/2023-2024\/wp-json\/wp\/v2\/users\/1"}],"replies":[{"embeddable":true,"href":"https:\/\/samhallsentreprenor.glokala.net\/2023-2024\/wp-json\/wp\/v2\/comments?post=499"}],"version-history":[{"count":10,"href":"https:\/\/samhallsentreprenor.glokala.net\/2023-2024\/wp-json\/wp\/v2\/pages\/499\/revisions"}],"predecessor-version":[{"id":2786,"href":"https:\/\/samhallsentreprenor.glokala.net\/2023-2024\/wp-json\/wp\/v2\/pages\/499\/revisions\/2786"}],"up":[{"embeddable":true,"href":"https:\/\/samhallsentreprenor.glokala.net\/2023-2024\/wp-json\/wp\/v2\/pages\/83"}],"wp:attachment":[{"href":"https:\/\/samhallsentreprenor.glokala.net\/2023-2024\/wp-json\/wp\/v2\/media?parent=499"}],"curies":[{"name":"wp","href":"https:\/\/api.w.org\/{rel}","templated":true}]}}