{"id":67,"date":"2023-08-18T16:02:25","date_gmt":"2023-08-18T14:02:25","guid":{"rendered":"https:\/\/samhallsentreprenor.glokala.net\/2023-2024\/?page_id=67"},"modified":"2024-03-19T08:37:58","modified_gmt":"2024-03-19T07:37:58","slug":"publika-sidor","status":"publish","type":"page","link":"https:\/\/samhallsentreprenor.glokala.net\/2023-2024\/publika-sidor\/","title":{"rendered":"Publika sidor"},"content":{"rendered":"\n<p>Kursplattform f\u00f6r Samh\u00e4llsentrepren\u00f6r 2023-2024 (distans).<br>\u00d6versikt f\u00f6r sidor som \u00e4r tillg\u00e4ngliga utan inloggning:<\/p>\n\n\n\n<h3 class=\"wp-block-heading\">Kursinformation &amp; \u00f6vriga sidor<\/h3>\n\n\n\n<ul class=\"wp-block-list\">\n<li><a href=\"https:\/\/samhallsentreprenor.glokala.net\/2023-2024\/kursinfo\/\" data-type=\"page\" data-id=\"83\">Kursbeskrivning<\/a><\/li>\n\n\n\n<li><a href=\"https:\/\/samhallsentreprenor.glokala.net\/2023-2024\/kursinfo\/uppgifter-oversikt\/\" data-type=\"page\" data-id=\"499\">Uppgifter &#8211; \u00f6versikt<\/a><\/li>\n\n\n\n<li><a href=\"https:\/\/samhallsentreprenor.glokala.net\/2023-2024\/kursinfo\/praktisk-info\/\" data-type=\"page\" data-id=\"89\">Praktisk info<\/a><\/li>\n\n\n\n<li><a href=\"https:\/\/samhallsentreprenor.glokala.net\/2023-2024\/kursinfo\/guide-till-plattformen\/\" data-type=\"page\" data-id=\"93\">Guide till plattformen<\/a><\/li>\n\n\n\n<li><a href=\"https:\/\/samhallsentreprenor.glokala.net\/2023-2024\/kursinfo\/studieteknik-stod-och-personlig-arbetsmiljo\/\" data-type=\"page\" data-id=\"95\">Studieteknik, st\u00f6d och personlig arbetsmilj\u00f6<\/a><\/li>\n\n\n\n<li><a href=\"https:\/\/samhallsentreprenor.glokala.net\/2023-2024\/kursinfo\/larare\/\" data-type=\"page\" data-id=\"97\">L\u00e4rare<\/a><\/li>\n\n\n\n<li><a href=\"https:\/\/samhallsentreprenor.glokala.net\/2023-2024\/kursinfo\/glokala-folkhogskolan\/\" data-type=\"page\" data-id=\"100\">Glokala folkh\u00f6gskolan<\/a><\/li>\n\n\n\n<li><a href=\"https:\/\/samhallsentreprenor.glokala.net\/2023-2024\/evenemang\/\" data-type=\"page\" data-id=\"102\">Evenemang<\/a><\/li>\n<\/ul>\n\n\n\n<h3 class=\"wp-block-heading\">Kursmoment<\/h3>\n\n\n\n<p>Navigera vidare via \u00f6versiktsplaneringen f\u00f6r respektive del av kursen. Kursens veckoteman \u00e4r tillg\u00e4ngliga utan inloggning.<\/p>\n\n\n\n<ul class=\"wp-block-list\">\n<li><a href=\"https:\/\/samhallsentreprenor.glokala.net\/2023-2024\/modul-1\/modul-1-oversikt\/\" data-type=\"post\" data-id=\"119\">Modul 1<\/a><\/li>\n\n\n\n<li><a href=\"https:\/\/samhallsentreprenor.glokala.net\/2023-2024\/modul-2\/modul-2-oversikt\/\" data-type=\"post\" data-id=\"1182\">Modul 2<\/a><\/li>\n\n\n\n<li><a href=\"https:\/\/samhallsentreprenor.glokala.net\/2023-2024\/modul-3\/modul-3-oversikt\/\" data-type=\"post\" data-id=\"1774\">Modul 3<\/a><\/li>\n\n\n\n<li><a href=\"https:\/\/samhallsentreprenor.glokala.net\/2023-2024\/modul-4\/modul-4-oversikt-studiematerial\/\" data-type=\"post\" data-id=\"2282\">Modul 4<\/a><\/li>\n<\/ul>\n","protected":false},"excerpt":{"rendered":"<p>Kursplattform f\u00f6r Samh\u00e4llsentrepren\u00f6r 2023-2024 (distans).\u00d6versikt f\u00f6r sidor som \u00e4r tillg\u00e4ngliga utan inloggning: Kursinformation &amp; \u00f6vriga sidor Kursmoment Navigera vidare via \u00f6versiktsplaneringen f\u00f6r respektive del av&hellip;<\/p>\n","protected":false},"author":1,"featured_media":0,"parent":0,"menu_order":0,"comment_status":"closed","ping_status":"closed","template":"","meta":{"footnotes":""},"class_list":["post-67","page","type-page","status-publish","hentry"],"_links":{"self":[{"href":"https:\/\/samhallsentreprenor.glokala.net\/2023-2024\/wp-json\/wp\/v2\/pages\/67","targetHints":{"allow":["GET"]}}],"collection":[{"href":"https:\/\/samhallsentreprenor.glokala.net\/2023-2024\/wp-json\/wp\/v2\/pages"}],"about":[{"href":"https:\/\/samhallsentreprenor.glokala.net\/2023-2024\/wp-json\/wp\/v2\/types\/page"}],"author":[{"embeddable":true,"href":"https:\/\/samhallsentreprenor.glokala.net\/2023-2024\/wp-json\/wp\/v2\/users\/1"}],"replies":[{"embeddable":true,"href":"https:\/\/samhallsentreprenor.glokala.net\/2023-2024\/wp-json\/wp\/v2\/comments?post=67"}],"version-history":[{"count":7,"href":"https:\/\/samhallsentreprenor.glokala.net\/2023-2024\/wp-json\/wp\/v2\/pages\/67\/revisions"}],"predecessor-version":[{"id":2311,"href":"https:\/\/samhallsentreprenor.glokala.net\/2023-2024\/wp-json\/wp\/v2\/pages\/67\/revisions\/2311"}],"wp:attachment":[{"href":"https:\/\/samhallsentreprenor.glokala.net\/2023-2024\/wp-json\/wp\/v2\/media?parent=67"}],"curies":[{"name":"wp","href":"https:\/\/api.w.org\/{rel}","templated":true}]}}