{"id":89,"date":"2023-08-21T11:35:00","date_gmt":"2023-08-21T09:35:00","guid":{"rendered":"https:\/\/samhallsentreprenor.glokala.net\/2023-2024\/?page_id=89"},"modified":"2024-03-20T15:48:20","modified_gmt":"2024-03-20T14:48:20","slug":"praktisk-info","status":"publish","type":"page","link":"https:\/\/samhallsentreprenor.glokala.net\/2023-2024\/kursinfo\/praktisk-info\/","title":{"rendered":"Praktisk info"},"content":{"rendered":"\n<ol class=\"wp-block-list\">\n<li><a href=\"#terminstider\">Terminstider<\/a><\/li>\n\n\n\n<li><a href=\"#aktivera-dig\">Aktivera dig vid kursstart och v\u00e5rens terminsstart<\/a><\/li>\n\n\n\n<li><a href=\"#csn-studiemedel\">CSN\/studiemedel<\/a><\/li>\n\n\n\n<li><a href=\"#mecenatkort\">Mecenatkort<\/a><\/li>\n\n\n\n<li><a href=\"#kurstraffar\">Kurstr\u00e4ffar i Malm\u00f6<\/a><\/li>\n\n\n\n<li><a href=\"#sjukdom-franvaro\">Vid sjukdom eller annan fr\u00e5nvaro<\/a><\/li>\n\n\n\n<li><a href=\"#rattigheter\">Dina r\u00e4ttigheter som studerande<\/a><\/li>\n\n\n\n<li><a href=\"#forvantningar\">F\u00f6rv\u00e4ntningar p\u00e5 dig som deltagare<\/a><\/li>\n\n\n\n<li><a href=\"#intyg\">Intyg<\/a><\/li>\n\n\n\n<li><a href=\"#personuppgifter\">Information om hur vi hanterar dina personuppgifter<\/a><\/li>\n\n\n\n<li><a href=\"#studieteknik\">Studieteknik och personlig arbetsmilj\u00f6<\/a><\/li>\n\n\n\n<li><a href=\"#stod-studier\">St\u00f6d i dina studier<\/a><\/li>\n<\/ol>\n\n\n\n<h4 class=\"wp-block-heading\" id=\"terminstider\">Terminstider<\/h4>\n\n\n\n<p>Kursens terminstider \u00e4r f\u00f6ljande<br>HT: 2023-08-28 \u2013 2023-12-29<br>VT: 2024-01-02 \u2013 2024-05-31<\/p>\n\n\n\n<h4 class=\"wp-block-heading\" id=\"aktivera-dig\">Aktivera dig vid kursstart och v\u00e5rens terminsstart<\/h4>\n\n\n\n<p>F\u00f6r att vi ska registrera dig som aktiv i kursen beh\u00f6ver du logga in p\u00e5 kursplattformen under den f\u00f6rsta kursveckan, samt den f\u00f6rsta kursveckan p\u00e5 v\u00e5rterminen. Kontakta kursansvarig om du skulle ha f\u00f6rhinder.<br>Om du inte loggar in eller meddelar f\u00f6rhinder f\u00f6rlorar du din studieplats.<\/p>\n\n\n\n<h4 class=\"wp-block-heading\" id=\"csn-studiemedel\">CSN\/studiemedel<\/h4>\n\n\n\n<p>Om du s\u00f6ker studiemedel\/bidrag f\u00f6r kursen: Du kan redan innan kursens start g\u00f6ra en ans\u00f6kan om CSN till kursen (se terminstider ovan). N\u00e4r kursen har startat beh\u00f6ver du sj\u00e4lv l\u00e4mna en studief\u00f6rs\u00e4kran till CSN. Har du n\u00e5gra fr\u00e5gor om CSN\/studiemedel f\u00e5r du g\u00e4rna ta direkt kontakt med Felicia Trellid som arbetar med dessa fr\u00e5gor p\u00e5 folkh\u00f6gskolan.<br>Felicia Trellid, felicia [at] glokala.se, 040-642 47 29, 0765-42 47 29<\/p>\n\n\n\n<p><a rel=\"noreferrer noopener\" href=\"https:\/\/www.folkhogskola.nu\/om-folkhogskola\/att-studera-pa-folkhogskola\/studiestod-csn\/\" target=\"_blank\">L\u00e4s mer<\/a> om studiest\u00f6d som studerande p\u00e5 folkh\u00f6gskola.<\/p>\n\n\n\n<h4 class=\"wp-block-heading\" id=\"mecenatkort\">Mecenatkort<\/h4>\n\n\n\n<p>Om du ans\u00f6kt om studiemedel\/bidrag f\u00f6r kursen fr\u00e5n CSN s\u00e5 kommer CSN meddela Mecenat att du studerar denna termin och Mecenat kontaktar dig f\u00f6r att du ska aktivera ditt Mecenatkort, detta sker efter terminsstart. Om du inte ans\u00f6kt om studiemedel\/bidrag f\u00f6r terminen men \u00e4nd\u00e5 vill ha ett Mecenatkort kan du kontakta Hassan Shammout, administrat\u00f6r p\u00e5 Glokala: hassan [at] glokala.org, 0765 &#8211; 424 702.<\/p>\n\n\n\n<h4 class=\"wp-block-heading\" id=\"kurstraffar\">Kurstr\u00e4ffar i Malm\u00f6<\/h4>\n\n\n\n<p>Under \u00e5ret anordnar vi tre tr\u00e4ffar p\u00e5 plats i Malm\u00f6 med studiebes\u00f6k och g\u00e4stf\u00f6rel\u00e4sare. Tr\u00e4ffarna \u00e4r frivilliga att delta i. F\u00f6ljande datum planerar vi att genomf\u00f6ra kurstr\u00e4ffar:<br>\u2bc8 19-20 oktober<br>\u2bc8 5-6 februari 2024<br>\u2bc8 23-24 april 2024 <s>6-7 maj 2024<\/s><\/p>\n\n\n\n<h4 class=\"wp-block-heading\" id=\"sjukdom-franvaro\">Vid sjukdom eller annan fr\u00e5nvaro<\/h4>\n\n\n\n<p class=\"has-very-light-gray-background-color has-background\"><strong>Hur g\u00f6r jag om jag \u00e4r sjuk eller vabbar?<\/strong><br>N\u00e4r sjukdom eller VAB p\u00e5verkar dina studier:<br>1. Meddela kursansvarig via e-post eller telefon n\u00e4r sjukdom eller VAB p\u00e5verkar dina studier.<br>2. Du ska du \u00e4ven g\u00f6ra en sjukanm\u00e4lan p\u00e5 f\u00f6ljande s\u00e4tt:<br> \u2013 N\u00e4r du \u00e4r sjuk ska du anm\u00e4la det omg\u00e5ende, helst f\u00f6rsta sjukdagen och senast sjunde dagen, till F\u00f6rs\u00e4kringskassan.<br> \u2013 N\u00e4r du \u00e4r hemma f\u00f6r v\u00e5rd av barn (VAB) ska du anm\u00e4la detta till CSN senast en vecka efter f\u00f6rsta v\u00e5rddagen.<br>Vid fr\u00e5nvaro p\u00e5 grund av sjukdom eller v\u00e5rd av barn som \u00f6verstiger en vecka kr\u00e4vs fullst\u00e4ndigt l\u00e4karintyg.<\/p>\n\n\n\n<p class=\"has-very-light-gray-background-color has-background\"><strong>Hur p\u00e5verkar fr\u00e5nvaro studiemedel\/bidrag?<\/strong><br>Du f\u00e5r studiemedel f\u00f6r studier p\u00e5 folkh\u00f6gskola n\u00e4r du studerar i kursens ordinarie takt. Om du har l\u00e5g studieaktivitet och h\u00f6g fr\u00e5nvaro riskerar du att bli avst\u00e4ngd eller utskriven fr\u00e5n kursen, vilket p\u00e5verkar ditt studiemedel fr\u00e5n CSN. F\u00f6r att f\u00e5 studiemedel m\u00e5ste du kunna visa att du klarat av dina studier.<br>Veckor d\u00e5 du varit sjuk, och som F\u00f6rs\u00e4kringskassan har godk\u00e4nt, r\u00e4knas inte n\u00e4r CSN pr\u00f6var dina studieresultat. Detsamma g\u00e4ller v\u00e5rd av barn eller n\u00e4rst\u00e5ende, om du har anm\u00e4lt detta till CSN.<\/p>\n\n\n\n<p class=\"has-very-light-gray-background-color has-background\"><strong>Vad g\u00e4ller vid studieavbrott?<\/strong><br>Vill du avbryta dina studier meddelar du kursansvarig. Om du har studiemedel fr\u00e5n CSN beh\u00f6ver du \u00e4ven kontakta dem och meddela ditt studieavbrott.<\/p>\n\n\n\n<h4 class=\"wp-block-heading\" id=\"rattigheter\">Dina r\u00e4ttigheter som studerande<\/h4>\n\n\n\n<p>Mer generell information om att studera p\u00e5 Glokala folkh\u00f6gskolan och dina r\u00e4ttigheter som deltagare finns \u00e4ven p\u00e5 <a href=\"https:\/\/www.glokala.se\/studerandeinfo\/\" data-type=\"link\" data-id=\"https:\/\/www.glokala.se\/studerandeinfo\/\" target=\"_blank\" rel=\"noreferrer noopener\">glokala.se under Studerandeinfo<\/a>. D\u00e4r hittar du kontakt till <a rel=\"noreferrer noopener\" aria-label=\"v\u00e5r kurator (opens in a new tab)\" href=\"https:\/\/www.glokala.se\/studerandeinfo\/kurator\/\" target=\"_blank\">v\u00e5r kurator<\/a>, och de policydokument som styr hela folkh\u00f6gskolans verksamhet.<\/p>\n\n\n\n<h4 class=\"wp-block-heading\" id=\"forvantningar\">F\u00f6rv\u00e4ntningar p\u00e5 dig som deltagare<\/h4>\n\n\n\n<p>En viktig utg\u00e5ngspunkt f\u00f6r kursen \u00e4r att ta vara p\u00e5 alla de tankar och kunskaper vi har tillsammans. En f\u00f6ruts\u00e4ttning \u00e4r att under \u00e5ret vara med och diskutera, dela dina tankar och erfarenheter. I flera uppgifter under \u00e5ret ing\u00e5r det att ge kommentarer till varandra, n\u00e5got som b\u00e5de \u00e4r l\u00e4rorikt och v\u00e4cker nya perspektiv. Vi f\u00f6rv\u00e4ntar oss att du kontinuerligt deltar genom diskussioner och genom kursens inl\u00e4mningsuppgifter.<br>Meddela kursansvarig om du beh\u00f6ver vara fr\u00e5nvarande under en period, till exempel f\u00f6r semester eller resa.<\/p>\n\n\n\n<h4 class=\"wp-block-heading\" id=\"intyg\">Intyg<\/h4>\n\n\n\n<p>Den som deltar aktivt i kursens moment samt fullg\u00f6r kursens uppgifter f\u00e5r vid kursens slut ett studieintyg med kursmomenten redovisade.<br>Har du deltagit aktivt i kursen, men ej genomf\u00f6rt alla moment, f\u00e5r du ett kursintyg.<\/p>\n\n\n\n<h4 class=\"wp-block-heading\" id=\"personuppgifter\">Information om hur vi hanterar dina personuppgifter<\/h4>\n\n\n\n<p>L\u00e4s mer om hur vi hanterar dina personuppgifter som deltagare i kursen: <a rel=\"noreferrer noopener\" href=\"https:\/\/docs.google.com\/document\/d\/1FvEKZV7Xr_3_jFPUNPw26FLQj2JcsyJEOqJsEqRZdc8\/edit?usp=sharing\" target=\"_blank\">Information till deltagare i distanskurser ang\u00e5ende Dataskyddsf\u00f6rordningen \u2192<\/a><br>Vi skickar \u00e4ven denna information per e-post i b\u00f6rjan och i slutet av kursen.<\/p>\n\n\n\n<p>Integritet n\u00e4r det g\u00e4ller kursplattformen: Forum, deltagarprofiler och fl\u00f6det p\u00e5 f\u00f6rstasidan \u00e4r endast tillg\u00e4ngligt f\u00f6r inloggade. Kursens veckoteman \u00e4r d\u00e4remot publikt\/\u00f6ppet tillg\u00e4ngliga, likas\u00e5 generell kursinfo. <br>Om du kommenterar sidor som \u00e4r publikt tillg\u00e4ngliga, till exempel kursens veckoteman, anv\u00e4nds ditt visningsnamn samt uppladdad profilbild d\u00e4r.<br><a href=\"https:\/\/samhallsentreprenor.glokala.net\/2023-2024\/publika-sidor\/\" data-type=\"page\" data-id=\"67\">En \u00f6versikt f\u00f6r de sidor som \u00e4r publika finns h\u00e4r \u2192<\/a><\/p>\n\n\n\n<h4 class=\"wp-block-heading\" id=\"studieteknik\">Studieteknik och personlig arbetsmilj\u00f6<\/h4>\n\n\n\n<p>Att l\u00e4sa en distanskurs ger m\u00f6jlighet att sj\u00e4lv planera n\u00e4r och hur du studerar. Den stora sj\u00e4lvst\u00e4ndigheten kan samtidigt vara en utmaning. Hur hittar en studiero och fokus? Vad \u00e4r viktigt att t\u00e4nka p\u00e5 n\u00e4r en sitter l\u00e5nga stunder framf\u00f6r en sk\u00e4rm? <a href=\"https:\/\/samhallsentreprenor.glokala.net\/2023-2024\/kursinfo\/studieteknik-stod-och-personlig-arbetsmiljo\/\" data-type=\"page\" data-id=\"95\">Vi har sammanst\u00e4llt n\u00e5gra tips, l\u00e4s vidare \u2192<\/a><\/p>\n\n\n\n<h4 class=\"wp-block-heading\" id=\"stod-studier\">St\u00f6d i dina studier<\/h4>\n\n\n\n<p>Beh\u00f6ver du extra st\u00f6d i dina studier? Kontakta oss, s\u00e5 kan vi prata om vilka behov du har och hur vi kan jobba f\u00f6r att tillg\u00e4ngligg\u00f6ra material och kursinneh\u00e5ll f\u00f6r just dig. Det kan till exempel handla om att f\u00e5 tillg\u00e5ng till inl\u00e4sta texter, extra samtal med l\u00e4rare eller andra individuella anpassningar.<\/p>\n\n\n\n<figure class=\"wp-block-image size-large\"><img decoding=\"async\" src=\"https:\/\/samhallsentreprenor.glokala.net\/2022-2023\/wp-content\/uploads\/2022\/08\/P1010831-1300x975.jpg\" alt=\"\" class=\"wp-image-518\"\/><\/figure>\n","protected":false},"excerpt":{"rendered":"<p>Terminstider Kursens terminstider \u00e4r f\u00f6ljandeHT: 2023-08-28 \u2013 2023-12-29VT: 2024-01-02 \u2013 2024-05-31 Aktivera dig vid kursstart och v\u00e5rens terminsstart F\u00f6r att vi ska registrera dig som&hellip;<\/p>\n","protected":false},"author":1,"featured_media":0,"parent":83,"menu_order":0,"comment_status":"closed","ping_status":"closed","template":"","meta":{"footnotes":""},"class_list":["post-89","page","type-page","status-publish","hentry"],"_links":{"self":[{"href":"https:\/\/samhallsentreprenor.glokala.net\/2023-2024\/wp-json\/wp\/v2\/pages\/89","targetHints":{"allow":["GET"]}}],"collection":[{"href":"https:\/\/samhallsentreprenor.glokala.net\/2023-2024\/wp-json\/wp\/v2\/pages"}],"about":[{"href":"https:\/\/samhallsentreprenor.glokala.net\/2023-2024\/wp-json\/wp\/v2\/types\/page"}],"author":[{"embeddable":true,"href":"https:\/\/samhallsentreprenor.glokala.net\/2023-2024\/wp-json\/wp\/v2\/users\/1"}],"replies":[{"embeddable":true,"href":"https:\/\/samhallsentreprenor.glokala.net\/2023-2024\/wp-json\/wp\/v2\/comments?post=89"}],"version-history":[{"count":3,"href":"https:\/\/samhallsentreprenor.glokala.net\/2023-2024\/wp-json\/wp\/v2\/pages\/89\/revisions"}],"predecessor-version":[{"id":2316,"href":"https:\/\/samhallsentreprenor.glokala.net\/2023-2024\/wp-json\/wp\/v2\/pages\/89\/revisions\/2316"}],"up":[{"embeddable":true,"href":"https:\/\/samhallsentreprenor.glokala.net\/2023-2024\/wp-json\/wp\/v2\/pages\/83"}],"wp:attachment":[{"href":"https:\/\/samhallsentreprenor.glokala.net\/2023-2024\/wp-json\/wp\/v2\/media?parent=89"}],"curies":[{"name":"wp","href":"https:\/\/api.w.org\/{rel}","templated":true}]}}