{"id":93,"date":"2023-08-21T10:43:00","date_gmt":"2023-08-21T08:43:00","guid":{"rendered":"https:\/\/samhallsentreprenor.glokala.net\/2023-2024\/?page_id=93"},"modified":"2023-09-12T08:58:40","modified_gmt":"2023-09-12T06:58:40","slug":"guide-till-plattformen","status":"publish","type":"page","link":"https:\/\/samhallsentreprenor.glokala.net\/2023-2024\/kursinfo\/guide-till-plattformen\/","title":{"rendered":"Guide till plattformen"},"content":{"rendered":"\n<h3 class=\"wp-block-heading\">F\u00f6rsta steg:<\/h3>\n\n\n\n<ol class=\"wp-block-list\">\n<li><strong>Att logga in:<\/strong> Du loggar in med det anv\u00e4ndarnamn som du har f\u00e5tt skickat till dig eller med din e-post. Om du inte hittar eller kommer ih\u00e5g ditt l\u00f6senord kan du<strong> <a href=\"https:\/\/samhallsentreprenor.glokala.net\/2023-2024\/wp-login.php?action=lostpassword\">f\u00e5 ett nytt h\u00e4r<\/a>.<\/strong><br>Som inloggad visas i toppen av sidan ditt namn och profilbild. Klickar du p\u00e5 ditt namn finns flera alternativ f\u00f6r din profil p\u00e5 kursplattformen.<\/li>\n\n\n\n<li><strong>Byt ditt l\u00f6senord<\/strong> till ett som du sj\u00e4lv best\u00e4mmer (om du inte redan gjort det). Du g\u00f6r detta genom att g\u00e5 in p\u00e5: Konto \u2192 Inloggningsinformation.<\/li>\n\n\n\n<li><strong>Profilbild.<\/strong> F\u00f6r att ladda upp en bild till din profil g\u00e5r du in p\u00e5 Profil \u2192 Byt profilbild. Var ska man klicka? Se en <a href=\"https:\/\/samhallsentreprenor.glokala.net\/2023-2024\/wp-content\/uploads\/2023\/08\/screen_profilbild1.png\" data-type=\"link\" data-id=\"https:\/\/samhallsentreprenor.glokala.net\/2023-2024\/wp-content\/uploads\/2023\/08\/screen_profilbild1.png\" target=\"_blank\" rel=\"noreferrer noopener\">sk\u00e4rmbild steg 1\u2192<\/a> <a href=\"https:\/\/samhallsentreprenor.glokala.net\/2023-2024\/wp-content\/uploads\/2023\/08\/screen_profilbild2.png\" data-type=\"link\" data-id=\"https:\/\/samhallsentreprenor.glokala.net\/2023-2024\/wp-content\/uploads\/2023\/08\/screen_profilbild2.png\" target=\"_blank\" rel=\"noreferrer noopener\">Sk\u00e4rmbild steg 2 \u2192<\/a><br>Integritet: Profilbilden visas i huvudsak endast p\u00e5 sidor f\u00f6r inloggade deltagare. Om du kommenterar sidor som \u00e4r publikt tillg\u00e4ngliga, till exempel kursens veckoteman, anv\u00e4nds profilbilden (miniatyr) \u00e4ven d\u00e4r.<\/li>\n<\/ol>\n\n\n\n<h3 class=\"wp-block-heading\">Att l\u00e4mna in uppgifter i forum:<\/h3>\n\n\n\n<p>1) Logga in och navigera till forumet f\u00f6r den aktuella uppgiften &#8211; via &#8221;Forum&#8221; i menyn.<\/p>\n\n\n\n<p>2) Skapa ett nytt \u00e4mne f\u00f6r din uppgift &#8211; tryck p\u00e5 &#8221;Nytt \u00e4mne&#8221;.<\/p>\n\n\n\n<p>3) Skriv en \u00e4mnestitel som inneh\u00e5ller ditt namn f\u00f6r att g\u00f6ra det l\u00e4tt att hitta bland andra inl\u00e4mningar. Till exempel: August \u2013 Uppgiftens namn<\/p>\n\n\n\n<p>4) Ladda g\u00e4rna upp din inl\u00e4mning som en bifogad fil \u2013 skriv d\u00e5 \u00e4ven n\u00e5got som kommentar i textrutan. Bifogade filer kan g\u00e4rna vara i pdf-format, men andra vanliga format f\u00f6r textfiler och bildfiler g\u00e5r ocks\u00e5 bra. Max storlek f\u00f6r filer \u00e4r 25 mb.<br>Om du spelar in ljud\/video \u00e4r det enklast att ladda upp mediafilen externt, p\u00e5 exempelvis Google Drive eller annan tj\u00e4nst. Klistra sedan in en l\u00e4nk till mediafilen i ditt inl\u00e4gg.<\/p>\n\n\n\n<p>Det g\u00e5r ocks\u00e5 bra att skriva \/ kopiera in text f\u00f6r uppgiften direkt i textrutan.<\/p>\n\n\n\n<p>5) Vill du f\u00e5 uppdateringar till din e-post om nya kommentarer till dina inl\u00e4mnade uppgifter kan du v\u00e4lja att kryssa i &#8221;Meddela mig om nya svar&#8221; n\u00e4r du skapar ditt inl\u00e4gg.<\/p>\n\n\n\n<p>6) Avsluta med att klicka p\u00e5 &#8221;Inl\u00e4gg&#8221;, s\u00e5 skapas \u00e4mnet.<\/p>\n\n\n\n<h2 class=\"wp-block-heading\">Videointroduktion till kursplattformen:<\/h2>\n\n\n\n<p><em>Kommer i samband med kursstart!<\/em><\/p>\n\n\n\n<div style=\"height:30px\" aria-hidden=\"true\" class=\"wp-block-spacer\"><\/div>\n\n\n\n<p><strong>Fr\u00e5gor, funderingar?<\/strong> Ta kontakt, skriv g\u00e4rna i kursforumet!<\/p>\n","protected":false},"excerpt":{"rendered":"<p>F\u00f6rsta steg: Att l\u00e4mna in uppgifter i forum: 1) Logga in och navigera till forumet f\u00f6r den aktuella uppgiften &#8211; via &#8221;Forum&#8221; i menyn. 2)&hellip;<\/p>\n","protected":false},"author":1,"featured_media":0,"parent":83,"menu_order":0,"comment_status":"closed","ping_status":"closed","template":"","meta":{"footnotes":""},"class_list":["post-93","page","type-page","status-publish","hentry"],"_links":{"self":[{"href":"https:\/\/samhallsentreprenor.glokala.net\/2023-2024\/wp-json\/wp\/v2\/pages\/93","targetHints":{"allow":["GET"]}}],"collection":[{"href":"https:\/\/samhallsentreprenor.glokala.net\/2023-2024\/wp-json\/wp\/v2\/pages"}],"about":[{"href":"https:\/\/samhallsentreprenor.glokala.net\/2023-2024\/wp-json\/wp\/v2\/types\/page"}],"author":[{"embeddable":true,"href":"https:\/\/samhallsentreprenor.glokala.net\/2023-2024\/wp-json\/wp\/v2\/users\/1"}],"replies":[{"embeddable":true,"href":"https:\/\/samhallsentreprenor.glokala.net\/2023-2024\/wp-json\/wp\/v2\/comments?post=93"}],"version-history":[{"count":3,"href":"https:\/\/samhallsentreprenor.glokala.net\/2023-2024\/wp-json\/wp\/v2\/pages\/93\/revisions"}],"predecessor-version":[{"id":521,"href":"https:\/\/samhallsentreprenor.glokala.net\/2023-2024\/wp-json\/wp\/v2\/pages\/93\/revisions\/521"}],"up":[{"embeddable":true,"href":"https:\/\/samhallsentreprenor.glokala.net\/2023-2024\/wp-json\/wp\/v2\/pages\/83"}],"wp:attachment":[{"href":"https:\/\/samhallsentreprenor.glokala.net\/2023-2024\/wp-json\/wp\/v2\/media?parent=93"}],"curies":[{"name":"wp","href":"https:\/\/api.w.org\/{rel}","templated":true}]}}