{"id":97,"date":"2023-08-21T10:51:00","date_gmt":"2023-08-21T08:51:00","guid":{"rendered":"https:\/\/samhallsentreprenor.glokala.net\/2023-2024\/?page_id=97"},"modified":"2023-08-21T22:56:59","modified_gmt":"2023-08-21T20:56:59","slug":"larare","status":"publish","type":"page","link":"https:\/\/samhallsentreprenor.glokala.net\/2023-2024\/kursinfo\/larare\/","title":{"rendered":"L\u00e4rare"},"content":{"rendered":"\n<p><strong>August Nilsson<\/strong><br>Projektledare och pedagog. Kursansvarig f\u00f6r Samh\u00e4llsentrepren\u00f6r &amp; f\u00f6rdjupning. Arbetar \u00e4ven med ett europeiskt projekt f\u00f6r att st\u00e4rka h\u00e5llbarhetsarbetet i folkbildningsorganisationer, <a href=\"https:\/\/www.glokala.se\/projekt\/smalei-sustainability-matrix-for-ale-institutions\/\" data-type=\"link\" data-id=\"https:\/\/www.glokala.se\/projekt\/smalei-sustainability-matrix-for-ale-institutions\/\">SMALEI<\/a>.<br>Bland annat engagerad i <a href=\"https:\/\/ideburenutveckling.se\/\">Id\u00e9buren utveckling<\/a> och <a href=\"https:\/\/skolaktionen.se\/\">Skolaktionen<\/a>. Har ett brett intresse f\u00f6r en mer h\u00e5llbar ekonomi och fr\u00e5gor kring gemensam v\u00e4lf\u00e4rd.<\/p>\n\n\n\n<figure class=\"wp-block-image size-medium is-resized\"><img loading=\"lazy\" decoding=\"async\" src=\"https:\/\/samhallsentreprenor.glokala.net\/2020-2021\/wp-content\/uploads\/2020\/08\/IMG_20200805_101711_red-399x500.jpg\" alt=\"\" class=\"wp-image-244\" style=\"width:140px;height:180px\" width=\"140\" height=\"180\"\/><\/figure>\n\n\n\n<p>august (at) glokala.se<br>073 698 25 57<\/p>\n\n\n\n<hr class=\"wp-block-separator has-css-opacity is-style-default\"\/>\n\n\n\n<p><strong>Fredrik Bj\u00f6rk<\/strong><br>L\u00e4rare i kursen, fr\u00e4mst i moment inom projektutveckling.<br>Till vardags l\u00e4rare &amp; forskare vid Malm\u00f6 universitet inom bl a Milj\u00f6vetenskap, Ledarskap och organisation samt Samh\u00e4llsentrepren\u00f6rskap.<\/p>\n\n\n\n<figure class=\"wp-block-image size-large\"><img loading=\"lazy\" decoding=\"async\" width=\"140\" height=\"160\" src=\"https:\/\/samhallsentreprenor.glokala.net\/2023-2024\/wp-content\/uploads\/2023\/08\/image.jpeg\" alt=\"\" class=\"wp-image-98\"\/><\/figure>\n\n\n\n<p>fredrik.bjork (at) mau.se<\/p>\n","protected":false},"excerpt":{"rendered":"<p>August NilssonProjektledare och pedagog. Kursansvarig f\u00f6r Samh\u00e4llsentrepren\u00f6r &amp; f\u00f6rdjupning. Arbetar \u00e4ven med ett europeiskt projekt f\u00f6r att st\u00e4rka h\u00e5llbarhetsarbetet i folkbildningsorganisationer, SMALEI.Bland annat engagerad i&hellip;<\/p>\n","protected":false},"author":1,"featured_media":0,"parent":83,"menu_order":0,"comment_status":"closed","ping_status":"closed","template":"","meta":{"footnotes":""},"class_list":["post-97","page","type-page","status-publish","hentry"],"_links":{"self":[{"href":"https:\/\/samhallsentreprenor.glokala.net\/2023-2024\/wp-json\/wp\/v2\/pages\/97","targetHints":{"allow":["GET"]}}],"collection":[{"href":"https:\/\/samhallsentreprenor.glokala.net\/2023-2024\/wp-json\/wp\/v2\/pages"}],"about":[{"href":"https:\/\/samhallsentreprenor.glokala.net\/2023-2024\/wp-json\/wp\/v2\/types\/page"}],"author":[{"embeddable":true,"href":"https:\/\/samhallsentreprenor.glokala.net\/2023-2024\/wp-json\/wp\/v2\/users\/1"}],"replies":[{"embeddable":true,"href":"https:\/\/samhallsentreprenor.glokala.net\/2023-2024\/wp-json\/wp\/v2\/comments?post=97"}],"version-history":[{"count":1,"href":"https:\/\/samhallsentreprenor.glokala.net\/2023-2024\/wp-json\/wp\/v2\/pages\/97\/revisions"}],"predecessor-version":[{"id":99,"href":"https:\/\/samhallsentreprenor.glokala.net\/2023-2024\/wp-json\/wp\/v2\/pages\/97\/revisions\/99"}],"up":[{"embeddable":true,"href":"https:\/\/samhallsentreprenor.glokala.net\/2023-2024\/wp-json\/wp\/v2\/pages\/83"}],"wp:attachment":[{"href":"https:\/\/samhallsentreprenor.glokala.net\/2023-2024\/wp-json\/wp\/v2\/media?parent=97"}],"curies":[{"name":"wp","href":"https:\/\/api.w.org\/{rel}","templated":true}]}}