{"id":208,"date":"2024-09-04T14:24:32","date_gmt":"2024-09-04T12:24:32","guid":{"rendered":"https:\/\/samhallsentreprenor.glokala.net\/2024-2025\/?page_id=208"},"modified":"2025-03-24T13:18:28","modified_gmt":"2025-03-24T12:18:28","slug":"samtalstider","status":"publish","type":"page","link":"https:\/\/samhallsentreprenor.glokala.net\/2024-2025\/kursinfo\/samtalstider\/","title":{"rendered":"Samtalstider &#8211; personligt samtal"},"content":{"rendered":"\n<p><strong>V\u00e5ravst\u00e4mning:<\/strong> <\/p>\n\n\n\n<p>Boka in en tid f\u00f6r kortare samtal (max ca. 30 min) med August via kalendern. Samtalet \u00e4r t\u00e4nkt som en m\u00f6jlighet att st\u00e4mma av om kursens aktuella moment, men ocks\u00e5 ett tillf\u00e4lle att prata om det som du \u00e4r engagerad i eller vill utveckla.<\/p>\n\n\n\n<p>Ta en stund inf\u00f6r samtalet f\u00f6r att fundera \u00f6ver var du befinner dig just nu, vad du upplever som utmaningar och vad du eventuellt vill \u00e4gna samtalstiden \u00e5t.<\/p>\n\n\n\n<p>Passar ingen av tiderna? Skriv d\u00e5 till august@glokala.se eller skriv meddelande till <a href=\"https:\/\/samhallsentreprenor.glokala.net\/2024-2025\/deltagare\/august_glokala\/\" data-type=\"link\" data-id=\"https:\/\/samhallsentreprenor.glokala.net\/2024-2025\/deltagare\/august_glokala\/\" target=\"_blank\" rel=\"noreferrer noopener\">August<\/a> h\u00e4r p\u00e5 plattformen, skicka g\u00e4rna tv\u00e5 alternativa f\u00f6rslag p\u00e5 dagar\/tider f\u00f6r samtal.<\/p>\n\n\n\n<p>I f\u00f6rsta hand pratar vi via Zoom, alternativt kan vi h\u00f6ras per telefon. F\u00f6r dig som bor i Malm\u00f6\/n\u00e4ra kan vi g\u00e4rna m\u00f6tas upp p\u00e5 Glokala eller annan plats som passar. Meddela is\u00e5fall!<\/p>\n\n\n\n<!-- Calendly inline widget begin -->\n<div class=\"calendly-inline-widget\" data-url=\"https:\/\/calendly.com\/august-glokala\/personligt-samtal?hide_gdpr_banner=1&#038;text_color=122b46&#038;primary_color=1a7075\" style=\"min-width:320px;height:700px;\"><\/div>\n<script type=\"text\/javascript\" src=\"https:\/\/assets.calendly.com\/assets\/external\/widget.js\" async><\/script>\n<!-- Calendly inline widget end -->\n\n\n\n<div style=\"height:30px\" aria-hidden=\"true\" class=\"wp-block-spacer\"><\/div>\n\n\n\n<p>Direktl\u00e4nk till kalendern: <a href=\"https:\/\/calendly.com\/august-glokala\/personligt-samtal\" target=\"_blank\" rel=\"noreferrer noopener\">https:\/\/calendly.com\/august-glokala\/personligt-samtal<\/a><\/p>\n","protected":false},"excerpt":{"rendered":"<p>V\u00e5ravst\u00e4mning: Boka in en tid f\u00f6r kortare samtal (max ca. 30 min) med August via kalendern. Samtalet \u00e4r t\u00e4nkt som en m\u00f6jlighet att st\u00e4mma av&hellip;<\/p>\n","protected":false},"author":1,"featured_media":0,"parent":97,"menu_order":0,"comment_status":"closed","ping_status":"closed","template":"page-fullwidth.php","meta":{"footnotes":""},"class_list":["post-208","page","type-page","status-publish","hentry"],"_links":{"self":[{"href":"https:\/\/samhallsentreprenor.glokala.net\/2024-2025\/wp-json\/wp\/v2\/pages\/208","targetHints":{"allow":["GET"]}}],"collection":[{"href":"https:\/\/samhallsentreprenor.glokala.net\/2024-2025\/wp-json\/wp\/v2\/pages"}],"about":[{"href":"https:\/\/samhallsentreprenor.glokala.net\/2024-2025\/wp-json\/wp\/v2\/types\/page"}],"author":[{"embeddable":true,"href":"https:\/\/samhallsentreprenor.glokala.net\/2024-2025\/wp-json\/wp\/v2\/users\/1"}],"replies":[{"embeddable":true,"href":"https:\/\/samhallsentreprenor.glokala.net\/2024-2025\/wp-json\/wp\/v2\/comments?post=208"}],"version-history":[{"count":5,"href":"https:\/\/samhallsentreprenor.glokala.net\/2024-2025\/wp-json\/wp\/v2\/pages\/208\/revisions"}],"predecessor-version":[{"id":1869,"href":"https:\/\/samhallsentreprenor.glokala.net\/2024-2025\/wp-json\/wp\/v2\/pages\/208\/revisions\/1869"}],"up":[{"embeddable":true,"href":"https:\/\/samhallsentreprenor.glokala.net\/2024-2025\/wp-json\/wp\/v2\/pages\/97"}],"wp:attachment":[{"href":"https:\/\/samhallsentreprenor.glokala.net\/2024-2025\/wp-json\/wp\/v2\/media?parent=208"}],"curies":[{"name":"wp","href":"https:\/\/api.w.org\/{rel}","templated":true}]}}