{"id":92,"date":"2024-08-15T13:24:12","date_gmt":"2024-08-15T11:24:12","guid":{"rendered":"https:\/\/samhallsentreprenor.glokala.net\/2024-2025\/?page_id=92"},"modified":"2024-08-15T13:24:19","modified_gmt":"2024-08-15T11:24:19","slug":"evenemang","status":"publish","type":"page","link":"https:\/\/samhallsentreprenor.glokala.net\/2024-2025\/evenemang\/","title":{"rendered":"Evenemang"},"content":{"rendered":"\n<h3 class=\"wp-block-heading\">Tips p\u00e5 sp\u00e4nnande evenemang och utbildningar.<\/h3>\n\n\n\n<p>Bidra g\u00e4rna med tips, maila!<\/p>\n\n\n\n<iframe loading=\"lazy\" style=\"border-width: 0;\" src=\"https:\/\/www.google.com\/calendar\/embed?showTitle=0&amp;showPrint=0&amp;mode=AGENDA&amp;height=600&amp;wkst=2&amp;hl=sv&amp;bgcolor=%23FFFFFF&amp;src=h38ljo0eolhikmbjccpriqfffc%40group.calendar.google.com&amp;color=%231B887A&amp;ctz=Europe%2FStockholm\" scrolling=\"no\" width=\"720\" height=\"600\" frameborder=\"0\"><\/iframe>\n","protected":false},"excerpt":{"rendered":"<p>Tips p\u00e5 sp\u00e4nnande evenemang och utbildningar. Bidra g\u00e4rna med tips, maila!<\/p>\n","protected":false},"author":1,"featured_media":0,"parent":0,"menu_order":0,"comment_status":"closed","ping_status":"closed","template":"","meta":{"footnotes":""},"class_list":["post-92","page","type-page","status-publish","hentry"],"_links":{"self":[{"href":"https:\/\/samhallsentreprenor.glokala.net\/2024-2025\/wp-json\/wp\/v2\/pages\/92","targetHints":{"allow":["GET"]}}],"collection":[{"href":"https:\/\/samhallsentreprenor.glokala.net\/2024-2025\/wp-json\/wp\/v2\/pages"}],"about":[{"href":"https:\/\/samhallsentreprenor.glokala.net\/2024-2025\/wp-json\/wp\/v2\/types\/page"}],"author":[{"embeddable":true,"href":"https:\/\/samhallsentreprenor.glokala.net\/2024-2025\/wp-json\/wp\/v2\/users\/1"}],"replies":[{"embeddable":true,"href":"https:\/\/samhallsentreprenor.glokala.net\/2024-2025\/wp-json\/wp\/v2\/comments?post=92"}],"version-history":[{"count":0,"href":"https:\/\/samhallsentreprenor.glokala.net\/2024-2025\/wp-json\/wp\/v2\/pages\/92\/revisions"}],"wp:attachment":[{"href":"https:\/\/samhallsentreprenor.glokala.net\/2024-2025\/wp-json\/wp\/v2\/media?parent=92"}],"curies":[{"name":"wp","href":"https:\/\/api.w.org\/{rel}","templated":true}]}}