{"id":1134,"date":"2012-11-28T14:28:32","date_gmt":"2012-11-28T13:28:32","guid":{"rendered":"http:\/\/she2.glokala.se\/?page_id=1134"},"modified":"2012-12-18T12:52:42","modified_gmt":"2012-12-18T11:52:42","slug":"reflektionsuppgift-inre-liv","status":"publish","type":"page","link":"https:\/\/samhallsentreprenor.glokala.net\/she2\/reflektionsuppgift-inre-liv\/","title":{"rendered":"Reflektionsuppgift Inre liv"},"content":{"rendered":"<h2>Uppgift: Reflektion &#8211; Inre liv<\/h2>\n<p>F\u00f6r att stanna upp och f\u00f6rdjupa de teman vi tittar p\u00e5 under Inre liv \u00e4r den h\u00e4r personliga reflektionsuppgiften ett s\u00e4tt att f\u00e5nga upp tankar och id\u00e9er som v\u00e4cks under veckorna. Vi f\u00f6resl\u00e5r n\u00e5gra utg\u00e5ngspunkter f\u00f6r reflektionen, ta fasta p\u00e5 en fr\u00e5gest\u00e4llning eller de teman du vill reflektera kring:<\/p>\n<p>&#8211; Hur ser mitt s\u00e4tt att arbeta och min arbetsmilj\u00f6 som samh\u00e4llsentrepren\u00f6r ut? Styrkor och utmaningar?<br \/>\n&#8211; Hur fungerar gruppdynamiken i sammanhang jag finns i och hur kan den utvecklas?<br \/>\n&#8211; Ledarskap &#8211; hur utvecklas jag i mitt ledarskap?<\/p>\n<p>Du kan anv\u00e4nda dig av video- eller ljudinspelning. Om du f\u00f6redrar en skriftlig inl\u00e4mning, ca 1 A4.<\/p>\n<p><span style=\"text-decoration: underline;\">Inl\u00e4mning: 17 december.<\/span><br \/>\nForum f\u00f6r uppgiften finns h\u00e4r (du beh\u00f6ver vara inloggad):<br \/>\n<a href=\"http:\/\/samhallsentreprenor.glokala.net\/she2\/groups\/reflektion-inre-liv\/forum\/\" target=\"_blank\">http:\/\/samhallsentreprenor.glokala.net\/she2\/groups\/reflektion-inre-liv\/forum\/<\/a><\/p>\n<h4>Feedback till reflektionsuppgift Inre liv<\/h4>\n<p>En uppgift fram till att n\u00e4sta modul startar 7 januari \u00e4r att ta del av reflektionerna i <a title=\"Reflektionsuppgift Inre liv\" href=\"http:\/\/samhallsentreprenor.glokala.net\/she2\/reflektionsuppgift-inre-liv\/\" target=\"_blank\">uppgiften kopplad till Inre liv<\/a>. N\u00e5gra finns hittills, och jag har h\u00f6rt att fler \u00e4r p\u00e5 v\u00e4g snart.<\/p>\n<p>L\u00e4s\/ta del av reflektionerna och skriv en kommentar utifr\u00e5n de tankar som reflektionen v\u00e4cker. Ge g\u00e4rna konkreta tips eller perspektiv utifr\u00e5n dina erfarenheter.<\/p>\n<p>Forumet f\u00f6r uppgiften (du beh\u00f6ver vara inloggad): <a href=\"http:\/\/samhallsentreprenor.glokala.net\/she2\/groups\/reflektion-inre-liv\/forum\/\" target=\"_blank\">http:\/\/samhallsentreprenor.glokala.net\/she2\/groups\/reflektion-inre-liv\/forum\/<\/a><\/p>\n<p>Feedback senast 7 januari 2013.<\/p>\n","protected":false},"excerpt":{"rendered":"<p>Uppgift: Reflektion &#8211; Inre liv F\u00f6r att stanna upp och f\u00f6rdjupa de teman vi tittar p\u00e5 under Inre liv \u00e4r den h\u00e4r personliga reflektionsuppgiften ett s\u00e4tt att f\u00e5nga upp tankar och id\u00e9er som v\u00e4cks under veckorna. Vi f\u00f6resl\u00e5r n\u00e5gra utg\u00e5ngspunkter f\u00f6r reflektionen, ta fasta p\u00e5 en fr\u00e5gest\u00e4llning eller de teman du vill reflektera kring: &#8211; [&hellip;]<\/p>\n","protected":false},"author":1001021,"featured_media":0,"parent":0,"menu_order":0,"comment_status":"open","ping_status":"open","template":"","meta":{"_bbp_topic_count":0,"_bbp_reply_count":0,"_bbp_total_topic_count":0,"_bbp_total_reply_count":0,"_bbp_voice_count":0,"_bbp_anonymous_reply_count":0,"_bbp_topic_count_hidden":0,"_bbp_reply_count_hidden":0,"_bbp_forum_subforum_count":0,"footnotes":""},"class_list":["post-1134","page","type-page","status-publish","hentry"],"jetpack_sharing_enabled":true,"_links":{"self":[{"href":"https:\/\/samhallsentreprenor.glokala.net\/she2\/wp-json\/wp\/v2\/pages\/1134","targetHints":{"allow":["GET"]}}],"collection":[{"href":"https:\/\/samhallsentreprenor.glokala.net\/she2\/wp-json\/wp\/v2\/pages"}],"about":[{"href":"https:\/\/samhallsentreprenor.glokala.net\/she2\/wp-json\/wp\/v2\/types\/page"}],"author":[{"embeddable":true,"href":"https:\/\/samhallsentreprenor.glokala.net\/she2\/wp-json\/wp\/v2\/users\/1001021"}],"replies":[{"embeddable":true,"href":"https:\/\/samhallsentreprenor.glokala.net\/she2\/wp-json\/wp\/v2\/comments?post=1134"}],"version-history":[{"count":4,"href":"https:\/\/samhallsentreprenor.glokala.net\/she2\/wp-json\/wp\/v2\/pages\/1134\/revisions"}],"predecessor-version":[{"id":1224,"href":"https:\/\/samhallsentreprenor.glokala.net\/she2\/wp-json\/wp\/v2\/pages\/1134\/revisions\/1224"}],"wp:attachment":[{"href":"https:\/\/samhallsentreprenor.glokala.net\/she2\/wp-json\/wp\/v2\/media?parent=1134"}],"curies":[{"name":"wp","href":"https:\/\/api.w.org\/{rel}","templated":true}]}}