{"id":1175,"date":"2012-12-10T13:40:00","date_gmt":"2012-12-10T12:40:00","guid":{"rendered":"http:\/\/she2.glokala.se\/?page_id=1175"},"modified":"2012-12-10T13:56:13","modified_gmt":"2012-12-10T12:56:13","slug":"11-december-stress-boktips","status":"publish","type":"page","link":"https:\/\/samhallsentreprenor.glokala.net\/she2\/11-december-stress-boktips\/","title":{"rendered":"10 dec: Stress &#038; boktips"},"content":{"rendered":"<p>&nbsp;<\/p>\n<p><span style=\"font-family: Century, serif;\">H\u00e4r kommer ett kortare samtal med Cinna G\u00e4rdenfors, initiativtagare till Kl\u00e4doteket och numera anst\u00e4lld p\u00e5 Milj\u00f6f\u00f6rvaltningen i Malm\u00f6 Stad. Vi pratar om stress och de samh\u00e4llsnormer som \u00e4r kopplade till den. Ett samtal som p\u00e5 m\u00e5nga s\u00e4tt knyter an till det vi pratade om p\u00e5 skype ig\u00e5r.<\/span><\/p>\n<p style=\"text-align: center;\"><a href=\"http:\/\/samhallsentreprenor.glokala.net\/she2\/11-december-stress-boktips\/img_1738\/\" rel=\"attachment wp-att-1177\"><img data-recalc-dims=\"1\" loading=\"lazy\" decoding=\"async\" class=\"size-thumbnail wp-image-1177 aligncenter\" title=\"IMG_1738\" src=\"https:\/\/i0.wp.com\/samhallsentreprenor.glokala.net\/she2\/wp-content\/uploads\/2012\/12\/IMG_1738-150x150.jpg?resize=150%2C150\" alt=\"\" width=\"150\" height=\"150\" srcset=\"https:\/\/i0.wp.com\/samhallsentreprenor.glokala.net\/she2\/wp-content\/uploads\/2012\/12\/IMG_1738.jpg?resize=150%2C150&amp;ssl=1 150w, https:\/\/i0.wp.com\/samhallsentreprenor.glokala.net\/she2\/wp-content\/uploads\/2012\/12\/IMG_1738.jpg?resize=96%2C96&amp;ssl=1 96w, https:\/\/i0.wp.com\/samhallsentreprenor.glokala.net\/she2\/wp-content\/uploads\/2012\/12\/IMG_1738.jpg?resize=24%2C24&amp;ssl=1 24w, https:\/\/i0.wp.com\/samhallsentreprenor.glokala.net\/she2\/wp-content\/uploads\/2012\/12\/IMG_1738.jpg?resize=36%2C36&amp;ssl=1 36w, https:\/\/i0.wp.com\/samhallsentreprenor.glokala.net\/she2\/wp-content\/uploads\/2012\/12\/IMG_1738.jpg?resize=48%2C48&amp;ssl=1 48w, https:\/\/i0.wp.com\/samhallsentreprenor.glokala.net\/she2\/wp-content\/uploads\/2012\/12\/IMG_1738.jpg?resize=64%2C64&amp;ssl=1 64w, https:\/\/i0.wp.com\/samhallsentreprenor.glokala.net\/she2\/wp-content\/uploads\/2012\/12\/IMG_1738.jpg?zoom=2&amp;resize=150%2C150&amp;ssl=1 300w, https:\/\/i0.wp.com\/samhallsentreprenor.glokala.net\/she2\/wp-content\/uploads\/2012\/12\/IMG_1738.jpg?zoom=3&amp;resize=150%2C150&amp;ssl=1 450w\" sizes=\"auto, (max-width: 150px) 100vw, 150px\" \/><\/a><\/p>\n<p>&nbsp;<\/p>\n<p>[soundcloud url=&#8221;http:\/\/api.soundcloud.com\/tracks\/70353551&#8243; params=&#8221;&#8221; width=&#8221; 100%&#8221; height=&#8221;166&#8243; iframe=&#8221;true&#8221; \/]<br \/>\n<strong><\/strong><\/p>\n<p>&nbsp;<\/p>\n<p><strong>BOKTIPS:<\/strong><\/p>\n<p><span style=\"font-family: Century, serif;\">Det kom upp en hel del v\u00e4rdefulla bok- och l\u00e4stips p\u00e5 v\u00e5rt boksamtal som finns samlade nedan, tillsammans med ytterligare boktips om l\u00e4sning kopplat till temat\u00a0<\/span><span style=\"font-family: Century, serif;\"><em>gruppdynamik<\/em>\u00a0&amp; <em>inre ledarskap<\/em>.\u00a0Det \u00e4r Magdalena Musiala som har skickat de \u00f6vriga tipsen &#8211; hon jobbar med grupprocesser som verktyg f\u00f6r att st\u00e4rka individer och har h\u00e4mtat mycket inspiration fr\u00e5n l\u00e4sningen.<\/span><\/p>\n<p>&nbsp;<\/p>\n<p><img data-recalc-dims=\"1\" loading=\"lazy\" decoding=\"async\" class=\"alignright  wp-image-1179\" title=\"bok\" src=\"https:\/\/i0.wp.com\/samhallsentreprenor.glokala.net\/she2\/wp-content\/uploads\/2012\/12\/bok.jpeg?resize=116%2C180\" alt=\"\" width=\"116\" height=\"180\" \/><\/p>\n<ul>\n<li>Lasse Berg;\u00a0<em>Gryning \u00f6ver Kalahari: Om hur m\u00e4nniskan blev m\u00e4nniska.<br \/>\n<\/em><a href=\"http:\/\/www.ordfront.se\/bocker\/historiaokultur\/gryningoverkalahari.aspx\">http:\/\/www.ordfront.se\/bocker\/historiaokultur\/gryningoverkalahari.aspx<\/a>&nbsp;<\/li>\n<li>Mia T\u00f6rnblom;\u00a0<em>Du leder: Personligt ledarskap med Mia T\u00f6rnblom<br \/>\n<a href=\"http:\/\/www.bokus.com\/bok\/9789137135748\/du-leder-personligt-ledarskap-med-mia-tornblom\/\">\u00a0<\/a><\/em><a href=\"http:\/\/www.bokus.com\/bok\/9789137135748\/du-leder-personligt-ledarskap-med-mia-tornblom\/\">http:\/\/www.bokus.com\/bok\/9789137135748\/du-leder-personligt-ledarskap-med-mia-tornblom\/<\/a>&nbsp;<\/li>\n<li>Jarl J\u00f6rsted;\u00a0<em>Balansg\u00e5ng &#8211; Att leva med motsatser<br \/>\n<\/em><a href=\"http:\/\/www.bokborsen.se\/J%C3%B6rstedjarl\/Balansg%C3%A5ng-Att-Leva-Med-Motsatser\/2531613\/1194951\">http:\/\/www.bokborsen.se\/J%C3%B6rstedjarl\/Balansg%C3%A5ng-Att-Leva-Med-Motsatser\/2531613\/1194951<\/a>&nbsp;<\/li>\n<li>Joanna Brewis (red);<em> The passion of organizing<br \/>\n<\/em><a href=\"http:\/\/www.amazon.co.uk\/The-Passion-Organizing-Joanna-Brewis\/dp\/8763001616\">\u00a0http:\/\/www.amazon.co.uk\/The-Passion-Organizing-Joanna-Brewis\/dp\/8763001616<\/a>&nbsp;<\/li>\n<li>Roland Paulsson;\u00a0<em>Jobbar vi i on\u00f6dan &#8211;\u00a0<\/em>SVD; 22-07-10<br \/>\n<a href=\"http:\/\/www.svd.se\/naringsliv\/jobbar-vi-i-onodan_5026931.svd\">http:\/\/www.svd.se\/naringsliv\/jobbar-vi-i-onodan_5026931.svd<\/a><\/li>\n<\/ul>\n<p><span style=\"color: #0000ee;\"><span style=\"text-decoration: underline;\"><br \/>\n<\/span><\/span><\/p>\n<p><span style=\"text-decoration: underline;\">MAGDALENAS BOKTIPS: \u00a0<\/span>(l\u00e4nkarna listar bibliotek d\u00e4r boken finns)<\/p>\n<div>\n<ul>\n<li><a href=\"http:\/\/libris.kb.se\/bib\/6892207\">Joseph Jaworski &#8211; &#8221;Synchronicity &#8211; The inner path of Leadership&#8221;<\/a><br \/>\n<em>fick mig att se mitt eget ledarskap p\u00e5 ett helt annat s\u00e4tt och v\u00e5ga ta det d\u00e4r steget, f\u00f6r sju \u00e5r sen&#8230;<a href=\"http:\/\/samhallsentreprenor.glokala.net\/she2\/11-december-stress-boktips\/books-3\/\" rel=\"attachment wp-att-1180\"><img data-recalc-dims=\"1\" loading=\"lazy\" decoding=\"async\" class=\"alignright size-full wp-image-1180\" title=\"books\" src=\"https:\/\/i0.wp.com\/samhallsentreprenor.glokala.net\/she2\/wp-content\/uploads\/2012\/12\/books1.jpeg?resize=128%2C194\" alt=\"\" width=\"128\" height=\"194\" \/><\/a><br \/>\n<\/em><em>\u00a0<\/em><\/li>\n<li><a href=\"http:\/\/libris.kb.se\/bib\/9410092\">Adam Kahane &#8211; &#8221;Solving Tough Problems&#8221;<\/a><br \/>\n<em>om du vill ha exempel p\u00e5 h\u00e5llbart (process)ledarskap. Denna man var med och PROCESSLEDDE Sydafrika ut ur aparheid. Mindboggling&#8230;<br \/>\n<\/em><em>\u00a0<\/em><\/li>\n<li><a href=\"http:\/\/libris.kb.se\/bib\/12740101\">Margaret Wheatley, Deborah Frieze &#8211; &#8221;Walk Out, Walk On<\/a>&#8221;<br \/>\n<em>om gemensamt ledarskap i samh\u00e4llen som skapar h\u00e5llbara alternativ till utveckling i dagens likriktande globalisering<br \/>\n<\/em><\/li>\n<li><a href=\"http:\/\/books.google.it\/books\/about\/Fierce_Leadership.html?hl=it&amp;id=5cus7XYsweUC\">Susan Scott &#8211; &#8221;Fierce Leadership&#8221;\u00a0<\/a><br \/>\n<em>ifr\u00e5gas\u00e4tter business as usual och lyfter fram vad som skapar h\u00e5llbara organisationer<br \/>\n<\/em><\/li>\n<\/ul>\n<\/div>\n<div><\/div>\n<p>&nbsp;<\/p>\n","protected":false},"excerpt":{"rendered":"<p>&nbsp; H\u00e4r kommer ett kortare samtal med Cinna G\u00e4rdenfors, initiativtagare till Kl\u00e4doteket och numera anst\u00e4lld p\u00e5 Milj\u00f6f\u00f6rvaltningen i Malm\u00f6 Stad. Vi pratar om stress och de samh\u00e4llsnormer som \u00e4r kopplade till den. Ett samtal som p\u00e5 m\u00e5nga s\u00e4tt knyter an till det vi pratade om p\u00e5 skype ig\u00e5r. &nbsp; [soundcloud url=&#8221;http:\/\/api.soundcloud.com\/tracks\/70353551&#8243; params=&#8221;&#8221; width=&#8221; 100%&#8221; height=&#8221;166&#8243; [&hellip;]<\/p>\n","protected":false},"author":2,"featured_media":0,"parent":0,"menu_order":0,"comment_status":"open","ping_status":"open","template":"","meta":{"_bbp_topic_count":0,"_bbp_reply_count":0,"_bbp_total_topic_count":0,"_bbp_total_reply_count":0,"_bbp_voice_count":0,"_bbp_anonymous_reply_count":0,"_bbp_topic_count_hidden":0,"_bbp_reply_count_hidden":0,"_bbp_forum_subforum_count":0,"footnotes":""},"class_list":["post-1175","page","type-page","status-publish","hentry"],"jetpack_sharing_enabled":true,"_links":{"self":[{"href":"https:\/\/samhallsentreprenor.glokala.net\/she2\/wp-json\/wp\/v2\/pages\/1175","targetHints":{"allow":["GET"]}}],"collection":[{"href":"https:\/\/samhallsentreprenor.glokala.net\/she2\/wp-json\/wp\/v2\/pages"}],"about":[{"href":"https:\/\/samhallsentreprenor.glokala.net\/she2\/wp-json\/wp\/v2\/types\/page"}],"author":[{"embeddable":true,"href":"https:\/\/samhallsentreprenor.glokala.net\/she2\/wp-json\/wp\/v2\/users\/2"}],"replies":[{"embeddable":true,"href":"https:\/\/samhallsentreprenor.glokala.net\/she2\/wp-json\/wp\/v2\/comments?post=1175"}],"version-history":[{"count":8,"href":"https:\/\/samhallsentreprenor.glokala.net\/she2\/wp-json\/wp\/v2\/pages\/1175\/revisions"}],"predecessor-version":[{"id":1184,"href":"https:\/\/samhallsentreprenor.glokala.net\/she2\/wp-json\/wp\/v2\/pages\/1175\/revisions\/1184"}],"wp:attachment":[{"href":"https:\/\/samhallsentreprenor.glokala.net\/she2\/wp-json\/wp\/v2\/media?parent=1175"}],"curies":[{"name":"wp","href":"https:\/\/api.w.org\/{rel}","templated":true}]}}