{"id":1358,"date":"2013-02-05T12:22:00","date_gmt":"2013-02-05T11:22:00","guid":{"rendered":"http:\/\/she2.glokala.se\/?page_id=1358"},"modified":"2013-02-05T12:22:00","modified_gmt":"2013-02-05T11:22:00","slug":"4-ekonomi","status":"publish","type":"page","link":"https:\/\/samhallsentreprenor.glokala.net\/she2\/4-ekonomi\/","title":{"rendered":"4) Ekonomi"},"content":{"rendered":"<p style=\"text-align: center;\"><a href=\"http:\/\/samhallsentreprenor.glokala.net\/she2\/4-ekonomi\/5rdr1858\/\" rel=\"attachment wp-att-1359\"><img data-recalc-dims=\"1\" loading=\"lazy\" decoding=\"async\" class=\"aligncenter  wp-image-1359\" alt=\"5rdr1858\" src=\"https:\/\/i0.wp.com\/samhallsentreprenor.glokala.net\/she2\/wp-content\/uploads\/2013\/02\/5rdr1858.jpeg?resize=320%2C175\" width=\"320\" height=\"175\" \/><\/a><\/p>\n<p style=\"text-align: center;\">\n<p style=\"text-align: center;\">\n<p style=\"text-align: left;\">I v\u00e5r gemensamma kursplanering tog vi fram en hel del fr\u00e5gest\u00e4llningar kring Samh\u00e4llsentrepren\u00f6rskap och Ekonomi som vi ville f\u00f6rdjupa oss i. (Ta en titt p\u00e5 post-it djungeln nedan f\u00f6r att minnas v\u00e5ra tankar!) N\u00e5gra av \u00e4mnena har vi redan hunnit titta p\u00e5, antingen enskilt eller som en del av v\u00e5ra andra moduler. G\u00e5 till exempel g\u00e4rna tillbaka till det material om Crowdfunding\u00a0<a href=\"http:\/\/samhallsentreprenor.glokala.net\/she2\/2012\/11\/5-nov-input-crowdfunding-och-finansiering\/\">del 1 <\/a>och <a href=\"http:\/\/samhallsentreprenor.glokala.net\/she2\/2012\/11\/12-nov-crowdfunding-del-2\/\">del 2<\/a> som vi lade upp i b\u00f6rjan av h\u00f6stterminen.<\/p>\n<p style=\"text-align: left;\">Andra \u00e4mnen kvarst\u00e5r och under veckorna som kommer (internatet inkluderat) t\u00e4nkte vi erbjuda en rad snabba miniresor till de delar av ekonomiv\u00e4rlden som verkar relevanta f\u00f6r oss. Vi kommer att l\u00e4gga upp intervjuer, artiklar och annat material som r\u00f6r bl.a.:<\/p>\n<p style=\"text-align: left;\">\n<ul>\n<li>Lokal ekonomi och Landsbygsfokus: Hur arbetar samh\u00e4llsentrepren\u00f6ren lokalt?<\/li>\n<li>Hur utvecklas finansieringsm\u00f6jligheterna f\u00f6r samh\u00e4llsentrepren\u00f6rer? Vad har h\u00e4nt det senaste \u00e5ret? Ex.\u00a0Impact investment: Vad \u00e4r det och f\u00f6r vem funkar det?<\/li>\n<li>Hur g\u00e5r det f\u00f6r m\u00e4tmetoderna egentligen? SROI, hur m\u00e5r du idag?<\/li>\n<\/ul>\n<p style=\"text-align: left;\">\n<p style=\"text-align: left;\">&#8230;och som f\u00f6rhoppningsvis kan leda till n\u00e5gra plattformsdiskussioner!<br \/>\nHar du material att dela med dig av eller andra ing\u00e5ngar som du tycker att vi borde ta upp?<\/p>\n<p style=\"text-align: center;\">\u00a0<a href=\"http:\/\/samhallsentreprenor.glokala.net\/she2\/4-ekonomi\/img_4143\/\" rel=\"attachment wp-att-1360\"><img data-recalc-dims=\"1\" loading=\"lazy\" decoding=\"async\" class=\"aligncenter  wp-image-1360\" alt=\"IMG_4143\" src=\"https:\/\/i0.wp.com\/samhallsentreprenor.glokala.net\/she2\/wp-content\/uploads\/2013\/02\/IMG_4143.jpg?resize=615%2C462\" width=\"615\" height=\"462\" srcset=\"https:\/\/i0.wp.com\/samhallsentreprenor.glokala.net\/she2\/wp-content\/uploads\/2013\/02\/IMG_4143.jpg?w=3648&amp;ssl=1 3648w, https:\/\/i0.wp.com\/samhallsentreprenor.glokala.net\/she2\/wp-content\/uploads\/2013\/02\/IMG_4143.jpg?resize=400%2C300&amp;ssl=1 400w, https:\/\/i0.wp.com\/samhallsentreprenor.glokala.net\/she2\/wp-content\/uploads\/2013\/02\/IMG_4143.jpg?resize=1024%2C768&amp;ssl=1 1024w, https:\/\/i0.wp.com\/samhallsentreprenor.glokala.net\/she2\/wp-content\/uploads\/2013\/02\/IMG_4143.jpg?w=2000&amp;ssl=1 2000w, https:\/\/i0.wp.com\/samhallsentreprenor.glokala.net\/she2\/wp-content\/uploads\/2013\/02\/IMG_4143.jpg?w=3000&amp;ssl=1 3000w\" sizes=\"auto, (max-width: 615px) 100vw, 615px\" \/><\/a><\/p>\n","protected":false},"excerpt":{"rendered":"<p>I v\u00e5r gemensamma kursplanering tog vi fram en hel del fr\u00e5gest\u00e4llningar kring Samh\u00e4llsentrepren\u00f6rskap och Ekonomi som vi ville f\u00f6rdjupa oss i. (Ta en titt p\u00e5 post-it djungeln nedan f\u00f6r att minnas v\u00e5ra tankar!) N\u00e5gra av \u00e4mnena har vi redan hunnit titta p\u00e5, antingen enskilt eller som en del av v\u00e5ra andra moduler. G\u00e5 till exempel [&hellip;]<\/p>\n","protected":false},"author":2,"featured_media":0,"parent":0,"menu_order":0,"comment_status":"open","ping_status":"open","template":"","meta":{"_bbp_topic_count":0,"_bbp_reply_count":0,"_bbp_total_topic_count":0,"_bbp_total_reply_count":0,"_bbp_voice_count":0,"_bbp_anonymous_reply_count":0,"_bbp_topic_count_hidden":0,"_bbp_reply_count_hidden":0,"_bbp_forum_subforum_count":0,"footnotes":""},"class_list":["post-1358","page","type-page","status-publish","hentry"],"jetpack_sharing_enabled":true,"_links":{"self":[{"href":"https:\/\/samhallsentreprenor.glokala.net\/she2\/wp-json\/wp\/v2\/pages\/1358","targetHints":{"allow":["GET"]}}],"collection":[{"href":"https:\/\/samhallsentreprenor.glokala.net\/she2\/wp-json\/wp\/v2\/pages"}],"about":[{"href":"https:\/\/samhallsentreprenor.glokala.net\/she2\/wp-json\/wp\/v2\/types\/page"}],"author":[{"embeddable":true,"href":"https:\/\/samhallsentreprenor.glokala.net\/she2\/wp-json\/wp\/v2\/users\/2"}],"replies":[{"embeddable":true,"href":"https:\/\/samhallsentreprenor.glokala.net\/she2\/wp-json\/wp\/v2\/comments?post=1358"}],"version-history":[{"count":5,"href":"https:\/\/samhallsentreprenor.glokala.net\/she2\/wp-json\/wp\/v2\/pages\/1358\/revisions"}],"predecessor-version":[{"id":1366,"href":"https:\/\/samhallsentreprenor.glokala.net\/she2\/wp-json\/wp\/v2\/pages\/1358\/revisions\/1366"}],"wp:attachment":[{"href":"https:\/\/samhallsentreprenor.glokala.net\/she2\/wp-json\/wp\/v2\/media?parent=1358"}],"curies":[{"name":"wp","href":"https:\/\/api.w.org\/{rel}","templated":true}]}}