{"id":141,"date":"2011-09-26T17:23:30","date_gmt":"2011-09-26T15:23:30","guid":{"rendered":"http:\/\/she2.glokala.se\/?page_id=141"},"modified":"2011-09-28T18:12:18","modified_gmt":"2011-09-28T16:12:18","slug":"26-september","status":"publish","type":"page","link":"https:\/\/samhallsentreprenor.glokala.net\/she2\/26-september\/","title":{"rendered":"26 september"},"content":{"rendered":"<p>Hej!<\/p>\n<p><strong>Tre uppdrag den h\u00e4r veckan:<\/strong><\/p>\n<p>1) Tyck till!<br \/>\nVi har konkretiserat planerna f\u00f6r kursen utifr\u00e5n den gemensamma processen i Malm\u00f6. Till m\u00e5ndag 3 oktober finns m\u00f6jlighet att komma med f\u00f6rslag eller kommentarer till f\u00f6rslaget f\u00f6r <a href=\"http:\/\/samhallsentreprenor.glokala.net\/she2\/modul1\/\" target=\"_blank\">Modul 1: Begrepp &amp; betydelse<\/a>.<\/p>\n<p>2) Skriv upp dig f\u00f6r en vecka till <a href=\"http:\/\/samhallsentreprenor.glokala.net\/she2\/groups\/inspiration-exempel\/wiki\/veckoschema-fr-hsten\">Inspirationsbanken &#8211; l\u00e4nk<\/a> (mer info nedan)<\/p>\n<p>3) Skapa en tr\u00e5d om projekt\/id\u00e9 du vill utveckla i gruppen <a href=\"http:\/\/samhallsentreprenor.glokala.net\/she2\/groups\/projekt-och-ideutveckling\/forum\/\" target=\"_blank\">Projekt- och id\u00e9utveckling &#8211; l\u00e4nk<\/a> (mer info nedan)<\/p>\n<p>I menyn p\u00e5 plattformen har vi gjort n\u00e5gra f\u00f6r\u00e4ndringar under &#8221;Kursforum&#8221;. Nu finns d\u00e4r direktl\u00e4nkar till de grupper vi har skapat f\u00f6r olika funktioner. Eftersom det \u00e4r ett par olika g\u00f6r jag en snabb intro till funktionerna:<br \/>\n<span style=\"text-decoration: underline;\">Aktiviteter<\/span> &#8211; Senaste aktiviteterna p\u00e5 plattformen (inl\u00e4gg, kommentarer i grupper som offentliga).<br \/>\n<span style=\"text-decoration: underline;\">Deltagare<\/span> &#8211; En \u00f6versikt \u00f6ver alla som \u00e4r deltagare\/medlemmar p\u00e5 plattformen<br \/>\n<span style=\"text-decoration: underline;\">Projekt<\/span>&#8211; och id\u00e9utveckling &#8211; Grupp f\u00f6r uppdateringar om de projekt\/id\u00e9er vi utvecklar<br \/>\n<span style=\"text-decoration: underline;\">Kunskapsbanken<\/span> &#8211; Grupp f\u00f6r att samla kunskap inom olika omr\u00e5den<br \/>\n<span style=\"text-decoration: underline;\">Inspirationsbanken<\/span> &#8211; Grupp f\u00f6r att tipsa och f\u00f6rdela ansvar f\u00f6r inl\u00e4gg p\u00e5 bloggen<br \/>\n<span style=\"text-decoration: underline;\">Kursens moduler<\/span> &#8211; Grupp f\u00f6r att i wikiform fortsatt jobba med planeringen av inneh\u00e5ll i kursen<br \/>\n<span style=\"text-decoration: underline;\">Om kursen: Fr\u00e5gor &amp; kritik<\/span> &#8211; Grupp f\u00f6r feedback om kursen, fr\u00e5gor om plattformen<\/p>\n<p>St\u00e4ll g\u00e4rna fr\u00e5gor!<\/p>\n<h5><strong>Tids\u00f6versikt f\u00f6r \u00e5ret<\/strong>:<\/h5>\n<p>Under internatdagarna i Malm\u00f6 jobbade vi kring planeringen av kursen. Utifr\u00e5n det har vi sammanst\u00e4llt ett f\u00f6rslag p\u00e5 tidslinje f\u00f6r hela \u00e5ret, med en indelning i fyra delar. Modulerna har f\u00e5tt lite nya namn, och vi har lagt in en vecka f\u00f6r reflektion och fokus p\u00e5 utvecklingen f\u00f6r projekt\/id\u00e9er emellan de fyra delarna. Vi kan l\u00f6pande uppdatera tidsplanen med h\u00e5llpunkter f\u00f6r veckorna. Parallellt med de huvudsakliga modulerna\/uppgifterna finns parallella sp\u00e5r som f\u00f6rklaras mer nedan.<br \/>\n<a href=\"http:\/\/samhallsentreprenor.glokala.net\/she2\/tidsplan\/\" target=\"_blank\">Kika p\u00e5 tids\u00f6versikten<\/a> under Kursinfo -&gt; Tids\u00f6versikt <a href=\"http:\/\/samhallsentreprenor.glokala.net\/she2\/tidsplan\/\" target=\"_blank\">http:\/\/samhallsentreprenor.glokala.net\/she2\/tidsplan\/<\/a><\/p>\n<h5><strong>Modul 1: Begrepp &amp; betydelse<\/strong><\/h5>\n<p>Hittills har vi hunnit konkretisera f\u00f6rslaget f\u00f6r Modul 1 &#8211; Begrepp och betydelse (tidigare Debattmodulen).<br \/>\nDu hittar det under <a href=\"http:\/\/samhallsentreprenor.glokala.net\/she2\/modul1\/\" target=\"_blank\">Modul 1 -&gt; Planering<\/a><br \/>\nF\u00f6rslaget f\u00f6r Modul 1 finns ocks\u00e5 uppdaterat i <a href=\"http:\/\/samhallsentreprenor.glokala.net\/she2\/groups\/kursens-moduler\/wiki\/\" target=\"_blank\">wikin f\u00f6r Kursens moduler<\/a>, f\u00f6resl\u00e5 g\u00e4rna \u00e4ndringar eller ge kommentarer.<br \/>\nUtvecklade f\u00f6rslag utifr\u00e5n internatets process f\u00f6r Modul 2 och 3 kommer ocks\u00e5 i dagarna!<\/p>\n<h5><strong>Inspirationsbanken:<\/strong><\/h5>\n<p>Likt kunkapsbanken \u00e4r inspirationsbanken en tr\u00e5d som l\u00f6per parallellt med modulerna. Med hj\u00e4lp av inl\u00e4gg p\u00e5 v\u00e5r blogg delar vi videor, intervjuer, l\u00e4nkar, beskrivningar etc. om andra inspirerande projekt eller om intressant litteratur. Inl\u00e4ggen kan med f\u00f6rdel kombineras med modul-uppgifterna (t.ex. om man redan unders\u00f6ker en social innovation kan detta material anv\u00e4ndas till att l\u00e4gga i inspirationsbanken).<br \/>\nF\u00f6r att h\u00e5lla ett fl\u00f6de i inl\u00e4ggen f\u00e5r var och en av oss en vecka i taget att l\u00e4gga upp n\u00e5got. Skriv upp er \u00f6nskade vecka via gruppens wikisida: <a href=\"..\/groups\/inspiration-exempel\/wiki\/\" rel=\"nofollow\">http:\/\/samhallsentreprenor.glokala.net\/she2\/groups\/inspiration-exempel\/wiki\/<\/a><\/p>\n<h5><strong>Kunskapsbanken:<\/strong><\/h5>\n<p>Under internatet valde vi att l\u00e4gga Kunskaps-modulen som fanns p\u00e5 f\u00f6rslag \u00f6ver hela \u00e5ret ist\u00e4llet, och l\u00f6pande samla handfasta tips och kunskaper.<br \/>\nD\u00e4rf\u00f6r har vi skapat en grupp d\u00e4r vi fyller p\u00e5 med konkret info och kunskap kring de omr\u00e5den som vi behandlar i v\u00e5rt arbete som samh\u00e4llsentrepren\u00f6r. Det kan till exempel vara alltifr\u00e5n korta f\u00f6rklaringar p\u00e5 vad en firmatecknare g\u00f6r, till en checklista f\u00f6r aktivisten i m\u00f6tet med en myndighet. Tanken \u00e4r att vi s\u00e4rskilt under de projektfokuserande och reflekterande inslagen i slutet p\u00e5 varje modul, kan urskilja dessa omr\u00e5den och hj\u00e4lpa varandra att se vilken ny kunkap som man skulle kunna dela med sig av.<br \/>\nInl\u00e4ggen i kunskapsbanken postas via <a href=\"http:\/\/samhallsentreprenor.glokala.net\/she2\/groups\/kunskapsbanken\/forum\/\" target=\"_blank\">gruppens forum<\/a>. Resultatet blir en slags online handbok. Riktlinjen \u00e4r att varje deltagare postar tv\u00e5 inl\u00e4gg till kunskapsbanken per modul.<\/p>\n<h5><strong>Litteraturl\u00e4sning:<\/strong><\/h5>\n<p>En del i kursen kan vara att i grupper l\u00e4sa och diskutera b\u00f6cker inom f\u00e4ltet. Vi har valt att inte starta med litteraturl\u00e4sning, d\u00e5 vi tror att det kommer bli en hel del textstudier i alla fall inom kursens f\u00f6rsta del. Men litteraturl\u00e4sning ligger som ett sp\u00e5r som vi kan v\u00e4lja att aktivera under kursen, och vi tror att det kan vara mycket givande!<strong><\/strong><\/p>\n<h5><strong>Projekt- och id\u00e9utveckling:<\/strong><\/h5>\n<p>Det finns \u00e4ven en ny grupp med namnet &#8221;Projekt- och id\u00e9utveckling&#8221;.\u00a0 H\u00e4r kan vi presentera nyheter om utvecklingen av initiativ, id\u00e9er och projekt vi jobbar med. Om vi har specifika tips till varandra kan vi ocks\u00e5 h\u00e4r l\u00e4gga in dem h\u00e4r.<br \/>\nB\u00f6rja med att skapa en tr\u00e5d i forumet med en titel d\u00e4r ditt namn finns med! Beskriv kort den id\u00e9, verksamhet eller projekt du jobbar med att utveckla:<br \/>\n<a href=\"http:\/\/samhallsentreprenor.glokala.net\/she2\/groups\/projekt-och-ideutveckling\/forum\/\" target=\"_blank\">http:\/\/samhallsentreprenor.glokala.net\/she2\/groups\/projekt-och-ideutveckling\/forum\/<\/a><\/p>\n","protected":false},"excerpt":{"rendered":"<p>Hej! Tre uppdrag den h\u00e4r veckan: 1) Tyck till! Vi har konkretiserat planerna f\u00f6r kursen utifr\u00e5n den gemensamma processen i Malm\u00f6. Till m\u00e5ndag 3 oktober finns m\u00f6jlighet att komma med f\u00f6rslag eller kommentarer till f\u00f6rslaget f\u00f6r Modul 1: Begrepp &amp; betydelse. 2) Skriv upp dig f\u00f6r en vecka till Inspirationsbanken &#8211; l\u00e4nk (mer info nedan) [&hellip;]<\/p>\n","protected":false},"author":1001021,"featured_media":0,"parent":0,"menu_order":0,"comment_status":"open","ping_status":"open","template":"","meta":{"_bbp_topic_count":0,"_bbp_reply_count":0,"_bbp_total_topic_count":0,"_bbp_total_reply_count":0,"_bbp_voice_count":0,"_bbp_anonymous_reply_count":0,"_bbp_topic_count_hidden":0,"_bbp_reply_count_hidden":0,"_bbp_forum_subforum_count":0,"footnotes":""},"class_list":["post-141","page","type-page","status-publish","hentry"],"jetpack_sharing_enabled":true,"_links":{"self":[{"href":"https:\/\/samhallsentreprenor.glokala.net\/she2\/wp-json\/wp\/v2\/pages\/141","targetHints":{"allow":["GET"]}}],"collection":[{"href":"https:\/\/samhallsentreprenor.glokala.net\/she2\/wp-json\/wp\/v2\/pages"}],"about":[{"href":"https:\/\/samhallsentreprenor.glokala.net\/she2\/wp-json\/wp\/v2\/types\/page"}],"author":[{"embeddable":true,"href":"https:\/\/samhallsentreprenor.glokala.net\/she2\/wp-json\/wp\/v2\/users\/1001021"}],"replies":[{"embeddable":true,"href":"https:\/\/samhallsentreprenor.glokala.net\/she2\/wp-json\/wp\/v2\/comments?post=141"}],"version-history":[{"count":5,"href":"https:\/\/samhallsentreprenor.glokala.net\/she2\/wp-json\/wp\/v2\/pages\/141\/revisions"}],"predecessor-version":[{"id":149,"href":"https:\/\/samhallsentreprenor.glokala.net\/she2\/wp-json\/wp\/v2\/pages\/141\/revisions\/149"}],"wp:attachment":[{"href":"https:\/\/samhallsentreprenor.glokala.net\/she2\/wp-json\/wp\/v2\/media?parent=141"}],"curies":[{"name":"wp","href":"https:\/\/api.w.org\/{rel}","templated":true}]}}