{"id":1462,"date":"2013-03-04T23:51:11","date_gmt":"2013-03-04T22:51:11","guid":{"rendered":"http:\/\/she2.glokala.se\/?page_id=1462"},"modified":"2013-03-06T14:36:39","modified_gmt":"2013-03-06T13:36:39","slug":"4-mars-affarsanglar","status":"publish","type":"page","link":"https:\/\/samhallsentreprenor.glokala.net\/she2\/4-mars-affarsanglar\/","title":{"rendered":"4 mars: Aff\u00e4rs\u00e4nglar"},"content":{"rendered":"<p><a href=\"http:\/\/samhallsentreprenor.glokala.net\/she2\/4-mars-affarsanglar\/img_4501\/\" rel=\"attachment wp-att-1465\"><br \/>\n<\/a>Tack f\u00f6r ett par riktigt fina och fullmatade internatdagar!<br \/>\nNu har vi n\u00e4tt och j\u00e4mnt landat hemma och i forts\u00e4ttningen av kursen igen.\u00a0En liten \u00e5terblick av helgen finns under det\u00a0<a href=\"http:\/\/samhallsentreprenor.glokala.net\/she2\/internat-23-24-februari\/\">uppdaterade internat-programmet<\/a>.\u00a0Kolla och l\u00e4s &#8211; och skriv g\u00e4rna kommentarer till sidan.\u00a0Vad har ni tagit med er? Var det n\u00e5got s\u00e4rskilt som fastnade, inspirerade eller kl\u00e4mde?<\/p>\n<p>I G\u00f6teborg fick vi \u00e4ven lite tid till att b\u00f6rja sp\u00e5na p\u00e5 v\u00e5rplaneringen f\u00f6r kursen. Med utg\u00e5ngspunkt i att arbetet kan se b\u00e5de fritt och individuellt ut, med f\u00e5 eller m\u00e5nga inslag av gemensamma processer, kom vi fram till en hel del sp\u00e4nnande \u00e4mnen att ta tag i innan vi \u00e4r klara med steg 2.<br \/>\nN\u00e4sta vecka skickar vi ut en sammanst\u00e4llning av uppl\u00e4gget och en tidsplanering.<\/p>\n<p>&#8212;&#8212;&#8212;&#8212;&#8212;&#8212;&#8212;&#8212;&#8212;&#8212;&#8212;&#8211;<br \/>\n<a href=\"http:\/\/samhallsentreprenor.glokala.net\/she2\/4-mars-affarsanglar\/evelina-lundqvist-the-good-tribe1\/\" rel=\"attachment wp-att-1463\"><img data-recalc-dims=\"1\" loading=\"lazy\" decoding=\"async\" class=\"alignright  wp-image-1463\" alt=\"Evelina-Lundqvist-The-Good-Tribe1\" src=\"https:\/\/i0.wp.com\/samhallsentreprenor.glokala.net\/she2\/wp-content\/uploads\/2013\/03\/Evelina-Lundqvist-The-Good-Tribe1.jpg?resize=120%2C180\" width=\"120\" height=\"180\" \/><\/a><\/p>\n<p>Fram till dess \u00e4r vi nu inne p\u00e5 sista veckan i v\u00e5r Ekonomi-modul. Vi l\u00e4nkar h\u00e4r till en video fr\u00e5n socialinnovation.se, d\u00e4r Evelina Lundqvist fr\u00e5n <a href=\"http:\/\/www.thegoodtribe.com\/\"><i>The Good Tribe <\/i><\/a> b\u00e5de ber\u00e4ttar om organisationen och om sin nyskrivna magisteruppsats om &#8221;Vikten att skapa aff\u00e4rsrelationer mellan samh\u00e4llsentrepren\u00f6rer och aff\u00e4rs\u00e4nglar.&#8221;<br \/>\nF\u00f6rutom att ge perspektiv p\u00e5 finansieringsm\u00f6jligheter (och -utmaningar), ger Evelina under sin f\u00f6rel\u00e4sning \u00e4ven en introduktion till begreppet och kontexten Samh\u00e4llsentrepren\u00f6rskap. Alltid bra att fr\u00e4scha upp och f\u00f6rnya f\u00f6r sig sj\u00e4lv!<\/p>\n<p>KOLLA P\u00c5 FILMEN H\u00c4R &gt;&gt;\u00a0<a href=\"http:\/\/bambuser.com\/v\/3406103\">http:\/\/bambuser.com\/v\/3406103<\/a><\/p>\n<p>Och om du inte <a title=\"18 feb: Input finansiering\" href=\"http:\/\/samhallsentreprenor.glokala.net\/she2\/2013\/02\/18-feb-input-finansiering\/\">hann lyssna p\u00e5 ljudintervjun tidigare<\/a> kommer h\u00e4r Augusts samtal med Fredrik igen:<\/p>\n<p><strong>Samtal med Fredrik om aktuell utveckling inom finansiering av samh\u00e4llsentrepren\u00f6rskap<\/strong> \u2013 i Sverige och lite bredare i ett internationellt perspektiv. Lyssna \/ <a href=\"http:\/\/samhallsentreprenor.glokala.se\/arkiv\/samtal_finansiering_14feb2013.mp3\" target=\"_blank\">ladda ner<\/a>:<\/p>\n\n","protected":false},"excerpt":{"rendered":"<p>Tack f\u00f6r ett par riktigt fina och fullmatade internatdagar! Nu har vi n\u00e4tt och j\u00e4mnt landat hemma och i forts\u00e4ttningen av kursen igen.\u00a0En liten \u00e5terblick av helgen finns under det\u00a0uppdaterade internat-programmet.\u00a0Kolla och l\u00e4s &#8211; och skriv g\u00e4rna kommentarer till sidan.\u00a0Vad har ni tagit med er? Var det n\u00e5got s\u00e4rskilt som fastnade, inspirerade eller kl\u00e4mde? I [&hellip;]<\/p>\n","protected":false},"author":2,"featured_media":0,"parent":0,"menu_order":0,"comment_status":"open","ping_status":"open","template":"","meta":{"_bbp_topic_count":0,"_bbp_reply_count":0,"_bbp_total_topic_count":0,"_bbp_total_reply_count":0,"_bbp_voice_count":0,"_bbp_anonymous_reply_count":0,"_bbp_topic_count_hidden":0,"_bbp_reply_count_hidden":0,"_bbp_forum_subforum_count":0,"footnotes":""},"class_list":["post-1462","page","type-page","status-publish","hentry"],"jetpack_sharing_enabled":true,"_links":{"self":[{"href":"https:\/\/samhallsentreprenor.glokala.net\/she2\/wp-json\/wp\/v2\/pages\/1462","targetHints":{"allow":["GET"]}}],"collection":[{"href":"https:\/\/samhallsentreprenor.glokala.net\/she2\/wp-json\/wp\/v2\/pages"}],"about":[{"href":"https:\/\/samhallsentreprenor.glokala.net\/she2\/wp-json\/wp\/v2\/types\/page"}],"author":[{"embeddable":true,"href":"https:\/\/samhallsentreprenor.glokala.net\/she2\/wp-json\/wp\/v2\/users\/2"}],"replies":[{"embeddable":true,"href":"https:\/\/samhallsentreprenor.glokala.net\/she2\/wp-json\/wp\/v2\/comments?post=1462"}],"version-history":[{"count":6,"href":"https:\/\/samhallsentreprenor.glokala.net\/she2\/wp-json\/wp\/v2\/pages\/1462\/revisions"}],"predecessor-version":[{"id":1469,"href":"https:\/\/samhallsentreprenor.glokala.net\/she2\/wp-json\/wp\/v2\/pages\/1462\/revisions\/1469"}],"wp:attachment":[{"href":"https:\/\/samhallsentreprenor.glokala.net\/she2\/wp-json\/wp\/v2\/media?parent=1462"}],"curies":[{"name":"wp","href":"https:\/\/api.w.org\/{rel}","templated":true}]}}