{"id":1535,"date":"2013-04-11T13:59:06","date_gmt":"2013-04-11T11:59:06","guid":{"rendered":"http:\/\/she2.glokala.se\/?page_id=1535"},"modified":"2013-05-06T07:42:29","modified_gmt":"2013-05-06T05:42:29","slug":"internat-4-5-maj","status":"publish","type":"page","link":"https:\/\/samhallsentreprenor.glokala.net\/she2\/6-framtid\/internat-4-5-maj\/","title":{"rendered":"Internat 4-5 maj"},"content":{"rendered":"<p><strong>Tack f\u00f6r tv\u00e5 fina dagar i Malm\u00f6!<br \/>\n<\/strong><\/p>\n<p>Exkursionen till <a href=\"http:\/\/www.mykorrhiza.se\/wiki\/pmwiki.php\/Lokalgrupper\/Enskifteshagen\" target=\"_blank\">Mykorrhizas gemensamhetsodling<\/a> i Enskifteshagen s\u00e5g ut lite s\u00e5h\u00e4r:<\/p>\n<div id='gallery-1' class='gallery galleryid-1535 gallery-columns-2 gallery-size-thumbnail'><figure class='gallery-item'>\n\t\t\t<div class='gallery-icon landscape'>\n\t\t\t\t<a href=\"https:\/\/i0.wp.com\/samhallsentreprenor.glokala.net\/she2\/wp-content\/uploads\/2013\/04\/P1010799.jpg?ssl=1\"><img loading=\"lazy\" decoding=\"async\" width=\"150\" height=\"150\" src=\"https:\/\/i0.wp.com\/samhallsentreprenor.glokala.net\/she2\/wp-content\/uploads\/2013\/04\/P1010799.jpg?resize=150%2C150&amp;ssl=1\" class=\"attachment-thumbnail size-thumbnail\" alt=\"\" srcset=\"https:\/\/i0.wp.com\/samhallsentreprenor.glokala.net\/she2\/wp-content\/uploads\/2013\/04\/P1010799.jpg?resize=150%2C150&amp;ssl=1 150w, https:\/\/i0.wp.com\/samhallsentreprenor.glokala.net\/she2\/wp-content\/uploads\/2013\/04\/P1010799.jpg?resize=96%2C96&amp;ssl=1 96w, https:\/\/i0.wp.com\/samhallsentreprenor.glokala.net\/she2\/wp-content\/uploads\/2013\/04\/P1010799.jpg?resize=24%2C24&amp;ssl=1 24w, https:\/\/i0.wp.com\/samhallsentreprenor.glokala.net\/she2\/wp-content\/uploads\/2013\/04\/P1010799.jpg?resize=36%2C36&amp;ssl=1 36w, https:\/\/i0.wp.com\/samhallsentreprenor.glokala.net\/she2\/wp-content\/uploads\/2013\/04\/P1010799.jpg?resize=48%2C48&amp;ssl=1 48w, https:\/\/i0.wp.com\/samhallsentreprenor.glokala.net\/she2\/wp-content\/uploads\/2013\/04\/P1010799.jpg?resize=64%2C64&amp;ssl=1 64w, https:\/\/i0.wp.com\/samhallsentreprenor.glokala.net\/she2\/wp-content\/uploads\/2013\/04\/P1010799.jpg?zoom=2&amp;resize=150%2C150&amp;ssl=1 300w, https:\/\/i0.wp.com\/samhallsentreprenor.glokala.net\/she2\/wp-content\/uploads\/2013\/04\/P1010799.jpg?zoom=3&amp;resize=150%2C150&amp;ssl=1 450w\" sizes=\"auto, (max-width: 150px) 100vw, 150px\" \/><\/a>\n\t\t\t<\/div><\/figure><figure class='gallery-item'>\n\t\t\t<div class='gallery-icon landscape'>\n\t\t\t\t<a href=\"https:\/\/i0.wp.com\/samhallsentreprenor.glokala.net\/she2\/wp-content\/uploads\/2013\/04\/P1010800.jpg?ssl=1\"><img loading=\"lazy\" decoding=\"async\" width=\"150\" height=\"150\" src=\"https:\/\/i0.wp.com\/samhallsentreprenor.glokala.net\/she2\/wp-content\/uploads\/2013\/04\/P1010800.jpg?resize=150%2C150&amp;ssl=1\" class=\"attachment-thumbnail size-thumbnail\" alt=\"\" srcset=\"https:\/\/i0.wp.com\/samhallsentreprenor.glokala.net\/she2\/wp-content\/uploads\/2013\/04\/P1010800.jpg?resize=150%2C150&amp;ssl=1 150w, https:\/\/i0.wp.com\/samhallsentreprenor.glokala.net\/she2\/wp-content\/uploads\/2013\/04\/P1010800.jpg?resize=96%2C96&amp;ssl=1 96w, https:\/\/i0.wp.com\/samhallsentreprenor.glokala.net\/she2\/wp-content\/uploads\/2013\/04\/P1010800.jpg?resize=24%2C24&amp;ssl=1 24w, https:\/\/i0.wp.com\/samhallsentreprenor.glokala.net\/she2\/wp-content\/uploads\/2013\/04\/P1010800.jpg?resize=36%2C36&amp;ssl=1 36w, https:\/\/i0.wp.com\/samhallsentreprenor.glokala.net\/she2\/wp-content\/uploads\/2013\/04\/P1010800.jpg?resize=48%2C48&amp;ssl=1 48w, https:\/\/i0.wp.com\/samhallsentreprenor.glokala.net\/she2\/wp-content\/uploads\/2013\/04\/P1010800.jpg?resize=64%2C64&amp;ssl=1 64w, https:\/\/i0.wp.com\/samhallsentreprenor.glokala.net\/she2\/wp-content\/uploads\/2013\/04\/P1010800.jpg?zoom=2&amp;resize=150%2C150&amp;ssl=1 300w, https:\/\/i0.wp.com\/samhallsentreprenor.glokala.net\/she2\/wp-content\/uploads\/2013\/04\/P1010800.jpg?zoom=3&amp;resize=150%2C150&amp;ssl=1 450w\" sizes=\"auto, (max-width: 150px) 100vw, 150px\" \/><\/a>\n\t\t\t<\/div><\/figure><figure class='gallery-item'>\n\t\t\t<div class='gallery-icon portrait'>\n\t\t\t\t<a href=\"https:\/\/i0.wp.com\/samhallsentreprenor.glokala.net\/she2\/wp-content\/uploads\/2013\/04\/P1010801.jpg?ssl=1\"><img loading=\"lazy\" decoding=\"async\" width=\"150\" height=\"150\" src=\"https:\/\/i0.wp.com\/samhallsentreprenor.glokala.net\/she2\/wp-content\/uploads\/2013\/04\/P1010801.jpg?resize=150%2C150&amp;ssl=1\" class=\"attachment-thumbnail size-thumbnail\" alt=\"\" srcset=\"https:\/\/i0.wp.com\/samhallsentreprenor.glokala.net\/she2\/wp-content\/uploads\/2013\/04\/P1010801.jpg?resize=150%2C150&amp;ssl=1 150w, https:\/\/i0.wp.com\/samhallsentreprenor.glokala.net\/she2\/wp-content\/uploads\/2013\/04\/P1010801.jpg?resize=96%2C96&amp;ssl=1 96w, https:\/\/i0.wp.com\/samhallsentreprenor.glokala.net\/she2\/wp-content\/uploads\/2013\/04\/P1010801.jpg?resize=24%2C24&amp;ssl=1 24w, https:\/\/i0.wp.com\/samhallsentreprenor.glokala.net\/she2\/wp-content\/uploads\/2013\/04\/P1010801.jpg?resize=36%2C36&amp;ssl=1 36w, https:\/\/i0.wp.com\/samhallsentreprenor.glokala.net\/she2\/wp-content\/uploads\/2013\/04\/P1010801.jpg?resize=48%2C48&amp;ssl=1 48w, https:\/\/i0.wp.com\/samhallsentreprenor.glokala.net\/she2\/wp-content\/uploads\/2013\/04\/P1010801.jpg?resize=64%2C64&amp;ssl=1 64w, https:\/\/i0.wp.com\/samhallsentreprenor.glokala.net\/she2\/wp-content\/uploads\/2013\/04\/P1010801.jpg?zoom=2&amp;resize=150%2C150&amp;ssl=1 300w, https:\/\/i0.wp.com\/samhallsentreprenor.glokala.net\/she2\/wp-content\/uploads\/2013\/04\/P1010801.jpg?zoom=3&amp;resize=150%2C150&amp;ssl=1 450w\" sizes=\"auto, (max-width: 150px) 100vw, 150px\" \/><\/a>\n\t\t\t<\/div><\/figure><figure class='gallery-item'>\n\t\t\t<div class='gallery-icon landscape'>\n\t\t\t\t<a href=\"https:\/\/i0.wp.com\/samhallsentreprenor.glokala.net\/she2\/wp-content\/uploads\/2013\/04\/P1010802_red.jpg?ssl=1\"><img loading=\"lazy\" decoding=\"async\" width=\"150\" height=\"150\" src=\"https:\/\/i0.wp.com\/samhallsentreprenor.glokala.net\/she2\/wp-content\/uploads\/2013\/04\/P1010802_red.jpg?resize=150%2C150&amp;ssl=1\" class=\"attachment-thumbnail size-thumbnail\" alt=\"\" srcset=\"https:\/\/i0.wp.com\/samhallsentreprenor.glokala.net\/she2\/wp-content\/uploads\/2013\/04\/P1010802_red.jpg?resize=150%2C150&amp;ssl=1 150w, https:\/\/i0.wp.com\/samhallsentreprenor.glokala.net\/she2\/wp-content\/uploads\/2013\/04\/P1010802_red.jpg?resize=96%2C96&amp;ssl=1 96w, https:\/\/i0.wp.com\/samhallsentreprenor.glokala.net\/she2\/wp-content\/uploads\/2013\/04\/P1010802_red.jpg?resize=24%2C24&amp;ssl=1 24w, https:\/\/i0.wp.com\/samhallsentreprenor.glokala.net\/she2\/wp-content\/uploads\/2013\/04\/P1010802_red.jpg?resize=36%2C36&amp;ssl=1 36w, https:\/\/i0.wp.com\/samhallsentreprenor.glokala.net\/she2\/wp-content\/uploads\/2013\/04\/P1010802_red.jpg?resize=48%2C48&amp;ssl=1 48w, https:\/\/i0.wp.com\/samhallsentreprenor.glokala.net\/she2\/wp-content\/uploads\/2013\/04\/P1010802_red.jpg?resize=64%2C64&amp;ssl=1 64w, https:\/\/i0.wp.com\/samhallsentreprenor.glokala.net\/she2\/wp-content\/uploads\/2013\/04\/P1010802_red.jpg?zoom=2&amp;resize=150%2C150&amp;ssl=1 300w, https:\/\/i0.wp.com\/samhallsentreprenor.glokala.net\/she2\/wp-content\/uploads\/2013\/04\/P1010802_red.jpg?zoom=3&amp;resize=150%2C150&amp;ssl=1 450w\" sizes=\"auto, (max-width: 150px) 100vw, 150px\" \/><\/a>\n\t\t\t<\/div><\/figure>\n\t\t<\/div>\n\n<p>:::::::::::::::::::::::::::::::::::::::::::::::::::::::::::::::::::::::::::::::::::::::::::::::::::<\/p>\n<p>Programmet f\u00f6r dagarna, vi m\u00f6ts p\u00e5 Tryckeriet:<\/p>\n<h2>L\u00f6rdag 4 maj (kl 12:00 &#8211; 18:00)<\/h2>\n<p><strong>12:00 &#8211; 13:00 Lunch<\/strong> och inledning till dagarna<\/p>\n<p><strong>13:00 &#8211; 16:000 Redaktionsworkshop<\/strong> med Cinna G\u00e4rdenfors<br \/>\n&#8211; Vi bearbetar tillsammans texter fr\u00e5n \u00e5ren med kursen.<br \/>\n&#8211; Vi g\u00f6r en struktur\/layout f\u00f6r att samla texter i en publikation.<br \/>\nCinna G\u00e4rdenfors l\u00e4ste Samh\u00e4llsentrepren\u00f6r 2010\/2011, och \u00e4r nu bland annat med och g\u00f6r medborgarjournalistiskt material till Sk\u00e5nes Fria Tidning.<\/p>\n<p><strong>16:00 &#8211; 18:00 Boksamtal<\/strong> &#8211; Yunus \u201dEn v\u00e4rld utan fattigdom \u2013 Socialt f\u00f6retagande och kapitalismens framtid\u201d<strong><br \/>\n<\/strong>Ta med dig dina tankar och reflektioner kring boken till samtalet!<strong><br \/>\n<\/strong><\/p>\n<p><em>F\u00f6r den som vill:<br \/>\n<\/em><em>19.00 Utst\u00e4llningen &#8221;The New Bad Mood&#8221; &#8211; En utst\u00e4llning med fyra konstn\u00e4rer fr\u00e5n konstakademin i D\u00fcsseldorf. Vattentornet i Pildamsparken.<\/em><\/p>\n<h2>S\u00f6ndag 5 maj (kl 10:00 &#8211; 15:00)<\/h2>\n<p><strong>10:00 &#8211; 11:30 Erfarenheter under kursen<\/strong> &#8211; \u00e5terkoppling och reflektion<\/p>\n<p><strong>11:30 &#8211; 12:00 Fika<\/strong><\/p>\n<p><strong>12:00 &#8211; 13:00 Promenad<\/strong> till n\u00e4rliggande initiativ: Axel Wendt fr\u00e5n Mykorrhiza visar oss runt i deras Gemenskapsodling i Enskifteshagen. Hur utvecklas stadsodling i Malm\u00f6 och vilka \u00e4r det som involveras i Enskifteshagen?<\/p>\n<p><strong>13:00 Lunch<\/strong> med inbjuden g\u00e4st<\/p>\n<p><strong>14:00 &#8211; 15:00 Summering av dagarna<\/strong> och fram\u00e5tblickande. Hur vill vi sprida den kommande publikationen?<\/p>\n","protected":false},"excerpt":{"rendered":"<p>Tack f\u00f6r tv\u00e5 fina dagar i Malm\u00f6! Exkursionen till Mykorrhizas gemensamhetsodling i Enskifteshagen s\u00e5g ut lite s\u00e5h\u00e4r: ::::::::::::::::::::::::::::::::::::::::::::::::::::::::::::::::::::::::::::::::::::::::::::::::::: Programmet f\u00f6r dagarna, vi m\u00f6ts p\u00e5 Tryckeriet: L\u00f6rdag 4 maj (kl 12:00 &#8211; 18:00) 12:00 &#8211; 13:00 Lunch och inledning till dagarna 13:00 &#8211; 16:000 Redaktionsworkshop med Cinna G\u00e4rdenfors &#8211; Vi bearbetar tillsammans texter fr\u00e5n \u00e5ren med [&hellip;]<\/p>\n","protected":false},"author":1001021,"featured_media":0,"parent":1538,"menu_order":0,"comment_status":"open","ping_status":"open","template":"","meta":{"_bbp_topic_count":0,"_bbp_reply_count":0,"_bbp_total_topic_count":0,"_bbp_total_reply_count":0,"_bbp_voice_count":0,"_bbp_anonymous_reply_count":0,"_bbp_topic_count_hidden":0,"_bbp_reply_count_hidden":0,"_bbp_forum_subforum_count":0,"footnotes":""},"class_list":["post-1535","page","type-page","status-publish","hentry"],"jetpack_sharing_enabled":true,"_links":{"self":[{"href":"https:\/\/samhallsentreprenor.glokala.net\/she2\/wp-json\/wp\/v2\/pages\/1535","targetHints":{"allow":["GET"]}}],"collection":[{"href":"https:\/\/samhallsentreprenor.glokala.net\/she2\/wp-json\/wp\/v2\/pages"}],"about":[{"href":"https:\/\/samhallsentreprenor.glokala.net\/she2\/wp-json\/wp\/v2\/types\/page"}],"author":[{"embeddable":true,"href":"https:\/\/samhallsentreprenor.glokala.net\/she2\/wp-json\/wp\/v2\/users\/1001021"}],"replies":[{"embeddable":true,"href":"https:\/\/samhallsentreprenor.glokala.net\/she2\/wp-json\/wp\/v2\/comments?post=1535"}],"version-history":[{"count":9,"href":"https:\/\/samhallsentreprenor.glokala.net\/she2\/wp-json\/wp\/v2\/pages\/1535\/revisions"}],"predecessor-version":[{"id":1537,"href":"https:\/\/samhallsentreprenor.glokala.net\/she2\/wp-json\/wp\/v2\/pages\/1535\/revisions\/1537"}],"up":[{"embeddable":true,"href":"https:\/\/samhallsentreprenor.glokala.net\/she2\/wp-json\/wp\/v2\/pages\/1538"}],"wp:attachment":[{"href":"https:\/\/samhallsentreprenor.glokala.net\/she2\/wp-json\/wp\/v2\/media?parent=1535"}],"curies":[{"name":"wp","href":"https:\/\/api.w.org\/{rel}","templated":true}]}}