{"id":187,"date":"2011-10-10T11:02:36","date_gmt":"2011-10-10T09:02:36","guid":{"rendered":"http:\/\/she2.glokala.se\/?page_id=187"},"modified":"2011-10-19T15:56:04","modified_gmt":"2011-10-19T13:56:04","slug":"10-oktober","status":"publish","type":"page","link":"https:\/\/samhallsentreprenor.glokala.net\/she2\/10-oktober\/","title":{"rendered":"10 oktober"},"content":{"rendered":"<p>Mail om Research-uppgiften i halvtid, 12 oktober:<\/p>\n<p>&#8221;Hej,<\/p>\n<div>nu \u00e4r det drygt en och en halv vecka kvar till inl\u00e4mningen av research-uppgiften. Det vore kul att veta hur det g\u00e5r f\u00f6r er; har ni kommit ig\u00e5ng, fastnat eller rullar det p\u00e5? F\u00f6r feedback, inspiration och input finns det d\u00e4rf\u00f6r m\u00f6jlighet till skypem\u00f6te med mig eller August och eventuellt andra kursdeltagare.<\/div>\n<div>Jag tror att det kan vara en v\u00e4rdefull tid oavsett var i arbetet man befinner sig!<\/div>\n<div>F\u00f6ljande tider kommer vi att finnas tillg\u00e4ngliga p\u00e5 skype:<\/div>\n<p>Fredag 14 oktober, \u00a0 kl. 17-18 (Hannah)<br \/>\nM\u00e5ndag 17 oktober, kl. 13-14 (August)<br \/>\nkl. 18-19 (Hannah)<br \/>\nV\u00e5ra skypenamn \u00e4r: hannahfse och nilsson.august<\/p>\n<p>Mejla i f\u00f6rv\u00e4g vilken tid du kan komma. Om du inte kan n\u00e5gon av tiderna s\u00e5 skicka g\u00e4rna iv\u00e4g en kort l\u00e4gesrapport ist\u00e4llet.<\/p>\n<div>Varmaste h\u00e4lsningar,<\/div>\n<p>Hannah&#8221;<\/p>\n<p>\/\/<\/p>\n<p>Hej!<\/p>\n<p><a href=\"http:\/\/samhallsentreprenor.glokala.net\/she2\/groups\/inspiration-exempel\/\"><strong>Inspirationsbanken<\/strong><\/a> &#8211; s\u00e5 att vi kommer ig\u00e5ng har vi nu f\u00f6reslagit en veckoindelning f\u00f6r h\u00f6sten:<\/p>\n<p><strong>Vecka, namn<\/strong><\/p>\n<ul>\n<li>v. 40, August<\/li>\n<li>v. 41, Patrik<\/li>\n<li>v. 42, Hannah<\/li>\n<li>v. 43, Alex<\/li>\n<li>v. 44, Maria<\/li>\n<li>v. 45, Sokol<\/li>\n<li>v. 46, Hebbe<\/li>\n<li>v. 47, Fredrik<\/li>\n<li>v. 48, Lars<\/li>\n<li>v. 49, Anneli<\/li>\n<li>v. 50, Evelyne<\/li>\n<\/ul>\n<h5>How-to: S\u00e5 skapar du ett blogginl\u00e4gg<\/h5>\n<p>Id\u00e9en \u00e4r att vi kan fylla p\u00e5 l\u00f6pande med inspiration, exempel &amp; tips, men att vi minst har ansvar en vecka f\u00f6r att skapa ett inl\u00e4gg med inspiration. Du kan skapa inl\u00e4gget n\u00e4r du vill under veckan och det kan vara kortare eller l\u00e4ngre. Vi kommer p\u00e5minna n\u00e4r det \u00e4r din vecka \ud83d\ude42<\/p>\n<p>S\u00e5 hur g\u00e5r det till att skapa ett blogginl\u00e4gg? H\u00e4r \u00e4r en kort steg-f\u00f6r-steg guide i text, och en video som min kollega Malin Rindesk\u00e4r gjorde tidigare i \u00e5r till <a href=\"http:\/\/berattelser.glokala.se\/\" target=\"_blank\">sommarkursen Glokala ber\u00e4ttelser<\/a>. Det \u00e4r samma steg som vi beh\u00f6ver f\u00f6lja.<\/p>\n<p>1. Logga in<\/p>\n<p>2. N\u00e4r du har loggat in p\u00e5 kurssidan, klicka p\u00e5 Panel &#8211;&gt; Nytt inl\u00e4gg, l\u00e4ngst upp p\u00e5 sidan.<\/p>\n<p>3. B\u00f6rja skapa inl\u00e4gget. Skriv rubrik, och skriv text, ladda upp bilder eller l\u00e4nka till video mm.<\/p>\n<p>4. Att infoga bilder: Ladda upp en bild genom att klicka p\u00e5 den f\u00f6rsta symbolen bakom rubriken \u201dladda upp\/infoga\u201d. (H\u00e4r kan du \u00e4ven l\u00e4gga till video, ljud och annan media om du skulle vilja.)<\/p>\n<p>5. N\u00e4r du laddat upp din bild v\u00e4ljer du justering samt storlek p\u00e5 bilden. Placering till v\u00e4nster samt medium storlek passar bra om du vill att texten ska b\u00f6rja till h\u00f6ger om bilden. Klicka p\u00e5 \u201danv\u00e4nd som utvald bild\u201d, s\u00e5 kommer du den att finnas i det v\u00e4xlande bildspelet p\u00e5 hemsidans f\u00f6rstasida d\u00e4r bilder fr\u00e5n de olika blogginl\u00e4ggen visas. Klicka p\u00e5 \u201dinfoga i inneh\u00e5ll\u201d f\u00f6r att infoga bilden i ditt blogginl\u00e4gg.<\/p>\n<p>6. V\u00e4lj kategori f\u00f6r ditt blogginl\u00e4gg i h\u00f6gerspalten, v\u00e4lj &#8221;Inspirationsbanken&#8221;. Du kan ocks\u00e5 l\u00e4gga till inl\u00e4ggsetiketter, ord som beskriver inneh\u00e5llet i inl\u00e4gget.<br \/>\nUnder \u201dPublicera\u201d kan du sedan f\u00f6rhandsgranska ditt blogginl\u00e4gg. H\u00e4r kan du \u00e4ven spara ditt utkast. N\u00e4r du \u00e4r n\u00f6jd med resultatet klickar du p\u00e5 \u201dpublicera\u201d f\u00f6r att det ska bli synligt p\u00e5 hemsidan. Grattis, du har nu gjort ett blogginl\u00e4gg!<\/p>\n<p><strong>H\u00e4r kan du \u00e4ven f\u00f6lja de olika stegen via video:<\/strong><br \/>\n<iframe loading=\"lazy\" src=\"http:\/\/player.vimeo.com\/video\/24237236?byline=0&amp;portrait=0\" frameborder=\"0\" width=\"500\" height=\"384\"><\/iframe><\/p>\n","protected":false},"excerpt":{"rendered":"<p>Mail om Research-uppgiften i halvtid, 12 oktober: &#8221;Hej, nu \u00e4r det drygt en och en halv vecka kvar till inl\u00e4mningen av research-uppgiften. Det vore kul att veta hur det g\u00e5r f\u00f6r er; har ni kommit ig\u00e5ng, fastnat eller rullar det p\u00e5? F\u00f6r feedback, inspiration och input finns det d\u00e4rf\u00f6r m\u00f6jlighet till skypem\u00f6te med mig eller [&hellip;]<\/p>\n","protected":false},"author":1001021,"featured_media":0,"parent":0,"menu_order":0,"comment_status":"open","ping_status":"open","template":"","meta":{"_bbp_topic_count":0,"_bbp_reply_count":0,"_bbp_total_topic_count":0,"_bbp_total_reply_count":0,"_bbp_voice_count":0,"_bbp_anonymous_reply_count":0,"_bbp_topic_count_hidden":0,"_bbp_reply_count_hidden":0,"_bbp_forum_subforum_count":0,"footnotes":""},"class_list":["post-187","page","type-page","status-publish","hentry"],"jetpack_sharing_enabled":true,"_links":{"self":[{"href":"https:\/\/samhallsentreprenor.glokala.net\/she2\/wp-json\/wp\/v2\/pages\/187","targetHints":{"allow":["GET"]}}],"collection":[{"href":"https:\/\/samhallsentreprenor.glokala.net\/she2\/wp-json\/wp\/v2\/pages"}],"about":[{"href":"https:\/\/samhallsentreprenor.glokala.net\/she2\/wp-json\/wp\/v2\/types\/page"}],"author":[{"embeddable":true,"href":"https:\/\/samhallsentreprenor.glokala.net\/she2\/wp-json\/wp\/v2\/users\/1001021"}],"replies":[{"embeddable":true,"href":"https:\/\/samhallsentreprenor.glokala.net\/she2\/wp-json\/wp\/v2\/comments?post=187"}],"version-history":[{"count":5,"href":"https:\/\/samhallsentreprenor.glokala.net\/she2\/wp-json\/wp\/v2\/pages\/187\/revisions"}],"predecessor-version":[{"id":205,"href":"https:\/\/samhallsentreprenor.glokala.net\/she2\/wp-json\/wp\/v2\/pages\/187\/revisions\/205"}],"wp:attachment":[{"href":"https:\/\/samhallsentreprenor.glokala.net\/she2\/wp-json\/wp\/v2\/media?parent=187"}],"curies":[{"name":"wp","href":"https:\/\/api.w.org\/{rel}","templated":true}]}}