{"id":201,"date":"2011-10-18T12:46:50","date_gmt":"2011-10-18T10:46:50","guid":{"rendered":"http:\/\/she2.glokala.se\/?page_id=201"},"modified":"2011-10-19T16:58:13","modified_gmt":"2011-10-19T14:58:13","slug":"17-oktober","status":"publish","type":"page","link":"https:\/\/samhallsentreprenor.glokala.net\/she2\/17-oktober\/","title":{"rendered":"17 oktober"},"content":{"rendered":"<p><strong>Ett samtal kring material som kan vara en utg\u00e5ngspunkt f\u00f6r Research- och Debattuppgiften!<\/strong><\/p>\n<p><iframe loading=\"lazy\" src=\"http:\/\/player.vimeo.com\/video\/30689286?byline=0&amp;portrait=0\" frameborder=\"0\" width=\"600\" height=\"338\"><\/iframe><br \/>\n<a href=\"http:\/\/vimeo.com\/30689286\" target=\"_blank\">http:\/\/vimeo.com\/30689286<\/a><\/p>\n<p><a href=\"http:\/\/www.commondreams.org\/view\/2011\/10\/07-0\" target=\"_blank\">\u201dOccupy Wall Street: The Most Important Thing in the World Now\u201d \u2013 l\u00e4nk<\/a><br \/>\nNaomi Klein, 7 oktober 2011<\/p>\n<blockquote><p><em>\u201dI am talking about changing the underlying values that govern our society. That is hard to fit into a single media-friendly demand, and it\u2019s also hard to figure out how to do it. But it is no less urgent for being difficult.<\/em><\/p>\n<p><em>That is what I see happening in this square. In the way you are feeding each other, keeping each other warm, sharing information freely and proving health care, meditation classes and empowerment training. My favorite sign here says, \u201cI care about you.\u201d In a culture that trains people to avoid each other\u2019s gaze, to say, \u201cLet them die,\u201d that is a deeply radical statement.\u201d<\/em><\/p><\/blockquote>\n<p><a href=\"http:\/\/www.dagensarena.se\/kronika\/de-99-procenten\/\" target=\"_blank\">\u201dDe 99 procenten\u201d \u2013 l\u00e4nk<\/a><br \/>\nKent Werne, Dagens Arena 9 oktober 2011<\/p>\n<p><a href=\"http:\/\/overenskommelsen.se\/wp\/wp-content\/uploads\/2010\/05\/%C3%B6k_tematiskstudie_s%C3%A4rartmerv%C3%A4rde_inlaga_FINAL_ejskarmark1.pdf\">&#8221;Om id\u00e9burna organisationers s\u00e4rart och merv\u00e4rde&#8221; &#8211; l\u00e4nk till pdf<br \/>\n<\/a>&#8221;Den f\u00f6rsta tematiska studien blir en kunskaps\u00f6versikt om s\u00e4rart och merv\u00e4rde. Studien innefattar en genomg\u00e5ng om vad som hittills har skrivits och hur man kan resonera kring fr\u00e5gor om merv\u00e4rde. Studien tar sin utg\u00e5ngspunkt i det som skrivits p\u00e5 svenska, men innefattar ocks\u00e5 ett nordiskt respektive europeiskt perspektiv samt en internationell utblick. \u00c4ven denna studie ska presenteras den tredje december 2009 och slutredovisas i januari 2010.&#8221;<br \/>\n<a href=\"http:\/\/overenskommelsen.se\/uppfoljning\/studier\/\" target=\"_blank\">Studier &#8211; \u00d6verenskommelsen<\/a><\/p>\n<p><a href=\"http:\/\/www.guardian.co.uk\/social-enterprise-network\/2011\/oct\/14\/crisis-social-enterprise-voice?utm_medium=twitter&amp;utm_source=twitterfeed\" target=\"_blank\">&#8221;The financial crisis gives social enterprise an unprecedented opportunity \u2013 so why so quiet?&#8221; &#8211; l\u00e4nk<br \/>\n<\/a>Geof Cox, The Guardian 14 oktober 2011<\/p>\n<p><a href=\"http:\/\/st.nu\/opinion\/debatt\/1.3975918-varna-medborgares-goda-ideer?articleRenderMode=default\" target=\"_blank\">&#8221;V\u00e4rna medborgares goda id\u00e9er&#8221; &#8211; l\u00e4nk<\/a><br \/>\nTove Palin och Linda B\u00f6rklund, Sundsvalls Tidning 9 oktober 2011<\/p>\n","protected":false},"excerpt":{"rendered":"<p>Ett samtal kring material som kan vara en utg\u00e5ngspunkt f\u00f6r Research- och Debattuppgiften! http:\/\/vimeo.com\/30689286 \u201dOccupy Wall Street: The Most Important Thing in the World Now\u201d \u2013 l\u00e4nk Naomi Klein, 7 oktober 2011 \u201dI am talking about changing the underlying values that govern our society. That is hard to fit into a single media-friendly demand, and [&hellip;]<\/p>\n","protected":false},"author":1001021,"featured_media":0,"parent":0,"menu_order":0,"comment_status":"open","ping_status":"open","template":"","meta":{"_bbp_topic_count":0,"_bbp_reply_count":0,"_bbp_total_topic_count":0,"_bbp_total_reply_count":0,"_bbp_voice_count":0,"_bbp_anonymous_reply_count":0,"_bbp_topic_count_hidden":0,"_bbp_reply_count_hidden":0,"_bbp_forum_subforum_count":0,"footnotes":""},"class_list":["post-201","page","type-page","status-publish","hentry"],"jetpack_sharing_enabled":true,"_links":{"self":[{"href":"https:\/\/samhallsentreprenor.glokala.net\/she2\/wp-json\/wp\/v2\/pages\/201","targetHints":{"allow":["GET"]}}],"collection":[{"href":"https:\/\/samhallsentreprenor.glokala.net\/she2\/wp-json\/wp\/v2\/pages"}],"about":[{"href":"https:\/\/samhallsentreprenor.glokala.net\/she2\/wp-json\/wp\/v2\/types\/page"}],"author":[{"embeddable":true,"href":"https:\/\/samhallsentreprenor.glokala.net\/she2\/wp-json\/wp\/v2\/users\/1001021"}],"replies":[{"embeddable":true,"href":"https:\/\/samhallsentreprenor.glokala.net\/she2\/wp-json\/wp\/v2\/comments?post=201"}],"version-history":[{"count":2,"href":"https:\/\/samhallsentreprenor.glokala.net\/she2\/wp-json\/wp\/v2\/pages\/201\/revisions"}],"predecessor-version":[{"id":209,"href":"https:\/\/samhallsentreprenor.glokala.net\/she2\/wp-json\/wp\/v2\/pages\/201\/revisions\/209"}],"wp:attachment":[{"href":"https:\/\/samhallsentreprenor.glokala.net\/she2\/wp-json\/wp\/v2\/media?parent=201"}],"curies":[{"name":"wp","href":"https:\/\/api.w.org\/{rel}","templated":true}]}}