{"id":211,"date":"2011-10-24T09:03:05","date_gmt":"2011-10-24T07:03:05","guid":{"rendered":"http:\/\/she2.glokala.se\/?page_id=211"},"modified":"2011-11-17T12:14:52","modified_gmt":"2011-11-17T11:14:52","slug":"24-oktober-d-debatt","status":"publish","type":"page","link":"https:\/\/samhallsentreprenor.glokala.net\/she2\/24-oktober-d-debatt\/","title":{"rendered":"24 oktober &#8211; D) Debatt"},"content":{"rendered":"<p>Hej,<\/p>\n<p>idag \u00e4r det tid f\u00f6r inl\u00e4mning av <a href=\"http:\/\/samhallsentreprenor.glokala.net\/she2\/r-research\/\">Research-uppgiften<\/a>, och i relation till de uppgifter som kommer in skapar vi en form f\u00f6r respons och diskussion. Vi har planerat in en skype-tid f\u00f6r gemensam diskussion 2 november kl 18-20.<\/p>\n<p>S\u00e5h\u00e4r har vi t\u00e4nkt oss uppl\u00e4gget:<br \/>\n<strong>Respons till uppgift R) Research<\/strong><br \/>\nVi tar del av de arbeten som l\u00e4mnats in (du beh\u00f6ver vara inloggad f\u00f6r att n\u00e5 inl\u00e4mningsforumet):<br \/>\n<a href=\"http:\/\/samhallsentreprenor.glokala.net\/she2\/groups\/r-research\/forum\/\">http:\/\/samhallsentreprenor.glokala.net\/she2\/groups\/r-research\/forum\/<\/a><\/p>\n<p>2 november kl 18-20\u00a0 genomf\u00f6r vi en gruppdiskussion via Skype, d\u00e5 de olika arbetena presenteras och vi diskuterar fr\u00e5gor gemensamt.<br \/>\nUtg\u00e5ngspunkter f\u00f6r diskussionen: Vad finner du intressant, vilka tankar v\u00e4cks hos dig? Vad blir tydligt? Skulle n\u00e5got beh\u00f6va utvecklas vidare eller v\u00e4cks nya fr\u00e5gor?<\/p>\n<p><span style=\"text-decoration: underline;\">Hur g\u00e5r det till:<\/span> Maila ditt skype-namn till August eller Hannah. Vi startar sedan p\u00e5 utsatt tid det gemensamma samtalet (endast ljud).<br \/>\nV\u00e5ra skypenamn \u00e4r: hannahfse och nilsson.august<\/p>\n<p>Du kan vara med i diskussionen \u00e4ven om du inte har hunnit l\u00e4mna in en uppgift sj\u00e4lv.<\/p>\n<p>Om du inte har m\u00f6jlighet att vara med i diskussionen live f\u00e5r du ist\u00e4llet skriva en kommentar kring ett arbete du tittar n\u00e4rmre p\u00e5, och l\u00e4gga in kommentaren som ett svar i forumet f\u00f6r inl\u00e4mningen.<br \/>\nAugust och Hannah kommer \u00e4ven att ge skriftlig respons till\u00a0 varje uppgift i forumet.<\/p>\n<p><strong>Nu startar ocks\u00e5 n\u00e4sta uppgift:<\/strong><\/p>\n<h4><strong>Uppgift D) Debatt \u2013 heta fr\u00e5gor och personliga perspektiv<\/strong><\/h4>\n<p>Unders\u00f6k en fr\u00e5gest\u00e4llning du vill f\u00f6rdjupa dig i eller intervjua en\/flera personer som ger sina perspektiv p\u00e5 betydelsen av SHE. Uppgiften kan genomf\u00f6ras genom att diskutera material inom det valda omr\u00e5det, genom att utveckla dina egna perspektiv eller genom att s\u00f6ka upp personer som har tankar att diskutera. F\u00f6rslag p\u00e5 utg\u00e5ngspunkter (v\u00e4lj en):<\/p>\n<ul>\n<li>Vems ansvar \u00e4r v\u00e4lf\u00e4rden, beh\u00f6vs samh\u00e4llsentrepren\u00f6rer inom v\u00e4lf\u00e4rden?<\/li>\n<li>Kan man utbilda i samh\u00e4llsentrepren\u00f6rskap?<\/li>\n<li>N\u00e4r blir aktivism samh\u00e4llsentrepren\u00f6rskap och vem\/vad definierar vad som anses vara samh\u00e4llsnyttigt?<\/li>\n<li>Intervjua en eller flera personer \u2013 portr\u00e4tt av samh\u00e4llsentrepren\u00f6rer\/inspirat\u00f6rer<br \/>\nVad \u00e4r en samh\u00e4llsentrepren\u00f6r?<\/li>\n<\/ul>\n<p>Form: Uppgiften kan du genomf\u00f6ra i olika former: Debattartikel, blogginl\u00e4gg, analyserande text, video- eller ljudreportage. F\u00f6r texter \u00e4r en riktlinje 1-2 sidor. F\u00f6r video\/ljudreportage max 10 min.<br \/>\nSamarbeta g\u00e4rna om uppgiften med andra i kursen.<\/p>\n<p>Inl\u00e4mningsdatum: 28 november<br \/>\nRespons: 29 november &#8211; 11 december<\/p>\n<p>Forum f\u00f6r inl\u00e4mning: <a href=\"http:\/\/samhallsentreprenor.glokala.net\/she2\/groups\/d-debatt\/forum\/\">http:\/\/samhallsentreprenor.glokala.net\/she2\/groups\/d-debatt\/forum\/<\/a><\/p>\n<p><span style=\"text-decoration: underline;\">Respons till D) Debatt:<\/span><br \/>\nVar och en l\u00e4ser de andra inl\u00e4mnade uppgifterna. Du f\u00e5r i uppgift att s\u00e4rskilt l\u00e4sa och ge skriftliga kommentarer till en uppgift. Vi presenterar en f\u00f6rdelning 29 november.<br \/>\nL\u00e4gg in dina kommentarer som ett svar <a href=\"http:\/\/samhallsentreprenor.glokala.net\/she2\/groups\/d-debatt\/forum\/\" target=\"_blank\">i forumet f\u00f6r debattuppgiften<\/a>.<br \/>\nTidsram f\u00f6r respons: 29 november &#8211; 11 december.<\/p>\n","protected":false},"excerpt":{"rendered":"<p>Hej, idag \u00e4r det tid f\u00f6r inl\u00e4mning av Research-uppgiften, och i relation till de uppgifter som kommer in skapar vi en form f\u00f6r respons och diskussion. Vi har planerat in en skype-tid f\u00f6r gemensam diskussion 2 november kl 18-20. S\u00e5h\u00e4r har vi t\u00e4nkt oss uppl\u00e4gget: Respons till uppgift R) Research Vi tar del av de [&hellip;]<\/p>\n","protected":false},"author":1001021,"featured_media":0,"parent":0,"menu_order":0,"comment_status":"open","ping_status":"open","template":"","meta":{"_bbp_topic_count":0,"_bbp_reply_count":0,"_bbp_total_topic_count":0,"_bbp_total_reply_count":0,"_bbp_voice_count":0,"_bbp_anonymous_reply_count":0,"_bbp_topic_count_hidden":0,"_bbp_reply_count_hidden":0,"_bbp_forum_subforum_count":0,"footnotes":""},"class_list":["post-211","page","type-page","status-publish","hentry"],"jetpack_sharing_enabled":true,"_links":{"self":[{"href":"https:\/\/samhallsentreprenor.glokala.net\/she2\/wp-json\/wp\/v2\/pages\/211","targetHints":{"allow":["GET"]}}],"collection":[{"href":"https:\/\/samhallsentreprenor.glokala.net\/she2\/wp-json\/wp\/v2\/pages"}],"about":[{"href":"https:\/\/samhallsentreprenor.glokala.net\/she2\/wp-json\/wp\/v2\/types\/page"}],"author":[{"embeddable":true,"href":"https:\/\/samhallsentreprenor.glokala.net\/she2\/wp-json\/wp\/v2\/users\/1001021"}],"replies":[{"embeddable":true,"href":"https:\/\/samhallsentreprenor.glokala.net\/she2\/wp-json\/wp\/v2\/comments?post=211"}],"version-history":[{"count":10,"href":"https:\/\/samhallsentreprenor.glokala.net\/she2\/wp-json\/wp\/v2\/pages\/211\/revisions"}],"predecessor-version":[{"id":335,"href":"https:\/\/samhallsentreprenor.glokala.net\/she2\/wp-json\/wp\/v2\/pages\/211\/revisions\/335"}],"wp:attachment":[{"href":"https:\/\/samhallsentreprenor.glokala.net\/she2\/wp-json\/wp\/v2\/media?parent=211"}],"curies":[{"name":"wp","href":"https:\/\/api.w.org\/{rel}","templated":true}]}}